{"id":1285,"date":"2021-09-28T16:07:03","date_gmt":"2021-09-28T15:07:03","guid":{"rendered":"https:\/\/blog.uclm.es\/grupogresam\/?page_id=1285"},"modified":"2025-02-04T12:23:19","modified_gmt":"2025-02-04T12:23:19","slug":"bdpex-2","status":"publish","type":"page","link":"https:\/\/blog.uclm.es\/grupogresam\/bdpex-2\/","title":{"rendered":"BDPEX"},"content":{"rendered":"\n<figure class=\"wp-block-image size-full is-style-default\"><img loading=\"lazy\" decoding=\"async\" width=\"665\" height=\"162\" src=\"https:\/\/blog.uclm.es\/grupogresam\/files\/2021\/09\/BDPEX.png\" alt=\"\" class=\"wp-image-1286\" srcset=\"https:\/\/blog.uclm.es\/grupogresam\/wp-content\/uploads\/sites\/194\/2021\/09\/BDPEX.png 665w, https:\/\/blog.uclm.es\/grupogresam\/wp-content\/uploads\/sites\/194\/2021\/09\/BDPEX-300x73.png 300w\" sizes=\"auto, (max-width: 665px) 100vw, 665px\" \/><\/figure>\n\n\n\n<p><a href=\"https:\/\/bdpexonline.org\/acerca.php\">BDPEX<\/a> es la Base de Datos de Pol\u00edtica Exterior Espa\u00f1ola hacia el Mundo \u00c1rabe y Musulm\u00e1n en cuya elaboraci\u00f3n participan los miembros del GRESAM. La realizaci\u00f3n de esta base de datos se enmarca en las actividades de investigaci\u00f3n del Grupo de Estudios sobre las Sociedades \u00c1rabes y Musulmanas (GRESAM\/Universidad de Castilla-La Mancha), cofinanciadas por la Uni\u00f3n Europea a trav\u00e9s del Fondo Europeo de Desarrollo Regional (FEDER).<\/p>\n\n\n\n<p>La Base de Datos sobre Pol\u00edtica Exterior (<a href=\"https:\/\/bdpexonline.org\/acerca.php\">BDPEX<\/a>) es una herramienta de trabajo para el estudio de las relaciones exteriores de Espa\u00f1a que permite detectar, analizar e interpretar diferentes actores e intereses de la pol\u00edtica exterior espa\u00f1ola hac\u00eda el mundo \u00e1rabo-isl\u00e1mico.<\/p>\n\n\n\n<p>Su objetivo es ser un instrumento para el an\u00e1lisis integrado de las relaciones exteriores del Estado espa\u00f1ol con el Mundo \u00c1rabo-Isl\u00e1mico uno de los v\u00e9rtices sobre los que est\u00e1 vertebrada la pol\u00edtica exterior espa\u00f1ola.<\/p>\n\n\n\n<p>La <a href=\"https:\/\/bdpexonline.org\/acerca.php\">BDPEX<\/a> surge como respuesta a la necesidad de adaptar el marco de an\u00e1lisis de la pol\u00edtica exterior espa\u00f1ola a las transformaciones que \u00e9sta ha experimentado en las \u00faltimas d\u00e9cadas. As\u00ed, la <a href=\"https:\/\/bdpexonline.org\/acerca.php\">BDPEX<\/a>&nbsp; es un nuevo instrumento on-line que permite crear fichas de trayectorias profesionales, de organismos e instituciones y, en general, de actuaciones de la pol\u00edtica exterior espa\u00f1ola en los Pa\u00edses del Mundo \u00c1rabe y Musulm\u00e1n. Adem\u00e1s, de forma novedosa, introduce instrumentos de descripci\u00f3n cuantitativa para el an\u00e1lisis de este grupo de pa\u00edses.<\/p>\n\n\n\n<p>Las fuentes de informaci\u00f3n de la <a href=\"https:\/\/bdpexonline.org\/acerca.php\">BDPEX<\/a> son datos recogidos en:<\/p>\n\n\n\n<ol style=\"list-style-type:lower-alpha\" class=\"wp-block-list\">\n<li>Buscador de iniciativas del Congreso de los Diputados<\/li>\n\n\n\n<li>Estad\u00edsticas de la Ayuda Oficial al Desarrollo (AOD) en los Datos del Seguimiento del Plan Anual de Cooperaci\u00f3n Internacional (PACI) de la Direcci\u00f3n General de Planificaci\u00f3n y Evaluaci\u00f3n de Pol\u00edticas para el Desarrollo, Ministerio de Asuntos Exteriores y de Cooperaci\u00f3n<\/li>\n\n\n\n<li>Bolet\u00edn Oficial del Ministerio de Asuntos Exteriores y Cooperaci\u00f3n (BOAMAEC)<\/li>\n\n\n\n<li>Gu\u00eda del Ministerio de Asuntos Exteriores y Cooperaci\u00f3n, Secretar\u00eda General T\u00e9cnica, Ministerio de Asuntos Exteriores y Cooperaci\u00f3n<\/li>\n\n\n\n<li>Gu\u00eda de las representaciones de Espa\u00f1a en el extranjero, Secretar\u00eda General T\u00e9cnica, Ministerio de Asuntos Exteriores y Cooperaci\u00f3n<\/li>\n\n\n\n<li>Extracto de las hojas de servicio del personal de la carrera diplom\u00e1tica, Archivo del Ministerio de Asuntos Exteriores y Cooperaci\u00f3n<\/li>\n\n\n\n<li>Escalillas del personal de la carrera diplom\u00e1tica, Archivo del Ministerio de Asuntos Exteriores y Cooperaci\u00f3n<\/li>\n\n\n\n<li>Actividades, textos y Documentos de la Pol\u00edtica Exterior Espa\u00f1ola, Ministerio de Asuntos Exteriores y de Cooperaci\u00f3n<\/li>\n\n\n\n<li>Monograf\u00edas de los Pa\u00edses \u00c1rabes e Isl\u00e1micos, Direcci\u00f3n General de Comunicaci\u00f3n del Ministerio de Asuntos Exteriores y Cooperaci\u00f3n<\/li>\n\n\n\n<li>Bolet\u00edn Oficial del Estado y Colecci\u00f3n Hist\u00f3rica (Gazeta)<\/li>\n\n\n\n<li>DataComex, Estad\u00edsticas del Comercio Exterior Espa\u00f1ol, Secretar\u00eda de Estado de Comercio, Ministerio de Industria, Turismo y Comercio<\/li>\n\n\n\n<li>DataInvex, Estad\u00edsticas de Inversi\u00f3n Espa\u00f1ola en el Exterior, Secretar\u00eda de Estado de Comercio, Ministerio de Industria, Turismo y Comercio<\/li>\n<\/ol>\n\n\n\n<p>La realizaci\u00f3n de esta base de datos se enmarca en las actividades de investigaci\u00f3n del Grupo de Estudios sobre las Sociedades \u00c1rabes y Musulmanas (GRESAM\/Universidad de Castilla-La Mancha)\u00a0en el marco del proyecto (2022-GRIN-34233)\u00a0\u00a0\u201cEl v\u00ednculo entre lo domestico y lo internacional en el norte de \u00c1frica: reg\u00edmenes pol\u00edticos, din\u00e1micas socioecon\u00f3micas y relaciones exteriores\u201d, Plan Propio de Investigaci\u00f3n de la Universidad de Castilla-La Mancha, cofinanciado por la Uni\u00f3n Europea a trav\u00e9s del Fondo Europeo de Desarrollo Regional (FEDER).<\/p>\n\n\n\n<figure class=\"wp-block-image size-large\"><img loading=\"lazy\" decoding=\"async\" width=\"1024\" height=\"125\" src=\"https:\/\/blog.uclm.es\/grupogresam\/wp-content\/uploads\/sites\/194\/2025\/02\/Logos-1024x125.png\" alt=\"\" class=\"wp-image-1832\" srcset=\"https:\/\/blog.uclm.es\/grupogresam\/wp-content\/uploads\/sites\/194\/2025\/02\/Logos-1024x125.png 1024w, https:\/\/blog.uclm.es\/grupogresam\/wp-content\/uploads\/sites\/194\/2025\/02\/Logos-300x36.png 300w, https:\/\/blog.uclm.es\/grupogresam\/wp-content\/uploads\/sites\/194\/2025\/02\/Logos-768x93.png 768w, https:\/\/blog.uclm.es\/grupogresam\/wp-content\/uploads\/sites\/194\/2025\/02\/Logos-1536x187.png 1536w, https:\/\/blog.uclm.es\/grupogresam\/wp-content\/uploads\/sites\/194\/2025\/02\/Logos-2048x249.png 2048w\" sizes=\"auto, (max-width: 767px) 89vw, (max-width: 1000px) 54vw, (max-width: 1071px) 543px, 580px\" \/><\/figure>\n\n\n\n<p><\/p>\n","protected":false},"excerpt":{"rendered":"<p>BDPEX es la Base de Datos de Pol\u00edtica Exterior Espa\u00f1ola hacia el Mundo \u00c1rabe y Musulm\u00e1n en cuya elaboraci\u00f3n participan los miembros del GRESAM. La realizaci\u00f3n de esta base de datos se enmarca en las actividades de investigaci\u00f3n del Grupo de Estudios sobre las Sociedades \u00c1rabes y Musulmanas (GRESAM\/Universidad de Castilla-La Mancha), cofinanciadas por la &hellip; <\/p>\n<p class=\"link-more\"><a href=\"https:\/\/blog.uclm.es\/grupogresam\/bdpex-2\/\" class=\"more-link\">Continuar leyendo<span class=\"screen-reader-text\"> \u00abBDPEX\u00bb<\/span><\/a><\/p>\n","protected":false},"author":284,"featured_media":0,"parent":0,"menu_order":0,"comment_status":"closed","ping_status":"closed","template":"","meta":{"footnotes":""},"class_list":["post-1285","page","type-page","status-publish","hentry"],"_links":{"self":[{"href":"https:\/\/blog.uclm.es\/grupogresam\/wp-json\/wp\/v2\/pages\/1285","targetHints":{"allow":["GET"]}}],"collection":[{"href":"https:\/\/blog.uclm.es\/grupogresam\/wp-json\/wp\/v2\/pages"}],"about":[{"href":"https:\/\/blog.uclm.es\/grupogresam\/wp-json\/wp\/v2\/types\/page"}],"author":[{"embeddable":true,"href":"https:\/\/blog.uclm.es\/grupogresam\/wp-json\/wp\/v2\/users\/284"}],"replies":[{"embeddable":true,"href":"https:\/\/blog.uclm.es\/grupogresam\/wp-json\/wp\/v2\/comments?post=1285"}],"version-history":[{"count":3,"href":"https:\/\/blog.uclm.es\/grupogresam\/wp-json\/wp\/v2\/pages\/1285\/revisions"}],"predecessor-version":[{"id":1836,"href":"https:\/\/blog.uclm.es\/grupogresam\/wp-json\/wp\/v2\/pages\/1285\/revisions\/1836"}],"wp:attachment":[{"href":"https:\/\/blog.uclm.es\/grupogresam\/wp-json\/wp\/v2\/media?parent=1285"}],"curies":[{"name":"wp","href":"https:\/\/api.w.org\/{rel}","templated":true}]}}