{"id":1235,"date":"2021-04-14T08:59:15","date_gmt":"2021-04-14T07:59:15","guid":{"rendered":"https:\/\/blog.uclm.es\/grupogresam\/?page_id=1235"},"modified":"2021-04-14T08:59:15","modified_gmt":"2021-04-14T07:59:15","slug":"irene-fernandez-molina","status":"publish","type":"page","link":"https:\/\/blog.uclm.es\/grupogresam\/irene-fernandez-molina\/","title":{"rendered":"Irene Fern\u00e1ndez Molina"},"content":{"rendered":"\n<p class=\"has-text-align-left\"><img loading=\"lazy\" decoding=\"async\" width=\"2560\" height=\"1707\" class=\"wp-image-1236\" style=\"width: 308px\" src=\"https:\/\/blog.uclm.es\/grupogresam\/wp-content\/uploads\/sites\/194\/2021\/04\/Irene-Fdez-Molina-scaled-1.jpg\" alt=\"\" srcset=\"https:\/\/blog.uclm.es\/grupogresam\/wp-content\/uploads\/sites\/194\/2021\/04\/Irene-Fdez-Molina-scaled-1.jpg 2560w, https:\/\/blog.uclm.es\/grupogresam\/wp-content\/uploads\/sites\/194\/2021\/04\/Irene-Fdez-Molina-scaled-1-300x200.jpg 300w, https:\/\/blog.uclm.es\/grupogresam\/wp-content\/uploads\/sites\/194\/2021\/04\/Irene-Fdez-Molina-scaled-1-1024x683.jpg 1024w, https:\/\/blog.uclm.es\/grupogresam\/wp-content\/uploads\/sites\/194\/2021\/04\/Irene-Fdez-Molina-scaled-1-768x512.jpg 768w, https:\/\/blog.uclm.es\/grupogresam\/wp-content\/uploads\/sites\/194\/2021\/04\/Irene-Fdez-Molina-scaled-1-1536x1024.jpg 1536w, https:\/\/blog.uclm.es\/grupogresam\/wp-content\/uploads\/sites\/194\/2021\/04\/Irene-Fdez-Molina-scaled-1-2048x1366.jpg 2048w\" sizes=\"auto, (max-width: 767px) 89vw, (max-width: 1000px) 54vw, (max-width: 1071px) 543px, 580px\" \/> Dra. Irene Fern\u00e1ndez Molina<\/p>\n\n\n\n<p class=\"has-text-align-left\">Profesora (senior lecturer) de Relaciones Internacionales, Department of Politics, University of Exeter<\/p>\n\n\n\n<p class=\"has-text-align-left\"><strong>L\u00edneas de investigaci\u00f3n:<\/strong> Relaciones internacionales del Sur global, an\u00e1lisis de pol\u00edtica exterior, pol\u00edticas exteriores de estados dependientes y\/o autoritarios, estudios de conflictos, teor\u00eda de Relaciones Internacionales (constructivismo, socializaci\u00f3n internacional, pr\u00e1cticas, reconocimiento), Magreb, pol\u00edtica exterior de la UE y relaciones euro-mediterr\u00e1neas. <\/p>\n\n\n\n<p class=\"has-text-align-left\"><strong>Correo electr\u00f3nico<\/strong>: <a href=\"mailto:I.F.Molina@exeter.ac.uk\">I.F.Molina@exeter.ac.uk<\/a> <\/p>\n\n\n\n<p class=\"has-text-align-left\"><strong>Publicaciones destacadas:<\/strong><\/p>\n\n\n\n<p>Fern\u00e1ndez-Molina, Irene y Miguel Hernando de Larramendi (eds.) (2021) <em>Foreign Policy in North Africa: Navigating Global, Regional and Domestic Transformations<\/em>, Londres\/Nueva York: Routledge.<\/p>\n\n\n\n<p>Fern\u00e1ndez-Molina, Irene y Miguel Hernando de Larramendi (2020) \u201cMigration Diplomacy in a De Facto Destination Country: Morocco\u2019s New Intermestic Migration Policy and International Socialization by\/with the EU\u201d, <em>Mediterranean Politics<\/em>, online first, <a href=\"https:\/\/doi.org\/10.1080\/13629395.2020.1758449\">https:\/\/doi.org\/10.1080\/13629395.2020.1758449<\/a>.<\/p>\n\n\n\n<p>Fern\u00e1ndez-Molina, Irene (2019) \u201cModelling for a Living: Two-level Games and Rhetorical Action in the Foreign Debt Negotiations of Post-revolutionary Tunisia\u201d, <em>The Journal of North African Studies<\/em>, 24(3), pp. 376-400.<\/p>\n\n\n\n<p>Fern\u00e1ndez-Molina, Irene y Dimitris Bouris (2018) \u201cContested States, Hybrid Diplomatic Practices and the Everyday Quest for Recognition\u201d, <em>International Political Sociology<\/em>, 12(3), pp. 306-324.<\/p>\n\n\n\n<p>Ojeda-Garc\u00eda, Raquel, Irene Fern\u00e1ndez-Molina y Victoria Veguilla (eds.) (2017) <em>Global, Regional and Local Dimensions of Western Sahara\u2019s Protracted Decolonization: When a Conflict Gets Old<\/em>, Nueva York: Palgrave Macmillan.<\/p>\n\n\n\n<p>Fern\u00e1ndez-Molina, Irene (2016) <em>Moroccan Foreign Policy under Mohammed VI, 1999-2014<\/em>, Londres\/Nueva York: Routledge.<\/p>\n\n\n\n<p class=\"has-text-align-left\"><a href=\"https:\/\/orcid.org\/0000-0002-2868-418X\" data-type=\"URL\" data-id=\"https:\/\/orcid.org\/0000-0002-2868-418X\" target=\"_blank\" rel=\"noreferrer noopener\">ORCID<\/a> <\/p>\n\n\n\n<p><a href=\"https:\/\/exeter.academia.edu\/IreneFern\u00e1ndezMolina\" data-type=\"URL\" data-id=\"https:\/\/exeter.academia.edu\/IreneFern\u00e1ndezMolina\" target=\"_blank\" rel=\"noreferrer noopener\">Academia<\/a><\/p>\n\n\n\n<p><a href=\"https:\/\/twitter.com\/irenefmolina\" data-type=\"URL\" data-id=\"https:\/\/twitter.com\/irenefmolina\" target=\"_blank\" rel=\"noreferrer noopener\">Twitter<\/a><\/p>\n\n\n\n<p><\/p>\n","protected":false},"excerpt":{"rendered":"<p>Dra. Irene Fern\u00e1ndez Molina Profesora (senior lecturer) de Relaciones Internacionales, Department of Politics, University of Exeter L\u00edneas de investigaci\u00f3n: Relaciones internacionales del Sur global, an\u00e1lisis de pol\u00edtica exterior, pol\u00edticas exteriores de estados dependientes y\/o autoritarios, estudios de conflictos, teor\u00eda de Relaciones Internacionales (constructivismo, socializaci\u00f3n internacional, pr\u00e1cticas, reconocimiento), Magreb, pol\u00edtica exterior de la UE y relaciones &hellip; <\/p>\n<p class=\"link-more\"><a href=\"https:\/\/blog.uclm.es\/grupogresam\/irene-fernandez-molina\/\" class=\"more-link\">Continuar leyendo<span class=\"screen-reader-text\"> \u00abIrene Fern\u00e1ndez Molina\u00bb<\/span><\/a><\/p>\n","protected":false},"author":283,"featured_media":0,"parent":0,"menu_order":1,"comment_status":"closed","ping_status":"closed","template":"","meta":{"footnotes":""},"class_list":["post-1235","page","type-page","status-publish","hentry"],"_links":{"self":[{"href":"https:\/\/blog.uclm.es\/grupogresam\/wp-json\/wp\/v2\/pages\/1235","targetHints":{"allow":["GET"]}}],"collection":[{"href":"https:\/\/blog.uclm.es\/grupogresam\/wp-json\/wp\/v2\/pages"}],"about":[{"href":"https:\/\/blog.uclm.es\/grupogresam\/wp-json\/wp\/v2\/types\/page"}],"author":[{"embeddable":true,"href":"https:\/\/blog.uclm.es\/grupogresam\/wp-json\/wp\/v2\/users\/283"}],"replies":[{"embeddable":true,"href":"https:\/\/blog.uclm.es\/grupogresam\/wp-json\/wp\/v2\/comments?post=1235"}],"version-history":[{"count":0,"href":"https:\/\/blog.uclm.es\/grupogresam\/wp-json\/wp\/v2\/pages\/1235\/revisions"}],"wp:attachment":[{"href":"https:\/\/blog.uclm.es\/grupogresam\/wp-json\/wp\/v2\/media?parent=1235"}],"curies":[{"name":"wp","href":"https:\/\/api.w.org\/{rel}","templated":true}]}}