{"id":1223,"date":"2021-04-08T11:52:27","date_gmt":"2021-04-08T10:52:27","guid":{"rendered":"https:\/\/blog.uclm.es\/grupogresam\/?page_id=1223"},"modified":"2021-04-08T11:52:27","modified_gmt":"2021-04-08T10:52:27","slug":"salah-eddine-salhi","status":"publish","type":"page","link":"https:\/\/blog.uclm.es\/grupogresam\/salah-eddine-salhi\/","title":{"rendered":"Salah Eddine Salhi"},"content":{"rendered":"\n<p><img loading=\"lazy\" decoding=\"async\" width=\"286\" height=\"406\" class=\"wp-image-1224\" style=\"width: 150px\" src=\"https:\/\/blog.uclm.es\/grupogresam\/wp-content\/uploads\/sites\/194\/2021\/04\/Salah.png\" alt=\"\" srcset=\"https:\/\/blog.uclm.es\/grupogresam\/wp-content\/uploads\/sites\/194\/2021\/04\/Salah.png 286w, https:\/\/blog.uclm.es\/grupogresam\/wp-content\/uploads\/sites\/194\/2021\/04\/Salah-211x300.png 211w\" sizes=\"auto, (max-width: 286px) 100vw, 286px\" \/>  Dr. Salah Eddine Salhi<\/p>\n\n\n\n<p>Profesor del Departamento de Lenguas y Culturas Extranjeras de la Universidad Abou Bekr Belkaid, Tlemecen (Argelia)<\/p>\n\n\n\n<p><strong>L\u00edneas de investigaci\u00f3n:<\/strong> relaciones culturales en el Mediterr\u00e1neo, relaciones hispano-argelinas, diplomacia p\u00fablica y cultural, juventud, movilizaci\u00f3n social en Argelia<\/p>\n\n\n\n<p><strong>Correo electr\u00f3nico<\/strong>: salhi_salah@yahoo.fr <\/p>\n\n\n\n<p><strong>Publicaciones destacadas:<\/strong><\/p>\n\n\n\n<p>Salah Eddine Salhi y Djalila Miliani (2019), \u201c50 a\u00f1os de hispanismo en Argelia: de la g\u00e9nesis a los nuevos retos\u201d, en Jos\u00e9 Sarria y Manuel Gahete (Eds.), <em>La frontera l\u00edquida: estudios sobre literatura hispanomagreb\u00ed<\/em>, Tirant humanidades, Valencia, pp. 123-139.<\/p>\n\n\n\n<p>Salah Eddine Salhi, (2019), \u201cLes relations alg\u00e9ro-espagnoles au d\u00e9but du XXI si\u00e8cle&nbsp;: analyse du panorama et typologie des relations\u201d, en&nbsp;Karima Dir\u00e8che (Dir.), <em>L&#8217;Alg\u00e9rie au pr\u00e9sent. Entre r\u00e9sistance et changements, Khartala, <\/em>Paris.<\/p>\n\n\n\n<p>Salah Eddine Salhi (2017), \u201c<a rel=\"noreferrer noopener\" href=\"https:\/\/elgeniomaligno.eu\/relaciones-hispano-argelinas-la-dimension-cultural\/\" data-type=\"URL\" data-id=\"https:\/\/elgeniomaligno.eu\/relaciones-hispano-argelinas-la-dimension-cultural\/\" target=\"_blank\">Las relaciones hispano-argelinas: la dimensi\u00f3n cultura<\/a>l\u201d, <em>El Genio Maligno,<\/em> septiembre.<\/p>\n\n\n\n<p>Salah Eddine Salhi (2014), <strong>\u201c<\/strong><a rel=\"noreferrer noopener\" href=\"https:\/\/www.asjp.cerist.dz\/en\/article\/79889\" data-type=\"URL\" data-id=\"https:\/\/www.asjp.cerist.dz\/en\/article\/79889\" target=\"_blank\">La Diplomacia Cultural en el Mediterr\u00e1neo: el vector cultural como promotor innegable en las relaciones hispano-argelinas<\/a><em>\u201d,<\/em><strong><em>\u00a0<\/em><\/strong> <em>Revue d\u2019Anthropologie des religions<\/em>, 10 (2), pp. 24-43.<\/p>\n\n\n\n<p><a href=\"https:\/\/dialnet.unirioja.es\/servlet\/autor?codigo=4647340\" data-type=\"URL\" data-id=\"https:\/\/dialnet.unirioja.es\/servlet\/autor?codigo=4647340\">Dialnet<\/a><\/p>\n\n\n\n<p><a href=\"https:\/\/twitter.com\/salahsaladino\" data-type=\"URL\" data-id=\"https:\/\/twitter.com\/salahsaladino\" target=\"_blank\" rel=\"noreferrer noopener\">Twitter<\/a><\/p>\n","protected":false},"excerpt":{"rendered":"<p>Dr. Salah Eddine Salhi Profesor del Departamento de Lenguas y Culturas Extranjeras de la Universidad Abou Bekr Belkaid, Tlemecen (Argelia) L\u00edneas de investigaci\u00f3n: relaciones culturales en el Mediterr\u00e1neo, relaciones hispano-argelinas, diplomacia p\u00fablica y cultural, juventud, movilizaci\u00f3n social en Argelia Correo electr\u00f3nico: salhi_salah@yahoo.fr Publicaciones destacadas: Salah Eddine Salhi y Djalila Miliani (2019), \u201c50 a\u00f1os de hispanismo &hellip; <\/p>\n<p class=\"link-more\"><a href=\"https:\/\/blog.uclm.es\/grupogresam\/salah-eddine-salhi\/\" class=\"more-link\">Continuar leyendo<span class=\"screen-reader-text\"> \u00abSalah Eddine Salhi\u00bb<\/span><\/a><\/p>\n","protected":false},"author":284,"featured_media":0,"parent":0,"menu_order":0,"comment_status":"closed","ping_status":"closed","template":"","meta":{"footnotes":""},"class_list":["post-1223","page","type-page","status-publish","hentry"],"_links":{"self":[{"href":"https:\/\/blog.uclm.es\/grupogresam\/wp-json\/wp\/v2\/pages\/1223","targetHints":{"allow":["GET"]}}],"collection":[{"href":"https:\/\/blog.uclm.es\/grupogresam\/wp-json\/wp\/v2\/pages"}],"about":[{"href":"https:\/\/blog.uclm.es\/grupogresam\/wp-json\/wp\/v2\/types\/page"}],"author":[{"embeddable":true,"href":"https:\/\/blog.uclm.es\/grupogresam\/wp-json\/wp\/v2\/users\/284"}],"replies":[{"embeddable":true,"href":"https:\/\/blog.uclm.es\/grupogresam\/wp-json\/wp\/v2\/comments?post=1223"}],"version-history":[{"count":0,"href":"https:\/\/blog.uclm.es\/grupogresam\/wp-json\/wp\/v2\/pages\/1223\/revisions"}],"wp:attachment":[{"href":"https:\/\/blog.uclm.es\/grupogresam\/wp-json\/wp\/v2\/media?parent=1223"}],"curies":[{"name":"wp","href":"https:\/\/api.w.org\/{rel}","templated":true}]}}