{"id":12,"date":"2011-01-26T08:32:01","date_gmt":"2011-01-26T07:32:01","guid":{"rendered":"http:\/\/blog.uclm.es\/grupogresam\/?page_id=12"},"modified":"2011-01-26T08:32:01","modified_gmt":"2011-01-26T07:32:01","slug":"12-2","status":"publish","type":"page","link":"https:\/\/blog.uclm.es\/grupogresam\/12-2\/","title":{"rendered":"Actividades 2011"},"content":{"rendered":"<p><strong>NOVIEMBRE<\/strong><\/p>\n<p>El profesor Arturo Guerrero Enter\u00eda de la Universidad Aut\u00f3noma de Madrid impartir\u00e1 la conferencia \u00abIslam. Inside. Los nuevos espacios isl\u00e1micos digitales\u00bb el pr\u00f3ximo martes 8 de noviembre de 2011 a las 12:30h en el Aula 1.1. de la Facultad de Humanidades de Toledo.<\/p>\n<p><a href=\"https:\/\/blog.uclm.es\/grupogresam\/wp-content\/uploads\/sites\/194\/2018\/12\/Conferencia-Islam-inside.pdf\">Conferencia Islam inside<\/a><\/p>\n<p><strong>MAYO<\/strong><\/p>\n<p>El 4 de mayo se celebrar\u00e1 el seminario\u00a0<em>Diplomacia p\u00fablica y cohesi\u00f3n social <\/em>en el Edificio de San Pedro Martir de Toledo. Universidad de Castilla-La Mancha.<\/p>\n<p><strong>MARZO<\/strong><\/p>\n<p>El profesor Eloy Mart\u00edn Corrales de la Universidad Pompeu-Fabra impartir\u00e1 la conferencia \u00abToledo y el mundo isl\u00e1mico. Entre la amnesia y el desvelo\u00bb el pr\u00f3ximo martes, 15 de marzo de 2011 a las 16:30h en el Aula 1.1. de la Facultad de Humanidades.<\/p>\n<p><a href=\"https:\/\/blog.uclm.es\/grupogresam\/wp-content\/uploads\/sites\/194\/2018\/12\/Conferencia-Toledo-y-el-Mundo-Islamico.pdf\">Conferencia Toledo y el Mundo Isl\u00e1mico<\/a><\/p>\n<p><strong>FEBRERO<\/strong><\/p>\n<p>Mesa Redonda \u00abMovilizaciones y protestas en el Mundo \u00c1rabe \u00bfHac\u00eda una cuarta ola\u00a0democratizada?\u00bb con la participaci\u00f3n de B\u00e1rbara Azaola, Lourdes Campos, Julio de la Cueva y Miguel H. Larramendi. La mesa tendr\u00e1 lugar el pr\u00f3ximo lunes 28 de febrero de 2011 a las 17h en el Sal\u00f3n de Actos de la Facultad de Humanidades de Toledo.<\/p>\n<p><a href=\"https:\/\/blog.uclm.es\/grupogresam\/wp-content\/uploads\/sites\/194\/2018\/12\/Mesa-Movilizaciones-y-Protestas-en-el-Mundo-Arabe_.pdf\">Mesa Movilizaciones y Protestas en el Mundo \u00c1rabe_<\/a><\/p>\n<p>Los investigadores del GRESAM, Miguel Hernando de Larramendi, B\u00e1rbara Azaola y Ana Planet participan en la mesa redonda \u00ab\u00bfHacia d\u00f3nde va el Mundo \u00c1rabe?\u00bb en la que analizaran los procesos actuales de cambios en los que se encuentra inmerso el Mundo \u00c1rabe. La mesa tendr\u00e1 lugar el martes 15 de febrero de 2011 a las 12h en la Universidad Aut\u00f3noma de Madrid.<\/p>\n","protected":false},"excerpt":{"rendered":"<p>NOVIEMBRE El profesor Arturo Guerrero Enter\u00eda de la Universidad Aut\u00f3noma de Madrid impartir\u00e1 la conferencia \u00abIslam. Inside. Los nuevos espacios isl\u00e1micos digitales\u00bb el pr\u00f3ximo martes 8 de noviembre de 2011 a las 12:30h en el Aula 1.1. de la Facultad de Humanidades de Toledo. Conferencia Islam inside MAYO El 4 de mayo se celebrar\u00e1 el &hellip; <\/p>\n<p class=\"link-more\"><a href=\"https:\/\/blog.uclm.es\/grupogresam\/12-2\/\" class=\"more-link\">Continuar leyendo<span class=\"screen-reader-text\"> \u00abActividades 2011\u00bb<\/span><\/a><\/p>\n","protected":false},"author":284,"featured_media":0,"parent":0,"menu_order":0,"comment_status":"closed","ping_status":"closed","template":"","meta":{"footnotes":""},"class_list":["post-12","page","type-page","status-publish","hentry"],"_links":{"self":[{"href":"https:\/\/blog.uclm.es\/grupogresam\/wp-json\/wp\/v2\/pages\/12","targetHints":{"allow":["GET"]}}],"collection":[{"href":"https:\/\/blog.uclm.es\/grupogresam\/wp-json\/wp\/v2\/pages"}],"about":[{"href":"https:\/\/blog.uclm.es\/grupogresam\/wp-json\/wp\/v2\/types\/page"}],"author":[{"embeddable":true,"href":"https:\/\/blog.uclm.es\/grupogresam\/wp-json\/wp\/v2\/users\/284"}],"replies":[{"embeddable":true,"href":"https:\/\/blog.uclm.es\/grupogresam\/wp-json\/wp\/v2\/comments?post=12"}],"version-history":[{"count":0,"href":"https:\/\/blog.uclm.es\/grupogresam\/wp-json\/wp\/v2\/pages\/12\/revisions"}],"wp:attachment":[{"href":"https:\/\/blog.uclm.es\/grupogresam\/wp-json\/wp\/v2\/media?parent=12"}],"curies":[{"name":"wp","href":"https:\/\/api.w.org\/{rel}","templated":true}]}}