{"id":1178,"date":"2021-03-19T12:32:29","date_gmt":"2021-03-19T11:32:29","guid":{"rendered":"http:\/\/blog.uclm.es\/grupogresam\/?page_id=1178"},"modified":"2021-03-19T12:32:29","modified_gmt":"2021-03-19T11:32:29","slug":"aurelia-mane-estrada","status":"publish","type":"page","link":"https:\/\/blog.uclm.es\/grupogresam\/aurelia-mane-estrada\/","title":{"rendered":"Aurelia Ma\u00f1\u00e9 Estrada"},"content":{"rendered":"\n<p>                                                                                   <\/p>\n\n\n\n<div class=\"wp-block-image is-style-default\"><figure class=\"alignleft size-large\"><img loading=\"lazy\" decoding=\"async\" width=\"300\" height=\"266\" src=\"https:\/\/blog.uclm.es\/grupogresam\/wp-content\/uploads\/sites\/194\/2021\/03\/Aurelia.jpg\" alt=\"\" class=\"wp-image-1199\" \/><\/figure><\/div>\n\n\n\n<p><\/p>\n\n\n\n<p><\/p>\n\n\n\n<p>Dra. Aurelia Ma\u00f1\u00e9 Estrada.<\/p>\n\n\n\n<div class=\"wp-block-group\"><div class=\"wp-block-group__inner-container is-layout-flow wp-block-group-is-layout-flow\">\n<p>Profesora del Departamento de Historia Econ\u00f3mica, Instituciones, Pol\u00edtica y Econom\u00eda Mundial, Universidad de Barcelona.<\/p>\n<\/div><\/div>\n\n\n\n<p><strong>L\u00edneas de investigaci\u00f3n: <\/strong>Econom\u00eda Pol\u00edtica de la Energ\u00eda, Econom\u00edas Petroleras, Argelia, Norte de \u00c1frica, Asia Central, Pol\u00edtica Econ\u00f3mica Internacional.<\/p>\n\n\n\n<p><strong>Correo electr\u00f3nico:<\/strong> amimanera@ub.edu<\/p>\n\n\n\n<p><strong>Publicaciones destacadas<\/strong>:<\/p>\n\n\n\n<p>Ma\u00f1\u00e9, A.;  Thieux, L. y Hernando de Larramendi, M. (2019),&nbsp;<em>Argelia en transici\u00f3n hacia una Segunda Rep\u00fablica<\/em>, Icaria, Barcelona.<\/p>\n\n\n\n<p>Albinyana, R.; Ma\u00f1\u00e9-Estrada, A.\u00a0(2018),\u00a0\u00abEnergy Interdependence. The Linkage of the Political Economy of Algeria\u00b4s Natural Gas With that of the Western Mediterranean Region. A Methodological Approach\u00bb,\u00a0<em>Revista UNISCI\u00a0<\/em>(47), pp. 29-64. <\/p>\n\n\n\n<p>Ma\u00f1\u00e9 Estrada, A.\u00a0(2017), \u00abT<a rel=\"noreferrer noopener\" href=\"http:\/\/hdl.handle.net\/2445\/112249\" data-type=\"URL\" data-id=\"http:\/\/hdl.handle.net\/2445\/112249\" target=\"_blank\">he success of the Anglo-Maikop Corporation within the fiasco of the Maikop &#8216;oil rush<\/a>&#8216;\u00bb,\u00a0<em>Revista de Historia Industrial<\/em>, 26 (67), pp. 95-123\u00a0.<\/p>\n\n\n\n<p>Ma\u00f1\u00e9-Estrada, A. (2017), \u00abEconom\u00edas del mundo \u00e1rabe a estudio\u00bb, <em><a rel=\"noreferrer noopener\" href=\"http:\/\/www.awraq.es\/indice\/resumen-palabras-clave.aspx?a=176\" data-type=\"URL\" data-id=\"http:\/\/www.awraq.es\/indice\/resumen-palabras-clave.aspx?a=176\" target=\"_blank\">Awraq<\/a><\/em> (16), pp. 105-118\u00a0\u00a0<\/p>\n\n\n\n<p>Ma\u00f1\u00e9 Estrada, A. (2016), E<em>l gran negocio mundial de la energ\u00eda<\/em>, RBA. <\/p>\n\n\n\n<p><a href=\"https:\/\/orcid.org\/0000-0002-8504-1375\" data-type=\"URL\" data-id=\"https:\/\/orcid.org\/0000-0002-8504-1375\" target=\"_blank\" rel=\"noreferrer noopener\">Orcid<\/a><\/p>\n\n\n\n<p><a rel=\"noreferrer noopener\" href=\"https:\/\/dialnet.unirioja.es\/servlet\/autor?codigo=218948\" data-type=\"URL\" data-id=\"https:\/\/dialnet.unirioja.es\/servlet\/autor?codigo=218948\" target=\"_blank\">Dialnet<\/a><\/p>\n\n\n\n<p><a rel=\"noreferrer noopener\" href=\"https:\/\/www.researchgate.net\/profile\/Aurelia-Mane-Estrada\" data-type=\"URL\" data-id=\"https:\/\/www.researchgate.net\/profile\/Aurelia-Mane-Estrada\" target=\"_blank\">ResearchGate<\/a><\/p>\n\n\n\n<p><a rel=\"noreferrer noopener\" href=\"https:\/\/twitter.com\/auritaauritae?lang=es\" data-type=\"URL\" data-id=\"https:\/\/twitter.com\/auritaauritae?lang=es\" target=\"_blank\">Twitter<\/a><\/p>\n\n\n\n<p><a href=\"https:\/\/ub.academia.edu\/AureliaMa\u00f1\u00e9Estrada\" data-type=\"URL\" data-id=\"https:\/\/ub.academia.edu\/AureliaMa\u00f1\u00e9Estrada\" target=\"_blank\" rel=\"noreferrer noopener\">Academia<\/a><\/p>\n\n\n\n<p>&nbsp;<\/p>\n\n\n\n<p><\/p>\n","protected":false},"excerpt":{"rendered":"<p>Dra. Aurelia Ma\u00f1\u00e9 Estrada. Profesora del Departamento de Historia Econ\u00f3mica, Instituciones, Pol\u00edtica y Econom\u00eda Mundial, Universidad de Barcelona. L\u00edneas de investigaci\u00f3n: Econom\u00eda Pol\u00edtica de la Energ\u00eda, Econom\u00edas Petroleras, Argelia, Norte de \u00c1frica, Asia Central, Pol\u00edtica Econ\u00f3mica Internacional. Correo electr\u00f3nico: amimanera@ub.edu Publicaciones destacadas: Ma\u00f1\u00e9, A.; Thieux, L. y Hernando de Larramendi, M. (2019),&nbsp;Argelia en transici\u00f3n hacia &hellip; <\/p>\n<p class=\"link-more\"><a href=\"https:\/\/blog.uclm.es\/grupogresam\/aurelia-mane-estrada\/\" class=\"more-link\">Continuar leyendo<span class=\"screen-reader-text\"> \u00abAurelia Ma\u00f1\u00e9 Estrada\u00bb<\/span><\/a><\/p>\n","protected":false},"author":284,"featured_media":0,"parent":0,"menu_order":0,"comment_status":"closed","ping_status":"closed","template":"","meta":{"footnotes":""},"class_list":["post-1178","page","type-page","status-publish","hentry"],"_links":{"self":[{"href":"https:\/\/blog.uclm.es\/grupogresam\/wp-json\/wp\/v2\/pages\/1178","targetHints":{"allow":["GET"]}}],"collection":[{"href":"https:\/\/blog.uclm.es\/grupogresam\/wp-json\/wp\/v2\/pages"}],"about":[{"href":"https:\/\/blog.uclm.es\/grupogresam\/wp-json\/wp\/v2\/types\/page"}],"author":[{"embeddable":true,"href":"https:\/\/blog.uclm.es\/grupogresam\/wp-json\/wp\/v2\/users\/284"}],"replies":[{"embeddable":true,"href":"https:\/\/blog.uclm.es\/grupogresam\/wp-json\/wp\/v2\/comments?post=1178"}],"version-history":[{"count":0,"href":"https:\/\/blog.uclm.es\/grupogresam\/wp-json\/wp\/v2\/pages\/1178\/revisions"}],"wp:attachment":[{"href":"https:\/\/blog.uclm.es\/grupogresam\/wp-json\/wp\/v2\/media?parent=1178"}],"curies":[{"name":"wp","href":"https:\/\/api.w.org\/{rel}","templated":true}]}}