{"id":1153,"date":"2021-03-18T15:49:05","date_gmt":"2021-03-18T14:49:05","guid":{"rendered":"http:\/\/blog.uclm.es\/grupogresam\/?page_id=1153"},"modified":"2022-11-03T16:07:43","modified_gmt":"2022-11-03T16:07:43","slug":"actividades-2021","status":"publish","type":"page","link":"https:\/\/blog.uclm.es\/grupogresam\/actividades-2021\/","title":{"rendered":"Actividades 2021"},"content":{"rendered":"\n<p><strong>Diciembre<\/strong><\/p>\n\n\n\n<p>El 20 de diciembre de 2021 se celebrar\u00e1 la\u00a0<em>Jornada internacional de divulgaci\u00f3n e investigadora: Nuevos y viejos actores internacionales en Oriente Medio y Norte de \u00c1frica<\/em>. La jornada tendr\u00e1 lugar en la Facultad de Humanidades de Toledo, Universidad de Castilla-La Mancha y est\u00e1 organizado por el GRESAM.\u00a0<\/p>\n\n\n\n<p><strong>Noviembre<\/strong><\/p>\n\n\n\n<p>Conferencia de Ana Ballesteros Peir\u00f3, investigadora del GRESAM, \u201cEl islam en el Asia del Sur: de la llegada a la actualidad\u201d organizada por el GRESAM-UCLM y la Facultad de Ciencias Jur\u00eddicas y Sociales de Toledo-UCLM. La conferencia tendr\u00e1 lugar el martes 3 de noviembre de 2021 en la Facultad de Ciencias Jur\u00eddicas y Sociales de Toledo. <\/p>\n\n\n\n<p><strong>Abril<\/strong><\/p>\n\n\n\n<p>Las investigadoras del GRESAM <a rel=\"noreferrer noopener\" href=\"https:\/\/blog.uclm.es\/grupogresam\/?page_id=37\" target=\"_blank\">B\u00e1rbara Azaola<\/a>\u00a0y\u00a0<a rel=\"noreferrer noopener\" href=\"https:\/\/blog.uclm.es\/grupogresam\/?page_id=688\" target=\"_blank\">Laurence Thieux<\/a>  participan el 22 y 23 de abril de 2021 en el\u00a0<a rel=\"noreferrer noopener\" href=\"https:\/\/fes-sociologia.com\/noticia\/Quieres-asistir-a-nuestro-primer-seminario-Consulta-nuestro-recien-publicado-programa-e-inscribete-en-el-formulario-de-asistencia\" target=\"_blank\">Primer Seminario Intercongresual del Comit\u00e9 de Investigaci\u00f3n 32 \u201cEstudios Internacionales, Estudios de \u00c1rea y Globalizaci\u00f3n\u201d de la Federaci\u00f3n Espa\u00f1ola de Sociolog\u00eda (FES)<\/a>\u00a0coordinando el panel\u00a0<strong>La pol\u00edtica exterior espa\u00f1ola y los movimientos de protesta en el norte de \u00c1frica<\/strong>.<\/p>\n\n\n\n<p><strong>Marzo<\/strong><\/p>\n\n\n\n<p><a rel=\"noreferrer noopener\" href=\"https:\/\/www.pscp.tv\/w\/1ynJOBALQBZGR\" target=\"_blank\">Debate virtual\u00a0<\/a>organizado por El Grand Continent y Pol\u00edtica Exterior con motivo de la publicaci\u00f3n del n\u00famero 200 de la revista\u00a0<a rel=\"noreferrer noopener\" href=\"https:\/\/www.politicaexterior.com\/articulo\/el-activismo-que-viene\/\" target=\"_blank\">Pol\u00edtica Exterior: \u201cUna d\u00e9cada de protesta<\/a>\u201c. En el debate participan, entre otros especialistas, los investigadores del GRESAM\u00a0<a rel=\"noreferrer noopener\" href=\"https:\/\/blog.uclm.es\/grupogresam\/?page_id=35\" target=\"_blank\">Miguel Hernando de Larramendi\u00a0<\/a>e\u00a0<a rel=\"noreferrer noopener\" href=\"https:\/\/blog.uclm.es\/grupogresam\/?page_id=1235\" target=\"_blank\">Irene Fern\u00e1ndez Molina<\/a>, autores de dos de las contribuciones de este n\u00famero especial dedicado a la protesta social en la \u00faltima d\u00e9cada. Mi\u00e9rcoles 24 de marzo de 2021, 19:00 h.<\/p>\n\n\n\n<p>El GRESAM organiza en la Facultad de Humanidades de Toledo el Seminario Internacional <em><a rel=\"noreferrer noopener\" href=\"http:\/\/blog.uclm.es\/grupogresam\/?p=1145#more-1145\" data-type=\"URL\" data-id=\"http:\/\/blog.uclm.es\/grupogresam\/?p=1145#more-1145\" target=\"_blank\">El norte de \u00c1frica diez a\u00f1os despu\u00e9s de las revueltas \u00e1rabes: transformaciones pol\u00edticas y din\u00e1micas sociales<\/a><\/em> que tendr\u00e1 lugar del 22 al 24 de marzo de 2021 en sistema bimodal. El seminario est\u00e1 dirigido por\u00a0<a rel=\"noreferrer noopener\" href=\"http:\/\/blog.uclm.es\/grupogresam\/?page_id=37\" target=\"_blank\">B\u00e1rbara Azaola<\/a>,\u00a0<a rel=\"noreferrer noopener\" href=\"http:\/\/blog.uclm.es\/grupogresam\/?page_id=35\" target=\"_blank\">Miguel Hernando de Larramendi<\/a>\u00a0e\u00a0<a rel=\"noreferrer noopener\" href=\"http:\/\/blog.uclm.es\/grupogresam\/?page_id=41\" target=\"_blank\">Irene Gonz\u00e1lez<\/a>.<\/p>\n\n\n\n<p>Con motivo de la publicaci\u00f3n del documento de trabajo\u00a0<strong>\u2018<\/strong><a rel=\"noreferrer noopener\" href=\"https:\/\/www.fundacionalternativas.org\/actividades\/coloquio\/argelia-dos-anos-despues-del-hirak\" target=\"_blank\"><em>Agelia y el Hirak: par\u00e1lisis pol\u00edtica frente a din\u00e1micas sociales<\/em><\/a><strong>\u2019\u00a0<\/strong>de la investigadora del GRESAM\u00a0<a rel=\"noreferrer noopener\" href=\"http:\/\/blog.uclm.es\/grupogresam\/?page_id=688\" target=\"_blank\">Laurence Thieux<\/a><strong> <\/strong>por la Fundaci\u00f3n Alternativas\u00a0se celebrar\u00e1 un Webinar el 17 de marzo de 2021 en el que participaran,  junto a la autora del informe, investigadores e investigadoras del GRESAM como\u00a0<a rel=\"noreferrer noopener\" href=\"http:\/\/blog.uclm.es\/grupogresam\/?page_id=35\" target=\"_blank\">Miguel Hernando de Larramendi<\/a>,\u00a0<a rel=\"noreferrer noopener\" href=\"https:\/\/blog.uclm.es\/grupogresam\/?page_id=1223\" target=\"_blank\">Salah Eddine Salhi<\/a>,\u00a0<a rel=\"noreferrer noopener\" href=\"https:\/\/blog.uclm.es\/grupogresam\/?page_id=1178\" target=\"_blank\">Aurelia Ma\u00f1\u00e9<\/a>\u00a0e\u00a0<a rel=\"noreferrer noopener\" href=\"http:\/\/blog.uclm.es\/grupogresam\/?page_id=1100\" target=\"_blank\">Itxaso Dom\u00ednguez de Olaz\u00e1bal<\/a>. <\/p>\n\n\n\n<p><strong>Febrero<\/strong><\/p>\n\n\n\n<p>Del 10 al 12 de febrero de 2021 se celebra en formato online el congreso internacional \u201cLas primaveras \u00e1rabes diez a\u00f1os despu\u00e9s: retos sociales, pol\u00edticos y econ\u00f3micos\u201d\u00a0<a href=\"https:\/\/www.casaarabe.es\/eventos-arabes\/show\/las-primaveras-arabes-diez-anos-despues-retos-sociales-politicos-y-economicos\">https:\/\/www.casaarabe.es\/eventos-arabes\/show\/las-primaveras-arabes-diez-anos-despues-retos-sociales-politicos-y-economicos<\/a>organizado por la Universidad Complutense de Madrid y Casa \u00c1rabe en el que participan investigadores e investigadoras del GRESAM.<\/p>\n\n\n\n<p><strong>Enero<\/strong><\/p>\n\n\n\n<p><br>Encuentro virtual organizado por Casa Mediterr\u00e1neo bajo el t\u00edtulo\u00a0<em>D\u00e9cimo aniversario de las Primaveras \u00c1rabes<\/em>. Participan el director del GRESAM, Miguel Hernando de Larramendi, y la periodista Lola Ba\u00f1\u00f3n.\u00a0 El encuentro tendr\u00e1 lugar el 13 de enero a las 19:00 h y podr\u00e1 seguirse a trav\u00e9s de la p\u00e1gina web de la instituci\u00f3n diplom\u00e1tica: https:\/\/www.casa-mediterraneo.es\/events\/decimo-aniversario-de-las-primaveras-arabes\/<\/p>\n\n\n\n<p> <\/p>\n","protected":false},"excerpt":{"rendered":"<p>Diciembre El 20 de diciembre de 2021 se celebrar\u00e1 la\u00a0Jornada internacional de divulgaci\u00f3n e investigadora: Nuevos y viejos actores internacionales en Oriente Medio y Norte de \u00c1frica. La jornada tendr\u00e1 lugar en la Facultad de Humanidades de Toledo, Universidad de Castilla-La Mancha y est\u00e1 organizado por el GRESAM.\u00a0 Noviembre Conferencia de Ana Ballesteros Peir\u00f3, investigadora &hellip; <\/p>\n<p class=\"link-more\"><a href=\"https:\/\/blog.uclm.es\/grupogresam\/actividades-2021\/\" class=\"more-link\">Continuar leyendo<span class=\"screen-reader-text\"> \u00abActividades 2021\u00bb<\/span><\/a><\/p>\n","protected":false},"author":284,"featured_media":0,"parent":0,"menu_order":0,"comment_status":"closed","ping_status":"closed","template":"","meta":{"footnotes":""},"class_list":["post-1153","page","type-page","status-publish","hentry"],"_links":{"self":[{"href":"https:\/\/blog.uclm.es\/grupogresam\/wp-json\/wp\/v2\/pages\/1153","targetHints":{"allow":["GET"]}}],"collection":[{"href":"https:\/\/blog.uclm.es\/grupogresam\/wp-json\/wp\/v2\/pages"}],"about":[{"href":"https:\/\/blog.uclm.es\/grupogresam\/wp-json\/wp\/v2\/types\/page"}],"author":[{"embeddable":true,"href":"https:\/\/blog.uclm.es\/grupogresam\/wp-json\/wp\/v2\/users\/284"}],"replies":[{"embeddable":true,"href":"https:\/\/blog.uclm.es\/grupogresam\/wp-json\/wp\/v2\/comments?post=1153"}],"version-history":[{"count":6,"href":"https:\/\/blog.uclm.es\/grupogresam\/wp-json\/wp\/v2\/pages\/1153\/revisions"}],"predecessor-version":[{"id":1577,"href":"https:\/\/blog.uclm.es\/grupogresam\/wp-json\/wp\/v2\/pages\/1153\/revisions\/1577"}],"wp:attachment":[{"href":"https:\/\/blog.uclm.es\/grupogresam\/wp-json\/wp\/v2\/media?parent=1153"}],"curies":[{"name":"wp","href":"https:\/\/api.w.org\/{rel}","templated":true}]}}