{"id":1100,"date":"2020-11-08T20:51:15","date_gmt":"2020-11-08T19:51:15","guid":{"rendered":"http:\/\/blog.uclm.es\/grupogresam\/?page_id=1100"},"modified":"2020-11-08T20:51:15","modified_gmt":"2020-11-08T19:51:15","slug":"itxaso","status":"publish","type":"page","link":"https:\/\/blog.uclm.es\/grupogresam\/itxaso\/","title":{"rendered":"Itxaso Dom\u00ednguez de Olaz\u00e1bal"},"content":{"rendered":"\n<div class=\"wp-block-image\"><figure class=\"alignleft size-large\"><img loading=\"lazy\" decoding=\"async\" width=\"126\" height=\"191\" src=\"https:\/\/blog.uclm.es\/grupogresam\/files\/2020\/11\/Itxaso-Dominguez-1.png\" alt=\"\" class=\"wp-image-1111\" \/><\/figure><\/div>\n\n\n\n<p><\/p>\n\n\n\n<p>Dra. Itxaso Dom\u00ednguez de Olaz\u00e1bal<\/p>\n\n\n\n<div class=\"wp-block-group\"><div class=\"wp-block-group__inner-container is-layout-flow wp-block-group-is-layout-flow\">\n<p>Coordinadora del \u00e1rea sobre Medio Oriente y Magreb de la Fundaci\u00f3n Alternativas (Madrid).<\/p>\n<\/div><\/div>\n\n\n\n<p><strong>L\u00edneas de investigaci\u00f3n: <\/strong><\/p>\n\n\n\n<p><\/p>\n\n\n\n<p><strong>Correo electr\u00f3nico:<\/strong> dominguez.itxaso@gmail.com <\/p>\n\n\n\n<p><strong>Publicaciones recientes: <\/strong><\/p>\n\n\n\n<p>Dom\u00ednguez de Olaz\u00e1bal, Itxaso (2020), \u00ab<a href=\"https:\/\/revistas.uam.es\/reim\/article\/view\/reim2020_28_001\">La evoluci\u00f3n de Hezbol\u00e1 como movimiento social: de &#8216;liberador&#8217; a contrarrevolucionario (1985-2019)<\/a>\u00ab, <em>Revista de Estudios Internacionales Mediterr\u00e1neos<\/em>,  28, 1-24. <\/p>\n\n\n\n<p>Dom\u00ednguez de Olaz\u00e1bal, Itxaso; y Aim\u00e9 Gonz\u00e1lez, Elsa (2019), \u00abProtestas en Sud\u00e1n y Argelia\u00bb, <em>Pol\u00edtica Exterior<\/em>, Vol. 33, N\u00f9m. 191, 88-95.<\/p>\n\n\n\n<p><a href=\"https:\/\/uam.academia.edu\/IDom%C3%ADnguezdeOlaz\u00e1bal\">Academia<\/a><\/p>\n\n\n\n<p><a href=\"https:\/\/dialnet.unirioja.es\/servlet\/autor?codigo=4578030\">Dialnet<\/a><\/p>\n\n\n\n<p><a href=\"https:\/\/www.researchgate.net\/profile\/Itxaso_Dominguez_De_Olazabal\">ResearchGate<\/a><\/p>\n\n\n\n<p><a href=\"https:\/\/twitter.com\/itxasdo?lang=es\">Twitter<\/a> <\/p>\n\n\n\n<p><\/p>\n","protected":false},"excerpt":{"rendered":"<p>Dra. Itxaso Dom\u00ednguez de Olaz\u00e1bal Coordinadora del \u00e1rea sobre Medio Oriente y Magreb de la Fundaci\u00f3n Alternativas (Madrid). L\u00edneas de investigaci\u00f3n: Correo electr\u00f3nico: dominguez.itxaso@gmail.com Publicaciones recientes: Dom\u00ednguez de Olaz\u00e1bal, Itxaso (2020), \u00abLa evoluci\u00f3n de Hezbol\u00e1 como movimiento social: de &#8216;liberador&#8217; a contrarrevolucionario (1985-2019)\u00ab, Revista de Estudios Internacionales Mediterr\u00e1neos, 28, 1-24. Dom\u00ednguez de Olaz\u00e1bal, Itxaso; y &hellip; <\/p>\n<p class=\"link-more\"><a href=\"https:\/\/blog.uclm.es\/grupogresam\/itxaso\/\" class=\"more-link\">Continuar leyendo<span class=\"screen-reader-text\"> \u00abItxaso Dom\u00ednguez de Olaz\u00e1bal\u00bb<\/span><\/a><\/p>\n","protected":false},"author":284,"featured_media":0,"parent":0,"menu_order":0,"comment_status":"closed","ping_status":"closed","template":"","meta":{"footnotes":""},"class_list":["post-1100","page","type-page","status-publish","hentry"],"_links":{"self":[{"href":"https:\/\/blog.uclm.es\/grupogresam\/wp-json\/wp\/v2\/pages\/1100","targetHints":{"allow":["GET"]}}],"collection":[{"href":"https:\/\/blog.uclm.es\/grupogresam\/wp-json\/wp\/v2\/pages"}],"about":[{"href":"https:\/\/blog.uclm.es\/grupogresam\/wp-json\/wp\/v2\/types\/page"}],"author":[{"embeddable":true,"href":"https:\/\/blog.uclm.es\/grupogresam\/wp-json\/wp\/v2\/users\/284"}],"replies":[{"embeddable":true,"href":"https:\/\/blog.uclm.es\/grupogresam\/wp-json\/wp\/v2\/comments?post=1100"}],"version-history":[{"count":1,"href":"https:\/\/blog.uclm.es\/grupogresam\/wp-json\/wp\/v2\/pages\/1100\/revisions"}],"predecessor-version":[{"id":1597,"href":"https:\/\/blog.uclm.es\/grupogresam\/wp-json\/wp\/v2\/pages\/1100\/revisions\/1597"}],"wp:attachment":[{"href":"https:\/\/blog.uclm.es\/grupogresam\/wp-json\/wp\/v2\/media?parent=1100"}],"curies":[{"name":"wp","href":"https:\/\/api.w.org\/{rel}","templated":true}]}}