{"id":887,"date":"2014-09-02T07:46:53","date_gmt":"2014-09-02T07:46:53","guid":{"rendered":"http:\/\/groupgear.wordpress.com\/?page_id=33"},"modified":"2026-03-24T11:48:04","modified_gmt":"2026-03-24T11:48:04","slug":"projects","status":"publish","type":"page","link":"https:\/\/blog.uclm.es\/grupogear\/projects\/","title":{"rendered":"Projects"},"content":{"rendered":"\n<figure class=\"wp-block-image size-large is-style-default\"><img loading=\"lazy\" decoding=\"async\" width=\"1024\" height=\"341\" src=\"https:\/\/blog.uclm.es\/grupogear\/wp-content\/uploads\/sites\/204\/2026\/03\/BANNER-1024x341.jpg\" alt=\"\" class=\"wp-image-2450\" srcset=\"https:\/\/blog.uclm.es\/grupogear\/wp-content\/uploads\/sites\/204\/2026\/03\/BANNER-1024x341.jpg 1024w, https:\/\/blog.uclm.es\/grupogear\/wp-content\/uploads\/sites\/204\/2026\/03\/BANNER-300x100.jpg 300w, https:\/\/blog.uclm.es\/grupogear\/wp-content\/uploads\/sites\/204\/2026\/03\/BANNER-768x256.jpg 768w, https:\/\/blog.uclm.es\/grupogear\/wp-content\/uploads\/sites\/204\/2026\/03\/BANNER-624x208.jpg 624w, https:\/\/blog.uclm.es\/grupogear\/wp-content\/uploads\/sites\/204\/2026\/03\/BANNER.jpg 1500w\" sizes=\"auto, (max-width: 1024px) 100vw, 1024px\" \/><\/figure>\n\n\n<h2>COMPETITIVE SCIENTIFIC PROJECTS:<\/h2>\n<ul>\n<li style=\"text-align: left\">Towards a World Integrated and Socio-economically Balanced European Economic Development Scenario (TWIN SEEDS). \u00a0Comisi\u00f3n Europea. \u00a0Cadarso Vecina. (Universidad de Castilla-La Mancha). 01\/10\/2022-30\/09\/2025. Financiaci\u00f3n: 249.797,5 \u20ac.<\/li>\n<li>CO2-AFP STRATEGY: validaci\u00f3n piloto del arquetipo de Econom\u00eda Circular para la captura de CO2 en procesos fermentativos proyecto CPP2021-009045 financiado por MICIN\/AEI\/10.13039\/501100011033 y por la Uni\u00f3n Europea Next Generation EU\/PRTR. Ministerio de Ciencia e Innovaci\u00f3n. Alonso Moreno. (Universidad de Castilla-La Mancha). 01\/12\/2022-30\/11\/2025. Financiaci\u00f3n: 269.361 \u20ac.<\/li>\n<li>Evaluaci\u00f3n del consumo responsable como motor de un desarrollo sostenible y resiliente en Castilla-La Mancha a trav\u00e9s de la huella econ\u00f3mica, social y medioambiental (SBPLY\/21\/180501\/000068). \u00a0JUNTA DE COMUNIDADES DE CASTILLA-LA MANCHA. \u00a0L\u00f3pez Santiago. \u00a0(Universidad de Castilla-La Mancha). 01\/09\/2022-31\/08\/2025. Financiaci\u00f3n: 94.296,59 \u20ac. <a href=\"https:\/\/blog.uclm.es\/grupogear\/2026\/02\/05\/end-of-the-jccm-regional-project\/\" target=\"_blank\" rel=\"noopener\">RESULTS OUTREACH<\/a><\/li>\n<li>Definici\u00f3n de materiales alternativos usados como relleno de c\u00e9sped artificial deportivo y su influencia en la seguridad, funcionalidad deportiva y ciclo de vida. JUNTA DE COMUNIDADES DE CASTILLA-LA MANCHA. Leonor Gallardo. 01\/09\/2022-31\/08\/2025. Financiaci\u00f3n: 119.927 \u20ac.<\/li>\n<li><span style=\"font-size: 1rem\">CO2-AFP STRATEGY: Captura de CO2 en procesos fermentativos del sector agroalimentario para la producci\u00f3n de vinos libres de emisiones (220665CONV). Junta de Comunidades de Castilla-La Mancha. Alonso Moreno. (Universidad de Castilla-La Mancha). 01\/02\/2022-01\/02\/2025. Financiaci\u00f3n: 227.583 \u20ac.<\/span><\/li>\n<li>Contrataci\u00f3n temporal con cargo al \u201cPrograma Investigo\u201d, en el marco del Plan de Recuperaci\u00f3n, Transformaci\u00f3n y Resiliencia financiado por la Uni\u00f3n Europea \u2013 NEXT GENERATION EU Ref.: 2022-INVGO-11109. Desde el 01 de septiembre de 2022 hasta el 31 de agosto de 2024<\/li>\n<li>Cambio clim\u00e1tico, desigualdad y migraciones forzosas. Responsabilidad a lo largo de las cadenas globales de la producci\u00f3n. XX Concurso de Ayudas a la Investigaci\u00f3n en Ciencias Sociales de la Fundaci\u00f3n Ram\u00f3n Areces, IP: Guadalupe Arce Gonz\u00e1lez. Desde octubre-2021 hasta octubre-2024. Participaci\u00f3n de 5 Universidades y 3 institutos de investigaci\u00f3n. Entidad Financiadora: Fundaci\u00f3n Ram\u00f3n Areces. Financiaci\u00f3n: 36.000\u20ac.<\/li>\n<li>Red de modelizaci\u00f3n energ\u00e9tica para una transici\u00f3n sostenible (RED2018-102794-T). IP: M\u00aa \u00c1ngeles Cadarso. Desde octubre-2019 hasta octubre-2021. Participaci\u00f3n de 5 Universidades y 3 institutos de investigaci\u00f3n. Ministerio de Econom\u00eda y Competitividad. Financiaci\u00f3n: 15.000\u20ac.<\/li>\n<li>Contrato FPU para la formaci\u00f3n de personal investigador de \u00c1ngela Garc\u00eda Alaminos (FPU18\/00738). Fecha inicio: 09\/06\/2020. Fecha de finalizaci\u00f3n: 15\/05\/2023. Entidad financiadora: Ministerio de Educaci\u00f3n y Formaci\u00f3n Profesional. Cuant\u00eda: 60.000 \u20ac.<\/li>\n<li>Contrato Predoctoral en el marco del Plan Propio de I+D+i de la UCLM de \u00c1ngela Garc\u00eda Alaminos. Fecha inicio: 20\/12\/2018. Fecha de finalizaci\u00f3n: 08\/06\/2020. Entidad financiadora: Fondo Social Europeo<\/li>\n<li>Contrato predoctoral FPI\/2017-MINECO (BES-2017-079618). Mateo Ortiz Moreno. IP: M\u00aa \u00c1ngeles Cadarso y Luis Antonio L\u00f3pez. Desde: 1\/07\/2018 hasta 31\/06\/2022. 88.250.<\/li>\n<li>Evaluaci\u00f3n de la sostenibilidad global de las decisiones de producci\u00f3n y consumo a trav\u00e9s de la huella de carbono. (ECO2016-78939-R). IPs: Mar\u00eda \u00c1ngeles Cadarso Vecina y Luis Antonio L\u00f3pez Santiago. Entidad financiadora: Ministerio de Econom\u00eda y Competitividad. Desde el 30\/12\/2016 al 29\/12\/2019. Financiaci\u00f3n: 21.780\u20ac.<\/li>\n<li>Cadenas globales de producci\u00f3n, transporte internacional de mercanc\u00edas y emisiones de CO<sub>2<\/sub> (ECO2012-33341) Ministerio de Econom\u00eda y Competitividad. IP: M\u00aa \u00c1ngeles Tobarra. Ministerio de Econom\u00eda y Competitividad. Desde el 01\/01\/2013 al 01\/01\/2016. Financiaci\u00f3n: 14.000\u20ac.<\/li>\n<li>Modelo de equilibrio general computable aplicado al c\u00e1lculo de emisiones de CO<sub>2<\/sub> de la econom\u00eda espa\u00f1ola (PPII-2014-006-P). Proyecto regional. IP: \u00d3scar Deju\u00e1n Asenjo. Desde el 27\/09\/2014 al 26\/09\/2017. Financiaci\u00f3n: 37.000\u20ac.<\/li>\n<\/ul>\n<h2>KNOWLEDGE TRANSFER PROJECTS:<\/h2>\n<p><strong>ENERGY SECTOR:<\/strong><\/p>\n<ul>\n<li>Art\u00edculo 60 \u2013 Contrato de I+D: Elaboraci\u00f3n del informe socioecon\u00f3mico del sector del almacenamiento energ\u00e9tico en bater\u00edas . Entidad financiadora: HARMON. Mar\u00eda \u00c1ngeles Tobarra. 15\/01\/2026-31\/04\/2026. Importe: 15.000.<\/li>\n<li>Art\u00edculo 60 \u2013 Contrato de I+D: El Desarrollo Actual de la Energ\u00eda Solar Fotovoltaica en Espa\u00f1a 2023-24. Entidad financiadora: UNEF. Mar\u00eda \u00c1ngeles Tobarra. 25\/02\/2025-31\/07\/2025. Importe: 37.510.<\/li>\n<li>Art\u00edculo 60 \u2013 Contrato de I+D: El Desarrollo Actual de la Energ\u00eda Solar Fotovoltaica en Espa\u00f1a 2022-23. Entidad financiadora: UNEF. Mar\u00eda \u00c1ngeles Tobarra. 15\/03\/2024-31\/10\/2024. Importe: 37.510.<\/li>\n<li>Art\u00edculo 60 &#8211; Desarrollo de un aplicativo para el an\u00e1lisis de impactos socioecon\u00f3micos del sector energ\u00e9tico asturiano. Entidad financiadora: Fundaci\u00f3n Tecnalia Research &amp; Innovation. Fabio Monsalve. 05\/05\/2023 &#8211; 05\/09\/2023 Importe: 15.488\u20ac<\/li>\n<li>Art\u00edculo 60 \u2013 Contrato de I+D: El Desarrollo Actual de la Energ\u00eda Solar Fotovoltaica en Espa\u00f1a 21-22. Entidad financiadora: UNEF. Mar\u00eda \u00c1ngeles Tobarra. 15\/03\/2023-31\/10\/2023. Importe: 33.880.<\/li>\n<li>Art\u00edculo 83 &#8211; Contrato I+D: El desarrollo actual de la energ\u00eda solar fotovoltaica en Espa\u00f1a 2020-2021. Entidad financiadora: Uni\u00f3n Espa\u00f1ola Fotovoltaica (UNEF). IP: Mar\u00eda \u00c1ngeles Tobarra. 01\/03\/2022-31\/10\/2022. UCTR210148. 33.880\u20ac.<\/li>\n<li>Art\u00edculo 83 \u2013 Contrato I+D: El desarrollo actual de la energ\u00eda solar fotovoltaica en Espa\u00f1a 2019-2020. Entidad financiadora: Uni\u00f3n Espa\u00f1ola Fotovoltaica (UNEF). IP: Jorge Zafrilla. 01\/03\/2021-31\/07\/2021. UCTR210148. 33.880\u20ac.<\/li>\n<li>Art\u00edculo 83 \u2013 Contrato I+D: An\u00e1lisis Socioecon\u00f3mico de Planes Estrat\u00e9gicos. Entidad financiadora: Ideas Medioambientales. IP: Jorge Zafrilla. Referencia 210096UCTR. 15\/03\/2021- 31\/10\/2021. 8.530\u20ac.<\/li>\n<li>Art\u00edculo 83 \u2013 Contrato I+D: Estudio de medici\u00f3n del impacto econ\u00f3mico, de empleo, distributivo y sobre la salud del PEIEC de Extremadura. Entidad financiadora: Fundaci\u00f3n Tecnalia. IP: Fabio Monsalve. UCTR190359. 10\/2019- 31\/03\/2020. 16.000\u20ac.<\/li>\n<li>Art\u00edculo 83 \u2013 Contrato I+D: An\u00e1lisis socioecon\u00f3micos de planes estrat\u00e9gicos. Ideas Medioambientales. Jorge Enrique Zafrilla Rodr\u00edguez. 05\/03\/2021-01\/10\/2021. Financiaci\u00f3n: 8.530,5 \u20ac.<\/li>\n<li>Art\u00edculo 83 \u2013 Contrato I+D: El desarrollo actual de la energ\u00eda solar fotovoltaica en Espa\u00f1a 2018-2019. Entidad financiadora: Uni\u00f3n Espa\u00f1ola Fotovoltaica (UNEF). IP: Jorge Zafrilla. UCTR200107. \u00a023\/02\/2020-31\/07\/2020. 33.880\u20ac.<\/li>\n<li>Art\u00edculo 83 \u2013 Contrato I+D: El desarrollo actual de la energ\u00eda solar fotovoltaica en Espa\u00f1a 2017-2018. Entidad financiadora: Uni\u00f3n Espa\u00f1ola Fotovoltaica (UNEF). IP: Jorge Zafrilla. UCTR190061 23\/02\/2019-31\/05\/2019. 33.880\u20ac.<\/li>\n<li>Art\u00edculo 83 \u2013 Contrato I+D: El desarrollo actual de la energ\u00eda solar fotovoltaica en Espa\u00f1a. Entidad financiadora: Uni\u00f3n Nacional Fotovoltaica (UNEF). UCTR180147 (15\/04\/2018-30\/06\/2018). Financiaci\u00f3n: 28.110,72\u20ac.<\/li>\n<\/ul>\n<p><strong style=\"font-size: revert\">PRIMARY SECTOR:<\/strong><\/p>\n<ul>\n<li>Art\u00edculo 60 &#8211; Contrato I+D: Impactos socioecon\u00f3micos de los sectores de hongos comestibles y en ajo en Castilla-La Mancha. Entidad financiadora: Cooperativas Agroalimentarias de Castilla-La Mancha. Varios contratos.<\/li>\n<li>Art\u00edculo 83 \u2013 Contrato I+D: CO<sub>2<\/sub> AFP-Strategy. Entidad financiadora: ROC CUV\u00c9. IP: Carlos Alonso Moreno. UCTR180248. 02\/02\/2018-31\/01\/2022. 245.630\u20ac.<\/li>\n<\/ul>\n<p><strong>TOURSIM SECTOR:<\/strong><\/p>\n<ul>\n<li>Art\u00edculo 60 \u2013 Contrato de I+D: Informe de impacto socioecon\u00f3mico del proyecto Parque Eco Aventura y destino Resort de Monta\u00f1a Toro Verde Cuenca. Entidad financiadora: Toro Verde Parks. Mar\u00eda \u00c1ngeles Cadarso Vecina. 15\/11\/2024\/-05\/12\/2024. Importe: 12.100.<\/li>\n<\/ul>\n<p><strong>SERVICES SECTOR:<\/strong><\/p>\n<ul>\n<li>Spin-Off: \u201cCO2-AFP Engineering\u201d, socio fundador del grupo GEAR Jorge Zafrilla. Activa desde junio de 2022<\/li>\n<li>Art\u00edculo 83 \u2013 Contrato I+D: Elaboraci\u00f3n de la Cuenta Sat\u00e9lite de Emisiones a la Atm\u00f3sfera de las Islas Baleares. Entidad financiadora: Instituto de Estad\u00edstica de las Islas Baleares. IP: Luis Antonio L\u00f3pez. UCTR210362. 26\/09\/2021- 01\/12\/2021. 42.650,08\u20ac.<\/li>\n<li>Convenio de Colaboraci\u00f3n entre la UCLM y la Universidad EAN para la realizaci\u00f3n del proyecto \u201cC\u00e1lculo de la huella de carbono de la Universidad EAN\u201d de Bogot\u00e1, Colombia. 200449CONV.\u00a0 23\/11\/2020- 30\/04\/2021<\/li>\n<li>Art\u00edculo 83 &#8211; Contrato I+D: Hacia una nueva estrategia de abastecimiento regional sostenible en Am\u00e9rica Latina en la era post-COVID\u201d, financiado por BID-INTAL. IPs: Enrique Gilles (EAN, Colombia) y Luis Antonio L\u00f3pez (UCLM). Investigador colaborador (4 en total). Desde 07\/08\/2020 hasta 15\/12\/2020. 5.000 $.<\/li>\n<li>Impacto econ\u00f3mico del Tactical Leadership Programme en Albacete. Financiado por el Tactical Leadership Programme. IP. Francisco S\u00e1ez. 01\/09\/2012-01\/09\/2013. 4.180 \u20ac.<\/li>\n<\/ul>","protected":false},"excerpt":{"rendered":"<p>COMPETITIVE SCIENTIFIC PROJECTS: Towards a World Integrated and Socio-economically Balanced European Economic Development Scenario (TWIN SEEDS). \u00a0Comisi\u00f3n Europea. \u00a0Cadarso Vecina. (Universidad de Castilla-La Mancha). 01\/10\/2022-30\/09\/2025. Financiaci\u00f3n: 249.797,5 \u20ac. CO2-AFP STRATEGY: validaci\u00f3n piloto del arquetipo de Econom\u00eda Circular para la captura de CO2 en procesos fermentativos proyecto CPP2021-009045 financiado por MICIN\/AEI\/10.13039\/501100011033 y por la Uni\u00f3n Europea [&hellip;]<\/p>\n","protected":false},"author":320,"featured_media":0,"parent":0,"menu_order":5,"comment_status":"closed","ping_status":"open","template":"","meta":{"footnotes":""},"class_list":["post-887","page","type-page","status-publish","hentry"],"_links":{"self":[{"href":"https:\/\/blog.uclm.es\/grupogear\/wp-json\/wp\/v2\/pages\/887","targetHints":{"allow":["GET"]}}],"collection":[{"href":"https:\/\/blog.uclm.es\/grupogear\/wp-json\/wp\/v2\/pages"}],"about":[{"href":"https:\/\/blog.uclm.es\/grupogear\/wp-json\/wp\/v2\/types\/page"}],"author":[{"embeddable":true,"href":"https:\/\/blog.uclm.es\/grupogear\/wp-json\/wp\/v2\/users\/320"}],"replies":[{"embeddable":true,"href":"https:\/\/blog.uclm.es\/grupogear\/wp-json\/wp\/v2\/comments?post=887"}],"version-history":[{"count":11,"href":"https:\/\/blog.uclm.es\/grupogear\/wp-json\/wp\/v2\/pages\/887\/revisions"}],"predecessor-version":[{"id":2451,"href":"https:\/\/blog.uclm.es\/grupogear\/wp-json\/wp\/v2\/pages\/887\/revisions\/2451"}],"wp:attachment":[{"href":"https:\/\/blog.uclm.es\/grupogear\/wp-json\/wp\/v2\/media?parent=887"}],"curies":[{"name":"wp","href":"https:\/\/api.w.org\/{rel}","templated":true}]}}