{"id":886,"date":"2014-09-02T07:46:23","date_gmt":"2014-09-02T07:46:23","guid":{"rendered":"http:\/\/groupgear.wordpress.com\/?page_id=31"},"modified":"2026-03-24T11:46:27","modified_gmt":"2026-03-24T11:46:27","slug":"people","status":"publish","type":"page","link":"https:\/\/blog.uclm.es\/grupogear\/people\/","title":{"rendered":"People"},"content":{"rendered":"\n<p><\/p>\n\n\n\n<p>Group leaders:<\/p>\n\n\n\n<ul class=\"wp-block-list\">\n<li><a href=\"http:\/\/blog.uclm.es\/grupogear\/luis-antonio-lopez\/\">Luis Antonio L\u00f3pez Santiago<\/a><\/li>\n\n\n\n<li><a href=\"http:\/\/blog.uclm.es\/grupogear\/maria-angeles-cadarso\/\">Mar\u00eda \u00c1ngeles Cadarso Vecina<\/a><\/li>\n<\/ul>\n\n\n\n<p>Members:<\/p>\n\n\n\n<ul class=\"wp-block-list\">\n<li>\n<ul class=\"wp-block-list\">\n<li><a href=\"http:\/\/blog.uclm.es\/grupogear\/maria-angeles-tobarra\/\">Mar\u00eda \u00c1ngeles Tobarra G\u00f3mez<\/a><\/li>\n\n\n\n<li><a href=\"http:\/\/blog.uclm.es\/grupogear\/nuria-gomez\/\">Nuria G\u00f3mez Sanz<\/a><\/li>\n\n\n\n<li><a href=\"http:\/\/blog.uclm.es\/grupogear\/jorgezafrilla\/\">Jorge Enrique Zafrilla Rodr\u00edguez<\/a><\/li>\n\n\n\n<li><a href=\"http:\/\/blog.uclm.es\/grupogear\/people\/oscar-dejuan\/\">\u00d3scar Deju\u00e1n Asenjo<\/a><\/li>\n\n\n\n<li><a href=\"http:\/\/blog.uclm.es\/grupogear\/fabio-monsalve\/\">Fabio Monsalve Serrano<\/a><\/li>\n\n\n\n<li><a href=\"http:\/\/blog.uclm.es\/grupogear\/people\/carmen-corcoles\/\">Carmen C\u00f3rcoles Fuentes<\/a><\/li>\n\n\n\n<li><a href=\"https:\/\/blog.uclm.es\/grupogear\/mateoortizmoreno\/\">Mateo Felipe Ortiz Moreno\u00a0<\/a><\/li>\n\n\n\n<li><a href=\"http:\/\/blog.uclm.es\/grupogear\/angelagarciaalaminos\/\">\u00c1ngela Garc\u00eda Alaminos\u00a0<\/a><\/li>\n\n\n\n<li><a href=\"https:\/\/blog.uclm.es\/grupogear\/marinasanchezserrano\/\">Marina S\u00e1nchez Serrano<\/a><\/li>\n\n\n\n<li><a href=\"https:\/\/blog.uclm.es\/grupogear\/cristiansoriavalcarcel\/\" target=\"_blank\" rel=\"noopener\">Cristian Soria Valc\u00e1rcel<\/a><\/li>\n\n\n\n<li><a href=\"https:\/\/blog.uclm.es\/grupogear\/danielmolinaduarte\/\" target=\"_blank\" rel=\"noopener\">Daniel Molina Duarte<\/a><\/li>\n\n\n\n<li><a href=\"http:\/\/blog.uclm.es\/grupogear\/people\/guadalupe-arce\/\">Guadalupe Arce Gonz\u00e1lez (collaborating researcher)<\/a><\/li>\n\n\n\n<li><a href=\"http:\/\/blog.uclm.es\/grupogear\/manuelangeltomas\/\">Manuel \u00c1ngel Tom\u00e1s Garc\u00eda <\/a><a href=\"https:\/\/blog.uclm.es\/grupogear\/pilar-osorio-morallon\/\">(collaborating researcher)<\/a><\/li>\n\n\n\n<li><a href=\"https:\/\/blog.uclm.es\/grupogear\/pilar-osorio-morallon\/\">Pilar Osorio Morall\u00f3n (collaborating researcher)<\/a><\/li>\n<\/ul>\n<\/li>\n<\/ul>\n\n\n\n<figure class=\"wp-block-image size-full\"><img loading=\"lazy\" decoding=\"async\" width=\"1000\" height=\"1000\" src=\"https:\/\/blog.uclm.es\/grupogear\/wp-content\/uploads\/sites\/204\/2026\/03\/GEAR-DE-GEAR-1000x1000-1.png\" alt=\"\" class=\"wp-image-2447\" srcset=\"https:\/\/blog.uclm.es\/grupogear\/wp-content\/uploads\/sites\/204\/2026\/03\/GEAR-DE-GEAR-1000x1000-1.png 1000w, https:\/\/blog.uclm.es\/grupogear\/wp-content\/uploads\/sites\/204\/2026\/03\/GEAR-DE-GEAR-1000x1000-1-300x300.png 300w, https:\/\/blog.uclm.es\/grupogear\/wp-content\/uploads\/sites\/204\/2026\/03\/GEAR-DE-GEAR-1000x1000-1-150x150.png 150w, https:\/\/blog.uclm.es\/grupogear\/wp-content\/uploads\/sites\/204\/2026\/03\/GEAR-DE-GEAR-1000x1000-1-768x768.png 768w, https:\/\/blog.uclm.es\/grupogear\/wp-content\/uploads\/sites\/204\/2026\/03\/GEAR-DE-GEAR-1000x1000-1-624x624.png 624w\" sizes=\"auto, (max-width: 1000px) 100vw, 1000px\" \/><\/figure>\n","protected":false},"excerpt":{"rendered":"<p>Group leaders: Members:<\/p>\n","protected":false},"author":320,"featured_media":0,"parent":0,"menu_order":3,"comment_status":"closed","ping_status":"open","template":"","meta":{"footnotes":""},"class_list":["post-886","page","type-page","status-publish","hentry"],"_links":{"self":[{"href":"https:\/\/blog.uclm.es\/grupogear\/wp-json\/wp\/v2\/pages\/886","targetHints":{"allow":["GET"]}}],"collection":[{"href":"https:\/\/blog.uclm.es\/grupogear\/wp-json\/wp\/v2\/pages"}],"about":[{"href":"https:\/\/blog.uclm.es\/grupogear\/wp-json\/wp\/v2\/types\/page"}],"author":[{"embeddable":true,"href":"https:\/\/blog.uclm.es\/grupogear\/wp-json\/wp\/v2\/users\/320"}],"replies":[{"embeddable":true,"href":"https:\/\/blog.uclm.es\/grupogear\/wp-json\/wp\/v2\/comments?post=886"}],"version-history":[{"count":9,"href":"https:\/\/blog.uclm.es\/grupogear\/wp-json\/wp\/v2\/pages\/886\/revisions"}],"predecessor-version":[{"id":2448,"href":"https:\/\/blog.uclm.es\/grupogear\/wp-json\/wp\/v2\/pages\/886\/revisions\/2448"}],"wp:attachment":[{"href":"https:\/\/blog.uclm.es\/grupogear\/wp-json\/wp\/v2\/media?parent=886"}],"curies":[{"name":"wp","href":"https:\/\/api.w.org\/{rel}","templated":true}]}}