{"id":2397,"date":"2026-02-06T10:11:50","date_gmt":"2026-02-06T10:11:50","guid":{"rendered":"https:\/\/blog.uclm.es\/grupogear\/?page_id=2397"},"modified":"2026-02-06T12:31:22","modified_gmt":"2026-02-06T12:31:22","slug":"danielmolinaduarte","status":"publish","type":"page","link":"https:\/\/blog.uclm.es\/grupogear\/danielmolinaduarte\/","title":{"rendered":"Daniel Molina Duarte"},"content":{"rendered":"<div class=\"wp-block-image\">\n<figure class=\"alignleft size-large is-resized\"><img loading=\"lazy\" decoding=\"async\" width=\"710\" height=\"1024\" src=\"https:\/\/blog.uclm.es\/grupogear\/wp-content\/uploads\/sites\/204\/2026\/02\/IMG_20260203_122318607-710x1024.jpg\" alt=\"\" class=\"wp-image-2324\" style=\"aspect-ratio:0.6933624439702939;width:230px;height:auto\" srcset=\"https:\/\/blog.uclm.es\/grupogear\/wp-content\/uploads\/sites\/204\/2026\/02\/IMG_20260203_122318607-710x1024.jpg 710w, https:\/\/blog.uclm.es\/grupogear\/wp-content\/uploads\/sites\/204\/2026\/02\/IMG_20260203_122318607-208x300.jpg 208w, https:\/\/blog.uclm.es\/grupogear\/wp-content\/uploads\/sites\/204\/2026\/02\/IMG_20260203_122318607-768x1108.jpg 768w, https:\/\/blog.uclm.es\/grupogear\/wp-content\/uploads\/sites\/204\/2026\/02\/IMG_20260203_122318607-1065x1536.jpg 1065w, https:\/\/blog.uclm.es\/grupogear\/wp-content\/uploads\/sites\/204\/2026\/02\/IMG_20260203_122318607-1420x2048.jpg 1420w, https:\/\/blog.uclm.es\/grupogear\/wp-content\/uploads\/sites\/204\/2026\/02\/IMG_20260203_122318607-624x900.jpg 624w, https:\/\/blog.uclm.es\/grupogear\/wp-content\/uploads\/sites\/204\/2026\/02\/IMG_20260203_122318607.jpg 1597w\" sizes=\"auto, (max-width: 710px) 100vw, 710px\" \/><\/figure>\n<\/div>\n\n\n<p class=\"has-small-font-size\"><strong>Department of Economics and Finance \u2013 GEAR Research Group <\/strong><\/p>\n\n\n\n<p class=\"has-small-font-size\"><strong>Ph.D<\/strong>. <strong>Candidate<\/strong><\/p>\n\n\n\n<p class=\"has-small-font-size\"><strong>Address: Facultad de Ciencias Econ\u00f3micas y Empresariales, Universidad de Castilla-La Mancha.<\/strong><\/p>\n\n\n\n<p class=\"has-small-font-size\"><strong>Postal Address: Plaza de la Universidad, 1, CP: 02071, Albacete, Spain. Phone: +34926052940; Room: 3.22<\/strong><\/p>\n\n\n\n<p class=\"has-small-font-size\"><strong>e-mail:<\/strong> <a href=\"mailto:Daniel.Molina@uclm.es\" target=\"_blank\" rel=\"noreferrer noopener\">Daniel.Molina@uclm.es<\/a><\/p>\n\n\n<div class=\"wp-block-image\">\n<figure class=\"alignleft size-large is-resized\"><a href=\"https:\/\/www.linkedin.com\/in\/daniel-molina-duarte-4b262117a\/\" target=\"_blank\" rel=\" noreferrer noopener\"><img loading=\"lazy\" decoding=\"async\" width=\"225\" height=\"225\" src=\"https:\/\/blog.uclm.es\/grupogear\/wp-content\/uploads\/sites\/204\/2026\/02\/images.png\" alt=\"\" class=\"wp-image-2328\" style=\"width:37px;height:auto\" srcset=\"https:\/\/blog.uclm.es\/grupogear\/wp-content\/uploads\/sites\/204\/2026\/02\/images.png 225w, https:\/\/blog.uclm.es\/grupogear\/wp-content\/uploads\/sites\/204\/2026\/02\/images-150x150.png 150w\" sizes=\"auto, (max-width: 225px) 100vw, 225px\" \/><\/a><\/figure>\n<\/div>\n\n<div class=\"wp-block-image\">\n<figure class=\"alignleft size-large is-resized\"><a href=\"https:\/\/orcid.org\/0009-0008-8435-9040\" target=\"_blank\" rel=\" noreferrer noopener\"><img loading=\"lazy\" decoding=\"async\" width=\"960\" height=\"960\" src=\"https:\/\/blog.uclm.es\/grupogear\/wp-content\/uploads\/sites\/204\/2026\/02\/ORCID_iD.svg_.png\" alt=\"\" class=\"wp-image-2327\" style=\"width:35px;height:auto\" srcset=\"https:\/\/blog.uclm.es\/grupogear\/wp-content\/uploads\/sites\/204\/2026\/02\/ORCID_iD.svg_.png 960w, https:\/\/blog.uclm.es\/grupogear\/wp-content\/uploads\/sites\/204\/2026\/02\/ORCID_iD.svg_-300x300.png 300w, https:\/\/blog.uclm.es\/grupogear\/wp-content\/uploads\/sites\/204\/2026\/02\/ORCID_iD.svg_-150x150.png 150w, https:\/\/blog.uclm.es\/grupogear\/wp-content\/uploads\/sites\/204\/2026\/02\/ORCID_iD.svg_-768x768.png 768w, https:\/\/blog.uclm.es\/grupogear\/wp-content\/uploads\/sites\/204\/2026\/02\/ORCID_iD.svg_-624x624.png 624w\" sizes=\"auto, (max-width: 960px) 100vw, 960px\" \/><\/a><\/figure>\n<\/div>\n\n\n<p><\/p>\n\n\n\n<h2 class=\"wp-block-heading\">Research Areas<\/h2>\n\n\n\n<ul class=\"wp-block-list\">\n<li>Multiregional Input-Output Models<\/li>\n\n\n\n<li>Sustainability of household consumption<\/li>\n\n\n\n<li>Environmental Inequality<\/li>\n\n\n\n<li>Sustainable Food Systems<\/li>\n<\/ul>\n\n\n\n<h2 class=\"wp-block-heading\"><strong>Scientific Publications<\/strong><\/h2>\n\n\n\n<p>Molina, D., Soria, C., S\u00e1nchez-Serrano, M., Osorio, P., 2026. La creciente huella de carbono de los turistas en Espa\u00f1a: un an\u00e1lisis sectorial y multirregional. Revista de Econom\u00eda Cr\u00edtica. <em>In press<\/em><\/p>\n","protected":false},"excerpt":{"rendered":"<p>Department of Economics and Finance \u2013 GEAR Research Group Ph.D. Candidate Address: Facultad de Ciencias Econ\u00f3micas y Empresariales, Universidad de Castilla-La Mancha. Postal Address: Plaza de la Universidad, 1, CP: 02071, Albacete, Spain. Phone: +34926052940; Room: 3.22 e-mail: Daniel.Molina@uclm.es Research Areas Scientific Publications Molina, D., Soria, C., S\u00e1nchez-Serrano, M., Osorio, P., 2026. La creciente huella [&hellip;]<\/p>\n","protected":false},"author":319,"featured_media":0,"parent":0,"menu_order":0,"comment_status":"closed","ping_status":"closed","template":"","meta":{"footnotes":""},"class_list":["post-2397","page","type-page","status-publish","hentry"],"_links":{"self":[{"href":"https:\/\/blog.uclm.es\/grupogear\/wp-json\/wp\/v2\/pages\/2397","targetHints":{"allow":["GET"]}}],"collection":[{"href":"https:\/\/blog.uclm.es\/grupogear\/wp-json\/wp\/v2\/pages"}],"about":[{"href":"https:\/\/blog.uclm.es\/grupogear\/wp-json\/wp\/v2\/types\/page"}],"author":[{"embeddable":true,"href":"https:\/\/blog.uclm.es\/grupogear\/wp-json\/wp\/v2\/users\/319"}],"replies":[{"embeddable":true,"href":"https:\/\/blog.uclm.es\/grupogear\/wp-json\/wp\/v2\/comments?post=2397"}],"version-history":[{"count":2,"href":"https:\/\/blog.uclm.es\/grupogear\/wp-json\/wp\/v2\/pages\/2397\/revisions"}],"predecessor-version":[{"id":2401,"href":"https:\/\/blog.uclm.es\/grupogear\/wp-json\/wp\/v2\/pages\/2397\/revisions\/2401"}],"wp:attachment":[{"href":"https:\/\/blog.uclm.es\/grupogear\/wp-json\/wp\/v2\/media?parent=2397"}],"curies":[{"name":"wp","href":"https:\/\/api.w.org\/{rel}","templated":true}]}}