{"id":2337,"date":"2026-02-05T10:11:58","date_gmt":"2026-02-05T10:11:58","guid":{"rendered":"https:\/\/blog.uclm.es\/grupogear\/?page_id=2337"},"modified":"2026-02-05T11:49:16","modified_gmt":"2026-02-05T11:49:16","slug":"cristiansoriavalcarcel","status":"publish","type":"page","link":"https:\/\/blog.uclm.es\/grupogear\/cristiansoriavalcarcel\/","title":{"rendered":"Cristian Soria Valc\u00e1rcel"},"content":{"rendered":"<div class=\"wp-block-image\">\n<figure class=\"alignleft size-large is-resized\"><img loading=\"lazy\" decoding=\"async\" width=\"668\" height=\"1024\" src=\"https:\/\/blog.uclm.es\/grupogear\/wp-content\/uploads\/sites\/204\/2026\/02\/BEF5BCA1-BFE2-47FB-8FBD-E3C587D211B1-668x1024.jpeg\" alt=\"\" class=\"wp-image-2374\" style=\"aspect-ratio:0.6777468796481925;width:211px;height:auto\" srcset=\"https:\/\/blog.uclm.es\/grupogear\/wp-content\/uploads\/sites\/204\/2026\/02\/BEF5BCA1-BFE2-47FB-8FBD-E3C587D211B1-668x1024.jpeg 668w, https:\/\/blog.uclm.es\/grupogear\/wp-content\/uploads\/sites\/204\/2026\/02\/BEF5BCA1-BFE2-47FB-8FBD-E3C587D211B1-196x300.jpeg 196w, https:\/\/blog.uclm.es\/grupogear\/wp-content\/uploads\/sites\/204\/2026\/02\/BEF5BCA1-BFE2-47FB-8FBD-E3C587D211B1-768x1178.jpeg 768w, https:\/\/blog.uclm.es\/grupogear\/wp-content\/uploads\/sites\/204\/2026\/02\/BEF5BCA1-BFE2-47FB-8FBD-E3C587D211B1-624x957.jpeg 624w, https:\/\/blog.uclm.es\/grupogear\/wp-content\/uploads\/sites\/204\/2026\/02\/BEF5BCA1-BFE2-47FB-8FBD-E3C587D211B1.jpeg 896w\" sizes=\"auto, (max-width: 668px) 100vw, 668px\" \/><\/figure>\n<\/div>\n\n\n<p class=\"has-small-font-size\"><strong>Department of Economics and Finance \u2013 GEAR Research Group <\/strong>&#8211; <strong>Renewable Energy Research Institute<\/strong><\/p>\n\n\n\n<p class=\"has-small-font-size\"><strong>Ph.D<\/strong>. <strong>Candidate<\/strong><\/p>\n\n\n\n<p class=\"has-small-font-size\"><strong>Address: Facultad de Ciencias Econ\u00f3micas y Empresariales, Universidad de Castilla-La Mancha.<\/strong><\/p>\n\n\n\n<p class=\"has-small-font-size\"><strong>Postal Address: Plaza de la Universidad, 1, CP: 02071, Albacete, Spain. Phone: +34926052940; Room: 3.22<\/strong><\/p>\n\n\n\n<p class=\"has-small-font-size\"><strong>e-mail:<\/strong> <a href=\"mailto:cristian.soria@uclm.es\" data-type=\"mailto\" data-id=\"mailto:cristian.soria@uclm.es\" target=\"_blank\" rel=\"noreferrer noopener\">cristian.soria@uclm.es<\/a> <\/p>\n\n\n<div class=\"wp-block-image\">\n<figure class=\"alignleft size-large is-resized\"><a href=\"https:\/\/orcid.org\/0009-0004-7867-6796\" target=\"_blank\" rel=\" noreferrer noopener\"><img loading=\"lazy\" decoding=\"async\" width=\"960\" height=\"960\" src=\"https:\/\/blog.uclm.es\/grupogear\/wp-content\/uploads\/sites\/204\/2026\/02\/ORCID_iD.svg_.png\" alt=\"\" class=\"wp-image-2327\" style=\"width:35px;height:auto\" srcset=\"https:\/\/blog.uclm.es\/grupogear\/wp-content\/uploads\/sites\/204\/2026\/02\/ORCID_iD.svg_.png 960w, https:\/\/blog.uclm.es\/grupogear\/wp-content\/uploads\/sites\/204\/2026\/02\/ORCID_iD.svg_-300x300.png 300w, https:\/\/blog.uclm.es\/grupogear\/wp-content\/uploads\/sites\/204\/2026\/02\/ORCID_iD.svg_-150x150.png 150w, https:\/\/blog.uclm.es\/grupogear\/wp-content\/uploads\/sites\/204\/2026\/02\/ORCID_iD.svg_-768x768.png 768w, https:\/\/blog.uclm.es\/grupogear\/wp-content\/uploads\/sites\/204\/2026\/02\/ORCID_iD.svg_-624x624.png 624w\" sizes=\"auto, (max-width: 960px) 100vw, 960px\" \/><\/a><\/figure>\n<\/div>\n\n\n<p><\/p>\n\n\n\n<p><\/p>\n\n\n\n<p class=\"has-small-font-size\"><\/p>\n\n\n\n<h2 class=\"wp-block-heading\">Research Areas<\/h2>\n\n\n\n<ul class=\"wp-block-list\">\n<li>Multiregional Input-Output Models<\/li>\n\n\n\n<li>Environmental Behaviour<\/li>\n\n\n\n<li>Sustainable agroalimentary products and processes<\/li>\n<\/ul>\n\n\n\n<h3 class=\"wp-block-heading\"><strong>Scientific Publications:<\/strong><\/h3>\n\n\n\n<ul class=\"wp-block-list\">\n<li>Molina, D., Soria, C., S\u00e1nchez-Serrano, M., Osorio, P., 2026. La creciente huella de carbono de los turistas en Espa\u00f1a: un an\u00e1lisis sectorial y multirregional. Revista de Econom\u00eda Cr\u00edtica. <em>In press<\/em><\/li>\n<\/ul>\n\n\n\n<p><\/p>\n","protected":false},"excerpt":{"rendered":"<p>Department of Economics and Finance \u2013 GEAR Research Group &#8211; Renewable Energy Research Institute Ph.D. Candidate Address: Facultad de Ciencias Econ\u00f3micas y Empresariales, Universidad de Castilla-La Mancha. Postal Address: Plaza de la Universidad, 1, CP: 02071, Albacete, Spain. Phone: +34926052940; Room: 3.22 e-mail: cristian.soria@uclm.es Research Areas Scientific Publications:<\/p>\n","protected":false},"author":319,"featured_media":0,"parent":0,"menu_order":0,"comment_status":"closed","ping_status":"closed","template":"","meta":{"footnotes":""},"class_list":["post-2337","page","type-page","status-publish","hentry"],"_links":{"self":[{"href":"https:\/\/blog.uclm.es\/grupogear\/wp-json\/wp\/v2\/pages\/2337","targetHints":{"allow":["GET"]}}],"collection":[{"href":"https:\/\/blog.uclm.es\/grupogear\/wp-json\/wp\/v2\/pages"}],"about":[{"href":"https:\/\/blog.uclm.es\/grupogear\/wp-json\/wp\/v2\/types\/page"}],"author":[{"embeddable":true,"href":"https:\/\/blog.uclm.es\/grupogear\/wp-json\/wp\/v2\/users\/319"}],"replies":[{"embeddable":true,"href":"https:\/\/blog.uclm.es\/grupogear\/wp-json\/wp\/v2\/comments?post=2337"}],"version-history":[{"count":7,"href":"https:\/\/blog.uclm.es\/grupogear\/wp-json\/wp\/v2\/pages\/2337\/revisions"}],"predecessor-version":[{"id":2377,"href":"https:\/\/blog.uclm.es\/grupogear\/wp-json\/wp\/v2\/pages\/2337\/revisions\/2377"}],"wp:attachment":[{"href":"https:\/\/blog.uclm.es\/grupogear\/wp-json\/wp\/v2\/media?parent=2337"}],"curies":[{"name":"wp","href":"https:\/\/api.w.org\/{rel}","templated":true}]}}