{"id":150,"date":"2014-09-03T16:26:49","date_gmt":"2014-09-03T16:26:49","guid":{"rendered":"http:\/\/groupgear.wordpress.com\/?page_id=150"},"modified":"2024-06-26T11:33:16","modified_gmt":"2024-06-26T11:33:16","slug":"carmen-corcoles","status":"publish","type":"page","link":"https:\/\/blog.uclm.es\/grupogear\/people\/carmen-corcoles\/","title":{"rendered":"Carmen C\u00f3rcoles"},"content":{"rendered":"<h5><img loading=\"lazy\" decoding=\"async\" class=\"size-medium wp-image-796 alignleft\" src=\"https:\/\/blog.uclm.es\/grupogear\/wp-content\/uploads\/sites\/204\/2016\/11\/carmen.png?w=300\" alt=\"carmen\" width=\"300\" height=\"268\" srcset=\"https:\/\/blog.uclm.es\/grupogear\/wp-content\/uploads\/sites\/204\/2016\/11\/carmen.png 478w, https:\/\/blog.uclm.es\/grupogear\/wp-content\/uploads\/sites\/204\/2016\/11\/carmen-300x268.png 300w\" sizes=\"auto, (max-width: 300px) 100vw, 300px\" \/><span style=\"color: #000000\">Department of Economics and Finance \u2013 GEAR Research Group<\/span><\/h5>\n<p><span style=\"color: #000000\">Faculty of Economics and Business Sciences<\/span><\/p>\n<p><span style=\"color: #000000\">Address: Facultad de Ciencias Econ\u00f3micas y Empresariales, Universidad de Castilla-La Mancha.<\/span><\/p>\n<p><span style=\"color: #000000\">Postal Address: Plaza de la Universidad, 1, CP: 02071, Albacete, Spain. Phone: +34926053012; Room: 3.02<\/span><\/p>\n<p><span style=\"color: #000000\">e-mail: <a href=\"mailto:Carmen.Corcoles@uclm.es\">Carmen.Corcoles@uclm.es<\/a><\/span><\/p>\n<p><strong>Research Areas:<\/strong><\/p>\n<ul>\n<li><em>Input-Output Analysis<\/em><\/li>\n<li><em>Environmental Economics<\/em><\/li>\n<li><em>Energy Economics<\/em><\/li>\n<li><em>Environmental and Energy Policy Modelling<\/em><\/li>\n<li><em>International Trade<\/em><\/li>\n<li><em>Environmental Impact from Institutions<\/em><\/li>\n<li><em>Applied General Equilibrium Models<\/em><\/li>\n<\/ul>\n<p><strong>Scientific Publications:<\/strong><\/p>\n<ul>\n<li>L\u00f3pez Bernab\u00e9, E., Carrasco Monteagudo, I. &amp; C\u00f3rcoles Fuentes, C. (2024). Spatial diffusion of the socio-economic effects from the deployment of energy technologies in Spain.\u00a0<em>Spatial Economic Analysis<\/em>, 1-20 <a href=\"https:\/\/doi.org\/10.1080\/17421772.2024.2337049\">LINK<\/a><\/li>\n<li>C\u00f3rcoles, C., L\u00f3pez, L. A., Osorio, P. y Zafrilla, J. (2024). The carbon footprint of the empty Castilla-La Mancha. Energy Policy, 184, 113892. doi: <a href=\"https:\/\/doi.org\/10.1016\/j.enpol.2023.113892\">https:\/\/doi.org\/10.1016\/j.enpol.2023.113892 <\/a><\/li>\n<li>Carrasco, I., Castillo-Valero, J.S., Carchano, M. &amp; C\u00f3rcoles, C. (2023). Recent evolution of wine exports in a turbulence period: a multiregional analysis. Agricultural and Food Economics<em>, 11, 6<\/em>. \u00a0<a href=\"https:\/\/doi.org\/10.1186\/s40100-023-00248-9\">LINK<\/a><\/li>\n<li>Castillo-Valero, J.S., Carrasco, I., Carchano, M. &amp; C\u00f3rcoles, C. (2021).\u00a0What is the environmental impact of wine entering global value chains? Studying the evolution of CO<sub>2<\/sub>\u00a0emissions from the export of spanish denomination of origin wines.\u00a0<em>Foods, 10(7). <\/em><a href=\"https:\/\/doi.org\/10.3390\/foods10071664\">LINK<\/a><\/li>\n<li>Zafrilla, J.-E., Arce, G., Cadarso, M.-\u00c1., C\u00f3rcoles, C., G\u00f3mez, N., L\u00f3pez, L.-A., Monsalve, F., Tobarra, M.-\u00c1., 2019. Triple bottom line analysis of the Spanish solar photovoltaic sector: A footprint assessment. Renewable and Sustainable Energy Reviews 114, 109311. <a href=\"https:\/\/www.sciencedirect.com\/science\/article\/pii\/S1364032119305192\">LINK<\/a><\/li>\n<li>Deju\u00e1n, O., J. E. Zafrilla, M. \u00c1. Tobarra, F. Monsalve, and C. C\u00f3rcoles. 2017. Decarbonizing electricity generation in the EU. Its impact on emissions and employment all over the world. In Environmental and Economic Impacts of Decarbonization. Input-Output Studies on the Consequences of the 2015 Paris Agreements, edited by O. Deju\u00e1n, et al.: Routledge -Taylor&amp;Francis Group- <a href=\"https:\/\/www.routledge.com\/Environmental-and-Economic-Impacts-of-Decarbonization-Input-Output-Studies\/Dejuan-Lenzen-Cadarso\/p\/book\/9780415787406\">LINK<\/a><\/li>\n<li>Deju\u00e1n, \u00d3., C\u00f3rcoles, C., G\u00f3mez, N. and Tobarra, M.A. (2015): \u201cForecasting energy demand through a dynamic input-output model\u201d, Economics and Business Letters, 4, (3), 108-115<\/li>\n<li>Deju\u00e1n, O., Cadarso, M.A. y C\u00f3rcoles, C. (2009): Cambio estructural y desarrollo sostenible. ISBN 13:978-84-692-7173-5.<\/li>\n<li>Deju\u00e1n, O., Cadarso, M.A. y C\u00f3rcoles, C. (2003): Tablas Input-Output de Castilla-La Mancha por m\u00e9todos indirectos. Dep. Leg.: GU-392\/2003 .<\/li>\n<li>C\u00f3rcoles, C. (1999): An\u00e1lisis de los efectos del gasto p\u00fablico en la econom\u00eda espa\u00f1ola en el per\u00edodo 1980-1990 a trav\u00e9s del multiplicador estructural. ISBN: 84-8427-009-2.<\/li>\n<li>C\u00f3rcoles, C. (1999): \u201cEfectos multiplicadores del gasto p\u00fablico en la econom\u00eda espa\u00f1ola en el per\u00edodo 1980-1990\u201d, Hacienda P\u00fablica Espa\u00f1ola, v.2, p\u00e1gs. 85-114.<\/li>\n<\/ul>\n<p><strong>Teaching<\/strong><\/p>\n<p><em>Bachelor\u00b4s Degrees<\/em><\/p>\n<ul>\n<li><em>Intermediate Microeconomics<\/em><\/li>\n<\/ul>\n<p><em>Master\u00b4s Degrees \u2013 Master in Growth and Sustainable Development <\/em><\/p>\n<ul>\n<li><em>Neoclassical Models of Endogenous Growth<\/em><\/li>\n<\/ul>\n","protected":false},"excerpt":{"rendered":"<p>Department of Economics and Finance \u2013 GEAR Research Group Faculty of Economics and Business Sciences Address: Facultad de Ciencias Econ\u00f3micas y Empresariales, Universidad de Castilla-La Mancha. Postal Address: Plaza de la Universidad, 1, CP: 02071, Albacete, Spain. Phone: +34926053012; Room: 3.02 e-mail: Carmen.Corcoles@uclm.es Research Areas: Input-Output Analysis Environmental Economics Energy Economics Environmental and Energy Policy [&hellip;]<\/p>\n","protected":false},"author":320,"featured_media":0,"parent":886,"menu_order":9,"comment_status":"closed","ping_status":"open","template":"","meta":{"footnotes":""},"class_list":["post-150","page","type-page","status-publish","hentry"],"_links":{"self":[{"href":"https:\/\/blog.uclm.es\/grupogear\/wp-json\/wp\/v2\/pages\/150","targetHints":{"allow":["GET"]}}],"collection":[{"href":"https:\/\/blog.uclm.es\/grupogear\/wp-json\/wp\/v2\/pages"}],"about":[{"href":"https:\/\/blog.uclm.es\/grupogear\/wp-json\/wp\/v2\/types\/page"}],"author":[{"embeddable":true,"href":"https:\/\/blog.uclm.es\/grupogear\/wp-json\/wp\/v2\/users\/320"}],"replies":[{"embeddable":true,"href":"https:\/\/blog.uclm.es\/grupogear\/wp-json\/wp\/v2\/comments?post=150"}],"version-history":[{"count":7,"href":"https:\/\/blog.uclm.es\/grupogear\/wp-json\/wp\/v2\/pages\/150\/revisions"}],"predecessor-version":[{"id":2132,"href":"https:\/\/blog.uclm.es\/grupogear\/wp-json\/wp\/v2\/pages\/150\/revisions\/2132"}],"up":[{"embeddable":true,"href":"https:\/\/blog.uclm.es\/grupogear\/wp-json\/wp\/v2\/pages\/886"}],"wp:attachment":[{"href":"https:\/\/blog.uclm.es\/grupogear\/wp-json\/wp\/v2\/media?parent=150"}],"curies":[{"name":"wp","href":"https:\/\/api.w.org\/{rel}","templated":true}]}}