{"id":146,"date":"2014-09-03T16:26:46","date_gmt":"2014-09-03T16:26:46","guid":{"rendered":"http:\/\/groupgear.wordpress.com\/?page_id=146"},"modified":"2026-03-23T10:13:52","modified_gmt":"2026-03-23T10:13:52","slug":"guadalupe-arce","status":"publish","type":"page","link":"https:\/\/blog.uclm.es\/grupogear\/people\/guadalupe-arce\/","title":{"rendered":"Guadalupe Arce"},"content":{"rendered":"<h5>\u00a0<\/h5>\n<p><img loading=\"lazy\" decoding=\"async\" class=\"size-medium wp-image-2322 alignleft\" src=\"https:\/\/blog.uclm.es\/grupogear\/wp-content\/uploads\/sites\/204\/2026\/02\/IMG_20260203_122555891-214x300.jpg\" alt=\"\" width=\"214\" height=\"300\" srcset=\"https:\/\/blog.uclm.es\/grupogear\/wp-content\/uploads\/sites\/204\/2026\/02\/IMG_20260203_122555891-214x300.jpg 214w, https:\/\/blog.uclm.es\/grupogear\/wp-content\/uploads\/sites\/204\/2026\/02\/IMG_20260203_122555891-729x1024.jpg 729w, https:\/\/blog.uclm.es\/grupogear\/wp-content\/uploads\/sites\/204\/2026\/02\/IMG_20260203_122555891-768x1079.jpg 768w, https:\/\/blog.uclm.es\/grupogear\/wp-content\/uploads\/sites\/204\/2026\/02\/IMG_20260203_122555891-1093x1536.jpg 1093w, https:\/\/blog.uclm.es\/grupogear\/wp-content\/uploads\/sites\/204\/2026\/02\/IMG_20260203_122555891-624x877.jpg 624w, https:\/\/blog.uclm.es\/grupogear\/wp-content\/uploads\/sites\/204\/2026\/02\/IMG_20260203_122555891.jpg 1225w\" sizes=\"auto, (max-width: 214px) 100vw, 214px\" \/><\/p>\n<p><strong>Departamento de Producci\u00f3n Vegetal y Tecnolog\u00eda Agraria &#8211; Grupo BIOECO &#8211; ECONOM\u00cdA AGROALIMENTARIA Y FORESTAL.BIOECONOMIA &#8211; GEAR Research Group<\/strong><\/p>\n<p>Address: E.T.S. INGENIER\u00cdA AGRON\u00d3MICA Y DE MONTES Y BIOTECNOLOG\u00cdA.<\/p>\n<p>Postal Address: P.\u00ba de los Estudiantes, s\/n, 02006 Albacete<\/p>\n<p>e-mail: <a href=\"mailto:Guadalupe.Arce@uclm.es\"><strong>Guadalupe.Arce@uclm.es<\/strong><\/a><\/p>\n<p><a href=\"https:\/\/www.researchgate.net\/profile\/Guadalupe_Arce3\" target=\"_blank\" rel=\"noopener\"><img loading=\"lazy\" decoding=\"async\" class=\"alignnone wp-image-764\" src=\"https:\/\/blog.uclm.es\/grupogear\/wp-content\/uploads\/sites\/204\/2016\/11\/rg-logo.png?w=88&amp;h=88&amp;crop=1\" alt=\"rg-logo\" width=\"41\" height=\"41\" \/>\u00a0\u00a0<\/a> <a href=\"https:\/\/www.linkedin.com\/in\/guadalupe-arce-gonz%C3%A1lez-28b05832?trk=hp-identity-name\" target=\"_blank\" rel=\"noopener\"><img loading=\"lazy\" decoding=\"async\" class=\"alignnone wp-image-763\" src=\"https:\/\/blog.uclm.es\/grupogear\/wp-content\/uploads\/sites\/204\/2016\/11\/linkedin_circle-svg.png\" alt=\"linkedin_circle-svg\" width=\"43\" height=\"43\" \/>\u00a0<\/a> \u00a0<a href=\"https:\/\/twitter.com\/Guadalupe_Arce\" target=\"_blank\" rel=\"noopener\"><img loading=\"lazy\" decoding=\"async\" class=\"alignnone wp-image-1307\" src=\"https:\/\/blog.uclm.es\/grupogear\/wp-content\/uploads\/sites\/204\/2019\/05\/logo-twitter-redondo-png-1-300x300.png\" alt=\"\" width=\"44\" height=\"44\" srcset=\"https:\/\/blog.uclm.es\/grupogear\/wp-content\/uploads\/sites\/204\/2019\/05\/logo-twitter-redondo-png-1-300x300.png 300w, https:\/\/blog.uclm.es\/grupogear\/wp-content\/uploads\/sites\/204\/2019\/05\/logo-twitter-redondo-png-1-150x150.png 150w, https:\/\/blog.uclm.es\/grupogear\/wp-content\/uploads\/sites\/204\/2019\/05\/logo-twitter-redondo-png-1-768x768.png 768w, https:\/\/blog.uclm.es\/grupogear\/wp-content\/uploads\/sites\/204\/2019\/05\/logo-twitter-redondo-png-1.png 900w\" sizes=\"auto, (max-width: 44px) 100vw, 44px\" \/> \u00a0<\/a><a href=\"https:\/\/www.scopus.com\/authid\/detail.uri?authorId=57191904585\" target=\"_blank\" rel=\"noopener\"><img loading=\"lazy\" decoding=\"async\" class=\"alignnone wp-image-761\" src=\"https:\/\/blog.uclm.es\/grupogear\/wp-content\/uploads\/sites\/204\/2016\/11\/scopus.png\" alt=\"\" width=\"44\" height=\"43\" \/><\/a><\/p>\n<p>GEAR collaborating researcher<\/p>\n<h3><strong>Research Areas:<\/strong><\/h3>\n<ul>\n<li><em>Input-Output Analysis<\/em><\/li>\n<li><em>International Trade<\/em><\/li>\n<li><em>Anthropogenical Footprints<\/em><\/li>\n<li><em>Emissions Balances<\/em><\/li>\n<li><em>MRIO<\/em><\/li>\n<\/ul>\n<h3><strong>Scientific Publications:<\/strong><\/h3>\n\n\n<div class=\"wp-block-group\"><div class=\"wp-block-group__inner-container is-layout-constrained wp-block-group-is-layout-constrained\">\n<ul class=\"wp-block-list\">\n<li>S\u00e1nchez-Serrano, M., Zafrilla, J., Arce, G., &amp; Garc\u00eda-Alaminos, \u00c1. (2026). Socioeconomic impacts of climate-related migration: The case of Bangladesh. iScience, 29(4), 115199. <a href=\"https:\/\/doi.org\/https:\/\/doi.org\/10.1016\/j.isci.2026.115199\">LINK<\/a><\/li>\n\n\n\n<li>S\u00e1nchez-Serrano, M., Arce, G., Zafrilla, J., L\u00f3pez, L., 2026.&nbsp;Unveiling households&#8217; vulnerabilities in Spanish regions: a carbon tax and compensation approach. Journal of Industrial Ecology.&nbsp;<a href=\"http:\/\/doi.org\/10.1007\/s44498-026-00019-x\">LINK<\/a><\/li>\n\n\n\n<li>Arce, G., Garc\u00eda-Alaminos, \u00c1., Ortiz, M., &amp; Zafrilla, J. (2024).&nbsp;Attributing climate-change-related disaster displacement responsibilities along global production chains.&nbsp;<em>iScience, 27<\/em>(11), 111124. https:\/\/doi.org\/10.1016\/j.isci.2024.111124 <a href=\"https:\/\/doi.org\/10.1016\/j.isci.2024.111124\">LINK<\/a><\/li>\n\n\n\n<li>S\u00e1nchez-Serrano, M., Zafrilla, J., Ortiz, M., Arce, G., 2024. Carbon taxation and related vulnerability of Spanish urban and rural households in a regional level. Regional Science Policy &amp; Practice 16, 100123 <a href=\"https:\/\/www.sciencedirect.com\/science\/article\/pii\/S1757780224003342\">LINK<\/a><\/li>\n\n\n\n<li>Fern\u00e1ndez, S., Arce, G., Garc\u00eda-Alaminos, \u00c1., Cazcarro, I., &amp; Arto, I. (2024). Climate change as a veiled driver of migration in Bangladesh and Ghana. Science of The Total Environment, 922, 171210. doi:https:\/\/doi.org\/10.1016\/j.scitotenv.2024.171210 <a href=\"https:\/\/www.sciencedirect.com\/science\/article\/pii\/S0048969724013494?via%3Dihub\">LINK<\/a><\/li>\n\n\n\n<li>L\u00f3pez, L.-A., Arce, G., Cadarso, M.-\u00c1., Ortiz, M., Zafrilla, J. (2023) The global dissemination to multinationals of the carbon emissions ruling on Shell. Structural Change and Economic Dynamics. In Press. <a href=\"https:\/\/www.sciencedirect.com\/science\/article\/pii\/S0954349X23000462\" target=\"_blank\" rel=\"noreferrer noopener\">LINK<\/a><\/li>\n\n\n\n<li>L\u00f3pez, L.A., Arce, G., Osorio, P. (2023): \u201cForeign multinationals affiliates and countries&#8217; carbon upstreamness. How could these firms support the fulfilment of emissions reduction targets?\u201d, Journal of Environmental Management 326, 116714. <a href=\"https:\/\/www.sciencedirect.com\/science\/article\/pii\/S0301479722022873\">LINK<\/a><\/li>\n\n\n\n<li>Garc\u00eda-Alaminos, \u00c1., et al. (2021). \u00abReassembling social defragmented responsibilities: the indecent labour footprint of US multinationals overseas.\u00bb Economic Systems Research: vol 33, issue 4, pages 536-554. <a href=\"https:\/\/www.tandfonline.com\/eprint\/S7R7WQKXZ3MXP5XDCP3Y\/full?target=10.1080\/09535314.2020.1827224\">LINK<\/a><\/li>\n\n\n\n<li>L\u00f3pez, L. A., Arce, G., &amp; Jiang, X. (2020). Mapping China&#8217;s flows of emissions in the world&#8217;s carbon footprint: A network approach of production layers. Energy Economics, 87, 104739. doi:https:\/\/doi.org\/10.1016\/j.eneco.2020.104739 <a href=\"https:\/\/www.sciencedirect.com\/science\/article\/pii\/S0140988320300785\">LINK<\/a><\/li>\n\n\n\n<li>Zafrilla, J.-E., Arce, G., Cadarso, M.-\u00c1., C\u00f3rcoles, C., G\u00f3mez, N., L\u00f3pez, L.-A., Monsalve, F., Tobarra, M.-\u00c1., 2019. Triple bottom line analysis of the Spanish solar photovoltaic sector: A footprint assessment. Renewable and Sustainable Energy Reviews 114, 109311. <a href=\"https:\/\/www.sciencedirect.com\/science\/article\/pii\/S1364032119305192\">LINK<\/a><\/li>\n\n\n\n<li>L\u00f3pez, L.-A., Cadarso, M.-\u00c1., Zafrilla, J., Arce, G., 2019. The carbon footprint of the U.S. multinationals\u2019 foreign affiliates. Nature Communications 10, 1672. <a href=\"https:\/\/www.nature.com\/articles\/s41467-019-09473-7\">LINK<\/a><\/li>\n\n\n\n<li>L\u00f3pez, L.A., Arce, G., Serrano, M. 2019. Extreme Inequality and Carbon Footprint of Spanish Households. In Carbon Footprints: Case Studies from the Building, Household, and Agricultural Sectors. <a href=\"https:\/\/www.springer.com\/gp\/book\/9789811379154\">LINK<\/a><\/li>\n\n\n\n<li>L\u00f3pez, L.A., Arce, G., Kronenberg, T. and Rodrigues, J. 2018. Trade from resource-rich countries avoids the existence of a global pollution haven hypothesis. <em>Journal of Cleaner Production<\/em>. Vol. 175, pp. 599-611. <a href=\"https:\/\/www.sciencedirect.com\/science\/article\/pii\/S0959652617329864\">LINK<\/a><\/li>\n\n\n\n<li>Cadarso, M.-\u00c1., F. Monsalve, and G. Arce. 2018. Emissions burden shifting in global value chains \u2013 winners and losers under multi-regional versus bilateral accounting. Economic Systems Research: 1-23. <a href=\"http:\/\/www.tandfonline.com\/doi\/abs\/10.1080\/09535314.2018.1431768?journalCode=cesr20\">LINK<\/a><\/li>\n\n\n\n<li>Arce, G., L. A. L\u00f3pez, M. \u00c1. Cadarso, and N. G\u00f3mez. 2017. Carbon leakage risk criteria to strengthen the effectiveness of INDCs. In Environmental and Economic Impacts of Decarbonization. Input-Output Studies on the Consequences of the 2015 Paris Agreements, edited by O. Deju\u00e1n, et al.: Routledge -Taylor&amp;Francis Group- <a href=\"https:\/\/www.routledge.com\/Environmental-and-Economic-Impacts-of-Decarbonization-Input-Output-Studies\/Dejuan-Lenzen-Cadarso\/p\/book\/9780415787406\">LINK<\/a><\/li>\n\n\n\n<li>Arce, G., J. E. Zafrilla, L. A. L\u00f3pez, and M. \u00c1. Tobarra. (2017). Carbon footprint of human settlements in Spain. In Carbon Footprint and the Industrial Lifecycle &#8211; From Urban Planning to Recycling, edited by R. \u00c1lvarez, et al. <a href=\"http:\/\/www.springer.com\/gp\/book\/9783319549835\">LINK<\/a><\/li>\n\n\n\n<li>L\u00f3pez, L.A., Arce, G., Morenate, M. and Zafrilla, J.E. (2017): \u00abHow does income redistribution affect households&#8217; material footprint?\u00bb, Journal of Cleaner Production, in press DOI:&nbsp;http:\/\/dx.doi.org\/10.1016\/j.jclepro.2017.01.142, <a href=\"http:\/\/www.sciencedirect.com\/science\/article\/pii\/S0959652617301579\">LINK<\/a><\/li>\n\n\n\n<li>L\u00f3pez, L.A.,&nbsp;Arce, G., Morenate, M. and Monsalve, F. (2016): \u00abAssessing the Inequality of Spanish&nbsp;Households through the Carbon Footprint:&nbsp;The 21st Century Great Recession Effect\u00bb, Journal of Industrial Ecology (JIE), (<span id=\"volumeNumber\">Vol. 20<\/span>, <span id=\"issueNumber\">Issue 3<\/span>, <span id=\"issuePages\">pp. 571\u2013581). DOI:&nbsp;10.1111\/jiec.12466<\/span><\/li>\n\n\n\n<li>Arce, G., L\u00f3pez, L.A. and Guan, D. (2016): \u00abCarbon emissions embodied in international trade: The post-China era\u00bb, Applied Energy (APEN), <em>in press.&nbsp;<\/em>DOI:&nbsp;<a href=\"http:\/\/dx.doi.org\/10.1016\/j.apenergy.2016.05.084\" id=\"ddDoi\" target=\"doilink\" rel=\"noopener noreferrer\" class=\"S_C_ddDoi\">10.1016\/j.apenergy.2016.05.084<\/a><\/li>\n\n\n\n<li>Arce, G. (2014): \u00abFuga de carbono, hip\u00f3tesis refugio de emisiones e hip\u00f3tesis alternativas. Una revisi\u00f3n de la literatura\u00bb, Informaci\u00f3n Comercial Espa\u00f1ola (ICE), (Vol. 881, pp. 167-178), December, 2014.<\/li>\n\n\n\n<li>Arce, G. (2014): \u201cEmisiones asociadas al comercio internacional: La era post-China\u201d, P\u00f3ster<\/li>\n\n\n\n<li>L\u00f3pez, L.A., Cadarso, M.A., Zafrilla, J.E. and Arce, G. (2014): \u201cAssessing the implication on air pollution of an alternative control-based criterion\u201d, Proceedings of the National Academy of the Sciences (PNAS), June, 4, 2014. DOI: 10.1073\/pnas.1406948111<\/li>\n\n\n\n<li>L\u00f3pez, L.A., Arce, G. and Zafrilla, J.E. (2014): \u201cChina, refugio de emisiones de Espa\u00f1a\u201d, Investigaci\u00f3n y Ciencia secci\u00f3n Panorama, n\u00famero 451, mes de abril<\/li>\n\n\n\n<li>L\u00f3pez, L.-A., Arce, G. and Zafrilla, J.E. (2014): \u201cFinancial Crisis, Virtual Carbon in Global Value Chains, and the Importance of Linkage Effects. The Spain\u2013China Case\u201d, Environmental Science &amp; Technology (Vol. 48, pp. 36-44): American Chemical Society<\/li>\n\n\n\n<li>Arce, G. (2013): \u201c1.2 gigatoneladas de CO2 evitadas por el comercio internacional\u201d, P\u00f3ster<\/li>\n\n\n\n<li>L\u00f3pez, L.A., Arce, G. and Zafrilla, J.E. (2013): \u201cParcelling virtual carbon in the pollution haven hypothesis\u201d, Energy Economics, vol. 39, pages 177-186<\/li>\n<\/ul>\n<\/div><\/div>\n","protected":false},"excerpt":{"rendered":"<p>\u00a0 Departamento de Producci\u00f3n Vegetal y Tecnolog\u00eda Agraria &#8211; Grupo BIOECO &#8211; ECONOM\u00cdA AGROALIMENTARIA Y FORESTAL.BIOECONOMIA &#8211; GEAR Research Group Address: E.T.S. INGENIER\u00cdA AGRON\u00d3MICA Y DE MONTES Y BIOTECNOLOG\u00cdA. Postal Address: P.\u00ba de los Estudiantes, s\/n, 02006 Albacete e-mail: Guadalupe.Arce@uclm.es \u00a0\u00a0 \u00a0 \u00a0 \u00a0 GEAR collaborating researcher Research Areas: Input-Output Analysis International Trade Anthropogenical Footprints [&hellip;]<\/p>\n","protected":false},"author":320,"featured_media":0,"parent":886,"menu_order":7,"comment_status":"closed","ping_status":"open","template":"","meta":{"footnotes":""},"class_list":["post-146","page","type-page","status-publish","hentry"],"_links":{"self":[{"href":"https:\/\/blog.uclm.es\/grupogear\/wp-json\/wp\/v2\/pages\/146","targetHints":{"allow":["GET"]}}],"collection":[{"href":"https:\/\/blog.uclm.es\/grupogear\/wp-json\/wp\/v2\/pages"}],"about":[{"href":"https:\/\/blog.uclm.es\/grupogear\/wp-json\/wp\/v2\/types\/page"}],"author":[{"embeddable":true,"href":"https:\/\/blog.uclm.es\/grupogear\/wp-json\/wp\/v2\/users\/320"}],"replies":[{"embeddable":true,"href":"https:\/\/blog.uclm.es\/grupogear\/wp-json\/wp\/v2\/comments?post=146"}],"version-history":[{"count":18,"href":"https:\/\/blog.uclm.es\/grupogear\/wp-json\/wp\/v2\/pages\/146\/revisions"}],"predecessor-version":[{"id":2431,"href":"https:\/\/blog.uclm.es\/grupogear\/wp-json\/wp\/v2\/pages\/146\/revisions\/2431"}],"up":[{"embeddable":true,"href":"https:\/\/blog.uclm.es\/grupogear\/wp-json\/wp\/v2\/pages\/886"}],"wp:attachment":[{"href":"https:\/\/blog.uclm.es\/grupogear\/wp-json\/wp\/v2\/media?parent=146"}],"curies":[{"name":"wp","href":"https:\/\/api.w.org\/{rel}","templated":true}]}}