{"id":142,"date":"2014-09-03T16:26:44","date_gmt":"2014-09-03T16:26:44","guid":{"rendered":"http:\/\/groupgear.wordpress.com\/?page_id=142"},"modified":"2026-04-07T14:19:41","modified_gmt":"2026-04-07T14:19:41","slug":"maria-angeles-tobarra","status":"publish","type":"page","link":"https:\/\/blog.uclm.es\/grupogear\/maria-angeles-tobarra\/","title":{"rendered":"Mar\u00eda \u00c1ngeles Tobarra"},"content":{"rendered":"<h5><img loading=\"lazy\" decoding=\"async\" class=\"size-medium wp-image-1315 alignleft\" src=\"https:\/\/blog.uclm.es\/grupogear\/wp-content\/uploads\/sites\/204\/2019\/05\/MAT-3-219x300.jpg\" alt=\"\" width=\"219\" height=\"300\" srcset=\"https:\/\/blog.uclm.es\/grupogear\/wp-content\/uploads\/sites\/204\/2019\/05\/MAT-3-219x300.jpg 219w, https:\/\/blog.uclm.es\/grupogear\/wp-content\/uploads\/sites\/204\/2019\/05\/MAT-3-748x1024.jpg 748w, https:\/\/blog.uclm.es\/grupogear\/wp-content\/uploads\/sites\/204\/2019\/05\/MAT-3-768x1051.jpg 768w, https:\/\/blog.uclm.es\/grupogear\/wp-content\/uploads\/sites\/204\/2019\/05\/MAT-3-1122x1536.jpg 1122w, https:\/\/blog.uclm.es\/grupogear\/wp-content\/uploads\/sites\/204\/2019\/05\/MAT-3.jpg 1468w\" sizes=\"auto, (max-width: 219px) 100vw, 219px\" \/><span style=\"color: #333333\">Department of Economics and Finance &#8211; GEAR Research Group<\/span><\/h5>\n<p><span style=\"color: #333333\">Address: Facultad de Ciencias Econ\u00f3micas y Empresariales, Universidad de Castilla-La Mancha.<\/span><\/p>\n<p><span style=\"color: #333333\">Postal Address: Plaza de la Universidad, 1, CP: 02071, Albacete, Spain.<br \/>Phone: +34926053012; Room: 3.23<\/span><\/p>\n<p><span style=\"color: #333333\">e-mail: <a style=\"color: #333333\" href=\"mailto:Mariaangeles.Tobarra@uclm.es\">Mariaangeles.Tobarra@uclm.es <\/a><\/span><\/p>\n<p><a href=\"https:\/\/www.researchgate.net\/profile\/Maria-Angeles-Tobarra\" target=\"_blank\" rel=\"noopener\"><img loading=\"lazy\" decoding=\"async\" class=\"alignnone wp-image-764\" src=\"https:\/\/blog.uclm.es\/grupogear\/wp-content\/uploads\/sites\/204\/2016\/11\/rg-logo.png?w=88&amp;h=88&amp;crop=1\" alt=\"rg-logo\" width=\"38\" height=\"38\" \/><\/a> \u00a0\u00a0 <a style=\"font-size: 1rem\" href=\"https:\/\/www.scopus.com\/authid\/detail.uri?authorId=23101452400\" target=\"_blank\" rel=\"noopener\"><img loading=\"lazy\" decoding=\"async\" class=\"alignnone wp-image-761\" src=\"https:\/\/blog.uclm.es\/grupogear\/wp-content\/uploads\/sites\/204\/2016\/11\/scopus.png\" alt=\"scopus\" width=\"42\" height=\"41\" \/><\/a> \u00a0\u00a0 <a style=\"font-size: 1rem\" href=\"https:\/\/orcid.org\/0000-0002-4913-2544\" target=\"_blank\" rel=\"noopener\"><img loading=\"lazy\" decoding=\"async\" class=\"alignnone wp-image-760\" src=\"https:\/\/blog.uclm.es\/grupogear\/wp-content\/uploads\/sites\/204\/2016\/11\/orcid_128x128.gif\" alt=\"\" width=\"43\" height=\"43\" \/><\/a><a style=\"font-size: 1rem\" href=\"https:\/\/publons.com\/researcher\/1389583\/jorge-zafrilla\/\" target=\"_blank\" rel=\"noopener\">\u00a0 \u00a0<\/a><a href=\"https:\/\/www.webofscience.com\/wos\/author\/record\/1716615\" target=\"_blank\" rel=\"noopener\"><img loading=\"lazy\" decoding=\"async\" class=\"alignnone wp-image-762\" src=\"https:\/\/blog.uclm.es\/grupogear\/wp-content\/uploads\/sites\/204\/2016\/11\/logo-rid.png\" alt=\"\" width=\"45\" height=\"42\" \/><\/a><\/p>\n<h3><strong>Research Areas:<\/strong><\/h3>\n<ul>\n<li><em>Input-Output Analysis<\/em><\/li>\n<li><i>MRIO<\/i><\/li>\n<li><i>Environmental Economics<\/i><\/li>\n<li><i>Energy Economics<\/i><\/li>\n<li><i>IO-LCA<\/i><\/li>\n<li><i>Environmental and Energy Policy Modelling<\/i><\/li>\n<li><i>International Trade<\/i><\/li>\n<li><i>Offshoring<\/i><\/li>\n<li><i>Environmental Impact from International Freight Transport.<\/i><\/li>\n<\/ul>\n<h3><strong>Scientific Publications:<\/strong><\/h3>\n<p>\n\n<ul>\n<li>Garc\u00eda-Alaminos, \u00c1., Cadarso, M.-\u00c1., L\u00f3pez, L. A., &amp; Tobarra, M.-\u00c1. (2026). Recent global value chain reconfiguration: drivers and consequences on EU carbon footprint. Ecological Economics, 240, 108828 <a href=\"https:\/\/www.sciencedirect.com\/science\/article\/pii\/S0921800925003118?via%3Dihub\">LINK<\/a><\/li>\n<li>Garc\u00eda-Alaminos, \u00c1ngela, Tobarra, M.- \u00c1ngeles, &amp; Cadarso, M.- \u00c1ngeles. (2025). Determinantes del impacto sobre la huella de carbono de la reconfiguraci\u00f3n de las cadenas globales de valor.\u00a0<em>Cuadernos Econ\u00f3micos De ICE<\/em>, (109) <a href=\"https:\/\/doi.org\/10.32796\/cice.2025.109.7925\">LINK<\/a>.<\/li>\n<li>Tobarra, M. \u00c1., \u00a0L\u00f3pez, L.A., Garc\u00eda-Alaminos, \u00c1., Cadarso, M. \u00c1. (2025) Identifying critical EU carbon emissions risk through global value chains. <em>Structural Change and Economic Dynamics<\/em>. Volume 74, Pages 660-676,\u00a0<a href=\"https:\/\/doi.org\/10.1016\/j.strueco.2025.05.016\">LINK<\/a>.<\/li>\n<li>Osorio, P., Tobarra, M.-\u00c1., &amp; Tom\u00e1s, M. (2024). Are there gender differences in household carbon footprints? Evidence from Spain. Ecological Economics, 219, 108130 <a href=\"https:\/\/www.sciencedirect.com\/science\/article\/pii\/S0921800924000272?via%3Dihub\">LINK<\/a><\/li>\n<li>Osorio, P., Cadarso, M.-\u00c1., Tobarra, M.-\u00c1., Garc\u00eda-Alaminos, \u00c1., 2023. Carbon footprint of tourism in Spain: Covid-19 impact and a look forward to recovery. Structural Change and Economic Dynamics 65, 303-318. <a href=\"https:\/\/www.sciencedirect.com\/science\/article\/pii\/S0954349X23000358?via%3Dihub\" target=\"_blank\" rel=\"noreferrer noopener\">LINK<\/a><\/li>\n<li>Osorio, P., &amp; Tobarra, M. A. (2022). Carbon Footprints of Recycled Plastic Packaging and Household Food Consumption by Gender in Spain. In S. S. Muthu (Ed.), Environmental Footprints of Recycled Products (pp. 1-33). Singapore: Springer Nature Singapore.\u00a0 <a href=\"https:\/\/link.springer.com\/chapter\/10.1007\/978-981-16-8426-5_1#Abs1\">LINK<\/a><\/li>\n<li>L\u00f3pez, L.-A., Tobarra, M.-A., Cadarso, M.-\u00c1., G\u00f3mez, N. y Cazcarro, I. (2022). Eating local and in-season fruits and vegetables: Carbon-water-employment trade-offs and synergies. Ecological Economics, 192, 107270. doi:https:\/\/doi.org\/10.1016\/j.ecolecon.2021.107270 <a href=\"https:\/\/www.sciencedirect.com\/science\/article\/pii\/S0921800921003293\">LINK<\/a><\/li>\n<li>Cadarso, M. \u00c1., Tobarra, M. \u00c1., Garc\u00eda-Alaminos, \u00c1., Ortiz, M., G\u00f3mez, N. y Zafrilla, J. (2022). The Input\u2013Output Method for Calculating the Carbon Footprint of Tourism: An Application to the Spanish Tourism Industry. In J. Ren (Ed.), <em>Advances of Footprint Family for Sustainable Energy and Industrial Systems<\/em>: Springer International Publishing. <a href=\"https:\/\/www.springerprofessional.de\/en\/the-input-output-method-for-calculating-the-carbon-footprint-of-\/19368472\">LINK<\/a><\/li>\n<li>Sanchez-Carrillo, J. C., Cadarso, M. A., &amp; Tobarra, M. A. (2021). Embracing higher education leadership in sustainability: A systematic review. <em>Journal of Cleaner Production, 298<\/em>, 126675. <a href=\"https:\/\/www.sciencedirect.com\/science\/article\/pii\/S0959652621008957?via%3Dihub\">LINK<\/a><\/li>\n<li>Zafrilla, J.-E., Arce, G., Cadarso, M.-\u00c1., C\u00f3rcoles, C., G\u00f3mez, N., L\u00f3pez, L.-A., Monsalve, F., Tobarra, M.-\u00c1., 2019. Triple bottom line analysis of the Spanish solar photovoltaic sector: A footprint assessment. Renewable and Sustainable Energy Reviews 114, 109311. <a href=\"https:\/\/www.sciencedirect.com\/science\/article\/pii\/S1364032119305192\">LINK<\/a><\/li>\n<li>Tobarra, M. A., L\u00f3pez, L. A., Cadarso, M. A., G\u00f3mez, N., &amp; Cazcarro, I. (2018). Is Seasonal Households\u2019 Consumption Good for the Nexus Carbon\/Water Footprint? The Spanish Fruits and Vegetables Case. Environmental Science &amp; Technology, 52(21), 12066-12077 <a href=\"https:\/\/pubs.acs.org\/doi\/10.1021\/acs.est.8b00221\">LINK<\/a><\/li>\n<li>\u00c1lvarez, S., Tobarra, M.A. and Zafrilla, J. 2018.\u00a0Corporate and Product Carbon Footprint under Compound Hybrid Analysis. Application to a Spanish Timber Company. Journal of Industrial\u00a0Ecology,\u00a0<em>in press<\/em><\/li>\n<li>Deju\u00e1n, O., J. E. Zafrilla, M. \u00c1. Tobarra, F. Monsalve, and C. C\u00f3rcoles. 2017. Decarbonizing electricity generation in the EU. Its impact on emissions and employment all over the world. In Environmental and Economic Impacts of Decarbonization. Input-Output Studies on the Consequences of the 2015 Paris Agreements, edited by O. Deju\u00e1n, et al.: Routledge -Taylor&amp;Francis Group- <a href=\"https:\/\/www.routledge.com\/Environmental-and-Economic-Impacts-of-Decarbonization-Input-Output-Studies\/Dejuan-Lenzen-Cadarso\/p\/book\/9780415787406\">LINK<\/a><\/li>\n<li>Arce, G., J. E. Zafrilla, L. A. L\u00f3pez, and M. \u00c1. Tobarra. (2017). Carbon footprint of human settlements in Spain. In Carbon Footprint and the Industrial Lifecycle &#8211; From Urban Planning to Recycling, edited by R. \u00c1lvarez, et al. <a href=\"http:\/\/www.springer.com\/gp\/book\/9783319549835\">LINK<\/a><\/li>\n<li><span class=\"hit\">Cadarso, M.A.<\/span>, G\u00f3mez, N., L\u00f3pez, L.A. and Tobarra, M.A. (2016): \u00abCalculating tourism&#8217;s carbon footprint: measuring the impact of investments\u00bb,\u00a0Journal of Cleaner Production (Vol. 111, part B, pp. 529\u2013537). DOI: 10.1016\/j.jclepro.2014.09.019<\/li>\n<li>Tobarra, M.A., G\u00f3mez, N. and Druckman, A. (2015): \u201cIS OUR DIET ENVIRONMENTALLY HEALTHY? \u201d, Poster<\/li>\n<li>Deju\u00e1n, \u00d3., C\u00f3rcoles, C., G\u00f3mez, N. and Tobarra, M.A. (2015): \u201cForecasting energy demand through a dynamic input-output model\u201d, Economics and Business Letters, 4, (3), 108-115<\/li>\n<li>Cadarso, M.\u00c1., G\u00f3mez, N.,\u00a0L\u00f3pez, L.A.,\u00a0Tobarra, M.A. and Zafrilla, J.E. (2015): \u201cQuantifying Spanish tourism\u2019s carbon footprint: the contributions of residents and visitors. A longitudinal study\u00bb,\u00a0Journal of Sustainable Tourism (Vol. 23 (6), pp. 922-946),\u00a0DOI:<strong>\u00a0<\/strong>10.1080\/09669582.2015.1008497<\/li>\n<li>L\u00f3pez, L.A.,\u00a0<span class=\"hit\">Cadarso, M.A.<\/span>, G\u00f3mez, N. and\u00a0Tobarra, M.A. (2015): \u00abFood miles, carbon footprint and global value chains for Spanish agriculture: assessing the impact of a carbon border tax\u00bb, Journal of\u00a0Cleaner Production (Vol. 103, pp. 423\u2013436). DOI:\u00a0<a id=\"ddDoi\" class=\"S_C_ddDoi\" href=\"http:\/\/dx.doi.org\/10.1016\/j.jclepro.2015.01.039\" target=\"doilink\" rel=\"noopener noreferrer\">10.1016\/j.jclepro.2015.01.039<\/a><\/li>\n<li>G\u00f3mez, N., Tobarra, M.\u00c1. and L\u00f3pez, L.A. (2014). \u00abEmployment opportunities in Spain: Gender differences by education and ICT usage.\u00bb Regional and Sectoral Economic Studies, Euro-American Association of Economic Development, vol. 14(3), pages 105-130. <a href=\"https:\/\/ideas.repec.org\/a\/eaa\/eerese\/v14y2014i3_7.html\">LINK<\/a><\/li>\n<li>Deju\u00e1n, O., L\u00f3pez, L.A., Tobarra, M.A. and Zafrilla, J.E. (2013): \u201cA Post-Keynesian Energy AGE Model to Forecast Energy Demand in Spain\u201d, Economic Systems Research, vol. 25, issue 3, pages 321-340<\/li>\n<li>Cadarso, M. A.; G\u00f3mez, N.; L\u00f3pez, L. A. and Tobarra, M. A. (2012): \u201cInternational Trade and Shared Environmental Responsibility by Sector. An Application to the Spanish Economy\u201d, Ecological Economics, vol. 83, pp. 221-235<\/li>\n<li>Cadarso, M. A.; G\u00f3mez, N.; L\u00f3pez, L. A. and Tobarra, M. A. (2012): \u201cOffshoring components and their effect on employment: firms deciding how and where\u201d, Applied economics, vol. 44 (8), pp. 1009-1020<\/li>\n<li>Cadarso, M. A.; G\u00f3mez, N.; L\u00f3pez, L. A. and Tobarra, M. A. (2010): \u201cCO2 emissions of international freight transport and offshoring: measurement and allocation\u201d, Ecological Economics, 69, 1682-1694<\/li>\n<li>Cadarso, M.A., G\u00f3mez, N. L\u00f3pez, L.A., Tobarra, M.A. and Zafrilla, J.E. (2010): \u201cEmisiones de CO<sub><span style=\"font-size: small\">2<\/span> <span style=\"font-size: small\">Asociadas al transporte de turistas en la econom\u00eda espa\u00f1ola\u201d, in \u201cInvestigaciones, m\u00e9todos y an\u00e1lisis del turismo\u201d, pages 255-267, Universitas, Oviedo.<\/span><\/sub><\/li>\n<li>Pedregal, D.J.; Deju\u00e1n, \u00d3.; G\u00f3mez, N. and Tobarra, M.A. (2009): \u201cModelling demand for crude oil products in Spain\u201d, Energy Policy, vol. 37, pp. 4417-4427<\/li>\n<li>Calder\u00f3n, M.J.; G\u00f3mez, N.; L\u00f3pez, L.A. y Tobarra, M.A. (2009): \u201cPatentes, proximidad tecnol\u00f3gica y empleo industrial en Castilla-La Mancha\u201d, Revista de Estudios Regionales, vol. 85, pp. 197-219<\/li>\n<li>Cadarso, M. A.; G\u00f3mez, N.; L\u00f3pez, L. A. and Tobarra, M. A. (2009): \u201cDeslocalizaci\u00f3n a nivel regional: El caso de la industria y los servicios en la Comunidad de Madrid\u201d, Papeles de Europa, 18, pp. 93-120<\/li>\n<li>Cadarso, M. A.; G\u00f3mez, N.; L\u00f3pez, L. A. and Tobarra, M. A. (2009): \u201cEl offshoring como pr\u00e1ctica para mejorar los resultados empresariales. Cambio t\u00e9cnico versus sustituci\u00f3n de inputs en la industria espa\u00f1ola\u201d, Econom\u00eda Industrial, 373, pp. 33-43<\/li>\n<li>Cadarso, M.A.; G\u00f3mez, N.; L\u00f3pez, L.A. and Tobarra, M.A. (2008): \u201cThe EU enlargement and the impact of outsourcing on industrial employment in Spain, 1993-2003\u201d, Structural Change and Economic Dynamics, 19 (1), pp. 95-108<\/li>\n<li>Cadarso, M. A.; G\u00f3mez, N.; L\u00f3pez, L. A. and Tobarra, M. A. (2008): \u201cEspecializaci\u00f3n vertical en la industria y los servicios: convergencia en la Uni\u00f3n Europea\u201d, Revista de Estudios Empresariales, 1, pp. 65-87<\/li>\n<li>G\u00f3mez, N.; L\u00f3pez, L.A. and Tobarra, M.A. (2008): \u201cEfectos de la difusi\u00f3n de las TIC sobre la eficiencia de las diferentes actividades productivas en la econom\u00eda espa\u00f1ola\u201d, in Banegas, J. and Myro, R. (eds) El impacto de las TIC en la econom\u00eda espa\u00f1ola, Thomson-Civitas, pp. 129-163.<\/li>\n<li>Cadarso, M. A.; L\u00f3pez, L. A. and Tobarra, M. A. (2007): \u201cEspecializaci\u00f3n vertical, outsourcing e inversi\u00f3n directa en la industria espa\u00f1ola\u201d, Revista de Econom\u00eda Mundial, 16, pp. 27-55<\/li>\n<li>Cadarso, M.A.; G\u00f3mez, N.; L\u00f3pez, L.A. and Tobarra, M.A. (2007): \u201cSpanish industrial employment, vertical specialisation and outsourcing to the EU candidates\u201d, en Vahtra y Pelto (ed.). The future competitiveness of the EU and its eastern neighbours, Pan-European Institute, Turku (Finland).<\/li>\n<li>G\u00f3mez, N.; L\u00f3pez, L. A. and Tobarra, M. A. (2006): \u201cPautas de deslocalizaci\u00f3n de la industria espa\u00f1ola en el entorno europeo (1995-2000): la competencia de los pa\u00edses de bajos salarios\u201d, Bolet\u00edn Econ\u00f3mico de Informaci\u00f3n Comercial Espa\u00f1ola, 2884, pp. 25-42<\/li>\n<li>G\u00f3mez, N.; L\u00f3pez, L.A. and Tobarra, M.A. (2006): \u201cDifusi\u00f3n y absorci\u00f3n de TIC en la industria espa\u00f1ola\u201d, Econom\u00eda Industrial, vol. 360, pp. 117-130<\/li>\n<\/ul>\n<h3><strong>Teaching<\/strong><\/h3>\n<p><span style=\"color: #000000\"><i>Bachelor\u00b4s Degrees<\/i><\/span><\/p>\n<ul>\n<li><span style=\"color: #000000;font-family: 'Gill Sans MT', sans-serif;font-size: 12pt\"><i>Principles of Economics<\/i><\/span><\/li>\n<li><span style=\"color: #000000\"><i><span style=\"font-family: 'Gill Sans MT', sans-serif\"><span style=\"font-family: 'Gill Sans MT', sans-serif;font-size: 12pt\">Intermediate\u00a0Macroeconomics<\/span><\/span><\/i><\/span><\/li>\n<\/ul>\n<p><em><span style=\"color: #000000\">Master\u00b4s Degrees &#8211; Master in Growth and Sustainable Development <\/span><\/em><\/p>\n<ul>\n<li><span style=\"color: #000000\"><i><\/i><i><span style=\"font-family: 'Gill Sans MT', sans-serif\">Neoclassical Models of Endogenous Growth<\/span><\/i><\/span><\/li>\n<\/ul>\n<p><em>Seminars<\/em><\/p>\n<ul>\n<li><a href=\"https:\/\/blog.uclm.es\/grupogear\/wp-content\/uploads\/sites\/204\/2014\/09\/trc3adpitico-energc3ada.pdf\" target=\"_blank\" rel=\"noopener\">The Energy Route: Getting closer to the electricity sector<\/a><\/li>\n<\/ul>\n<p><span style=\"color: #000000\"><i><span style=\"font-family: 'Gill Sans MT', sans-serif;font-size: 12pt\">\u00a0<\/span><\/i><\/span><\/p>\n<p><!-- \/wp:post-content --><\/p><!-- \/wp:freeform -->","protected":false},"excerpt":{"rendered":"<p>Department of Economics and Finance &#8211; GEAR Research Group Address: Facultad de Ciencias Econ\u00f3micas y Empresariales, Universidad de Castilla-La Mancha. Postal Address: Plaza de la Universidad, 1, CP: 02071, Albacete, Spain.Phone: +34926053012; Room: 3.23 e-mail: Mariaangeles.Tobarra@uclm.es \u00a0\u00a0 \u00a0\u00a0 \u00a0 \u00a0 Research Areas: Input-Output Analysis MRIO Environmental Economics Energy Economics IO-LCA Environmental and Energy Policy Modelling [&hellip;]<\/p>\n","protected":false},"author":320,"featured_media":0,"parent":0,"menu_order":4,"comment_status":"closed","ping_status":"open","template":"","meta":{"footnotes":""},"class_list":["post-142","page","type-page","status-publish","hentry"],"_links":{"self":[{"href":"https:\/\/blog.uclm.es\/grupogear\/wp-json\/wp\/v2\/pages\/142","targetHints":{"allow":["GET"]}}],"collection":[{"href":"https:\/\/blog.uclm.es\/grupogear\/wp-json\/wp\/v2\/pages"}],"about":[{"href":"https:\/\/blog.uclm.es\/grupogear\/wp-json\/wp\/v2\/types\/page"}],"author":[{"embeddable":true,"href":"https:\/\/blog.uclm.es\/grupogear\/wp-json\/wp\/v2\/users\/320"}],"replies":[{"embeddable":true,"href":"https:\/\/blog.uclm.es\/grupogear\/wp-json\/wp\/v2\/comments?post=142"}],"version-history":[{"count":14,"href":"https:\/\/blog.uclm.es\/grupogear\/wp-json\/wp\/v2\/pages\/142\/revisions"}],"predecessor-version":[{"id":2471,"href":"https:\/\/blog.uclm.es\/grupogear\/wp-json\/wp\/v2\/pages\/142\/revisions\/2471"}],"wp:attachment":[{"href":"https:\/\/blog.uclm.es\/grupogear\/wp-json\/wp\/v2\/media?parent=142"}],"curies":[{"name":"wp","href":"https:\/\/api.w.org\/{rel}","templated":true}]}}