{"id":135,"date":"2014-09-03T16:26:41","date_gmt":"2014-09-03T16:26:41","guid":{"rendered":"http:\/\/groupgear.wordpress.com\/?page_id=135"},"modified":"2026-04-07T14:19:34","modified_gmt":"2026-04-07T14:19:34","slug":"maria-angeles-cadarso","status":"publish","type":"page","link":"https:\/\/blog.uclm.es\/grupogear\/maria-angeles-cadarso\/","title":{"rendered":"Mar\u00eda \u00c1ngeles Cadarso"},"content":{"rendered":"\n<p><span style=\"color: #000000\"><i><span style=\"font-family: 'Gill Sans MT', sans-serif;font-size: 12pt\">&nbsp;<\/span><\/i><\/span><\/p>\n\n\n<p><!-- \/wp:post-content --><!-- wp:post-content --><\/p>\n<h5><img loading=\"lazy\" decoding=\"async\" class=\"size-medium wp-image-1313 alignleft\" src=\"https:\/\/blog.uclm.es\/grupogear\/wp-content\/uploads\/sites\/204\/2019\/05\/MAC-3-208x300.jpg\" alt=\"\" width=\"208\" height=\"300\" srcset=\"https:\/\/blog.uclm.es\/grupogear\/wp-content\/uploads\/sites\/204\/2019\/05\/MAC-3-208x300.jpg 208w, https:\/\/blog.uclm.es\/grupogear\/wp-content\/uploads\/sites\/204\/2019\/05\/MAC-3-710x1024.jpg 710w, https:\/\/blog.uclm.es\/grupogear\/wp-content\/uploads\/sites\/204\/2019\/05\/MAC-3-768x1108.jpg 768w, https:\/\/blog.uclm.es\/grupogear\/wp-content\/uploads\/sites\/204\/2019\/05\/MAC-3-1064x1536.jpg 1064w, https:\/\/blog.uclm.es\/grupogear\/wp-content\/uploads\/sites\/204\/2019\/05\/MAC-3-1419x2048.jpg 1419w, https:\/\/blog.uclm.es\/grupogear\/wp-content\/uploads\/sites\/204\/2019\/05\/MAC-3.jpg 1492w\" sizes=\"auto, (max-width: 208px) 100vw, 208px\" \/>Department of Economics and Finance &#8211; GEAR Research Group<\/h5>\n<p><span style=\"color: #000000\">Address: Facultad de Ciencias Econ\u00f3micas y Empresariales, Universidad de Castilla-La Mancha.<\/span><\/p>\n<p><span style=\"color: #000000\">Postal Address: Plaza de la Universidad, 1, CP: 02071, Albacete, Spain. Phone: +34926052945; Room: 3.03<\/span><\/p>\n<p>e-mail: <a style=\"font-size: 0.8125rem;letter-spacing: 0.15em\" href=\"mailto:Angeles.Cadarso@uclm.es\">Angeles.Cadarso@uclm.es<\/a><\/p>\n<p><!-- wp:image {\"align\":\"left\",\"id\":764,\"width\":38,\"height\":38,\"linkDestination\":\"custom\"} --><\/p>\n<figure class=\"wp-block-image alignleft is-resized\"><a href=\"https:\/\/www.researchgate.net\/profile\/Maria-Cadarso\" target=\"_blank\" rel=\"noopener\"><img loading=\"lazy\" decoding=\"async\" class=\"alignnone wp-image-764\" src=\"https:\/\/blog.uclm.es\/grupogear\/wp-content\/uploads\/sites\/204\/2016\/11\/rg-logo.png?w=88&amp;h=88&amp;crop=1\" alt=\"rg-logo\" width=\"38\" height=\"38\" \/><\/a><\/figure>\n<p><!-- \/wp:image --><\/p>\n<p><!-- wp:image {\"align\":\"left\",\"id\":763,\"width\":41,\"height\":41,\"linkDestination\":\"custom\"} --><\/p>\n<figure class=\"wp-block-image alignleft is-resized\"><\/figure>\n<p><!-- \/wp:image --><\/p>\n<p><!-- wp:image {\"align\":\"left\",\"id\":761,\"width\":42,\"height\":41,\"linkDestination\":\"custom\"} --><\/p>\n<figure class=\"wp-block-image alignleft is-resized\"><a href=\"https:\/\/www.scopus.com\/authid\/detail.uri?authorId=14044623200\" target=\"_blank\" rel=\"noopener\"><img loading=\"lazy\" decoding=\"async\" class=\"alignnone wp-image-761\" src=\"https:\/\/blog.uclm.es\/grupogear\/wp-content\/uploads\/sites\/204\/2016\/11\/scopus.png\" alt=\"scopus\" width=\"42\" height=\"41\" \/><\/a><\/figure>\n<p><!-- \/wp:image --><\/p>\n<p><!-- wp:image {\"align\":\"left\",\"id\":1307,\"width\":43,\"height\":43,\"linkDestination\":\"custom\"} --><\/p>\n<figure class=\"wp-block-image alignleft is-resized\"><\/figure>\n<p><!-- \/wp:image --><\/p>\n<p><!-- wp:image {\"align\":\"left\",\"id\":760,\"width\":43,\"height\":43,\"linkDestination\":\"custom\"} --><\/p>\n<figure class=\"wp-block-image alignleft is-resized\"><a href=\"https:\/\/orcid.org\/0000-0002-5165-7729\" target=\"_blank\" rel=\"noopener\"><img loading=\"lazy\" decoding=\"async\" class=\"alignnone wp-image-760\" src=\"https:\/\/blog.uclm.es\/grupogear\/wp-content\/uploads\/sites\/204\/2016\/11\/orcid_128x128.gif\" alt=\"\" width=\"43\" height=\"43\" \/><\/a><\/figure>\n<p><!-- \/wp:image --><\/p>\n<p><!-- wp:image {\"align\":\"left\",\"id\":762,\"width\":45,\"height\":42,\"linkDestination\":\"custom\"} --><\/p>\n<figure class=\"wp-block-image alignleft is-resized\"><a href=\"https:\/\/www.webofscience.com\/wos\/author\/record\/966905\" target=\"_blank\" rel=\"noopener\"><img loading=\"lazy\" decoding=\"async\" class=\"alignnone wp-image-762\" src=\"https:\/\/blog.uclm.es\/grupogear\/wp-content\/uploads\/sites\/204\/2016\/11\/logo-rid.png\" alt=\"\" width=\"45\" height=\"42\" \/><\/a><\/figure>\n<p><!-- \/wp:image --><\/p>\n<h3><strong>Research Areas:<\/strong><\/h3>\n<ul>\n<li><em>Input-Output Analysis<\/em><\/li>\n<li><i>MRIO<\/i><\/li>\n<li><i>Environmental Economics<\/i><\/li>\n<li><i>Energy Economics<\/i><\/li>\n<li><i>IO-LCA<\/i><\/li>\n<li><i>Environmental and Energy Policy Modelling<\/i><\/li>\n<li><i>International Trade<\/i><\/li>\n<li><i>Offshoring<\/i><\/li>\n<li><i>Environmental Impact from International Freight Transport.<\/i><\/li>\n<\/ul>\n<h3><strong>Scientific Publications:<\/strong><\/h3>\n<ul>\n<li><!-- wp:list -->\n<ul class=\"wp-block-list\"><!-- wp:list-item -->\n<li>Garc\u00eda-Alaminos, \u00c1., Cadarso, M.-\u00c1., L\u00f3pez, L. A., &amp; Tobarra, M.-\u00c1. (2026). Recent global value chain reconfiguration: drivers and consequences on EU carbon footprint. Ecological Economics, 240, 108828 <a href=\"https:\/\/www.sciencedirect.com\/science\/article\/pii\/S0921800925003118?via%3Dihub\">LINK<\/a><\/li>\n<li>Garc\u00eda-Alaminos, \u00c1ngela, Tobarra, M.- \u00c1ngeles, &amp; Cadarso, M.- \u00c1ngeles. (2025). Determinantes del impacto sobre la huella de carbono de la reconfiguraci\u00f3n de las cadenas globales de valor.\u00a0<em>Cuadernos Econ\u00f3micos De ICE<\/em>, (109) <a href=\"https:\/\/doi.org\/10.32796\/cice.2025.109.7925\">LINK<\/a>.<\/li>\n<li>L\u00f3pez, L.A., Ortiz, M., Garc\u00eda-Alaminos, \u00c1., Cadarso, M. \u00c1<em>.<\/em>\u00a0(2025) Consequences of legislation-based reshoring for EU carbon emissions in global value chains.\u00a0<em>Journal of International Business Policy<\/em>.\u00a0<a href=\"https:\/\/doi.org\/10.1057\/s42214-025-00216-8\">LINK<\/a>.<\/li>\n<li>Tobarra, M. \u00c1., \u00a0L\u00f3pez, L.A., Garc\u00eda-Alaminos, \u00c1., Cadarso, M. \u00c1. (2025) Identifying critical EU carbon emissions risk through global value chains. <em style=\"font-size: 1rem\">Structural Change and Economic Dynamics<\/em><span style=\"font-size: 1rem\">. Volume 74, Pages 660-676,\u00a0<\/span><a style=\"font-size: 1rem\" href=\"https:\/\/doi.org\/10.1016\/j.strueco.2025.05.016\">LINK<\/a><span style=\"font-size: 1rem\">.<\/span><\/li>\n<\/ul>\n<\/li>\n<li>L\u00f3pez, L.-A., Arce, G., Cadarso, M.-\u00c1., Ortiz, M., Zafrilla, J. (2023) The global dissemination to multinationals of the carbon emissions ruling on Shell. Structural Change and Economic Dynamics. In Press. <a href=\"https:\/\/www.sciencedirect.com\/science\/article\/pii\/S0954349X23000462\" target=\"_blank\" rel=\"noreferrer noopener\">LINK<\/a><\/li>\n<li>Osorio, P., Cadarso, M.-\u00c1., Tobarra, M.-\u00c1., Garc\u00eda-Alaminos, \u00c1., 2023. Carbon footprint of tourism in Spain: Covid-19 impact and a look forward to recovery. Structural Change and Economic Dynamics 65, 303-318. <a href=\"https:\/\/www.sciencedirect.com\/science\/article\/pii\/S0954349X23000358?via%3Dihub\" target=\"_blank\" rel=\"noreferrer noopener\">LINK<\/a><\/li>\n<li>Ortiz, M., Cadarso, M.-\u00c1., L\u00f3pez, L.-A., Jiang, X., 2022. The trade-off between the economic and environmental footprints of multinationals\u2019 foreign affiliates. Structural Change and Economic Dynamics 62, 85-97. <a href=\"https:\/\/www.sciencedirect.com\/science\/article\/pii\/S0954349X22000716\" target=\"_blank\" rel=\"noreferrer noopener\">LINK<\/a><\/li>\n<li>Jiang, X., L\u00f3pez, L.-A., Cadarso, M.-\u00c1., Ortiz, M., 2022. The emissions responsibility accounting of multinational enterprises for an efficient climate policy. Global Environmental Change 75, 102545. <a href=\"https:\/\/www.sciencedirect.com\/science\/article\/pii\/S0959378022000838?via%3Dihub\">LINK<\/a><\/li>\n<li>Gilles, E., Ortiz, M., Cadarso, M.-\u00c1., Monsalve, F., Jiang, X., 2021. Opportunities for city carbon footprint reductions through imports source shifting: The case of Bogota. Resources, Conservation and Recycling 172, 105684. <a href=\"https:\/\/www.sciencedirect.com\/science\/article\/pii\/S0921344921002937\" target=\"_blank\" rel=\"noreferrer noopener\">LINK<\/a><\/li>\n<li>Cadarso, M.\u00c1., Gilles, E., L\u00f3pez, L.A., Ortiz, M., 2021. Comercio e integraci\u00f3n en el mundo post-COVID-19: Oportunidades y desaf\u00edos para Am\u00e9rica Latina y el Caribe. Revista Integraci\u00f3n &amp; Comercio A\u00f1o 25. <a href=\"https:\/\/publications.iadb.org\/es\/revista-integracion-comercio-ano-25-no-47-diciembre-2021-comercio-e-integracion-en-el-mundo-post\">LINK<\/a><\/li>\n<li>L\u00f3pez, L.-A., Tobarra, M.-A., Cadarso, M.-\u00c1., G\u00f3mez, N. y Cazcarro, I. (2022). Eating local and in-season fruits and vegetables: Carbon-water-employment trade-offs and synergies. Ecological Economics, 192, 107270. doi:https:\/\/doi.org\/10.1016\/j.ecolecon.2021.107270 <a href=\"https:\/\/www.sciencedirect.com\/science\/article\/pii\/S0921800921003293\">LINK<\/a><\/li>\n<li>Cazcarro, I., Garc\u00eda-Gusano, D., Iribarren, D., Linares, P., Romero, J. C., Arocena, P., . . . Cadarso, M.-\u00c1. (2022). Energy-socio-economic-environmental modelling for the EU energy and post-COVID-19 transitions. Science of The Total Environment, 805, 150329. doi:10.1016\/j.scitotenv.2021.150329<\/li>\n<li>Cadarso, M. \u00c1., Tobarra, M. \u00c1., Garc\u00eda-Alaminos, \u00c1., Ortiz, M., G\u00f3mez, N. y Zafrilla, J. (2022). The Input\u2013Output Method for Calculating the Carbon Footprint of Tourism: An Application to the Spanish Tourism Industry. In J. Ren (Ed.), <em>Advances of Footprint Family for Sustainable Energy and Industrial Systems<\/em>: Springer International Publishing. <a href=\"https:\/\/www.springerprofessional.de\/en\/the-input-output-method-for-calculating-the-carbon-footprint-of-\/19368472\">LINK<\/a><\/li>\n<li>Sanchez-Carrillo, J. C., Cadarso, M. A., &amp; Tobarra, M. A. (2021). Embracing higher education leadership in sustainability: A systematic review. <em>Journal of Cleaner Production, 298<\/em>, 126675. <a href=\"https:\/\/www.sciencedirect.com\/science\/article\/pii\/S0959652621008957?via%3Dihub\">LINK<\/a><\/li>\n<li>Ortiz, M., Cadarso, M.-\u00c1., &amp; L\u00f3pez, L.-A. The carbon footprint of foreign multinationals within the European Union. Journal of Industrial Ecology: <em>In Press<\/em>. doi:10.1111\/jiec.13017 <a href=\"https:\/\/onlinelibrary.wiley.com\/doi\/full\/10.1111\/jiec.13017\">LINK<\/a><\/li>\n<li>Ortiz, M., L\u00f3pez, L.A., Cadarso, M.A. (2020) \u201cEU carbon emissions by multinational enterprises under control-based accounting\u201d, Resources, Conservation and Recycling 163, 105104. <a href=\"https:\/\/www.sciencedirect.com\/science\/article\/pii\/S0921344920304213\">LINK<\/a><\/li>\n<li>Banacloche, S., Cadarso, M. \u00c1., &amp; Monsalve, F. (2020). Implications of measuring value added in exports with a regional input-output table. A case of study in South America. Structural Change and Economic Dynamics, 52, 130-140.\u00a0<a href=\"https:\/\/doi.org\/10.1016\/j.strueco.2019.08.003\">LINK<\/a><\/li>\n<li>Banacloche, S., Cadarso, M. A., Monsalve, F., &amp; Lechon, Y. (2020). Assessment of the sustainability of Mexico green investments in the road to Paris. Energy Policy, 141, 111458.\u00a0<a href=\"https:\/\/doi.org\/10.1016\/j.enpol.2020.111458\">LINK<\/a><\/li>\n<li>Sun, Y.-Y., Cadarso, M.A., Driml, S., 2020. Tourism carbon footprint inventories: A review of the environmentally extended input-output approach. Annals of Tourism Research 82, 102928. <a href=\"http:\/\/www.sciencedirect.com\/science\/article\/pii\/S0160738320300724\">LINK<\/a><\/li>\n<li>L\u00f3pez, L., Cadarso, M., &amp; Ortiz, M. (2020). La huella de carbono del comercio internacional espa\u00f1ol. ICE, Revista De Econom\u00eda, 913. <a href=\"http:\/\/www.revistasice.com\/index.php\/ICE\/article\/view\/6990\">LINK<\/a><\/li>\n<li>Garc\u00eda-Alaminos, \u00c1., Monsalve, F., Zafrilla, J., &amp; Cadarso, M.-A. (2020). Unmasking social distant damage of developed regions\u2019 lifestyle: A decoupling analysis of the indecent labour footprint. PLoS ONE, 15(4) <a href=\"https:\/\/journals.plos.org\/plosone\/article?id=10.1371\/journal.pone.0228649\">LINK<\/a><\/li>\n<li>Monsalve, F., Ortiz, M., Cadarso, M.-\u00c1., Gilles, E., Zafrilla, J., &amp; L\u00f3pez, L.-A. (2020). Nesting a city input\u2013output table in a multiregional framework: a case example with the city of Bogota. [journal article]. Journal of Economic Structures, 9(1), 8. <a href=\"https:\/\/link.springer.com\/article\/10.1186\/s40008-020-0185-8\">LINK<\/a><\/li>\n<li>Zafrilla, J.-E., Arce, G., Cadarso, M.-\u00c1., C\u00f3rcoles, C., G\u00f3mez, N., L\u00f3pez, L.-A., Monsalve, F., Tobarra, M.-\u00c1., 2019. Triple bottom line analysis of the Spanish solar photovoltaic sector: A footprint assessment. Renewable and Sustainable Energy Reviews 114, 109311. <a href=\"https:\/\/www.sciencedirect.com\/science\/article\/pii\/S1364032119305192\">LINK<\/a><\/li>\n<li>L\u00f3pez, L.-A., Cadarso, M.-\u00c1., Zafrilla, J., Arce, G., 2019. The carbon footprint of the U.S. multinationals\u2019 foreign affiliates. Nature Communications 10, 1672. <a href=\"https:\/\/www.nature.com\/articles\/s41467-019-09473-7\">LINK<\/a><\/li>\n<li>Tobarra, M. A., L\u00f3pez, L. A., Cadarso, M. A., G\u00f3mez, N., &amp; Cazcarro, I. (2018). Is Seasonal Households\u2019 Consumption Good for the Nexus Carbon\/Water Footprint? The Spanish Fruits and Vegetables Case. Environmental Science &amp; Technology, 52(21), 12066-12077 <a href=\"https:\/\/pubs.acs.org\/doi\/10.1021\/acs.est.8b00221\">LINK<\/a><\/li>\n<li>Monsalve, F., Zafrilla, J.E., Cadarso, M.-\u00c1.,\u00a0 and Garc\u00eda-Alaminos, \u00c1. 2018. Is the emperor wearing new clothes? A social assessment of the European Union 2007\u20132013 financial framework. Economic Systems Research: 1-20 in press. <a href=\"https:\/\/www.tandfonline.com\/doi\/abs\/10.1080\/09535314.2018.1491391?journalCode=cesr20\">LINK<\/a><\/li>\n<li>Cadarso, M.-\u00c1., F. Monsalve, and G. Arce. 2018. Emissions burden shifting in global value chains \u2013 winners and losers under multi-regional versus bilateral accounting. Economic Systems Research: 1-23. <a href=\"http:\/\/www.tandfonline.com\/doi\/abs\/10.1080\/09535314.2018.1431768?journalCode=cesr20\">LINK<\/a><\/li>\n<li>Arce, G., L. A. L\u00f3pez, M. \u00c1. Cadarso, and N. G\u00f3mez. 2017. Carbon leakage risk criteria to strengthen the effectiveness of INDCs. In Environmental and Economic Impacts of Decarbonization. Input-Output Studies on the Consequences of the 2015 Paris Agreements, edited by O. Deju\u00e1n, et al.: Routledge -Taylor&amp;Francis Group- <a href=\"https:\/\/www.routledge.com\/Environmental-and-Economic-Impacts-of-Decarbonization-Input-Output-Studies\/Dejuan-Lenzen-Cadarso\/p\/book\/9780415787406\">LINK<\/a><\/li>\n<li>G\u00f3mez, N.,\u00a0Cadarso, M.A. and Monsalve, F. (2016): \u00abCarbon footprint of a university in a multiregional model: the case of the University of Castilla-La Mancha\u00bb,\u00a0Journal of Cleaner Production. <em>In press<\/em>. DOI:\u00a0<a id=\"ddDoi\" class=\"S_C_ddDoi\" href=\"http:\/\/dx.doi.org\/10.1016\/j.jclepro.2016.06.009\" target=\"doilink\" rel=\"noopener noreferrer\">10.1016\/j.jclepro.2016.06.009<\/a><\/li>\n<li>Monsalve, F.,\u00a0Zafrilla, J.E. and\u00a0Cadarso, M.A. (2016): \u00abWhere have all the funds gone? Multiregional input-output analysis of the European Agricultural Fund for Rural Development\u00bb,\u00a0Ecological Economics,\u00a0Vol. 129, pp. 62\u201371. DOI:\u00a0<a id=\"ddDoi\" class=\"S_C_ddDoi\" href=\"http:\/\/dx.doi.org\/10.1016\/j.ecolecon.2016.06.006\" target=\"doilink\" rel=\"noopener noreferrer\">10.1016\/j.ecolecon.2016.06.006<\/a><\/li>\n<li><span class=\"hit\">Cadarso, M.A.<\/span>, G\u00f3mez, N., L\u00f3pez, L.A. and Tobarra, M.A. (2016): \u00abCalculating tourism&#8217;s carbon footprint: measuring the impact of investments\u00bb,\u00a0Journal of Cleaner Production (Vol. 111, part B, pp. 529\u2013537). DOI: 10.1016\/j.jclepro.2014.09.019<\/li>\n<\/ul>\n<ul>\n<li>Cadarso, M.\u00c1., G\u00f3mez, N.,\u00a0L\u00f3pez, L.A.,\u00a0Tobarra, M.A. and Zafrilla, J.E. (2015): \u201cQuantifying Spanish tourism\u2019s carbon footprint: the contributions of residents and visitors. A longitudinal study\u00bb,\u00a0Journal of Sustainable Tourism (Vol. 23 (6), pp. 922-946),\u00a0DOI:<strong>\u00a0<\/strong>10.1080\/09669582.2015.1008497<\/li>\n<li>L\u00f3pez, L.A.,\u00a0<span class=\"hit\">Cadarso, M.A.<\/span>, G\u00f3mez, N. and\u00a0Tobarra, M.A. (2015): \u00abFood miles, carbon footprint and global value chains for Spanish agriculture: assessing the impact of a carbon border tax\u00bb, Journal of\u00a0Cleaner Production\u00a0(Vol. 103, pp. 423\u2013436). DOI:\u00a0<a id=\"ddDoi\" class=\"S_C_ddDoi\" href=\"http:\/\/dx.doi.org\/10.1016\/j.jclepro.2015.01.039\" target=\"doilink\" rel=\"noopener noreferrer\">10.1016\/j.jclepro.2015.01.039<\/a><\/li>\n<li>L\u00f3pez, L.A., Domingos, T., Cadarso, M.\u00c1., Zafrilla, J.E. (2014): \u00abThe smarter, the\u00a0cleaner? Collaborative footprint: A further look at taxi sharing\u00bb,\u00a0Proceedings of the National Academy of the Sciences (PNAS),\u00a0 Dec 23;111(51). DOI: 10.1073\/pnas.1420242112<\/li>\n<li>Zafrilla, J.E.,\u00a0Cadarso, M.A., Monsalve, F. and de la R\u00faa, C. (2014):\u00a0\u00abHow Carbon-Friendly Is Nuclear Energy? A Hybrid MRIO-LCA Model of a Spanish Facility\u00bb,\u00a0Environmental Science &amp; Technology (Vol. 48 (24), pp. 14103\u201314111): American Chemical Society<\/li>\n<li>L\u00f3pez, L.A., Cadarso, M.A., Zafrilla, J.E. and Arce, G. (2014): \u201cAssessing the implication on air pollution of an alternative control-based criterion\u201d, Proceedings of the National Academy of the Sciences (PNAS), June, 4, 2014. DOI: 10.1073\/pnas.1406948111<\/li>\n<li>Cadarso, M. A.; G\u00f3mez, N.; L\u00f3pez, L. A. and Tobarra, M. A. (2012): \u201cInternational Trade and Shared Environmental Responsibility by Sector. An Application to the Spanish Economy\u201d, Ecological Economics, vol. 83, pp. 221-235<\/li>\n<li>Cadarso, M. A.; G\u00f3mez, N.; L\u00f3pez, L. A. and Tobarra, M. A. (2012): \u201cOffshoring components and their effect on employment: firms deciding how and where\u201d, Applied economics, vol. 44 (8), pp. 1009-1020<\/li>\n<li>Zafrilla, J.E., L\u00f3pez, L.A., Cadarso, M.A. and Deju\u00e1n, O. (2012): \u201cFulfilling Kyoto Protocol in Spain: A matter or Economic Crisis or Environmental Policies?\u201d, Energy Policy, vol. 51, pages 708-719<\/li>\n<li>Cadarso, M. A.; G\u00f3mez, N.; L\u00f3pez, L. A. and Tobarra, M. A. (2010): \u201cCO2 emissions of international freight transport and offshoring: measurement and allocation\u201d, Ecological Economics, 69, 1682-1694<\/li>\n<li>Cadarso, M.A., G\u00f3mez, N. L\u00f3pez, L.A., Tobarra, M.A. and Zafrilla, J.E. (2010): \u201cEmisiones de CO<sub><span style=\"font-size: small\">2<\/span> <\/sub><sub>Asociadas al transporte de turistas en la econom\u00eda espa\u00f1ola\u201d, in \u201cInvestigaciones, m\u00e9todos y an\u00e1lisis del turismo\u201d, pages 255-267, Universitas, Oviedo<\/sub><\/li>\n<li>Cadarso, M. A.; G\u00f3mez, N.; L\u00f3pez, L. A. and Tobarra, M. A. (2009): \u201cDeslocalizaci\u00f3n a nivel regional: El caso de la industria y los servicios en la Comunidad de Madrid\u201d, Papeles de Europa, 18, pp. 93-120<\/li>\n<li>Cadarso, M. A.; G\u00f3mez, N.; L\u00f3pez, L. A. and Tobarra, M. A. (2009): \u201cEl offshoring como pr\u00e1ctica para mejorar los resultados empresariales. Cambio t\u00e9cnico versus sustituci\u00f3n de inputs en la industria espa\u00f1ola\u201d, Econom\u00eda Industrial, 373, pp. 33-43<\/li>\n<li>Cadarso, M.A.; G\u00f3mez, N.; L\u00f3pez, L.A. and Tobarra, M.A. (2008): \u201cThe EU enlargement and the impact of outsourcing on industrial employment in Spain, 1993-2003\u201d, Structural Change and Economic Dynamics, 19 (1), pp. 95-108<\/li>\n<li>Cadarso, M. A.; G\u00f3mez, N.; L\u00f3pez, L. A. and Tobarra, M. A. (2008): \u201cEspecializaci\u00f3n vertical en la industria y los servicios: convergencia en la Uni\u00f3n Europea\u201d, Revista de Estudios Empresariales, 1, pp. 65-87<\/li>\n<li>Cadarso, M. A.; L\u00f3pez, L. A. and Tobarra, M. A. (2007): \u201cEspecializaci\u00f3n vertical, outsourcing e inversi\u00f3n directa en la industria espa\u00f1ola\u201d, Revista de Econom\u00eda Mundial, 16, pp. 27-55<\/li>\n<li>Cadarso, M.A.; G\u00f3mez, N.; L\u00f3pez, L.A. and Tobarra, M.A. (2007): \u201cSpanish industrial employment, vertical specialisation and outsourcing to the EU candidates\u201d, en Vahtra y Pelto (ed.). The future competitiveness of the EU and its eastern neighbours, Pan-European Institute, Turku (Finland).<\/li>\n<\/ul>\n<h3><strong>Teaching<\/strong><\/h3>\n<p><span style=\"color: #000000\"><i>Bachelor\u00b4s Degrees<\/i><\/span><\/p>\n<ul>\n<li><span style=\"color: #000000;font-family: 'Gill Sans MT', sans-serif;font-size: 12pt\"><i>Intermediate Macroeconomics<\/i><\/span><\/li>\n<\/ul>\n<p><em>Master\u00b4s Degrees &#8211; Master in Growth and Sustainable Development <\/em><\/p>\n<ul>\n<li><span style=\"color: #000000\"><i><\/i><i><span style=\"font-family: 'Gill Sans MT', sans-serif\">Environmnental Macroeconomics<\/span><\/i><\/span><\/li>\n<\/ul>\n<p><span style=\"color: #000000\"><i><span style=\"font-family: 'Gill Sans MT', sans-serif;font-size: 12pt\">\u00a0<\/span><\/i><\/span><\/p>\n<p><!-- \/wp:list-item --><!-- \/wp:list --><\/p>\n<p><!-- wp:paragraph --><\/p>\n<p><!-- \/wp:paragraph --><\/p>","protected":false},"excerpt":{"rendered":"<p>&nbsp; Department of Economics and Finance &#8211; GEAR Research Group Address: Facultad de Ciencias Econ\u00f3micas y Empresariales, Universidad de Castilla-La Mancha. Postal Address: Plaza de la Universidad, 1, CP: 02071, Albacete, Spain. Phone: +34926052945; Room: 3.03 e-mail: Angeles.Cadarso@uclm.es Research Areas: Input-Output Analysis MRIO Environmental Economics Energy Economics IO-LCA Environmental and Energy Policy Modelling International Trade [&hellip;]<\/p>\n","protected":false},"author":320,"featured_media":0,"parent":0,"menu_order":2,"comment_status":"closed","ping_status":"open","template":"","meta":{"footnotes":""},"class_list":["post-135","page","type-page","status-publish","hentry"],"_links":{"self":[{"href":"https:\/\/blog.uclm.es\/grupogear\/wp-json\/wp\/v2\/pages\/135","targetHints":{"allow":["GET"]}}],"collection":[{"href":"https:\/\/blog.uclm.es\/grupogear\/wp-json\/wp\/v2\/pages"}],"about":[{"href":"https:\/\/blog.uclm.es\/grupogear\/wp-json\/wp\/v2\/types\/page"}],"author":[{"embeddable":true,"href":"https:\/\/blog.uclm.es\/grupogear\/wp-json\/wp\/v2\/users\/320"}],"replies":[{"embeddable":true,"href":"https:\/\/blog.uclm.es\/grupogear\/wp-json\/wp\/v2\/comments?post=135"}],"version-history":[{"count":21,"href":"https:\/\/blog.uclm.es\/grupogear\/wp-json\/wp\/v2\/pages\/135\/revisions"}],"predecessor-version":[{"id":2470,"href":"https:\/\/blog.uclm.es\/grupogear\/wp-json\/wp\/v2\/pages\/135\/revisions\/2470"}],"wp:attachment":[{"href":"https:\/\/blog.uclm.es\/grupogear\/wp-json\/wp\/v2\/media?parent=135"}],"curies":[{"name":"wp","href":"https:\/\/api.w.org\/{rel}","templated":true}]}}