{"id":133,"date":"2014-09-03T16:26:39","date_gmt":"2014-09-03T16:26:39","guid":{"rendered":"http:\/\/groupgear.wordpress.com\/?page_id=133"},"modified":"2026-04-07T14:19:21","modified_gmt":"2026-04-07T14:19:21","slug":"luis-antonio-lopez","status":"publish","type":"page","link":"https:\/\/blog.uclm.es\/grupogear\/luis-antonio-lopez\/","title":{"rendered":"Luis Antonio L\u00f3pez"},"content":{"rendered":"<h5><span style=\"color: #000000\"><img loading=\"lazy\" decoding=\"async\" class=\"size-medium wp-image-1312 alignleft\" src=\"https:\/\/blog.uclm.es\/grupogear\/wp-content\/uploads\/sites\/204\/2019\/05\/LUIS-5-186x300.jpg\" alt=\"\" width=\"186\" height=\"300\" srcset=\"https:\/\/blog.uclm.es\/grupogear\/wp-content\/uploads\/sites\/204\/2019\/05\/LUIS-5-186x300.jpg 186w, https:\/\/blog.uclm.es\/grupogear\/wp-content\/uploads\/sites\/204\/2019\/05\/LUIS-5-635x1024.jpg 635w, https:\/\/blog.uclm.es\/grupogear\/wp-content\/uploads\/sites\/204\/2019\/05\/LUIS-5-768x1238.jpg 768w, https:\/\/blog.uclm.es\/grupogear\/wp-content\/uploads\/sites\/204\/2019\/05\/LUIS-5-953x1536.jpg 953w, https:\/\/blog.uclm.es\/grupogear\/wp-content\/uploads\/sites\/204\/2019\/05\/LUIS-5-1270x2048.jpg 1270w, https:\/\/blog.uclm.es\/grupogear\/wp-content\/uploads\/sites\/204\/2019\/05\/LUIS-5.jpg 1432w\" sizes=\"auto, (max-width: 186px) 100vw, 186px\" \/><\/span><span style=\"color: #000000\"> Department of Economics and Finance &#8211; GEAR Research Group <\/span><span style=\"color: #000000\"> Address: Facultad de Ciencias Econ\u00f3micas y Empresariales, Universidad de Castilla-La Mancha. <\/span><span style=\"color: #000000\"> Postal Address: Plaza de la Universidad, 1, CP: 02071, Albacete, Spain. Phone: +34926053365 Room: 3.01<\/span><\/h5>\n<p>e-mail: <a href=\"mailto:Luis.LSantiago@uclm.es\">Luis.LSantiago@uclm.es<\/a><\/p>\n<p><a href=\"https:\/\/www.researchgate.net\/profile\/Luis_Santiago2\" target=\"_blank\" rel=\"noopener\"><img loading=\"lazy\" decoding=\"async\" class=\"alignnone wp-image-764\" src=\"https:\/\/blog.uclm.es\/grupogear\/wp-content\/uploads\/sites\/204\/2016\/11\/rg-logo.png?w=88&amp;h=88&amp;crop=1\" alt=\"rg-logo\" width=\"41\" height=\"41\" \/><\/a> \u00a0 <a href=\"https:\/\/www.scopus.com\/authid\/detail.uri?origin=AuthorProfile&amp;authorId=23100482700&amp;zone=\" target=\"_blank\" rel=\"noopener\"><img loading=\"lazy\" decoding=\"async\" class=\"alignnone wp-image-761\" src=\"https:\/\/blog.uclm.es\/grupogear\/wp-content\/uploads\/sites\/204\/2016\/11\/scopus.png\" alt=\"scopus\" width=\"42\" height=\"41\" \/>\u00a0\u00a0<\/a> <a href=\"https:\/\/orcid.org\/0000-0002-9733-7106\" target=\"_blank\" rel=\"noopener\"><img loading=\"lazy\" decoding=\"async\" class=\"alignnone wp-image-760\" src=\"https:\/\/blog.uclm.es\/grupogear\/wp-content\/uploads\/sites\/204\/2016\/11\/orcid_128x128.gif\" alt=\"orcid_128x128\" width=\"41\" height=\"41\" \/><\/a><\/p>\n<h3><strong>Research Areas:<\/strong><\/h3>\n<ul>\n<li><em>Input-Output Analysis<\/em><\/li>\n<li><i>MRIO<\/i><\/li>\n<li><i>Environmental Economics<\/i><\/li>\n<li><i>Energy Economics<\/i><\/li>\n<li><i>IO-LCA<\/i><\/li>\n<li><i>Environmental and Energy Policy Modelling<\/i><\/li>\n<li><i>International Trade<\/i><\/li>\n<li><i>Offshoring<\/i><\/li>\n<li><i>Environmental Impact from International Freight Transport.<\/i><\/li>\n<\/ul>\n<h3><strong>Scientific Publications:<\/strong><\/h3>\n\n\n<ul class=\"wp-block-list\">\n \t<li style=\"list-style-type: none\"><\/li>\n<\/ul>\n\n\n<p><!-- \/wp:post-content --><\/p>\n<ul>\n<li><!-- wp:list -->\n<ul class=\"wp-block-list\">\n<li style=\"list-style-type: none\">Garc\u00eda-Alaminos, \u00c1., Cadarso, M.-\u00c1., L\u00f3pez, L. A., &amp; Tobarra, M.-\u00c1. (2026). Recent global value chain reconfiguration: drivers and consequences on EU carbon footprint. Ecological Economics, 240, 108828 <a href=\"https:\/\/www.sciencedirect.com\/science\/article\/pii\/S0921800925003118?via%3Dihub\">LINK<\/a><\/li>\n<\/ul>\n<p><!-- \/wp:list --><\/p>\n<p><!-- \/wp:list --><\/p>\n<\/li>\n<li>S\u00e1nchez-Serrano, M., Arce, G., Zafrilla, J., L\u00f3pez, L., 2026. Unveiling households&#8217; vulnerabilities in Spanish regions: a carbon tax and compensation approach. Journal of Industrial Ecology.\u00a0<a href=\"http:\/\/doi.org\/10.1007\/s44498-026-00019-x\">LINK<\/a><\/li>\n<li>L\u00f3pez LA, L\u00f3pez R. What can green investors learn from funds&#8217; value chain carbon footprint? Evidence from Spain. Green Finance. 2025;7(2):332-62. <a href=\"https:\/\/www.aimspress.com\/article\/doi\/10.3934\/GF.2025012\">LINK<\/a>.<\/li>\n<li>L\u00f3pez, L.A., Ortiz, M., Garc\u00eda-Alaminos, \u00c1., Cadarso, M. \u00c1<em>.<\/em>\u00a0(2025) Consequences of legislation-based reshoring for EU carbon emissions in global value chains.\u00a0<em>Journal of International Business Policy<\/em>.\u00a0<a href=\"https:\/\/doi.org\/10.1057\/s42214-025-00216-8\">LINK<\/a>.<\/li>\n<li>Tobarra, M. \u00c1., \u00a0L\u00f3pez, L.A., Garc\u00eda-Alaminos, \u00c1., Cadarso, M. \u00c1. (2025) Identifying critical EU carbon emissions risk through global value chains.\u00a0<em>Structural Change and Economic Dynamics<\/em>. Volume 74, Pages 660-676,\u00a0<a href=\"https:\/\/doi.org\/10.1016\/j.strueco.2025.05.016\">LINK<\/a>.<\/li>\n<li>C\u00f3rcoles, C., L\u00f3pez, L. A., Osorio, P. y Zafrilla, J. (2024). The carbon footprint of the empty Castilla-La Mancha. Energy Policy, 184, 113892. doi: <a href=\"https:\/\/doi.org\/10.1016\/j.enpol.2023.113892\">https:\/\/doi.org\/10.1016\/j.enpol.2023.113892 <\/a><\/li>\n<li>L\u00f3pez, L.-A., Arce, G., Cadarso, M.-\u00c1., Ortiz, M., Zafrilla, J. (2023) The global dissemination to multinationals of the carbon emissions ruling on Shell. Structural Change and Economic Dynamics. In Press. <a href=\"https:\/\/www.sciencedirect.com\/science\/article\/pii\/S0954349X23000462\" target=\"_blank\" rel=\"noreferrer noopener\">LINK<\/a><\/li>\n<li>Ortiz, M., Cadarso, M.-\u00c1., L\u00f3pez, L.-A., Jiang, X., 2022. The trade-off between the economic and environmental footprints of multinationals\u2019 foreign affiliates. Structural Change and Economic Dynamics 62, 85-97. <a href=\"https:\/\/www.sciencedirect.com\/science\/article\/pii\/S0954349X22000716\" target=\"_blank\" rel=\"noreferrer noopener\">LINK<\/a><\/li>\n<li>Jiang, X., L\u00f3pez, L.-A., Cadarso, M.-\u00c1., Ortiz, M., 2022. The emissions responsibility accounting of multinational enterprises for an efficient climate policy. Global Environmental Change 75, 102545. <a href=\"https:\/\/www.sciencedirect.com\/science\/article\/pii\/S0959378022000838?via%3Dihub\">LINK<\/a><\/li>\n<li>L\u00f3pez, L.-A., Tobarra, M.-A., Cadarso, M.-\u00c1., G\u00f3mez, N. y Cazcarro, I. (2022). Eating local and in-season fruits and vegetables: Carbon-water-employment trade-offs and synergies. Ecological Economics, 192, 107270. doi:https:\/\/doi.org\/10.1016\/j.ecolecon.2021.107270 <a href=\"https:\/\/www.sciencedirect.com\/science\/article\/pii\/S0921800921003293\">LINK<\/a><\/li>\n<li>Cadarso, M.\u00c1., Gilles, E., L\u00f3pez, L.A., Ortiz, M., 2021. Comercio e integraci\u00f3n en el mundo post-COVID-19: Oportunidades y desaf\u00edos para Am\u00e9rica Latina y el Caribe. Revista Integraci\u00f3n &amp; Comercio A\u00f1o 25. <a href=\"https:\/\/publications.iadb.org\/es\/revista-integracion-comercio-ano-25-no-47-diciembre-2021-comercio-e-integracion-en-el-mundo-post\">LINK<\/a><\/li>\n<li>Cazcarro, I., Garc\u00eda-Gusano, D., Iribarren, D., Linares, P., Romero, J. C., Arocena, P., . . . Cadarso, M.-\u00c1. (2022). Energy-socio-economic-environmental modelling for the EU energy and post-COVID-19 transitions. Science of The Total Environment, 805, 150329. doi:10.1016\/j.scitotenv.2021.150329<\/li>\n<li>Ortiz, M., Cadarso, M.-\u00c1., &amp; L\u00f3pez, L.-A. The carbon footprint of foreign multinationals within the European Union. Journal of Industrial Ecology: <em>In Press<\/em>. doi:10.1111\/jiec.13017 <a href=\"https:\/\/onlinelibrary.wiley.com\/doi\/full\/10.1111\/jiec.13017\">LINK<\/a><\/li>\n<li>Tom\u00e1s, M., L\u00f3pez, L. A., &amp; Monsalve, F. (2020). Carbon footprint, municipality size and rurality in Spain: Inequality and carbon taxation. Journal of Cleaner Production, 266, 121798. doi:https:\/\/doi.org\/10.1016\/j.jclepro.2020.121798 <a href=\"https:\/\/www.sciencedirect.com\/science\/article\/pii\/S095965262031845X\">LINK<\/a><\/li>\n<li>L\u00f3pez, L., Cadarso, M., &amp; Ortiz, M. (2020). La huella de carbono del comercio internacional espa\u00f1ol. ICE, Revista De Econom\u00eda, 913. <a href=\"http:\/\/www.revistasice.com\/index.php\/ICE\/article\/view\/6990\">LINK<\/a><\/li>\n<li>Ortiz, M., L\u00f3pez, L.A., Cadarso, M.A. (2020) \u201cEU carbon emissions by multinational enterprises under control-based accounting\u201d, Resources, Conservation and Recycling 163, 105104. <a href=\"https:\/\/www.sciencedirect.com\/science\/article\/pii\/S0921344920304213\">LINK<\/a><\/li>\n<li>L\u00f3pez, L. A., Arce, G., &amp; Jiang, X. (2020). Mapping China&#8217;s flows of emissions in the world&#8217;s carbon footprint: A network approach of production layers. Energy Economics, 87, 104739. doi:https:\/\/doi.org\/10.1016\/j.eneco.2020.104739 <a href=\"https:\/\/www.sciencedirect.com\/science\/article\/pii\/S0140988320300785\">LINK<\/a><\/li>\n<li>Monsalve, F., Ortiz, M., Cadarso, M.-\u00c1., Gilles, E., Zafrilla, J., &amp; L\u00f3pez, L.-A. (2020). Nesting a city input\u2013output table in a multiregional framework: a case example with the city of Bogota. [journal article]. Journal of Economic Structures, 9(1), 8. <a href=\"https:\/\/link.springer.com\/article\/10.1186\/s40008-020-0185-8\">LINK<\/a><\/li>\n<li>Zafrilla, J.-E., Arce, G., Cadarso, M.-\u00c1., C\u00f3rcoles, C., G\u00f3mez, N., L\u00f3pez, L.-A., Monsalve, F., Tobarra, M.-\u00c1., 2019. Triple bottom line analysis of the Spanish solar photovoltaic sector: A footprint assessment. Renewable and Sustainable Energy Reviews 114, 109311. <a href=\"https:\/\/www.sciencedirect.com\/science\/article\/pii\/S1364032119305192\">LINK<\/a><\/li>\n<li>L\u00f3pez, L.-A., Cadarso, M.-\u00c1., Zafrilla, J., Arce, G., 2019. The carbon footprint of the U.S. multinationals\u2019 foreign affiliates. Nature Communications 10, 1672. <a href=\"https:\/\/www.nature.com\/articles\/s41467-019-09473-7\">LINK<\/a><\/li>\n<li>L\u00f3pez, L.A., Arce, G., Serrano, M. 2019. Extreme Inequality and Carbon Footprint of Spanish Households. In Carbon Footprints: Case Studies from the Building, Household, and Agricultural Sectors. <a href=\"https:\/\/www.springer.com\/gp\/book\/9789811379154\">LINK<\/a><\/li>\n<li>L\u00f3pez, L.A., Arce, G., Kronenberg, T. and Rodrigues, J. (2018). Trade from resource-rich countries avoids the existence of a global pollution haven hypothesis. <em>Journal of Cleaner Production<\/em>. Vol. 175, pp. 599-611. <a href=\"https:\/\/www.sciencedirect.com\/science\/article\/pii\/S0959652617329864\">LINK<\/a><\/li>\n<li>Tobarra, M. A., L\u00f3pez, L. A., Cadarso, M. A., G\u00f3mez, N., &amp; Cazcarro, I. (2018). Is Seasonal Households\u2019 Consumption Good for the Nexus Carbon\/Water Footprint? The Spanish Fruits and Vegetables Case. Environmental Science &amp; Technology, 52(21), 12066-12077 <a href=\"https:\/\/pubs.acs.org\/doi\/10.1021\/acs.est.8b00221\">LINK<\/a><\/li>\n<li>Jiang, X, Guan, D. and L\u00f3pez, L.A. 2018.\u00a0The global CO2 emission cost of geographic shifts in international sourcing. Energy Economics, 73, 122-134. <a href=\"https:\/\/www.sciencedirect.com\/science\/article\/pii\/S0140988318301828\">LINK<\/a><\/li>\n<li>L\u00f3pez, L. A., J. Zafrilla, and S. \u00c1lvarez. 2017. Volumen 6: La huella de carbono y el an\u00e1lisis input-output. Edited by AENOR. Vol. 6, Huella de Carbono. Madrid: Asociaic\u00f3n Espa\u00f1ola de Normalizaci\u00f3n y Certificaci\u00f3n (AENOR) <a href=\"http:\/\/www.aenor.es\/aenor\/normas\/ediciones\/fichae.asp?codigo=12292#.Wdsjc2i0MuU\">LINK<\/a><\/li>\n<li>Zafrilla, J. and L. A. L\u00f3pez. 2017. Booming and Stagnation of Spanish Construction Sector Through the Extended Carbon Footprint Concept. In Environmental Carbon Footprints. Industrial Cases, edited by S. Muthu: Butterworth-Heinemann (Elsevier) <a href=\"http:\/\/www.sciencedirect.com\/science\/book\/9780128128497\">LINK<\/a><\/li>\n<li>Arce, G., L. A. L\u00f3pez, M. \u00c1. Cadarso, and N. G\u00f3mez. 2017. Carbon leakage risk criteria to strengthen the effectiveness of INDCs. In Environmental and Economic Impacts of Decarbonization. Input-Output Studies on the Consequences of the 2015 Paris Agreements, edited by O. Deju\u00e1n, et al.: Routledge -Taylor&amp;Francis Group- <a href=\"https:\/\/www.routledge.com\/Environmental-and-Economic-Impacts-of-Decarbonization-Input-Output-Studies\/Dejuan-Lenzen-Cadarso\/p\/book\/9780415787406\">LINK<\/a><\/li>\n<li>Arce, G., J. E. Zafrilla, L. A. L\u00f3pez, and M. \u00c1. Tobarra. (2017). Carbon footprint of human settlements in Spain. In Carbon Footprint and the Industrial Lifecycle &#8211; From Urban Planning to Recycling, edited by R. \u00c1lvarez, et al. <a href=\"http:\/\/www.springer.com\/gp\/book\/9783319549835\">LINK<\/a><\/li>\n<li>L\u00f3pez, L.A., Arce, G., Morenate, M. and Zafrilla, J.E. (2017): \u00abHow does income redistribution affect households&#8217; material footprint?\u00bb, Journal of Cleaner Production, in press DOI:\u00a0http:\/\/dx.doi.org\/10.1016\/j.jclepro.2017.01.142, <a href=\"http:\/\/www.sciencedirect.com\/science\/article\/pii\/S0959652617301579\">LINK<\/a><\/li>\n<li>Domingos, T., Zafrilla, J.E. and L\u00f3pez, L.A. (2016): \u00abConsistency of technology-adjusted consumption-based accounting\u00bb, Nature Climate Change, Vol. 6, Issue 8, pages 729-730 <a href=\"http:\/\/www.nature.com\/nclimate\/journal\/v6\/n8\/full\/nclimate3059.html\">LINK<\/a><\/li>\n<li>L\u00f3pez, L.A.,\u00a0Arce, G., Morenate, M. and Monsalve, F. (2016): \u00abAssessing the Inequality of Spanish\u00a0Households through the Carbon Footprint:\u00a0The 21st Century Great Recession Effect\u00bb, Journal of Industrial Ecology (JIE), (<span id=\"volumeNumber\">Vol. 20<\/span>, <span id=\"issueNumber\">Issue 3<\/span>, <span id=\"issuePages\">pp. 571\u2013581). DOI:\u00a010.1111\/jiec.12466<\/span><\/li>\n<li>Arce, G., L\u00f3pez, L.A. and Guan, D. (2016): \u00abCarbon emissions embodied in international trade: The post-China era\u00bb, Applied Energy (APEN), <em>in press<\/em><\/li>\n<li><span class=\"hit\">Cadarso, M.A.<\/span>, G\u00f3mez, N., L\u00f3pez, L.A. and Tobarra, M.A. (2016): \u00abCalculating tourism&#8217;s carbon footprint: measuring the impact of investments\u00bb,\u00a0Journal of Cleaner Production (Vol. 111, part B, pp. 529\u2013537). DOI: 10.1016\/j.jclepro.2014.09.019<\/li>\n<li>Cadarso, M.\u00c1., G\u00f3mez, N.,\u00a0L\u00f3pez, L.A.,\u00a0Tobarra, M.A. and Zafrilla, J.E. (2015): \u201cQuantifying Spanish tourism\u2019s carbon footprint: the contributions of residents and visitors. A longitudinal study\u00bb,\u00a0Journal of Sustainable Tourism (Vol. 23 (6), pp. 922-946),\u00a0DOI:<strong>\u00a0<\/strong>10.1080\/09669582.2015.1008497<\/li>\n<li>L\u00f3pez, L.A.,\u00a0<span class=\"hit\">Cadarso, M.A.<\/span>, G\u00f3mez, N. and\u00a0Tobarra, M.A. (2015): \u00abFood miles, carbon footprint and global value chains for Spanish agriculture: assessing the impact of a carbon border tax\u00bb, Journal of\u00a0Cleaner Production (Vol. 103, pp. 423\u2013436). \u00a0 DOI:\u00a0<a id=\"ddDoi\" class=\"S_C_ddDoi\" href=\"http:\/\/dx.doi.org\/10.1016\/j.jclepro.2015.01.039\" target=\"doilink\" rel=\"noopener noreferrer\">10.1016\/j.jclepro.2015.01.039<\/a><\/li>\n<li>L\u00f3pez, L.A., Domingos, T., Cadarso, M.\u00c1., Zafrilla, J.E. (2014): \u00abThe smarter, the\u00a0cleaner? Collaborative footprint: A further look at taxi sharing\u00bb,\u00a0Proceedings of the National Academy of the Sciences (PNAS),\u00a0 Dec 23;111(51). DOI: 10.1073\/pnas.1420242112<\/li>\n<li>L\u00f3pez, L.A., Cadarso, M.A., Zafrilla, J.E. and Arce, G. (2014): \u201cAssessing the implication on air pollution of an alternative control-based criterion\u201d, Proceedings of the National Academy of the Sciences (PNAS), June, 4, 2014. DOI: 10.1073\/pnas.1406948111<\/li>\n<li>L\u00f3pez, L.A., Arce, G. and Zafrilla, J.E. (2014): \u201cChina, refugio de emisiones de Espa\u00f1a\u201d, Investigaci\u00f3n y Ciencia secci\u00f3n Panorama, n\u00famero 451, mes de abril<\/li>\n<li>L\u00f3pez, L.-A., Arce, G. and Zafrilla, J.E. (2014): \u201cFinancial Crisis, Virtual Carbon in Global Value Chains, and the Importance of Linkage Effects. The Spain\u2013China Case\u201d, Environmental Science &amp; Technology (Vol. 48, pp. 36-44): American Chemical Society<\/li>\n<li>G\u00f3mez, N., Tobarra, M.\u00c1. and L\u00f3pez, L.A. (2014). \u00abEmployment opportunities in Spain: Gender differences by education and ICT usage.\u00bb Regional and Sectoral Economic Studies, Euro-American Association of Economic Development, vol. 14(3), pages 105-130. <a href=\"https:\/\/ideas.repec.org\/a\/eaa\/eerese\/v14y2014i3_7.html\">LINK<\/a><\/li>\n<li>L\u00f3pez, L.A.,\u00a0Arce, G. and Zafrilla, J.E. (2013): \u201cParcelling virtual carbon in the pollution haven hypothesis\u201d, Energy Economics, vol. 39, pages 177-186<\/li>\n<li>Deju\u00e1n, O., L\u00f3pez, L.A., Tobarra, M.A. and Zafrilla, J.E. (2013): \u201cA Post-Keynesian Energy AGE Model to Forecast Energy Demand in Spain\u201d, Economic Systems Research, vol. 25, issue 3, pages 321-340<\/li>\n<li>Cadarso, M. A.; G\u00f3mez, N.; L\u00f3pez, L. A. and Tobarra, M. A. (2012): \u201cInternational Trade and Shared Environmental Responsibility by Sector. An Application to the Spanish Economy\u201d, Ecological Economics, vol. 83, pp. 221-235<\/li>\n<li>Cadarso, M. A.; G\u00f3mez, N.; L\u00f3pez, L. A. and Tobarra, M. A. (2012): \u201cOffshoring components and their effect on employment: firms deciding how and where\u201d, Applied economics, vol. 44 (8), pp. 1009-1020<\/li>\n<li>Zafrilla, J.E., L\u00f3pez, L.A., Cadarso, M.A. and Deju\u00e1n, O. (2012): \u201cFulfilling Kyoto Protocol in Spain: A matter or Economic Crisis or Environmental Policies?\u201d, Energy Policy, vol. 51, pp. 708-719<\/li>\n<li>L\u00f3pez, L.A., L\u00f3pez, J. and Zafrilla, J.E. (2011): \u201cFragmentaci\u00f3n, offshoring y vertebraci\u00f3n de la econom\u00eda espa\u00f1ola\u201d, Revista de Econom\u00eda, ICE, Vol. 859, pp. 141-161<\/li>\n<li>L\u00f3pez, L.A., Monsalve, F. and Zafrilla, J.E. (2011): \u201cAn\u00e1lisis Input-Output de la eficacia de la Pol\u00edtica Europea de Desarrollo Rural 2007-2013. Propuesta metodol\u00f3gica y resultados para Castilla-La Mancha\u201d, Estudios de Econom\u00eda Aplicada, Vol. 29-1, pages: 1-24<\/li>\n<li>Cadarso, M. A.; G\u00f3mez, N.; L\u00f3pez, L. A. and Tobarra, M. A. (2010): \u201cCO2 emissions of international freight transport and offshoring: measurement and allocation\u201d, Ecological Economics, 69, 1682-1694<\/li>\n<li>Cadarso, M.A., G\u00f3mez, N. L\u00f3pez, L.A., Tobarra, M.A. and Zafrilla, J.E. (2010): \u201cEmisiones de CO<sub><span style=\"font-size: small\">2<\/span> <span style=\"font-size: small\">Asociadas al transporte de turistas en la econom\u00eda espa\u00f1ola\u201d, in \u201cInvestigaciones, m\u00e9todos y an\u00e1lisis del turismo\u201d, pages 255-267, Universitas, Oviedo<\/span><\/sub><\/li>\n<li>Calder\u00f3n, M.J.; G\u00f3mez, N.; L\u00f3pez, L.A. y Tobarra, M.A. (2009): \u201cPatentes, proximidad tecnol\u00f3gica y empleo industrial en Castilla-La Mancha\u201d, Revista de Estudios Regionales, vol. 85, pp. 197-219<\/li>\n<li>Cadarso, M. A.; G\u00f3mez, N.; L\u00f3pez, L. A. and Tobarra, M. A. (2009): \u201cDeslocalizaci\u00f3n a nivel regional: El caso de la industria y los servicios en la Comunidad de Madrid\u201d, Papeles de Europa, 18, pp. 93-120<\/li>\n<li>L\u00f3pez, L. A. (2009): \u201cTradici\u00f3n y modernidad de la industria de Castilla-La Mancha: Un estudio sist\u00e9mico a partir de la tabla input-output regional\u201d, Econom\u00eda Industrial, pp- 33-44<\/li>\n<li>Cadarso, M. A.; G\u00f3mez, N.; L\u00f3pez, L. A. and Tobarra, M. A. (2009): \u201cEl offshoring como pr\u00e1ctica para mejorar los resultados empresariales. Cambio t\u00e9cnico versus sustituci\u00f3n de inputs en la industria espa\u00f1ola\u201d, Econom\u00eda Industrial, 373, pp. 33-43<\/li>\n<li>Cadarso, M.A.; G\u00f3mez, N.; L\u00f3pez, L.A. and Tobarra, M.A. (2008): \u201cThe EU enlargement and the impact of outsourcing on industrial employment in Spain, 1993-2003\u201d, Structural Change and Economic Dynamics, 19 (1), pp. 95-108<\/li>\n<li>Cadarso, M. A.; G\u00f3mez, N.; L\u00f3pez, L. A. and Tobarra, M. A. (2008): \u201cEspecializaci\u00f3n vertical en la industria y los servicios: convergencia en la Uni\u00f3n Europea\u201d, Revista de Estudios Empresariales, 1, pp. 65-87<\/li>\n<li>G\u00f3mez, N.; L\u00f3pez, L.A. and Tobarra, M.A. (2008): \u201cEfectos de la difusi\u00f3n de las TIC sobre la eficiencia de las diferentes actividades productivas en la econom\u00eda espa\u00f1ola\u201d, in Banegas, J. and Myro, R. (eds) El impacto de las TIC en la econom\u00eda espa\u00f1ola, Thomson-Civitas, pp. 129-163.<\/li>\n<li>Cadarso, M. A.; L\u00f3pez, L. A. and Tobarra, M. A. (2007): \u201cEspecializaci\u00f3n vertical, outsourcing e inversi\u00f3n directa en la industria espa\u00f1ola\u201d, Revista de Econom\u00eda Mundial, 16, pp. 27-55<\/li>\n<li>Cadarso, M.A.; G\u00f3mez, N.; L\u00f3pez, L.A. and Tobarra, M.A. (2007): \u201cSpanish industrial employment, vertical specialisation and outsourcing to the EU candidates\u201d, en Vahtra y Pelto (ed.). The future competitiveness of the EU and its eastern neighbours, Pan-European Institute, Turku (Finland).<\/li>\n<li>G\u00f3mez, N.; L\u00f3pez, L. A. and Tobarra, M. A. (2006): \u201cPautas de deslocalizaci\u00f3n de la industria espa\u00f1ola en el entorno europeo (1995-2000): la competencia de los pa\u00edses de bajos salarios\u201d, Bolet\u00edn Econ\u00f3mico de Informaci\u00f3n Comercial Espa\u00f1ola, 2884, pp. 25-42<\/li>\n<li>G\u00f3mez, N.; L\u00f3pez, L.A. and Tobarra, M.A. (2006): \u201cDifusi\u00f3n y absorci\u00f3n de TIC en la industria espa\u00f1ola\u201d, Econom\u00eda Industrial, vol. 360, pp. 117-130<\/li>\n<li>Deju\u00e1n, O., L\u00f3pez, L. A. (2004): \u201cCambio t\u00e9cnico y cambio ocupacional en la econom\u00eda espa\u00f1ola (1980-2000)\u201d, Cuadernos de Econom\u00eda: Spanish Journal of Economics and Finance, pp. 3-31<\/li>\n<\/ul>\n<h3><strong>Teaching<\/strong><\/h3>\n<p><span style=\"color: #000000\"><i>Bachelor&#8217;s Degrees<\/i><\/span><\/p>\n<ul>\n<li><em>Principles of Economics<\/em><\/li>\n<li><em>Advanced Macroeconomics<\/em><\/li>\n<li><em>Economic Theory Complements<\/em><\/li>\n<\/ul>\n<p><em><span style=\"color: #000000\">Master\u00b4s Degrees &#8211; Master in Growth and Sustainable Development<\/span><\/em><\/p>\n<ul>\n<li><em>Neoclassical Models of Endogenous Growth<\/em><\/li>\n<\/ul>\n<p><em><span style=\"color: #000000\">Seminars<\/span><\/em><\/p>\n<ul>\n<li><em>The Energy Route. Getting closer to the electricity sector.<\/em><\/li>\n<li><em>Reading Economics made-fun genre.<\/em><\/li>\n<li><em>Economic in movies.<\/em><\/li>\n<\/ul>\n<p><!-- \/wp:list-item --><!-- \/wp:list --><\/p>\n<p><!-- wp:paragraph --><\/p>\n<p><!-- \/wp:paragraph --><\/p>","protected":false},"excerpt":{"rendered":"<p>Department of Economics and Finance &#8211; GEAR Research Group Address: Facultad de Ciencias Econ\u00f3micas y Empresariales, Universidad de Castilla-La Mancha. Postal Address: Plaza de la Universidad, 1, CP: 02071, Albacete, Spain. Phone: +34926053365 Room: 3.01 e-mail: Luis.LSantiago@uclm.es \u00a0 \u00a0\u00a0 Research Areas: Input-Output Analysis MRIO Environmental Economics Energy Economics IO-LCA Environmental and Energy Policy Modelling International [&hellip;]<\/p>\n","protected":false},"author":320,"featured_media":0,"parent":0,"menu_order":1,"comment_status":"closed","ping_status":"open","template":"","meta":{"footnotes":""},"class_list":["post-133","page","type-page","status-publish","hentry"],"_links":{"self":[{"href":"https:\/\/blog.uclm.es\/grupogear\/wp-json\/wp\/v2\/pages\/133","targetHints":{"allow":["GET"]}}],"collection":[{"href":"https:\/\/blog.uclm.es\/grupogear\/wp-json\/wp\/v2\/pages"}],"about":[{"href":"https:\/\/blog.uclm.es\/grupogear\/wp-json\/wp\/v2\/types\/page"}],"author":[{"embeddable":true,"href":"https:\/\/blog.uclm.es\/grupogear\/wp-json\/wp\/v2\/users\/320"}],"replies":[{"embeddable":true,"href":"https:\/\/blog.uclm.es\/grupogear\/wp-json\/wp\/v2\/comments?post=133"}],"version-history":[{"count":24,"href":"https:\/\/blog.uclm.es\/grupogear\/wp-json\/wp\/v2\/pages\/133\/revisions"}],"predecessor-version":[{"id":2468,"href":"https:\/\/blog.uclm.es\/grupogear\/wp-json\/wp\/v2\/pages\/133\/revisions\/2468"}],"wp:attachment":[{"href":"https:\/\/blog.uclm.es\/grupogear\/wp-json\/wp\/v2\/media?parent=133"}],"curies":[{"name":"wp","href":"https:\/\/api.w.org\/{rel}","templated":true}]}}