{"id":1296,"date":"2019-05-03T21:29:29","date_gmt":"2019-05-03T20:29:29","guid":{"rendered":"http:\/\/blog.uclm.es\/grupogear\/?page_id=1296"},"modified":"2025-05-30T14:50:40","modified_gmt":"2025-05-30T14:50:40","slug":"mateoortizmoreno","status":"publish","type":"page","link":"https:\/\/blog.uclm.es\/grupogear\/mateoortizmoreno\/","title":{"rendered":"Mateo Ortiz"},"content":{"rendered":"\n<p><strong>Department of Economics and Finance \u2013 GEAR Research Group <\/strong><\/p>\n\n\n<div class=\"wp-block-image\">\n<figure class=\"alignleft size-full is-resized\"><img loading=\"lazy\" decoding=\"async\" width=\"490\" height=\"750\" src=\"https:\/\/blog.uclm.es\/grupogear\/wp-content\/uploads\/sites\/204\/2019\/05\/MATEO-6-e1556915026516.jpg\" alt=\"\" class=\"wp-image-1297\" style=\"width:179px;height:273px\" srcset=\"https:\/\/blog.uclm.es\/grupogear\/wp-content\/uploads\/sites\/204\/2019\/05\/MATEO-6-e1556915026516.jpg 490w, https:\/\/blog.uclm.es\/grupogear\/wp-content\/uploads\/sites\/204\/2019\/05\/MATEO-6-e1556915026516-196x300.jpg 196w\" sizes=\"auto, (max-width: 490px) 100vw, 490px\" \/><\/figure>\n<\/div>\n\n\n<p><strong>Researcher in training (Personal investigador en Formaci\u00f3n)<\/strong><\/p>\n\n\n\n<p><strong>Address: Facultad de Ciencias Econ\u00f3micas y Empresariales, Universidad de Castilla-La Mancha.<\/strong><\/p>\n\n\n\n<p><strong>Postal Address: Plaza de la Universidad, 1, CP: 02071, Albacete, Spain. Phone: +34926053494 Ext: 2182; Room: 3.22<\/strong><\/p>\n\n\n\n<p><strong>e-mail:<\/strong>&nbsp; <a href=\"mailto:mateofelipe.ortiz@uclm.es\">mateofelipe.ortiz@uclm.es<\/a><\/p>\n\n\n\n<div class=\"wp-block-group\"><div class=\"wp-block-group__inner-container is-layout-constrained wp-block-group-is-layout-constrained\">\n<div class=\"wp-block-group is-nowrap is-layout-flex wp-container-core-group-is-layout-ad2f72ca wp-block-group-is-layout-flex\">\n<figure class=\"wp-block-image size-full is-resized\"><a href=\"https:\/\/orcid.org\/0000-0003-4851-5735\" target=\"_blank\" rel=\"noreferrer noopener\"><img loading=\"lazy\" decoding=\"async\" width=\"100\" height=\"100\" src=\"https:\/\/blog.uclm.es\/grupogear\/wp-content\/uploads\/sites\/204\/2016\/11\/orcid_128x128.gif\" alt=\"\" class=\"wp-image-760\" style=\"width:38px;height:38px\" \/><\/a><\/figure>\n\n\n\n<figure class=\"wp-block-image size-full is-resized\"><a href=\"https:\/\/www.researchgate.net\/profile\/Mateo-Ortiz-4\" target=\"_blank\" rel=\"noreferrer noopener\"><img loading=\"lazy\" decoding=\"async\" width=\"100\" height=\"100\" src=\"https:\/\/blog.uclm.es\/grupogear\/wp-content\/uploads\/sites\/204\/2016\/11\/rg-logo.png\" alt=\"\" class=\"wp-image-764\" style=\"width:37px;height:37px\" \/><\/a><\/figure>\n<\/div>\n<\/div><\/div>\n\n\n\n<p><\/p>\n\n\n\n<p><strong>Research Areas:<\/strong><\/p>\n\n\n\n<ul class=\"wp-block-list\">\n<li>Input-Output\nAnalysis<\/li>\n\n\n\n<li>Environmental Economics<\/li>\n\n\n\n<li>International\nTrade<\/li>\n\n\n\n<li>MRIO\nmodels<\/li>\n\n\n\n<li>Extended\nInput-Output models<\/li>\n\n\n\n<li>Environmental Footprints<\/li>\n<\/ul>\n\n\n\n<h3 class=\"wp-block-heading\"><strong>Scientific Publications:<\/strong><\/h3>\n\n\n\n<ul class=\"wp-block-list\">\n<li>L\u00f3pez, L.A., Ortiz, M., Garc\u00eda-Alaminos, \u00c1., Cadarso, M. \u00c1<em>.<\/em>&nbsp;(2025) Consequences of legislation-based reshoring for EU carbon emissions in global value chains.&nbsp;<em>Journal of International Business Policy<\/em>.&nbsp;<a href=\"https:\/\/doi.org\/10.1057\/s42214-025-00216-8\">LINK<\/a>.<\/li>\n\n\n\n<li>S\u00e1nchez-Serrano, M., Zafrilla, J., Ortiz, M., Arce, G., 2024. Carbon taxation and related vulnerability of Spanish urban and rural households in a regional level. Regional Science Policy &amp; Practice 16, 100123 <a href=\"https:\/\/www.sciencedirect.com\/science\/article\/pii\/S1757780224003342\">LINK<\/a><\/li>\n\n\n\n<li>L\u00f3pez, L.-A., Arce, G., Cadarso, M.-\u00c1., Ortiz, M., Zafrilla, J. (2023) The global dissemination to multinationals of the carbon emissions ruling on Shell. Structural Change and Economic Dynamics. In Press. <a href=\"https:\/\/www.sciencedirect.com\/science\/article\/pii\/S0954349X23000462\" target=\"_blank\" rel=\"noreferrer noopener\">LINK<\/a><\/li>\n\n\n\n<li>Ortiz, M., Cadarso, M.-\u00c1., L\u00f3pez, L.-A., Jiang, X., 2022. The trade-off between the economic and environmental footprints of multinationals\u2019 foreign affiliates. Structural Change and Economic Dynamics 62, 85-97. <a rel=\"noreferrer noopener\" href=\"https:\/\/www.sciencedirect.com\/science\/article\/pii\/S0954349X22000716\" target=\"_blank\">LINK<\/a><\/li>\n\n\n\n<li>Deju\u00e1n, \u00d3., Portella-Carb\u00f3, F., &amp; Ortiz, M. (2022). Economic and environmental impacts of decarbonisation through a hybrid MRIO multiplier-accelerator model. Economic Systems Research, 34(1), 1-21.&nbsp;<a href=\"https:\/\/doi.org\/10.1080\/09535314.2020.1848808\">LINK<\/a><\/li>\n\n\n\n<li>Jiang, X., L\u00f3pez, L.-A., Cadarso, M.-\u00c1., Ortiz, M., 2022. The emissions responsibility accounting of multinational enterprises for an efficient climate policy. Global Environmental Change 75, 102545. <a href=\"https:\/\/www.sciencedirect.com\/science\/article\/pii\/S0959378022000838?via%3Dihub\">LINK<\/a><\/li>\n\n\n\n<li>Gilles, E., Ortiz, M., Cadarso, M.-\u00c1., Monsalve, F., Jiang, X., 2021. Opportunities for city carbon footprint reductions through imports source shifting: The case of Bogota. Resources, Conservation and Recycling 172, 105684. <a rel=\"noreferrer noopener\" href=\"https:\/\/www.sciencedirect.com\/science\/article\/pii\/S0921344921002937\" target=\"_blank\">LINK<\/a><\/li>\n\n\n\n<li>Cadarso, M.\u00c1., Gilles, E., L\u00f3pez, L.A., Ortiz, M., 2021. Comercio e integraci\u00f3n en el mundo post-COVID-19: Oportunidades y desaf\u00edos para Am\u00e9rica Latina y el Caribe. Revista Integraci\u00f3n &amp; Comercio A\u00f1o 25. <a href=\"https:\/\/publications.iadb.org\/es\/revista-integracion-comercio-ano-25-no-47-diciembre-2021-comercio-e-integracion-en-el-mundo-post\">LINK<\/a><\/li>\n\n\n\n<li>Cadarso, M. \u00c1., Tobarra, M. \u00c1., Garc\u00eda-Alaminos, \u00c1., Ortiz, M., G\u00f3mez, N. y Zafrilla, J. (2022). The Input\u2013Output Method for Calculating the Carbon Footprint of Tourism: An Application to the Spanish Tourism Industry. In J. Ren (Ed.), <em>Advances of Footprint Family for Sustainable Energy and Industrial Systems<\/em>: Springer International Publishing. <a href=\"https:\/\/www.springerprofessional.de\/en\/the-input-output-method-for-calculating-the-carbon-footprint-of-\/19368472\">LINK<\/a><\/li>\n\n\n\n<li>M.-\u00c1. Cadarso, M. A. Tobarra, A. Garc\u00eda-Alaminos, M. Ortiz, N. G\u00f3mez and J. Zafrilla.&nbsp;The Input\u2013Output Method for Calculating the Carbon Footprint of Tourism: An Application to the Spanish Tourism Industry,&nbsp;In: Advances of Footprint Family for Sustainable Energy and Industrial Systems, edited by J. Ren Springer Nature 2021 <a href=\"https:\/\/link.springer.com\/chapter\/10.1007\/978-3-030-76441-8_3\">LINK<\/a><\/li>\n\n\n\n<li>Garc\u00eda-Alaminos, \u00c1., et al. (2021). \u00abReassembling social defragmented responsibilities: the indecent labour footprint of US multinationals overseas.\u00bb Economic Systems Research: vol 33, issue 4, pages 536-554. <a href=\"https:\/\/www.tandfonline.com\/eprint\/S7R7WQKXZ3MXP5XDCP3Y\/full?target=10.1080\/09535314.2020.1827224\">LINK<\/a><\/li>\n\n\n\n<li>Ortiz, M., Cadarso, M.-\u00c1., &amp; L\u00f3pez, L.-A. The carbon footprint of foreign multinationals within the European Union. Journal of Industrial Ecology: <em>In Press<\/em>. doi:10.1111\/jiec.13017 <a href=\"https:\/\/onlinelibrary.wiley.com\/doi\/full\/10.1111\/jiec.13017\">LINK<\/a><\/li>\n\n\n\n<li>L\u00f3pez, L., Cadarso, M., &amp; Ortiz, M. (2020). La huella de carbono del comercio internacional espa\u00f1ol. ICE, Revista De Econom\u00eda, 913. <a href=\"http:\/\/www.revistasice.com\/index.php\/ICE\/article\/view\/6990\">LINK<\/a> <\/li>\n\n\n\n<li>Monsalve, F., Ortiz, M., Cadarso, M.-\u00c1., Gilles, E., Zafrilla, J., &amp; L\u00f3pez, L.-A. (2020). Nesting a city input\u2013output table in a multiregional framework: a case example with the city of Bogota. [journal article]. Journal of Economic Structures, 9(1), 8. <a href=\"https:\/\/link.springer.com\/article\/10.1186\/s40008-020-0185-8\">LINK<\/a><\/li>\n<\/ul>\n","protected":false},"excerpt":{"rendered":"<p>Department of Economics and Finance \u2013 GEAR Research Group Researcher in training (Personal investigador en Formaci\u00f3n) Address: Facultad de Ciencias Econ\u00f3micas y Empresariales, Universidad de Castilla-La Mancha. Postal Address: Plaza de la Universidad, 1, CP: 02071, Albacete, Spain. Phone: +34926053494 Ext: 2182; Room: 3.22 e-mail:&nbsp; mateofelipe.ortiz@uclm.es Research Areas: Scientific Publications:<\/p>\n","protected":false},"author":319,"featured_media":0,"parent":0,"menu_order":0,"comment_status":"closed","ping_status":"closed","template":"","meta":{"footnotes":""},"class_list":["post-1296","page","type-page","status-publish","hentry"],"_links":{"self":[{"href":"https:\/\/blog.uclm.es\/grupogear\/wp-json\/wp\/v2\/pages\/1296","targetHints":{"allow":["GET"]}}],"collection":[{"href":"https:\/\/blog.uclm.es\/grupogear\/wp-json\/wp\/v2\/pages"}],"about":[{"href":"https:\/\/blog.uclm.es\/grupogear\/wp-json\/wp\/v2\/types\/page"}],"author":[{"embeddable":true,"href":"https:\/\/blog.uclm.es\/grupogear\/wp-json\/wp\/v2\/users\/319"}],"replies":[{"embeddable":true,"href":"https:\/\/blog.uclm.es\/grupogear\/wp-json\/wp\/v2\/comments?post=1296"}],"version-history":[{"count":14,"href":"https:\/\/blog.uclm.es\/grupogear\/wp-json\/wp\/v2\/pages\/1296\/revisions"}],"predecessor-version":[{"id":2222,"href":"https:\/\/blog.uclm.es\/grupogear\/wp-json\/wp\/v2\/pages\/1296\/revisions\/2222"}],"wp:attachment":[{"href":"https:\/\/blog.uclm.es\/grupogear\/wp-json\/wp\/v2\/media?parent=1296"}],"curies":[{"name":"wp","href":"https:\/\/api.w.org\/{rel}","templated":true}]}}