{"id":1249,"date":"2019-05-06T22:36:20","date_gmt":"2019-05-06T21:36:20","guid":{"rendered":"http:\/\/blog.uclm.es\/grupogear\/?page_id=1249"},"modified":"2026-04-07T14:17:57","modified_gmt":"2026-04-07T14:17:57","slug":"angelagarciaalaminos","status":"publish","type":"page","link":"https:\/\/blog.uclm.es\/grupogear\/angelagarciaalaminos\/","title":{"rendered":"\u00c1ngela Garc\u00eda-Alaminos"},"content":{"rendered":"<div class=\"wp-block-image is-resized\">\n<figure class=\"alignleft size-large\"><img loading=\"lazy\" decoding=\"async\" width=\"725\" height=\"1024\" src=\"https:\/\/blog.uclm.es\/grupogear\/wp-content\/uploads\/sites\/204\/2025\/04\/GetAttachmentThumbnail-725x1024.jpg\" alt=\"\" class=\"wp-image-2209\" style=\"width:173px;height:auto\" srcset=\"https:\/\/blog.uclm.es\/grupogear\/wp-content\/uploads\/sites\/204\/2025\/04\/GetAttachmentThumbnail-725x1024.jpg 725w, https:\/\/blog.uclm.es\/grupogear\/wp-content\/uploads\/sites\/204\/2025\/04\/GetAttachmentThumbnail-212x300.jpg 212w, https:\/\/blog.uclm.es\/grupogear\/wp-content\/uploads\/sites\/204\/2025\/04\/GetAttachmentThumbnail-768x1084.jpg 768w, https:\/\/blog.uclm.es\/grupogear\/wp-content\/uploads\/sites\/204\/2025\/04\/GetAttachmentThumbnail-624x881.jpg 624w, https:\/\/blog.uclm.es\/grupogear\/wp-content\/uploads\/sites\/204\/2025\/04\/GetAttachmentThumbnail.jpg 998w\" sizes=\"auto, (max-width: 725px) 100vw, 725px\" \/><\/figure>\n<\/div>\n\n\n<p class=\"has-small-font-size\"><strong>Department of Economics and Finance \u2013 GEAR Research Group <\/strong><\/p>\n\n\n\n<p class=\"has-small-font-size\"><strong>Ph.D<\/strong>.<\/p>\n\n\n\n<p class=\"has-small-font-size\"><strong>Address: Facultad de Ciencias Econ\u00f3micas y Empresariales, Universidad de Castilla-La Mancha.<\/strong><\/p>\n\n\n\n<p class=\"has-small-font-size\"><strong>Postal Address: Plaza de la Universidad, 1, CP: 02071, Albacete, Spain. Phone: +34926052940; Room: 3.22<\/strong><\/p>\n\n\n\n<p class=\"has-small-font-size\"><strong>e-mail:<\/strong>  <a href=\"mailto:angela.garcia@uclm.es\" target=\"_blank\" rel=\"noreferrer noopener\">Angela.Garcia@uclm.es<\/a><a href=\"mailto:mateofelipe.ortiz@uclm.es\"> <\/a><\/p>\n\n\n\n<div class=\"wp-block-group\"><div class=\"wp-block-group__inner-container is-layout-constrained wp-block-group-is-layout-constrained\"><div class=\"wp-block-image is-resized\">\n<figure class=\"alignleft\"><a href=\"https:\/\/www.researchgate.net\/profile\/Angela_Garcia_Alaminos\" target=\"_blank\" rel=\"noreferrer noopener\"><img loading=\"lazy\" decoding=\"async\" width=\"100\" height=\"100\" src=\"https:\/\/blog.uclm.es\/grupogear\/wp-content\/uploads\/sites\/204\/2016\/11\/rg-logo.png\" alt=\"\" class=\"wp-image-764\" style=\"width:39px;height:auto\" \/><\/a><\/figure>\n<\/div>\n\n<div class=\"wp-block-image is-resized\">\n<figure class=\"alignleft\"><a href=\"https:\/\/orcid.org\/0000-0002-2098-8525\" target=\"_blank\" rel=\"noreferrer noopener\"><img loading=\"lazy\" decoding=\"async\" width=\"100\" height=\"100\" src=\"https:\/\/blog.uclm.es\/grupogear\/wp-content\/uploads\/sites\/204\/2016\/11\/orcid_128x128.gif\" alt=\"\" class=\"wp-image-760\" style=\"width:38px;height:auto\" \/><\/a><\/figure>\n<\/div>\n\n<div class=\"wp-block-image is-resized\">\n<figure class=\"alignleft\"><a href=\"https:\/\/publons.com\/researcher\/1796051\/angela-garcia-alaminos\/\" target=\"_blank\" rel=\"noreferrer noopener\"><img loading=\"lazy\" decoding=\"async\" width=\"100\" height=\"94\" src=\"https:\/\/blog.uclm.es\/grupogear\/wp-content\/uploads\/sites\/204\/2016\/11\/logo-rid.png\" alt=\"\" class=\"wp-image-762\" style=\"width:39px;height:auto\" \/><\/a><\/figure>\n<\/div>\n\n<div class=\"wp-block-image is-resized\">\n<figure class=\"alignleft\"><a href=\"https:\/\/www.scopus.com\/authid\/detail.uri?authorId=57202852455\" target=\"_blank\" rel=\"noreferrer noopener\"><img loading=\"lazy\" decoding=\"async\" width=\"100\" height=\"98\" src=\"https:\/\/blog.uclm.es\/grupogear\/wp-content\/uploads\/sites\/204\/2016\/11\/scopus.png\" alt=\"\" class=\"wp-image-761\" style=\"width:35px;height:auto\" \/><\/a><\/figure>\n<\/div><\/div><\/div>\n\n\n\n<p><br><br><br><\/p>\n\n\n\n<h1 class=\"wp-block-heading\">Research Areas<\/h1>\n\n\n\n<ul class=\"wp-block-list\">\n<li>Input-Output Analysis<\/li>\n\n\n\n<li>Sustainability<\/li>\n\n\n\n<li>International Trade<\/li>\n\n\n\n<li>MRIO models<\/li>\n\n\n\n<li>Extended Input-Output models<\/li>\n\n\n\n<li>Social footprints<\/li>\n\n\n\n<li>Environmental Footprints<\/li>\n<\/ul>\n\n\n\n<h1 class=\"wp-block-heading\">Scientific Publications<\/h1>\n\n\n\n<ul class=\"wp-block-list\">\n<li>Garc\u00eda-Alaminos, \u00c1., Cadarso, M.-\u00c1., L\u00f3pez, L. A., &amp; Tobarra, M.-\u00c1. (2026). Recent global value chain reconfiguration: drivers and consequences on EU carbon footprint. Ecological Economics, 240, 108828 <a href=\"https:\/\/www.sciencedirect.com\/science\/article\/pii\/S0921800925003118?via%3Dihub\">LINK<\/a><\/li>\n\n\n\n<li>S\u00e1nchez-Serrano, M., Zafrilla, J., Arce, G., &amp; Garc\u00eda-Alaminos, \u00c1. (2026). Socioeconomic impacts of climate-related migration: The case of Bangladesh. iScience, 29(4), 115199. <a href=\"https:\/\/doi.org\/https:\/\/doi.org\/10.1016\/j.isci.2026.115199\">LINK<\/a><\/li>\n\n\n\n<li>Garc\u00eda-Alaminos, \u00c1ngela, Tobarra, M.- \u00c1ngeles, &amp; Cadarso, M.- \u00c1ngeles. (2025). Determinantes del impacto sobre la huella de carbono de la reconfiguraci\u00f3n de las cadenas globales de valor.&nbsp;<em>Cuadernos Econ\u00f3micos De ICE<\/em>, (109) <a href=\"https:\/\/doi.org\/10.32796\/cice.2025.109.7925\">LINK<\/a>.<\/li>\n\n\n\n<li>L\u00f3pez, L.A., Ortiz, M., Garc\u00eda-Alaminos, \u00c1., Cadarso, M. \u00c1<em>.<\/em>&nbsp;(2025) Consequences of legislation-based reshoring for EU carbon emissions in global value chains.&nbsp;<em>Journal of International Business Policy<\/em>.&nbsp;<a href=\"https:\/\/doi.org\/10.1057\/s42214-025-00216-8\">LINK<\/a>.<\/li>\n\n\n\n<li>Tobarra, M. \u00c1., &nbsp;L\u00f3pez, L.A., Garc\u00eda-Alaminos, \u00c1., Cadarso, M. \u00c1. (2025) Identifying critical EU carbon emissions risk through global value chains.&nbsp;<em>Structural Change and Economic Dynamics<\/em>. Volume 74, Pages 660-676,&nbsp;<a href=\"https:\/\/doi.org\/10.1016\/j.strueco.2025.05.016\">LINK<\/a>.<\/li>\n\n\n\n<li>Arce, G., Garc\u00eda-Alaminos, \u00c1., Ortiz, M., &amp; Zafrilla, J. (2024).&nbsp;Attributing climate-change-related disaster displacement responsibilities along global production chains.&nbsp;<em>iScience, 27<\/em>(11), 111124. https:\/\/doi.org\/10.1016\/j.isci.2024.111124 <a href=\"https:\/\/doi.org\/10.1016\/j.isci.2024.111124\">LINK<\/a><\/li>\n\n\n\n<li>Gueddari, A., Garc\u00eda-Alaminos, \u00c1., Alonso-Moreno, C., Canales-V\u00e1zquez, J., &amp; Garc\u00eda-Yuste, S. (2024).&nbsp;Sustainable farms from a biogenic CO2 source: The CO2 management pig slurry strategy.&nbsp;<em>Chemical Engineering Journal, 492<\/em>, 152231. doi:https:\/\/doi.org\/10.1016\/j.cej.2024.152231 <a href=\"https:\/\/www.sciencedirect.com\/science\/article\/pii\/S1385894724037185?via%3Dihub#f0060\">LINK<\/a><\/li>\n\n\n\n<li>Garc\u00eda-Alaminos, A., Zafrilla, J., &amp; Monsalve, F. Forced labour in the fashion industry: a hypothetical EU-driven reorganisation of textile value chains. Economic Systems Research, 1-26. doi:10.1080\/09535314.2024.2345096 <a href=\"https:\/\/www.tandfonline.com\/doi\/full\/10.1080\/09535314.2024.2345096\">LINK<\/a><\/li>\n\n\n\n<li>Fern\u00e1ndez, S., Arce, G., Garc\u00eda-Alaminos, \u00c1., Cazcarro, I., &amp; Arto, I. (2024). Climate change as a veiled driver of migration in Bangladesh and Ghana. Science of The Total Environment, 922, 171210. doi:https:\/\/doi.org\/10.1016\/j.scitotenv.2024.171210 <a href=\"https:\/\/www.sciencedirect.com\/science\/article\/pii\/S0048969724013494?via%3Dihub\">LINK<\/a><\/li>\n\n\n\n<li>Garc\u00eda-Alaminos, \u00c1., Monsalve, F., Zafrilla, J., 2024. Disentangling social impacts in global value chains through structural path analysis: Investigating forced labor in the cotton industry. Journal of Industrial Ecology n\/a. <a href=\"https:\/\/onlinelibrary.wiley.com\/doi\/full\/10.1111\/jiec.13359\">LINK<\/a><\/li>\n\n\n\n<li>Osorio, P., Cadarso, M.-\u00c1., Tobarra, M.-\u00c1., Garc\u00eda-Alaminos, \u00c1., 2023. Carbon footprint of tourism in Spain: Covid-19 impact and a look forward to recovery. Structural Change and Economic Dynamics 65, 303-318. <a href=\"https:\/\/www.sciencedirect.com\/science\/article\/pii\/S0954349X23000358?via%3Dihub\" target=\"_blank\" rel=\"noreferrer noopener\">LINK<\/a><\/li>\n\n\n\n<li>Garc\u00eda-Alaminos, \u00c1., Gilles, E., Monsalve, F., &amp; Zafrilla, J. (2022). Measuring a university&#8217;s environmental performance: A standardized proposal for carbon footprint assessment. Journal of Cleaner Production, 357, 131783. doi:https:\/\/doi.org\/10.1016\/j.jclepro.2022.131783 <a rel=\"noreferrer noopener\" href=\"https:\/\/www.sciencedirect.com\/science\/article\/pii\/S0959652622013956?dgcid=coauthor\" target=\"_blank\">LINK<\/a><\/li>\n\n\n\n<li>Gueddari-Aourir A, Garc\u00eda-Alaminos A, Garc\u00eda-Yuste S, Alonso-Moreno C, Canales-V\u00e1zquez J, Zafrilla JE. The carbon footprint balance of a real-case wine fermentation CO2 capture and utilization strategy. Renewable and Sustainable Energy Reviews. 2022;157:112058. <a href=\"https:\/\/www.sciencedirect.com\/science\/article\/pii\/S1364032121013204\">LINK<\/a><\/li>\n\n\n\n<li>Cadarso, M. \u00c1., Tobarra, M. \u00c1., Garc\u00eda-Alaminos, \u00c1., Ortiz, M., G\u00f3mez, N. y Zafrilla, J. (2022). The Input\u2013Output Method for Calculating the Carbon Footprint of Tourism: An Application to the Spanish Tourism Industry. In J. Ren (Ed.), <em>Advances of Footprint Family for Sustainable Energy and Industrial Systems<\/em>: Springer International Publishing. <a href=\"https:\/\/www.springerprofessional.de\/en\/the-input-output-method-for-calculating-the-carbon-footprint-of-\/19368472\">LINK<\/a><\/li>\n\n\n\n<li>Garc\u00eda-Alaminos, \u00c1., Rubio, S.J. Emission taxes and feed-in subsidies in the regulation of a polluting monopoly.&nbsp;<em>SERIEs<\/em>&nbsp;12<strong>,&nbsp;<\/strong>255\u2013279 (2021). <a href=\"https:\/\/link.springer.com\/article\/10.1007\/s13209-020-00223-3\">LINK<\/a><\/li>\n\n\n\n<li>M.-\u00c1. Cadarso, M. A. Tobarra, A. Garc\u00eda-Alaminos, M. Ortiz, N. G\u00f3mez and J. Zafrilla.&nbsp;The Input\u2013Output Method for Calculating the Carbon Footprint of Tourism: An Application to the Spanish Tourism Industry,&nbsp;In: Advances of Footprint Family for Sustainable Energy and Industrial Systems, edited by J. Ren Springer Nature 2021 <a href=\"https:\/\/link.springer.com\/chapter\/10.1007\/978-3-030-76441-8_3\">LINK<\/a><\/li>\n\n\n\n<li>Garc\u00eda-Alaminos, \u00c1., et al. (2021). \u00abReassembling social defragmented responsibilities: the indecent labour footprint of US multinationals overseas.\u00bb Economic Systems Research: vol 33, issue 4, pages 536-554. <a href=\"https:\/\/www.tandfonline.com\/eprint\/S7R7WQKXZ3MXP5XDCP3Y\/full?target=10.1080\/09535314.2020.1827224\">LINK<\/a><\/li>\n\n\n\n<li>Zafrilla, J., Garc\u00eda-Alaminos, \u00c1., &amp; Monsalve, F. (2020). The Sustainability Challenge of Dairy Livestock Systems. In S. Garc\u00eda-Yuste (Ed.), Sustainable and Environmentally Friendly Dairy Farms (pp. IX, 112, SpringerBriefs in Applied Sciences and Technology): Springer International Publishing <a href=\"https:\/\/link.springer.com\/book\/10.1007\/978-3-030-46060-0\">LINK<\/a> <\/li>\n\n\n\n<li>Garc\u00eda-Alaminos, \u00c1., Monsalve, F., Zafrilla, J., &amp; Cadarso, M.-A. (2020). Unmasking social distant damage of developed regions\u2019 lifestyle: A decoupling analysis of the indecent labour footprint. PLoS ONE, 15(4) <a href=\"https:\/\/journals.plos.org\/plosone\/article?id=10.1371\/journal.pone.0228649\">LINK<\/a><\/li>\n\n\n\n<li>Monsalve, F., Zafrilla, J.E., Cadarso, M.-\u00c1.,&nbsp; and Garc\u00eda-Alaminos, \u00c1. 2018. Is the emperor wearing new clothes? A social assessment of the European Union 2007\u20132013 financial framework. Economic Systems Research: 1-20 in press.&nbsp;<a href=\"https:\/\/www.tandfonline.com\/doi\/abs\/10.1080\/09535314.2018.1491391?journalCode=cesr20\">LINK<\/a><\/li>\n\n\n\n<li>Garc\u00eda-Alaminos, \u00c1. 2018. La huella socioecon\u00f3mica del comercio internacional. Informaci\u00f3n Comercial Espa\u00f1ola Revista de Econom\u00eda. 2018;901:147-70. <a href=\"http:\/\/www.revistasice.com\/index.php\/ICE\/article\/download\/2008\/2008\/\">LINK <\/a><\/li>\n<\/ul>\n\n\n\n<p><strong>DATABASES<\/strong><\/p>\n\n\n\n<ul class=\"wp-block-list\">\n<li>Garc\u00eda Alaminos, \u00c1ngela (2019), \u201cSocial Indicators of Working Conditions Database \u201d, Mendeley Data, v1. <a href=\"https:\/\/data.mendeley.com\/datasets\/6h5msdfjk2\/1\" target=\"_blank\" rel=\"noreferrer noopener\" aria-label=\"LINK (abre en una nueva pesta\u00f1a)\">LINK<\/a><\/li>\n<\/ul>\n","protected":false},"excerpt":{"rendered":"<p>Department of Economics and Finance \u2013 GEAR Research Group Ph.D. Address: Facultad de Ciencias Econ\u00f3micas y Empresariales, Universidad de Castilla-La Mancha. Postal Address: Plaza de la Universidad, 1, CP: 02071, Albacete, Spain. Phone: +34926052940; Room: 3.22 e-mail: Angela.Garcia@uclm.es Research Areas Scientific Publications DATABASES<\/p>\n","protected":false},"author":319,"featured_media":0,"parent":0,"menu_order":0,"comment_status":"closed","ping_status":"closed","template":"","meta":{"footnotes":""},"class_list":["post-1249","page","type-page","status-publish","hentry"],"_links":{"self":[{"href":"https:\/\/blog.uclm.es\/grupogear\/wp-json\/wp\/v2\/pages\/1249","targetHints":{"allow":["GET"]}}],"collection":[{"href":"https:\/\/blog.uclm.es\/grupogear\/wp-json\/wp\/v2\/pages"}],"about":[{"href":"https:\/\/blog.uclm.es\/grupogear\/wp-json\/wp\/v2\/types\/page"}],"author":[{"embeddable":true,"href":"https:\/\/blog.uclm.es\/grupogear\/wp-json\/wp\/v2\/users\/319"}],"replies":[{"embeddable":true,"href":"https:\/\/blog.uclm.es\/grupogear\/wp-json\/wp\/v2\/comments?post=1249"}],"version-history":[{"count":34,"href":"https:\/\/blog.uclm.es\/grupogear\/wp-json\/wp\/v2\/pages\/1249\/revisions"}],"predecessor-version":[{"id":2466,"href":"https:\/\/blog.uclm.es\/grupogear\/wp-json\/wp\/v2\/pages\/1249\/revisions\/2466"}],"wp:attachment":[{"href":"https:\/\/blog.uclm.es\/grupogear\/wp-json\/wp\/v2\/media?parent=1249"}],"curies":[{"name":"wp","href":"https:\/\/api.w.org\/{rel}","templated":true}]}}