{"id":7,"date":"2018-03-06T11:42:05","date_gmt":"2018-03-06T10:42:05","guid":{"rendered":"http:\/\/blog.uclm.es\/grupoemas\/?page_id=7"},"modified":"2025-01-10T12:13:14","modified_gmt":"2025-01-10T12:13:14","slug":"publicaciones-2","status":"publish","type":"page","link":"https:\/\/blog.uclm.es\/grupoemas\/publicaciones-2\/","title":{"rendered":"Publicaciones cient\u00edficas"},"content":{"rendered":"\n<p>Formato ACS.<\/p>\n\n\n\n<div class=\"wp-block-group\"><div class=\"wp-block-group__inner-container is-layout-constrained wp-block-group-is-layout-constrained\">\n<h3 class=\"wp-block-heading\">2023<\/h3>\n\n\n\n<p>Regulska, E.; Hindenberg, P.; Espineira-Gutierrez, A.; Romero-Nieto, C. Synthesis, Post-Functionalization and Properties of Diphosphapentaarenes. <em>Chemistry \u2013 A European Journal<\/em><strong>2023<\/strong>, <em>29<\/em> (5), e202202769. <a href=\"https:\/\/doi.org\/10.1002\/chem.202202769\">https:\/\/doi.org\/10.1002\/chem.202202769<\/a>.<\/p>\n\n\n\n<p>Partanen, I.; Belyaev, A.; Su, B.-K.; Liu, Z.-Y.; Saarinen, J. J.; Ibni Hashim, I.; Steffen, A.; Chou, P.-T.; Romero-Nieto, C.; Koshevoy, I. O. From Terminal to Spiro-Phosphonium Acceptors, Remarkable Moieties to Develop Polyaromatic NIR Dyes. <em>Chemistry \u2013 A European Journal<\/em><strong>2023<\/strong>, <em>29<\/em> (44), e202301073. <a href=\"https:\/\/doi.org\/10.1002\/chem.202301073\">https:\/\/doi.org\/10.1002\/chem.202301073<\/a>.<\/p>\n\n\n\n<p>Manubens-Gil, L.; Pons-Espinal, M.; Gener, T.; Ballesteros-Ya\u00f1ez, I.; de Lagr\u00e1n, M. M.; Dierssen, M. Deficits in Neuronal Architecture but Not Over-Inhibition Are Main Determinants of Reduced Neuronal Network Activity in a Mouse Model of Overexpression of Dyrk1A. <em>bioRxiv<\/em><strong>2023<\/strong>, 2023.03.09.531874. <a href=\"https:\/\/doi.org\/10.1101\/2023.03.09.531874\">https:\/\/doi.org\/10.1101\/2023.03.09.531874<\/a>.<\/p>\n\n\n\n<p>Galindo, J. M.; San-Mill\u00e1n, I.; Castillo-Sarmiento, C. A.; Ballesteros-Y\u00e1\u00f1ez, I.; Herrero, M. A.; Merino, S.; V\u00e1zquez, E. Mimicking the Extracellular Matrix by Incorporating Functionalized Graphene into Hybrid Hydrogels. <em>Nanoscale<\/em><strong>2023<\/strong>, <em>15<\/em> (34), 14238\u201314248. <a href=\"https:\/\/doi.org\/10.1039\/D3NR02689B\">https:\/\/doi.org\/10.1039\/D3NR02689B<\/a>.<\/p>\n\n\n\n<p>Fronti\u00f1\u00e1n-Rubio, J.; Llanos-Gonz\u00e1lez, E.; Garc\u00eda-Carpintero, S.; Peinado, J. R.; Ballesteros-Y\u00e1\u00f1ez, I.; Rayo, M. V.; de la Fuente, J.; P\u00e9rez-Garc\u00eda, V. M.; Perez-Romasanta, L. A.; Malumbres, M.; Alca\u00edn, F. J.; Dur\u00e1n-Prado, M. CoQ10 Reduces Glioblastoma Growth and Infiltration through Proteome Remodeling and Inhibition of Angiogenesis and Inflammation. <em>Cell Oncol (Dordr)<\/em><strong>2023<\/strong>, <em>46<\/em> (1), 65\u201377. <a href=\"https:\/\/doi.org\/10.1007\/s13402-022-00734-0\">https:\/\/doi.org\/10.1007\/s13402-022-00734-0<\/a>.<\/p>\n\n\n\n<p>de C\u00f3zar, A.; Romero-Nieto, C. Boundaries of the Hyperconjugation from \u03c0-Extended Six-Membered Phosphorus Heterocycles. <em>Inorg. Chem.<\/em><strong>2023<\/strong>, <em>62<\/em> (10), 4097\u20134105. <a href=\"https:\/\/doi.org\/10.1021\/acs.inorgchem.2c03884\">https:\/\/doi.org\/10.1021\/acs.inorgchem.2c03884<\/a>.<\/p>\n<\/div><\/div>\n\n\n\n<div class=\"wp-block-group\"><div class=\"wp-block-group__inner-container is-layout-constrained wp-block-group-is-layout-constrained\">\n<h3 class=\"wp-block-heading\">2022<\/h3>\n\n\n\n<p>Wolfram, A.; Fuentes-Soriano, P.; Herold-Mende, C.; Romero-Nieto, C. Boron- and Phosphorus-Containing Molecular\/Nano Platforms: Exploiting Pathological Redox Imbalance to Fight Cancer. <em>Nanoscale<\/em><strong>2022<\/strong>, <em>14<\/em> (47), 17500\u201317513. <a href=\"https:\/\/doi.org\/10.1039\/D2NR03126D\">https:\/\/doi.org\/10.1039\/D2NR03126D<\/a>.<\/p>\n\n\n\n<p>Marcos, A.; Ballesteros-Y\u00e1\u00f1ez, I.; Castillo-Sarmiento, C. A.; Pardo, F.; Roura-Mart\u00ednez, D.; Mu\u00f1oz-Rodr\u00edguez, J. R.; Higuera-Matas, A.; Ambrosio, E. The Interactions of Alcohol and Cocaine Regulate the Expression of Genes Involved in the GABAergic, Glutamatergic and Endocannabinoid Systems of Male and Female Rats. <em>Neuropharmacology<\/em><strong>2022<\/strong>, <em>206<\/em>, 108937. <a href=\"https:\/\/doi.org\/10.1016\/j.neuropharm.2021.108937\">https:\/\/doi.org\/10.1016\/j.neuropharm.2021.108937<\/a>.<\/p>\n\n\n\n<p>Legan\u00e9s, J.; Rodr\u00edguez, A. M.; Arranz, M. A.; Castillo-Sarmiento, C. A.; Ballesteros-Y\u00e1\u00f1ez, I.; Migall\u00f3n, A. S.; Merino, S.; V\u00e1zquez, E. Magnetically Responsive Hydrophobic Pockets for on\u2013off Drug Release. <em>Materials Today Chemistry<\/em><strong>2022<\/strong>, <em>23<\/em>, 100702. <a href=\"https:\/\/doi.org\/10.1016\/j.mtchem.2021.100702\">https:\/\/doi.org\/10.1016\/j.mtchem.2021.100702<\/a>.<\/p>\n\n\n\n<p>Hindenberg, P.; Belyaev, A.; Rominger, F.; Koshevoy, I. O.; Romero-Nieto, C. Two-Fold Intramolecular Phosphacyclization: From Fluorescent Diphosphapyrene Salts to Pentavalent Derivatives. <em>Org. Lett.<\/em><strong>2022<\/strong>, <em>24<\/em> (35), 6391\u20136396. <a href=\"https:\/\/doi.org\/10.1021\/acs.orglett.2c02391\">https:\/\/doi.org\/10.1021\/acs.orglett.2c02391<\/a>.<\/p>\n\n\n\n<p>Held, M.; Pichler, A.; Chabeda, J.; Lam, N.; Hindenberg, P.; Romero-Nieto, C.; Hernandez-Sosa, G. Soft Electronic Platforms Combining Elastomeric Stretchability and Biodegradability. <em>Advanced Sustainable Systems<\/em><strong>2022<\/strong>, <em>6<\/em> (2), 2100035. <a href=\"https:\/\/doi.org\/10.1002\/adsu.202100035\">https:\/\/doi.org\/10.1002\/adsu.202100035<\/a>.<\/p>\n\n\n\n<p>Fermi, V.; Regulska, E.; Wolfram, A.; Wessling, P.; Rominger, F.; Herold-Mende, C.; Romero-Nieto, C. Luminescent Pyrrole-Based Phosphaphenalene Gold Complexes: Versatile Anticancer Tools with Wide Applicability. <em>Chemistry \u2013 A European Journal<\/em><strong>2022<\/strong>, <em>28<\/em> (34), e202104535. <a href=\"https:\/\/doi.org\/10.1002\/chem.202104535\">https:\/\/doi.org\/10.1002\/chem.202104535<\/a>.<\/p>\n<\/div><\/div>\n\n\n\n<div class=\"wp-block-group\"><div class=\"wp-block-group__inner-container is-layout-constrained wp-block-group-is-layout-constrained\">\n<h3 class=\"wp-block-heading\">2021<\/h3>\n\n\n\n<p>Romero-Nieto, C.; C\u00f3zar, A. de; Regulska, E.; B.&nbsp;Mullenix, J.; Rominger, F.; Hindenberg, P. Controlling the Molecular Arrangement of Racemates through Weak Interactions: The Synergy between \u03c0-Interactions and Halogen Bonds. <em>Chemical Communications<\/em><strong>2021<\/strong>, <em>57<\/em> (60), 7366\u20137369. <a href=\"https:\/\/doi.org\/10.1039\/D1CC01700D\">https:\/\/doi.org\/10.1039\/D1CC01700D<\/a>.<\/p>\n\n\n\n<p>Regulska, E.; Romero-Nieto, C. Design of Organophosphorus Materials for Organic Electronics and Bio-Applications. <em>Materials Today Chemistry<\/em><strong>2021<\/strong>, <em>22<\/em>, 100604. <a href=\"https:\/\/doi.org\/10.1016\/j.mtchem.2021.100604\">https:\/\/doi.org\/10.1016\/j.mtchem.2021.100604<\/a>.<\/p>\n\n\n\n<p>Mu\u00f1oz-Rodr\u00edguez, J. R.; Luna-Castro, J.; Ballesteros-Y\u00e1\u00f1ez, I.; P\u00e9rez-Ortiz, J. M.; G\u00f3mez-Romero, F. J.; Redondo-Calvo, F. J.; Alguacil, L. F.; Castillo, C. A. Influence of Biomedical Education on Health and Eating Habits of University Students in Spain. <em>Nutrition<\/em><strong>2021<\/strong>, 111181. <a href=\"https:\/\/doi.org\/10.1016\/j.nut.2021.111181\">https:\/\/doi.org\/10.1016\/j.nut.2021.111181<\/a>.<\/p>\n\n\n\n<p>Hindenberg, P.; Rominger, F.; Romero-Nieto, C. En Route Towards the Control of Luminescent, Optically-Active 3D Architectures. <em>Angewandte Chemie International Edition<\/em><strong>2021<\/strong>, <em>60<\/em> (2), 766\u2013773. <a href=\"https:\/\/doi.org\/10.1002\/anie.202011368\">https:\/\/doi.org\/10.1002\/anie.202011368<\/a>.<\/p>\n\n\n\n<p>Luengo-Polo, J.; Conde-Caballero, D.; Rivero-Jim\u00e9nez, B.; Ballesteros-Y\u00e1\u00f1ez, I.; Castillo-Sarmiento, C. A.; Mariano-Ju\u00e1rez, L. Rationale and Methods of Evaluation for ACHO, A New Virtual Assistant to Improve Therapeutic Adherence in Rural Elderly Populations: A User-Driven Living Lab. <em>Int J Environ Res Public Health<\/em><strong>2021<\/strong>, <em>18<\/em> (15), 7904. <a href=\"https:\/\/doi.org\/10.3390\/ijerph18157904\">https:\/\/doi.org\/10.3390\/ijerph18157904<\/a>.<\/p>\n\n\n\n<p>Castillo, C. A.; Ballesteros-Y\u00e1\u00f1ez, I.; Le\u00f3n-Navarro, D. A.; Albasanz, J. L.; Mart\u00edn, M. Early Effects of the Soluble Amyloid \u039225-35 Peptide in Rat Cortical Neurons: Modulation of Signal Transduction Mediated by Adenosine and Group I Metabotropic Glutamate Receptors. <em>Int J Mol Sci<\/em><strong>2021<\/strong>, <em>22<\/em> (12), 6577\u20136601. <a href=\"https:\/\/doi.org\/10.3390\/ijms22126577\">https:\/\/doi.org\/10.3390\/ijms22126577<\/a>.<\/p>\n\n\n\n<p>Berlanga-Mac\u00edas, C.; S\u00e1nchez-L\u00f3pez, M.; Solera-Mart\u00ednez, M.; D\u00edez-Fern\u00e1ndez, A.; Ballesteros-Y\u00e1\u00f1ez, I.; Castillo-Sarmiento, C. A.; Mart\u00ednez-Ortega, I. A.; Mart\u00ednez-Vizca\u00edno, V. Relationship between Exclusive Breastfeeding and Brain-Derived Neurotrophic Factor in Children. <em>PLoS One<\/em><strong>2021<\/strong>, <em>16<\/em> (3), 1\u201312. <a href=\"https:\/\/doi.org\/10.1371\/journal.pone.0248023\">https:\/\/doi.org\/10.1371\/journal.pone.0248023<\/a>.<\/p>\n<\/div><\/div>\n\n\n\n<div class=\"wp-block-group\"><div class=\"wp-block-group__inner-container is-layout-constrained wp-block-group-is-layout-constrained\">\n<h3 class=\"wp-block-heading\">2020<\/h3>\n\n\n\n<p>Tito, H. A. R.; Hern\u00e1ndez-Sosa, G.; Romero-Nieto, C.; Regulska, E.; J\u00fcrgensen, N.; Zimmermann, J.; Salazar-Salinas, K.; Caceda, M. E. Q. Extraction of 2\u2032-O-Apiosyl-6\u2032-O-Crotonic Acid-Betanin from the Ayrampo Seed (Opuntia Soehrensii) Cuticle and Its Use as an Emitting Layer in an Organic Light-Emitting Diode. <em>RSC Adv.<\/em><strong>2020<\/strong>, <em>10<\/em> (60), 36695\u201336703. <a href=\"https:\/\/doi.org\/10.1039\/D0RA05543C\">https:\/\/doi.org\/10.1039\/D0RA05543C<\/a>.<\/p>\n\n\n\n<p>Roura-Mart\u00ednez, D.; Ucha, M.; Orihuel, J.; Ballesteros-Y\u00e1\u00f1ez, I.; Castillo, C. A.; Marcos, A.; Ambrosio, E.; Higuera-Matas, A. Central Nucleus of the Amygdala as a Common Substrate of the Incubation of Drug and Natural Reinforcer Seeking. <em>Addict Biol<\/em><strong>2020<\/strong>. <a href=\"https:\/\/doi.org\/10.1111\/adb.12706\">https:\/\/doi.org\/10.1111\/adb.12706<\/a>.<\/p>\n\n\n\n<p>Roesch, S.; Fermi, V.; Rominger, F.; Herold-Mende, C.; Romero-Nieto, C. Gold(I) Complexes Based on Six-Membered Phosphorus Heterocycles as Bio-Active Molecules against Brain Cancer. <em>Chem. Commun.<\/em><strong>2020<\/strong>, <em>56<\/em> (93), 14593\u201314596. <a href=\"https:\/\/doi.org\/10.1039\/D0CC05761D\">https:\/\/doi.org\/10.1039\/D0CC05761D<\/a>.<\/p>\n\n\n\n<p>Regulska, E.; Ruppert, H.; Rominger, F.; Romero-Nieto, C. Synthesis of Blue-Luminescent Seven-Membered Phosphorus Heterocycles. <em>J. Org. Chem.<\/em><strong>2020<\/strong>, <em>85<\/em> (2), 1247\u20131252. <a href=\"https:\/\/doi.org\/10.1021\/acs.joc.9b02723\">https:\/\/doi.org\/10.1021\/acs.joc.9b02723<\/a>.<\/p>\n\n\n\n<p>Regulska, E.; Romero-Nieto, C. Photoresponsive Organophosphorus Materials Based on Six- and Seven-Membered Phosphorus Heterocycles. In <em>Photochemistry<\/em>; 2020; pp 376\u2013410. <a href=\"https:\/\/doi.org\/10.1039\/9781839162114-00376\">https:\/\/doi.org\/10.1039\/9781839162114-00376<\/a>.<\/p>\n\n\n\n<p>Nieto, C. R.; Rominger, F.; Hindenberg, P. En Route Towards the Control of Luminescent, Optically-Active 3D Architectures. <em>Angewandte Chemie International Edition<\/em><strong>2020<\/strong>, <em>n\/a<\/em> (n\/a). <a href=\"https:\/\/doi.org\/10.1002\/anie.202011368\">https:\/\/doi.org\/10.1002\/anie.202011368<\/a>.<\/p>\n\n\n\n<p>Mart\u00edn-Conty, J. L.; Mart\u00edn-Rodr\u00edguez, F.; Criado-\u00c1lvarez, J. J.; Castillo, C. A.; Maestre-Miquel, C.; Mohedano-Moriano, A.; Polonio-L\u00f3pez, B.; Durantez-Fern\u00e1ndez, C.; Castro-Villamor, M. \u00c1.; Vi\u00f1uela, A. How Health Habits Influence the Physiological Response During a Physical Activity in Extreme Temperatures? <em>Int J Environ Res Public Health<\/em><strong>2020<\/strong>, <em>17<\/em> (17), 6374. <a href=\"https:\/\/doi.org\/10.3390\/ijerph17176374\">https:\/\/doi.org\/10.3390\/ijerph17176374<\/a>.<\/p>\n\n\n\n<p>Legan\u00e9s Bay\u00f3n, J.; S\u00e1nchez-Migall\u00f3n, A.; D\u00edaz-Ortiz, \u00c1.; Castillo, C. A.; Ballesteros-Y\u00e1\u00f1ez, I.; Merino, S.; V\u00e1zquez, E. On-Demand Hydrophobic Drug Release Based on Microwave-Responsive Graphene Hydrogel Scaffolds. <em>Chemistry \u2013 A European Journal<\/em><strong>2020<\/strong>, <em>26<\/em> (71), 17069\u201317080. <a href=\"https:\/\/doi.org\/10.1002\/chem.202001429\">https:\/\/doi.org\/10.1002\/chem.202001429<\/a>.<\/p>\n\n\n\n<p>Colmenarejo, C.; Hern\u00e1ndez-Garc\u00eda, M.; Mu\u00f1oz-Rodr\u00edguez, J. R.; Huertas, N.; Navarro, F. J.; Mateo, A. B.; Pellejero, E. M.; Illescas, S.; Vidal, M. D.; Del Campo, R. Prevalence and Risks Factors Associated with ESBL-Producing Faecal Carriage in a Single Long-Term-Care Facility in Spain: Emergence of CTX-M-24- and CTX-M-27-Producing Escherichia Coli ST131-H30R. <em>J Antimicrob Chemother<\/em><strong>2020<\/strong>, <em>75<\/em> (9), 2480\u20132484. <a href=\"https:\/\/doi.org\/10.1093\/jac\/dkaa219\">https:\/\/doi.org\/10.1093\/jac\/dkaa219<\/a>.<\/p>\n<\/div><\/div>\n\n\n\n<div class=\"wp-block-group\"><div class=\"wp-block-group__inner-container is-layout-constrained wp-block-group-is-layout-constrained\">\n<h3 class=\"wp-block-heading\">2019<\/h3>\n\n\n\n<p>Rodr\u00edguez-Pastor, R.; Mougeot, F.; Vidal, M. D.; Jado, I.; Gonz\u00e1lez-Mart\u00edn-Ni\u00f1o, R. M.; Escudero, R.; Luque-Larena, J. J. Zoonotic Bacteria in Fleas Parasitizing Common Voles, Northwestern Spain. <em>Emerg Infect Dis<\/em><strong>2019<\/strong>, <em>25<\/em> (7), 1423\u20131425. <a href=\"https:\/\/doi.org\/10.3201\/eid2507.181646\">https:\/\/doi.org\/10.3201\/eid2507.181646<\/a>.<\/p>\n\n\n\n<p>Rodr\u00edguez-Pastor, R.; Escudero, R.; Lambin, X.; Vidal, M. D.; Gil, H.; Jado, I.; Rodr\u00edguez-Vargas, M.; Luque-Larena, J. J.; Mougeot, F. Zoonotic Pathogens in Fluctuating Common Vole (Microtus Arvalis) Populations: Occurrence and Dynamics. <em>Parasitology<\/em><strong>2019<\/strong>, <em>146<\/em> (3), 389\u2013398. <a href=\"https:\/\/doi.org\/10.1017\/S0031182018001543\">https:\/\/doi.org\/10.1017\/S0031182018001543<\/a>.<\/p>\n\n\n\n<p>Conde-Caballero, D.; Castillo, C. A.; Ballesteros-Y\u00e1\u00f1ez, I.; Mariano-Ju\u00e1rez, L. Blogging as a Tool for the Acquisition and Dissemination of Knowledge in Health Sciences: A Preliminary Evaluation. <em>Int J Educ Technol High Educ<\/em><strong>2019<\/strong>, <em>16<\/em> (1), 1\u201315. <a href=\"https:\/\/doi.org\/10.1186\/s41239-019-0161-2\">https:\/\/doi.org\/10.1186\/s41239-019-0161-2<\/a>.<\/p>\n<\/div><\/div>\n\n\n\n<div class=\"wp-block-group\"><div class=\"wp-block-group__inner-container is-layout-constrained wp-block-group-is-layout-constrained\">\n<h3 class=\"wp-block-heading\">2018<\/h3>\n\n\n\n<p>Ballesteros-Y\u00e1\u00f1ez, I.; Castillo, C. A.; Merighi, S.; Gessi, S. The Role of Adenosine Receptors in Psychostimulant Addiction. <em>Front. Pharmacol.<\/em><strong>2018<\/strong>, <em>8<\/em>, 1\u201318. <a href=\"https:\/\/doi.org\/10.3389\/fphar.2017.00985\">https:\/\/doi.org\/10.3389\/fphar.2017.00985<\/a>.<\/p>\n<\/div><\/div>\n\n\n\n<div class=\"wp-block-group\"><div class=\"wp-block-group__inner-container is-layout-constrained wp-block-group-is-layout-constrained\">\n<h3 class=\"wp-block-heading\">2017<\/h3>\n\n\n\n<p>Rodr\u00edguez-Pastor, R.; Escudero, R.; Vidal, D.; Mougeot, F.; Arroyo, B.; Lambin, X.; Vila-Coro, A. M.; Rodr\u00edguez-Moreno, I.; Anda, P.; Luque-Larena, J. J. Density-Dependent Prevalence of Francisella Tularensis in Fluctuating Vole Populations, Northwestern Spain. <em>Emerging Infect. Dis.<\/em><strong>2017<\/strong>, <em>23<\/em> (8), 1377\u20131379. <a href=\"https:\/\/doi.org\/10.3201\/eid2308.161194\">https:\/\/doi.org\/10.3201\/eid2308.161194<\/a>.<\/p>\n\n\n\n<p>Rodr\u00edguez-Mart\u00edn, B.; Castillo, C. A. Carbohydrates and sports practice: a Twitter virtual ethnography. <em>Nutr Hosp<\/em><strong>2017<\/strong>, <em>34<\/em> (1), 144\u2013153. <a href=\"https:\/\/doi.org\/10.20960\/nh.990\">https:\/\/doi.org\/10.20960\/nh.990<\/a>.<\/p>\n\n\n\n<p>Luque-Larena, J. J.; Mougeot, F.; Arroyo, B.; Vidal, M. D.; Rodr\u00edguez-Pastor, R.; Escudero, R.; Anda, P.; Lambin, X. Irruptive Mammal Host Populations Shape Tularemia Epidemiology. <em>PLoS Pathog.<\/em><strong>2017<\/strong>, <em>13<\/em> (11), e1006622. <a href=\"https:\/\/doi.org\/10.1371\/journal.ppat.1006622\">https:\/\/doi.org\/10.1371\/journal.ppat.1006622<\/a>.<\/p>\n<\/div><\/div>\n\n\n\n<div class=\"wp-block-group\"><div class=\"wp-block-group__inner-container is-layout-constrained wp-block-group-is-layout-constrained\">\n<h3 class=\"wp-block-heading\">2016<\/h3>\n\n\n\n<p>Anza, I.; Vidal, D.; Feliu, J.; Crespo, E.; Mateo, R. Differences in the Vulnerability of Waterbird Species to Botulism Outbreaks in Mediterranean Wetlands: An Assessment of Ecological and Physiological Factors. <em>Appl. Environ. Microbiol.<\/em><strong>2016<\/strong>, <em>82<\/em> (10), 3092\u20133099. <a href=\"https:\/\/doi.org\/10.1128\/AEM.00119-16\">https:\/\/doi.org\/10.1128\/AEM.00119-16<\/a>.<\/p>\n<\/div><\/div>\n","protected":false},"excerpt":{"rendered":"<p>Formato ACS. 2023 Regulska, E.; Hindenberg, P.; Espineira-Gutierrez, A.; Romero-Nieto, C. Synthesis, Post-Functionalization and Properties of Diphosphapentaarenes. Chemistry \u2013 A European Journal2023, 29 (5), e202202769. https:\/\/doi.org\/10.1002\/chem.202202769. Partanen, I.; Belyaev, A.; Su, B.-K.; Liu, Z.-Y.; Saarinen, J. J.; Ibni Hashim, I.; Steffen, A.; Chou, P.-T.; Romero-Nieto, C.; Koshevoy, I. O. From Terminal to Spiro-Phosphonium Acceptors, Remarkable &hellip; <a href=\"https:\/\/blog.uclm.es\/grupoemas\/publicaciones-2\/\" class=\"more-link\">Sigue leyendo <span class=\"screen-reader-text\">Publicaciones cient\u00edficas<\/span><\/a><\/p>\n","protected":false},"author":34,"featured_media":0,"parent":0,"menu_order":0,"comment_status":"closed","ping_status":"closed","template":"","meta":{"footnotes":""},"class_list":["post-7","page","type-page","status-publish","hentry"],"_links":{"self":[{"href":"https:\/\/blog.uclm.es\/grupoemas\/wp-json\/wp\/v2\/pages\/7","targetHints":{"allow":["GET"]}}],"collection":[{"href":"https:\/\/blog.uclm.es\/grupoemas\/wp-json\/wp\/v2\/pages"}],"about":[{"href":"https:\/\/blog.uclm.es\/grupoemas\/wp-json\/wp\/v2\/types\/page"}],"author":[{"embeddable":true,"href":"https:\/\/blog.uclm.es\/grupoemas\/wp-json\/wp\/v2\/users\/34"}],"replies":[{"embeddable":true,"href":"https:\/\/blog.uclm.es\/grupoemas\/wp-json\/wp\/v2\/comments?post=7"}],"version-history":[{"count":8,"href":"https:\/\/blog.uclm.es\/grupoemas\/wp-json\/wp\/v2\/pages\/7\/revisions"}],"predecessor-version":[{"id":428,"href":"https:\/\/blog.uclm.es\/grupoemas\/wp-json\/wp\/v2\/pages\/7\/revisions\/428"}],"wp:attachment":[{"href":"https:\/\/blog.uclm.es\/grupoemas\/wp-json\/wp\/v2\/media?parent=7"}],"curies":[{"name":"wp","href":"https:\/\/api.w.org\/{rel}","templated":true}]}}