{"id":342,"date":"2018-03-06T11:43:30","date_gmt":"2018-03-06T10:43:30","guid":{"rendered":"http:\/\/blog.uclm.es\/grupoemas\/?page_id=13"},"modified":"2026-02-13T09:48:47","modified_gmt":"2026-02-13T08:48:47","slug":"lineas","status":"publish","type":"page","link":"https:\/\/blog.uclm.es\/grupoemas\/lineas\/","title":{"rendered":"L\u00edneas de Investigaci\u00f3n"},"content":{"rendered":"\n<p>El grupo desarrolla sus investigaciones en la Facultad de Medicina de Ciudad Real. Las <strong>l\u00edneas de investigaci\u00f3n principales<\/strong> del grupo se describen a continuaci\u00f3n.<\/p>\n\n\n\n<div class=\"wp-block-group\"><div class=\"wp-block-group__inner-container is-layout-constrained wp-block-group-is-layout-constrained\">\n<h2 class=\"wp-block-heading\"><strong>Neurobiolog\u00eda de la adicci\u00f3n a drogas de abuso.<\/strong><\/h2>\n\n\n\n<p>La reca\u00edda en el consumo de drogas es un problema importante al que se enfrentan los adictos en recuperaci\u00f3n y para el que todav\u00eda no se han desarrollado terapias eficaces. En los seres humanos, una intensificaci\u00f3n del deseo por la droga (<em>craving<\/em>) inducida por se\u00f1ales ambientales es un factor importante. En roedores, este fen\u00f3meno se ha modelado mediante el estudio de la b\u00fasqueda de drogas tras extinci\u00f3n en diferentes momentos de abstinencia (o utilizando un reforzador natural). Aunque se ha progresado mucho, se carece de un enfoque integrado que estudie simult\u00e1neamente las diferentes clases de drogas y las recompensas naturales, que examine la actividad coordinada de las diferentes regiones del cerebro, y su efecto a largo plazo y en distintas edades del desarrollo. Por lo que uno de los objetivos del grupo es el estudio del efecto neuroqu\u00edmico y neuroanat\u00f3mico del abuso de drogas durante la adolescencia y la edad adulta.<\/p>\n<\/div><\/div>\n\n\n\n<div class=\"wp-block-group\"><div class=\"wp-block-group__inner-container is-layout-constrained wp-block-group-is-layout-constrained\">\n<h2 class=\"wp-block-heading\"><strong>Caracterizaci\u00f3n biol\u00f3gica de nuevos biomateriales.<\/strong><\/h2>\n\n\n\n<p>Tanto las enfermedades neurodegenerativas como las modificaciones cerebrales debidas al consumo de drogas producen p\u00e9rdida de neuronas en el cerebro o la m\u00e9dula espinal. Entre los posibles tratamientos, recientemente han ganado importancia las terapias celulares. Aunque su uso en la regeneraci\u00f3n de los tejidos es prometedor, su aplicaci\u00f3n en la cl\u00ednica est\u00e1 limitada debido a las dificultades en el desarrollo de materiales que permitan el control espacial y temporal de la liberaci\u00f3n de factores de crecimiento al medio.&nbsp; Investigaciones previas han demostrado que las c\u00e9lulas cerebrales en cultivo crecen \u00f3ptimamente en hidrogeles y el objetivo del grupo en esta l\u00ednea de investigaci\u00f3n es desarrollar hidrogeles que liberen de manera controlada factores de crecimiento para la diferenciaci\u00f3n neuronal.<\/p>\n<\/div><\/div>\n","protected":false},"excerpt":{"rendered":"<p>El grupo desarrolla sus investigaciones en la Facultad de Medicina de Ciudad Real. Las l\u00edneas de investigaci\u00f3n principales del grupo se describen a continuaci\u00f3n. Neurobiolog\u00eda de la adicci\u00f3n a drogas de abuso. La reca\u00edda en el consumo de drogas es un problema importante al que se enfrentan los adictos en recuperaci\u00f3n y para el que &hellip; <a href=\"https:\/\/blog.uclm.es\/grupoemas\/lineas\/\" class=\"more-link\">Sigue leyendo <span class=\"screen-reader-text\">L\u00edneas de Investigaci\u00f3n<\/span><\/a><\/p>\n","protected":false},"author":34,"featured_media":0,"parent":0,"menu_order":0,"comment_status":"closed","ping_status":"closed","template":"","meta":{"footnotes":""},"class_list":["post-342","page","type-page","status-publish","hentry"],"_links":{"self":[{"href":"https:\/\/blog.uclm.es\/grupoemas\/wp-json\/wp\/v2\/pages\/342","targetHints":{"allow":["GET"]}}],"collection":[{"href":"https:\/\/blog.uclm.es\/grupoemas\/wp-json\/wp\/v2\/pages"}],"about":[{"href":"https:\/\/blog.uclm.es\/grupoemas\/wp-json\/wp\/v2\/types\/page"}],"author":[{"embeddable":true,"href":"https:\/\/blog.uclm.es\/grupoemas\/wp-json\/wp\/v2\/users\/34"}],"replies":[{"embeddable":true,"href":"https:\/\/blog.uclm.es\/grupoemas\/wp-json\/wp\/v2\/comments?post=342"}],"version-history":[{"count":5,"href":"https:\/\/blog.uclm.es\/grupoemas\/wp-json\/wp\/v2\/pages\/342\/revisions"}],"predecessor-version":[{"id":474,"href":"https:\/\/blog.uclm.es\/grupoemas\/wp-json\/wp\/v2\/pages\/342\/revisions\/474"}],"wp:attachment":[{"href":"https:\/\/blog.uclm.es\/grupoemas\/wp-json\/wp\/v2\/media?parent=342"}],"curies":[{"name":"wp","href":"https:\/\/api.w.org\/{rel}","templated":true}]}}