{"id":15,"date":"2018-03-06T11:43:40","date_gmt":"2018-03-06T10:43:40","guid":{"rendered":"http:\/\/blog.uclm.es\/grupoemas\/?page_id=15"},"modified":"2026-02-13T09:50:38","modified_gmt":"2026-02-13T08:50:38","slug":"presentacion","status":"publish","type":"page","link":"https:\/\/blog.uclm.es\/grupoemas\/","title":{"rendered":"Presentaci\u00f3n"},"content":{"rendered":"\n<p>El grupo de <strong>Estudios Moleculares Aplicados a Ciencias de la Salud (EMAS)<\/strong> es un equipo multidisciplinar fundado en 2016 cuyos integrantes son especialistas en qu\u00edmica org\u00e1nica, bioqu\u00edmica, neurobiolog\u00eda y medicina. Sus miembros comparten el objetivo de abordar cuestiones relevantes para la salud desde un enfoque molecular, promoviendo colaboraciones con otros grupos que persigan metas comunes.<\/p>\n\n\n\n<p>El grupo desarrolla principalmente su investigaci\u00f3n en la <a href=\"https:\/\/www.uclm.es\/ciudad-real\/medicina\" target=\"_blank\" rel=\"noreferrer noopener\">Facultad de Medicina de Ciudad Real<\/a> de la Universidad de Castilla-La Mancha.<\/p>\n\n\n\n<p>An\u00edmate a curiosear por estas p\u00e1ginas para ver qui\u00e9nes somos y qu\u00e9 hacemos.<\/p>\n\n\n<p><img loading=\"lazy\" decoding=\"async\" class=\"size-medium wp-image-58 aligncenter\" src=\"https:\/\/blog.uclm.es\/grupoemas\/wp-content\/uploads\/sites\/170\/2019\/05\/logo-175x300.png\" alt=\"\" width=\"175\" height=\"300\" srcset=\"https:\/\/blog.uclm.es\/grupoemas\/wp-content\/uploads\/sites\/170\/2019\/05\/logo-175x300.png 175w, https:\/\/blog.uclm.es\/grupoemas\/wp-content\/uploads\/sites\/170\/2019\/05\/logo-596x1024.png 596w, https:\/\/blog.uclm.es\/grupoemas\/wp-content\/uploads\/sites\/170\/2019\/05\/logo-768x1319.png 768w, https:\/\/blog.uclm.es\/grupoemas\/wp-content\/uploads\/sites\/170\/2019\/05\/logo-894x1536.png 894w, https:\/\/blog.uclm.es\/grupoemas\/wp-content\/uploads\/sites\/170\/2019\/05\/logo-1193x2048.png 1193w\" sizes=\"auto, (max-width: 175px) 100vw, 175px\" \/><\/p>","protected":false},"excerpt":{"rendered":"<p>El grupo de Estudios Moleculares Aplicados a Ciencias de la Salud (EMAS) es un equipo multidisciplinar fundado en 2016 cuyos integrantes son especialistas en qu\u00edmica org\u00e1nica, bioqu\u00edmica, neurobiolog\u00eda y medicina. Sus miembros comparten el objetivo de abordar cuestiones relevantes para la salud desde un enfoque molecular, promoviendo colaboraciones con otros grupos que persigan metas comunes. &hellip; <a href=\"https:\/\/blog.uclm.es\/grupoemas\/\" class=\"more-link\">Sigue leyendo <span class=\"screen-reader-text\">Presentaci\u00f3n<\/span><\/a><\/p>\n","protected":false},"author":34,"featured_media":0,"parent":0,"menu_order":0,"comment_status":"closed","ping_status":"closed","template":"","meta":{"footnotes":""},"class_list":["post-15","page","type-page","status-publish","hentry"],"_links":{"self":[{"href":"https:\/\/blog.uclm.es\/grupoemas\/wp-json\/wp\/v2\/pages\/15","targetHints":{"allow":["GET"]}}],"collection":[{"href":"https:\/\/blog.uclm.es\/grupoemas\/wp-json\/wp\/v2\/pages"}],"about":[{"href":"https:\/\/blog.uclm.es\/grupoemas\/wp-json\/wp\/v2\/types\/page"}],"author":[{"embeddable":true,"href":"https:\/\/blog.uclm.es\/grupoemas\/wp-json\/wp\/v2\/users\/34"}],"replies":[{"embeddable":true,"href":"https:\/\/blog.uclm.es\/grupoemas\/wp-json\/wp\/v2\/comments?post=15"}],"version-history":[{"count":5,"href":"https:\/\/blog.uclm.es\/grupoemas\/wp-json\/wp\/v2\/pages\/15\/revisions"}],"predecessor-version":[{"id":477,"href":"https:\/\/blog.uclm.es\/grupoemas\/wp-json\/wp\/v2\/pages\/15\/revisions\/477"}],"wp:attachment":[{"href":"https:\/\/blog.uclm.es\/grupoemas\/wp-json\/wp\/v2\/media?parent=15"}],"curies":[{"name":"wp","href":"https:\/\/api.w.org\/{rel}","templated":true}]}}