{"id":11,"date":"2018-03-06T11:42:58","date_gmt":"2018-03-06T10:42:58","guid":{"rendered":"http:\/\/blog.uclm.es\/grupoemas\/?page_id=11"},"modified":"2026-02-13T09:45:59","modified_gmt":"2026-02-13T08:45:59","slug":"componentes","status":"publish","type":"page","link":"https:\/\/blog.uclm.es\/grupoemas\/componentes\/","title":{"rendered":"Componentes"},"content":{"rendered":"\n<div class=\"wp-block-columns is-layout-flex wp-container-core-columns-is-layout-9d6595d7 wp-block-columns-is-layout-flex\">\n<div class=\"wp-block-column is-layout-flow wp-block-column-is-layout-flow\" style=\"flex-basis:33.33%\"><div class=\"wp-block-image\">\n<figure class=\"aligncenter size-large\"><img loading=\"lazy\" decoding=\"async\" width=\"2560\" height=\"2560\" src=\"https:\/\/blog.uclm.es\/grupoemas\/wp-content\/uploads\/sites\/170\/2025\/01\/Foto-perfil-CA-2021-edited-scaled.jpg\" alt=\"\" class=\"wp-image-417\" srcset=\"https:\/\/blog.uclm.es\/grupoemas\/wp-content\/uploads\/sites\/170\/2025\/01\/Foto-perfil-CA-2021-edited-scaled.jpg 2560w, https:\/\/blog.uclm.es\/grupoemas\/wp-content\/uploads\/sites\/170\/2025\/01\/Foto-perfil-CA-2021-edited-300x300.jpg 300w, https:\/\/blog.uclm.es\/grupoemas\/wp-content\/uploads\/sites\/170\/2025\/01\/Foto-perfil-CA-2021-edited-1024x1024.jpg 1024w, https:\/\/blog.uclm.es\/grupoemas\/wp-content\/uploads\/sites\/170\/2025\/01\/Foto-perfil-CA-2021-edited-150x150.jpg 150w, https:\/\/blog.uclm.es\/grupoemas\/wp-content\/uploads\/sites\/170\/2025\/01\/Foto-perfil-CA-2021-edited-768x768.jpg 768w, https:\/\/blog.uclm.es\/grupoemas\/wp-content\/uploads\/sites\/170\/2025\/01\/Foto-perfil-CA-2021-edited-1536x1536.jpg 1536w, https:\/\/blog.uclm.es\/grupoemas\/wp-content\/uploads\/sites\/170\/2025\/01\/Foto-perfil-CA-2021-edited-2048x2048.jpg 2048w\" sizes=\"auto, (max-width: 2560px) 100vw, 2560px\" \/><\/figure>\n<\/div><\/div>\n\n\n\n<div class=\"wp-block-column is-layout-flow wp-block-column-is-layout-flow\" style=\"flex-basis:66.66%\">\n<figure class=\"wp-block-table\"><table><thead><tr><th>Carlos Alberto Castillo Sarmiento<\/th><\/tr><\/thead><tbody><tr><td>Investigador Principal <\/td><\/tr><\/tbody><\/table><\/figure>\n\n\n\n<div class=\"wp-block-columns is-layout-flex wp-container-core-columns-is-layout-9d6595d7 wp-block-columns-is-layout-flex\">\n<div class=\"wp-block-column is-layout-flow wp-block-column-is-layout-flow\"><div class=\"wp-block-image\">\n<figure class=\"aligncenter size-full\"><a href=\"https:\/\/orcid.org\/0000-0002-6313-5485\" target=\"_blank\" rel=\"noreferrer noopener\"><img loading=\"lazy\" decoding=\"async\" width=\"32\" height=\"32\" src=\"https:\/\/blog.uclm.es\/grupoemas\/wp-content\/uploads\/sites\/170\/2023\/01\/orcid-e1673971449917.png\" alt=\"\" class=\"wp-image-364\" \/><\/a><\/figure>\n<\/div><\/div>\n<\/div>\n<\/div>\n<\/div>\n\n\n\n<div class=\"wp-block-columns is-layout-flex wp-container-core-columns-is-layout-9d6595d7 wp-block-columns-is-layout-flex\">\n<div class=\"wp-block-column is-layout-flow wp-block-column-is-layout-flow\" style=\"flex-basis:33.33%\">\n<figure class=\"wp-block-image size-full\"><img loading=\"lazy\" decoding=\"async\" width=\"360\" height=\"528\" src=\"https:\/\/blog.uclm.es\/grupoemas\/wp-content\/uploads\/sites\/170\/2026\/02\/Yoana-Rabanal.jpg\" alt=\"\" class=\"wp-image-469\" srcset=\"https:\/\/blog.uclm.es\/grupoemas\/wp-content\/uploads\/sites\/170\/2026\/02\/Yoana-Rabanal.jpg 360w, https:\/\/blog.uclm.es\/grupoemas\/wp-content\/uploads\/sites\/170\/2026\/02\/Yoana-Rabanal-205x300.jpg 205w\" sizes=\"auto, (max-width: 360px) 100vw, 360px\" \/><\/figure>\n<\/div>\n\n\n\n<div class=\"wp-block-column is-layout-flow wp-block-column-is-layout-flow\" style=\"flex-basis:66.66%\">\n<figure class=\"wp-block-table\"><table><thead><tr><th>Yoana Rabanal Ruiz<\/th><\/tr><\/thead><tbody><tr><td>Co-IP<\/td><\/tr><\/tbody><\/table><\/figure>\n\n\n\n<div class=\"wp-block-columns is-layout-flex wp-container-core-columns-is-layout-9d6595d7 wp-block-columns-is-layout-flex\">\n<div class=\"wp-block-column is-layout-flow wp-block-column-is-layout-flow\"><div class=\"wp-block-image\">\n<figure class=\"aligncenter size-full\"><a href=\"https:\/\/orcid.org\/0000-0003-1904-8218\" target=\"_blank\" rel=\"noreferrer noopener\"><img loading=\"lazy\" decoding=\"async\" width=\"32\" height=\"32\" src=\"https:\/\/blog.uclm.es\/grupoemas\/wp-content\/uploads\/sites\/170\/2023\/01\/orcid-e1673971449917.png\" alt=\"\" class=\"wp-image-364\" \/><\/a><\/figure>\n<\/div><\/div>\n<\/div>\n<\/div>\n<\/div>\n\n\n\n<h2 class=\"wp-block-heading\">Miembros del grupo<\/h2>\n\n\n\n<div class=\"wp-block-columns is-layout-flex wp-container-core-columns-is-layout-9d6595d7 wp-block-columns-is-layout-flex\">\n<div class=\"wp-block-column is-layout-flow wp-block-column-is-layout-flow\" style=\"flex-basis:33.33%\"><div class=\"wp-block-image\">\n<figure class=\"aligncenter size-full is-resized\"><img loading=\"lazy\" decoding=\"async\" width=\"150\" height=\"150\" src=\"https:\/\/blog.uclm.es\/grupoemas\/wp-content\/uploads\/sites\/170\/2020\/07\/Foto-Inma.jpg\" alt=\"\" class=\"wp-image-156\" style=\"width:200px\" \/><\/figure>\n<\/div><\/div>\n\n\n\n<div class=\"wp-block-column is-layout-flow wp-block-column-is-layout-flow\" style=\"flex-basis:66.66%\">\n<figure class=\"wp-block-table\"><table><thead><tr><th>Inmaculada Ballesteros Y\u00e1\u00f1ez<\/th><\/tr><\/thead><tbody><tr><td>Investigadora<\/td><\/tr><\/tbody><\/table><\/figure>\n\n\n\n<div class=\"wp-block-columns is-layout-flex wp-container-core-columns-is-layout-9d6595d7 wp-block-columns-is-layout-flex\">\n<div class=\"wp-block-column is-layout-flow wp-block-column-is-layout-flow\"><div class=\"wp-block-image\">\n<figure class=\"aligncenter size-full\"><a href=\"https:\/\/orcid.org\/0000-0003-4362-027X\" target=\"_blank\" rel=\"noreferrer noopener\"><img loading=\"lazy\" decoding=\"async\" width=\"32\" height=\"32\" src=\"https:\/\/blog.uclm.es\/grupoemas\/wp-content\/uploads\/sites\/170\/2023\/01\/orcid-e1673971449917.png\" alt=\"\" class=\"wp-image-364\" \/><\/a><\/figure>\n<\/div><\/div>\n<\/div>\n<\/div>\n<\/div>\n\n\n\n<div class=\"wp-block-columns is-layout-flex wp-container-core-columns-is-layout-9d6595d7 wp-block-columns-is-layout-flex\">\n<div class=\"wp-block-column is-layout-flow wp-block-column-is-layout-flow\" style=\"flex-basis:33.33%\">\n<figure class=\"wp-block-image size-full\"><img loading=\"lazy\" decoding=\"async\" width=\"271\" height=\"255\" src=\"https:\/\/blog.uclm.es\/grupoemas\/wp-content\/uploads\/sites\/170\/2026\/02\/JuanRamon.png\" alt=\"\" class=\"wp-image-468\" \/><\/figure>\n<\/div>\n\n\n\n<div class=\"wp-block-column is-layout-flow wp-block-column-is-layout-flow\" style=\"flex-basis:66.66%\">\n<figure class=\"wp-block-table\"><table><thead><tr><th><a href=\"https:\/\/es.linkedin.com\/in\/juan-ram%C3%B3n-peinado-mena-1419905a\">Juan Ram\u00f3n Peinado Mena<\/a><\/th><\/tr><\/thead><tbody><tr><td>Investigador<\/td><\/tr><\/tbody><\/table><\/figure>\n\n\n\n<div class=\"wp-block-columns is-layout-flex wp-container-core-columns-is-layout-9d6595d7 wp-block-columns-is-layout-flex\">\n<div class=\"wp-block-column is-layout-flow wp-block-column-is-layout-flow\"><div class=\"wp-block-image\">\n<figure class=\"aligncenter size-full is-resized\"><a href=\"https:\/\/orcid.org\/0000-0002-0004-7963\" target=\"_blank\" rel=\"noreferrer noopener\"><img loading=\"lazy\" decoding=\"async\" width=\"32\" height=\"32\" src=\"https:\/\/blog.uclm.es\/grupoemas\/wp-content\/uploads\/sites\/170\/2023\/01\/orcid-e1673971449917.png\" alt=\"\" class=\"wp-image-364\" style=\"width:32px;height:auto\" \/><\/a><\/figure>\n<\/div><\/div>\n<\/div>\n<\/div>\n<\/div>\n\n\n\n<div class=\"wp-block-columns is-layout-flex wp-container-core-columns-is-layout-9d6595d7 wp-block-columns-is-layout-flex\">\n<div class=\"wp-block-column is-layout-flow wp-block-column-is-layout-flow\" style=\"flex-basis:33.33%\">\n<figure class=\"wp-block-image size-full\"><img loading=\"lazy\" decoding=\"async\" width=\"512\" height=\"512\" src=\"https:\/\/blog.uclm.es\/grupoemas\/wp-content\/uploads\/sites\/170\/2025\/09\/Luis-Beato-Fernandez-2.jpg\" alt=\"\" class=\"wp-image-463\" srcset=\"https:\/\/blog.uclm.es\/grupoemas\/wp-content\/uploads\/sites\/170\/2025\/09\/Luis-Beato-Fernandez-2.jpg 512w, https:\/\/blog.uclm.es\/grupoemas\/wp-content\/uploads\/sites\/170\/2025\/09\/Luis-Beato-Fernandez-2-300x300.jpg 300w, https:\/\/blog.uclm.es\/grupoemas\/wp-content\/uploads\/sites\/170\/2025\/09\/Luis-Beato-Fernandez-2-150x150.jpg 150w\" sizes=\"auto, (max-width: 512px) 100vw, 512px\" \/><\/figure>\n<\/div>\n\n\n\n<div class=\"wp-block-column is-layout-flow wp-block-column-is-layout-flow\" style=\"flex-basis:66.66%\">\n<figure class=\"wp-block-table\"><table><thead><tr><th>Luis Beato Fern\u00e1ndez<\/th><\/tr><\/thead><tbody><tr><td>Investigador<\/td><\/tr><\/tbody><\/table><\/figure>\n\n\n\n<div class=\"wp-block-columns is-layout-flex wp-container-core-columns-is-layout-9d6595d7 wp-block-columns-is-layout-flex\">\n<div class=\"wp-block-column is-layout-flow wp-block-column-is-layout-flow\"><div class=\"wp-block-image\">\n<figure class=\"aligncenter size-full\"><a href=\"https:\/\/orcid.org\/0000-0003-0054-8802\" target=\"_blank\" rel=\"noreferrer noopener\"><img loading=\"lazy\" decoding=\"async\" width=\"32\" height=\"32\" src=\"https:\/\/blog.uclm.es\/grupoemas\/wp-content\/uploads\/sites\/170\/2023\/01\/orcid-e1673971449917.png\" alt=\"\" class=\"wp-image-364\" \/><\/a><\/figure>\n<\/div><\/div>\n<\/div>\n<\/div>\n<\/div>\n\n\n\n<div class=\"wp-block-columns is-layout-flex wp-container-core-columns-is-layout-9d6595d7 wp-block-columns-is-layout-flex\">\n<div class=\"wp-block-column is-layout-flow wp-block-column-is-layout-flow\" style=\"flex-basis:33.33%\"><div class=\"wp-block-image\">\n<figure class=\"aligncenter size-full is-resized\"><img loading=\"lazy\" decoding=\"async\" width=\"352\" height=\"503\" src=\"https:\/\/blog.uclm.es\/grupoemas\/wp-content\/uploads\/sites\/170\/2025\/01\/fotomara.jpg\" alt=\"\" class=\"wp-image-420\" style=\"width:200px\" srcset=\"https:\/\/blog.uclm.es\/grupoemas\/wp-content\/uploads\/sites\/170\/2025\/01\/fotomara.jpg 352w, https:\/\/blog.uclm.es\/grupoemas\/wp-content\/uploads\/sites\/170\/2025\/01\/fotomara-210x300.jpg 210w\" sizes=\"auto, (max-width: 352px) 100vw, 352px\" \/><\/figure>\n<\/div><\/div>\n\n\n\n<div class=\"wp-block-column is-layout-flow wp-block-column-is-layout-flow\" style=\"flex-basis:66.66%\">\n<figure class=\"wp-block-table\"><table><thead><tr><th>Francisco Javier G\u00f3mez Romero<\/th><\/tr><\/thead><tbody><tr><td>Investigador<\/td><\/tr><\/tbody><\/table><\/figure>\n\n\n\n<div class=\"wp-block-columns is-layout-flex wp-container-core-columns-is-layout-9d6595d7 wp-block-columns-is-layout-flex\">\n<div class=\"wp-block-column is-layout-flow wp-block-column-is-layout-flow\"><div class=\"wp-block-image\">\n<figure class=\"aligncenter size-full\"><a href=\"https:\/\/orcid.org\/0000-0003-0754-5129\" target=\"_blank\" rel=\"noreferrer noopener\"><img loading=\"lazy\" decoding=\"async\" width=\"32\" height=\"32\" src=\"https:\/\/blog.uclm.es\/grupoemas\/wp-content\/uploads\/sites\/170\/2023\/01\/orcid-e1673971449917.png\" alt=\"\" class=\"wp-image-364\" \/><\/a><\/figure>\n<\/div><\/div>\n<\/div>\n<\/div>\n<\/div>\n\n\n\n<div class=\"wp-block-columns is-layout-flex wp-container-core-columns-is-layout-9d6595d7 wp-block-columns-is-layout-flex\">\n<div class=\"wp-block-column is-layout-flow wp-block-column-is-layout-flow\" style=\"flex-basis:33.33%\">\n<figure class=\"wp-block-image size-full\"><img loading=\"lazy\" decoding=\"async\" width=\"800\" height=\"800\" src=\"https:\/\/blog.uclm.es\/grupoemas\/wp-content\/uploads\/sites\/170\/2026\/02\/asmae.jpg\" alt=\"\" class=\"wp-image-471\" srcset=\"https:\/\/blog.uclm.es\/grupoemas\/wp-content\/uploads\/sites\/170\/2026\/02\/asmae.jpg 800w, https:\/\/blog.uclm.es\/grupoemas\/wp-content\/uploads\/sites\/170\/2026\/02\/asmae-300x300.jpg 300w, https:\/\/blog.uclm.es\/grupoemas\/wp-content\/uploads\/sites\/170\/2026\/02\/asmae-150x150.jpg 150w, https:\/\/blog.uclm.es\/grupoemas\/wp-content\/uploads\/sites\/170\/2026\/02\/asmae-768x768.jpg 768w\" sizes=\"auto, (max-width: 800px) 100vw, 800px\" \/><\/figure>\n<\/div>\n\n\n\n<div class=\"wp-block-column is-layout-flow wp-block-column-is-layout-flow\" style=\"flex-basis:66.66%\">\n<figure class=\"wp-block-table\"><table><thead><tr><th>Asmae Benchohra<\/th><\/tr><\/thead><tbody><tr><td>Personal en formaci\u00f3n<\/td><\/tr><\/tbody><\/table><\/figure>\n\n\n\n<div class=\"wp-block-columns is-layout-flex wp-container-core-columns-is-layout-9d6595d7 wp-block-columns-is-layout-flex\">\n<div class=\"wp-block-column is-layout-flow wp-block-column-is-layout-flow\"><\/div>\n<\/div>\n<\/div>\n<\/div>\n\n\n\n<div style=\"height:63px\" aria-hidden=\"true\" class=\"wp-block-spacer\"><\/div>\n\n\n\n<h2 class=\"wp-block-heading\">Componentes previos del grupo<\/h2>\n\n\n\n<p>Mar\u00eda Dolors Vidal Roig &#8211; Investigadora<br>Felipe Epifanio Pardo Mu\u00f1oz &#8211; T\u00e9cnico<br>Carlos Romero Nieto &#8211; Investigador<br>Elzbieta Regulska &#8211; Investigadora<br>Pablo Fuentes Soriano &#8211; Investigador<br>Adri\u00e1n Espi\u00f1era Guti\u00e9rrez &#8211; Investigador<br>Jos\u00e9 Ram\u00f3n Mu\u00f1oz Rodr\u00edguez &#8211; Investigador<br><\/p>\n\n\n\n<div class=\"wp-block-group\"><div class=\"wp-block-group__inner-container is-layout-constrained wp-block-group-is-layout-constrained\">\n<h6 class=\"wp-block-heading\">Tesis doctorales:<\/h6>\n\n\n\n<p>Eloy Rueda Gomariz<br>Pedro \u00c1ngel Caro Alonso<\/p>\n<\/div><\/div>\n\n\n\n<div class=\"wp-block-group\"><div class=\"wp-block-group__inner-container is-layout-constrained wp-block-group-is-layout-constrained\">\n<h6 class=\"wp-block-heading\">Estudiantes TFM:<\/h6>\n\n\n\n<p>Nieves Aranda Sobrino<br>Nerea de Enciso Ramos<\/p>\n<\/div><\/div>\n\n\n\n<div class=\"wp-block-group\"><div class=\"wp-block-group__inner-container is-layout-constrained wp-block-group-is-layout-constrained\">\n<h6 class=\"wp-block-heading\">Estudiantes TFG:<\/h6>\n\n\n\n<p>Alma Mar\u00eda Palomino Bustos<br>Noelia Garc\u00eda Fern\u00b4\u00e1ndez<br>Irene Santos Prado<br>Julia del R\u00edo Izquierdo<br>Javier Luna Castro<br>Esther Gigante Miravalles<br>Lorena Su\u00e1rez Portugu\u00e9s<br>Miguel Rodr\u00edguez Rodr\u00edguez<br>Lorena Corral Ortega<br>Marta Mangas L\u00f3pez<br>Manuel Pedrero Prieto<br>Patricia Santiago Gonz\u00e1lez<br>Carmen Guti\u00e9rrez S\u00e1nchez &#8211; Beca de Colaboraci\u00f3n Banco Santander<br>Cristina Mar\u00eda Copado Pozos<br>F\u00e1tima Castilla Moreno<br>Juana Navarro Aliaga<br>Irene Rodr\u00edguez Moya<br>Jorge Granada Berm\u00fadez<br>\u00c1ngela Mart\u00edn P\u00e9rez<\/p>\n<\/div><\/div>\n\n\n\n<div class=\"wp-block-group\"><div class=\"wp-block-group__inner-container is-layout-constrained wp-block-group-is-layout-constrained\">\n<h6 class=\"wp-block-heading\">Pr\u00e1cticas:<\/h6>\n\n\n\n<p>Pablo Alonso G\u00f3mez &#8211; Ciclo Laboratorio Cl\u00ednico y Biom\u00e9dico<br>Miguel \u00c1ngel Babiano Gimeno &#8211; Ciclo Anatom\u00eda Patol\u00f3gica y Citodiagn\u00f3stico<br>Juan Antonio Peinado del \u00c1rbol &#8211; Ciclo Laboratorio Cl\u00ednico y Biom\u00e9dico<br>Manuela Garc\u00eda Navarro &#8211; Ciclo Anatom\u00eda Patol\u00f3gica y Citodiagn\u00f3stico<br>Luc\u00eda Torijano Garc\u00eda-Calvo &#8211; Laboratorio Cl\u00ednico y Biom\u00e9dico<br>Pablo Castellano Sevillano &#8211; Ciclo Anatom\u00eda Patol\u00f3gica y Citodiagn\u00f3stico<\/p>\n<\/div><\/div>\n\n\n\n<div class=\"wp-block-group\"><div class=\"wp-block-group__inner-container is-layout-constrained wp-block-group-is-layout-constrained\">\n<h6 class=\"wp-block-heading\">Programa de Introducci\u00f3n a la Investigaci\u00f3n:<\/h6>\n\n\n\n<p>Mar\u00eda Barrachina Perpi\u00f1a<br>Jocelyn Fabiana Reynolds<br>Ana Jim\u00b4\u00e9nez Alcaide<br>Luc\u00eda Garc\u00eda Trujillo &#8211; Beca de Colaboraci\u00f3n Banco Santander<br><\/p>\n<\/div><\/div>\n\n\n\n<div class=\"wp-block-group\"><div class=\"wp-block-group__inner-container is-layout-constrained wp-block-group-is-layout-constrained\">\n<h6 class=\"wp-block-heading\">Estancias ifmsa:<\/h6>\n\n\n\n<p>Atalay Demiray<br>Borislava Dineva<br><\/p>\n<\/div><\/div>\n","protected":false},"excerpt":{"rendered":"<p>Carlos Alberto Castillo Sarmiento Investigador Principal Yoana Rabanal Ruiz Co-IP Miembros del grupo Inmaculada Ballesteros Y\u00e1\u00f1ez Investigadora Juan Ram\u00f3n Peinado Mena Investigador Luis Beato Fern\u00e1ndez Investigador Francisco Javier G\u00f3mez Romero Investigador Asmae Benchohra Personal en formaci\u00f3n Componentes previos del grupo Mar\u00eda Dolors Vidal Roig &#8211; InvestigadoraFelipe Epifanio Pardo Mu\u00f1oz &#8211; T\u00e9cnicoCarlos Romero Nieto &#8211; InvestigadorElzbieta &hellip; <a href=\"https:\/\/blog.uclm.es\/grupoemas\/componentes\/\" class=\"more-link\">Sigue leyendo <span class=\"screen-reader-text\">Componentes<\/span><\/a><\/p>\n","protected":false},"author":34,"featured_media":0,"parent":0,"menu_order":0,"comment_status":"closed","ping_status":"closed","template":"","meta":{"footnotes":""},"class_list":["post-11","page","type-page","status-publish","hentry"],"_links":{"self":[{"href":"https:\/\/blog.uclm.es\/grupoemas\/wp-json\/wp\/v2\/pages\/11","targetHints":{"allow":["GET"]}}],"collection":[{"href":"https:\/\/blog.uclm.es\/grupoemas\/wp-json\/wp\/v2\/pages"}],"about":[{"href":"https:\/\/blog.uclm.es\/grupoemas\/wp-json\/wp\/v2\/types\/page"}],"author":[{"embeddable":true,"href":"https:\/\/blog.uclm.es\/grupoemas\/wp-json\/wp\/v2\/users\/34"}],"replies":[{"embeddable":true,"href":"https:\/\/blog.uclm.es\/grupoemas\/wp-json\/wp\/v2\/comments?post=11"}],"version-history":[{"count":30,"href":"https:\/\/blog.uclm.es\/grupoemas\/wp-json\/wp\/v2\/pages\/11\/revisions"}],"predecessor-version":[{"id":472,"href":"https:\/\/blog.uclm.es\/grupoemas\/wp-json\/wp\/v2\/pages\/11\/revisions\/472"}],"wp:attachment":[{"href":"https:\/\/blog.uclm.es\/grupoemas\/wp-json\/wp\/v2\/media?parent=11"}],"curies":[{"name":"wp","href":"https:\/\/api.w.org\/{rel}","templated":true}]}}