{"id":2,"date":"2023-11-09T14:03:45","date_gmt":"2023-11-09T13:03:45","guid":{"rendered":"https:\/\/blog.uclm.es\/grupoderade\/?page_id=2"},"modified":"2023-12-28T17:25:09","modified_gmt":"2023-12-28T16:25:09","slug":"pagina-ejemplo","status":"publish","type":"page","link":"https:\/\/blog.uclm.es\/grupoderade\/pagina-ejemplo\/","title":{"rendered":"\u00bfQUI\u00c9NES SOMOS?"},"content":{"rendered":"\n<p><strong>Director: <\/strong>Mtr. Jos\u00e9 Guillermo Rodr\u00edguez de la Nieta. Contratado predoctoral en Hacienda P\u00fablica por la UCLM.<\/p>\n\n\n\n<p><strong>Codirector: <\/strong>Mtr. Sergio S\u00e1nchez Par\u00eds. Coordinador Cl\u00ednica Jur\u00eddica DyD.<\/p>\n\n\n\n<p class=\"has-text-align-center\"><strong>EQUIPO INVESTIGADOR<\/strong><\/p>\n","protected":false},"excerpt":{"rendered":"<p>Director: Mtr. Jos\u00e9 Guillermo Rodr\u00edguez de la Nieta. Contratado predoctoral en Hacienda P\u00fablica por la UCLM. Codirector: Mtr. Sergio S\u00e1nchez Par\u00eds. Coordinador Cl\u00ednica Jur\u00eddica DyD. EQUIPO INVESTIGADOR<\/p>\n","protected":false},"author":442,"featured_media":0,"parent":0,"menu_order":0,"comment_status":"closed","ping_status":"open","template":"","meta":{"footnotes":""},"class_list":["post-2","page","type-page","status-publish","hentry"],"_links":{"self":[{"href":"https:\/\/blog.uclm.es\/grupoderade\/wp-json\/wp\/v2\/pages\/2","targetHints":{"allow":["GET"]}}],"collection":[{"href":"https:\/\/blog.uclm.es\/grupoderade\/wp-json\/wp\/v2\/pages"}],"about":[{"href":"https:\/\/blog.uclm.es\/grupoderade\/wp-json\/wp\/v2\/types\/page"}],"author":[{"embeddable":true,"href":"https:\/\/blog.uclm.es\/grupoderade\/wp-json\/wp\/v2\/users\/442"}],"replies":[{"embeddable":true,"href":"https:\/\/blog.uclm.es\/grupoderade\/wp-json\/wp\/v2\/comments?post=2"}],"version-history":[{"count":4,"href":"https:\/\/blog.uclm.es\/grupoderade\/wp-json\/wp\/v2\/pages\/2\/revisions"}],"predecessor-version":[{"id":27,"href":"https:\/\/blog.uclm.es\/grupoderade\/wp-json\/wp\/v2\/pages\/2\/revisions\/27"}],"wp:attachment":[{"href":"https:\/\/blog.uclm.es\/grupoderade\/wp-json\/wp\/v2\/media?parent=2"}],"curies":[{"name":"wp","href":"https:\/\/api.w.org\/{rel}","templated":true}]}}