{"id":59,"date":"2018-04-03T22:54:12","date_gmt":"2018-04-03T21:54:12","guid":{"rendered":"http:\/\/blog.uclm.es\/grupocomes\/?page_id=59"},"modified":"2022-11-22T16:15:45","modified_gmt":"2022-11-22T16:15:45","slug":"contacto","status":"publish","type":"page","link":"https:\/\/blog.uclm.es\/grupocomes\/contacto\/","title":{"rendered":"Contacto"},"content":{"rendered":"<p><strong>E.T.S. Ingenieros Industriales de Ciudad Real.<\/strong><\/p>\n<p>Avda. Camilo Jos\u00e9 Cela, s\/n.<br \/>\n13071 Ciudad Real (Spain)<br \/>\n<img loading=\"lazy\" decoding=\"async\" class=\"alignright size-medium wp-image-93\" src=\"https:\/\/blog.uclm.es\/grupocomes\/wp-content\/uploads\/sites\/215\/2018\/04\/etsii-cr-300x142.jpg\" alt=\"\" width=\"300\" height=\"142\" srcset=\"https:\/\/blog.uclm.es\/grupocomes\/wp-content\/uploads\/sites\/215\/2018\/04\/etsii-cr-300x142.jpg 300w, https:\/\/blog.uclm.es\/grupocomes\/wp-content\/uploads\/sites\/215\/2018\/04\/etsii-cr-500x237.jpg 500w, https:\/\/blog.uclm.es\/grupocomes\/wp-content\/uploads\/sites\/215\/2018\/04\/etsii-cr.jpg 625w\" sizes=\"auto, (max-width: 300px) 100vw, 300px\" \/><br \/>\nJuan Jos\u00e9 L\u00f3pez Cela<br \/>\nTel. 926 295 300 ext: 3806<br \/>\n<a href=\"mailto:juanjose.lopez@uclm.es\">juanjose.lopez@uclm.es<\/a><\/p>\n<p>Gloria Patricia Rodr\u00edguez Donoso<br \/>\nTel. 926 295 300 ext: 3815<br \/>\n<a href=\"mailto:gloria.rodriguez@uclm.es\">gloria.rodriguez@uclm.es<\/a><\/p>\n","protected":false},"excerpt":{"rendered":"<p>E.T.S. Ingenieros Industriales de Ciudad Real. Avda. Camilo Jos\u00e9 Cela, s\/n. 13071 Ciudad Real (Spain) Juan Jos\u00e9 L\u00f3pez Cela Tel. 926 295 300 ext: 3806 juanjose.lopez@uclm.es Gloria Patricia Rodr\u00edguez Donoso Tel. 926 295 300 ext: 3815 gloria.rodriguez@uclm.es<\/p>\n","protected":false},"author":339,"featured_media":0,"parent":0,"menu_order":8,"comment_status":"closed","ping_status":"closed","template":"","meta":{"footnotes":""},"class_list":["post-59","page","type-page","status-publish","hentry"],"_links":{"self":[{"href":"https:\/\/blog.uclm.es\/grupocomes\/wp-json\/wp\/v2\/pages\/59","targetHints":{"allow":["GET"]}}],"collection":[{"href":"https:\/\/blog.uclm.es\/grupocomes\/wp-json\/wp\/v2\/pages"}],"about":[{"href":"https:\/\/blog.uclm.es\/grupocomes\/wp-json\/wp\/v2\/types\/page"}],"author":[{"embeddable":true,"href":"https:\/\/blog.uclm.es\/grupocomes\/wp-json\/wp\/v2\/users\/339"}],"replies":[{"embeddable":true,"href":"https:\/\/blog.uclm.es\/grupocomes\/wp-json\/wp\/v2\/comments?post=59"}],"version-history":[{"count":1,"href":"https:\/\/blog.uclm.es\/grupocomes\/wp-json\/wp\/v2\/pages\/59\/revisions"}],"predecessor-version":[{"id":224,"href":"https:\/\/blog.uclm.es\/grupocomes\/wp-json\/wp\/v2\/pages\/59\/revisions\/224"}],"wp:attachment":[{"href":"https:\/\/blog.uclm.es\/grupocomes\/wp-json\/wp\/v2\/media?parent=59"}],"curies":[{"name":"wp","href":"https:\/\/api.w.org\/{rel}","templated":true}]}}