{"id":52,"date":"2018-04-03T22:45:00","date_gmt":"2018-04-03T21:45:00","guid":{"rendered":"http:\/\/blog.uclm.es\/grupocomes\/?page_id=52"},"modified":"2018-04-03T22:45:00","modified_gmt":"2018-04-03T21:45:00","slug":"equipamiento","status":"publish","type":"page","link":"https:\/\/blog.uclm.es\/grupocomes\/equipamiento\/","title":{"rendered":"Equipamiento de Laboratorio"},"content":{"rendered":"<p><strong>Caracterizaci\u00f3n y comportamiento mec\u00e1nico de materiales: <\/strong><br \/>\n<div id=\"attachment_82\" style=\"width: 310px\" class=\"wp-caption alignright\"><img loading=\"lazy\" decoding=\"async\" aria-describedby=\"caption-attachment-82\" src=\"https:\/\/blog.uclm.es\/grupocomes\/wp-content\/uploads\/sites\/215\/2018\/04\/Maquina_DIC-300x169.jpg\" alt=\"\" width=\"300\" height=\"169\" class=\"size-medium wp-image-82\" srcset=\"https:\/\/blog.uclm.es\/grupocomes\/wp-content\/uploads\/sites\/215\/2018\/04\/Maquina_DIC-300x169.jpg 300w, https:\/\/blog.uclm.es\/grupocomes\/wp-content\/uploads\/sites\/215\/2018\/04\/Maquina_DIC-1024x576.jpg 1024w, https:\/\/blog.uclm.es\/grupocomes\/wp-content\/uploads\/sites\/215\/2018\/04\/Maquina_DIC-768x432.jpg 768w, https:\/\/blog.uclm.es\/grupocomes\/wp-content\/uploads\/sites\/215\/2018\/04\/Maquina_DIC-1536x864.jpg 1536w, https:\/\/blog.uclm.es\/grupocomes\/wp-content\/uploads\/sites\/215\/2018\/04\/Maquina_DIC-2048x1152.jpg 2048w, https:\/\/blog.uclm.es\/grupocomes\/wp-content\/uploads\/sites\/215\/2018\/04\/Maquina_DIC-500x281.jpg 500w\" sizes=\"auto, (max-width: 300px) 100vw, 300px\" \/><p id=\"caption-attachment-82\" class=\"wp-caption-text\">M\u00e1quina Triaxial y DIC<\/p><\/div><\/p>\n<p>M\u00e1quina de ensayos triaxial (50 kN) y uniaxial (100kN), Flexi\u00f3n de 3 puntos. Correlaci\u00f3n Digital de Imagen 3D (DIC). Torre de impacto instrumentalizada por ca\u00edda libre de masa y p\u00e9ndulo Charpy. Dur\u00f3metros, microdur\u00f3metros y trib\u00f3metro pin-on-disc. Ensayos no destructivos: escler\u00f3metros, ultrasonidos Phased-Array.<\/p>\n<div id=\"attachment_82\" style=\"width: 310px\" class=\"wp-caption alignright\"><img loading=\"lazy\" decoding=\"async\" aria-describedby=\"caption-attachment-82\" src=\"https:\/\/blog.uclm.es\/grupocomes\/wp-content\/uploads\/sites\/215\/2018\/04\/SEM_fibras-300x225.png\" alt=\"\" width=\"300\" height=\"225\" class=\"alignright size-medium wp-image-74\" srcset=\"https:\/\/blog.uclm.es\/grupocomes\/wp-content\/uploads\/sites\/215\/2018\/04\/SEM_fibras-300x225.png 300w, https:\/\/blog.uclm.es\/grupocomes\/wp-content\/uploads\/sites\/215\/2018\/04\/SEM_fibras-1024x768.png 1024w, https:\/\/blog.uclm.es\/grupocomes\/wp-content\/uploads\/sites\/215\/2018\/04\/SEM_fibras-768x576.png 768w, https:\/\/blog.uclm.es\/grupocomes\/wp-content\/uploads\/sites\/215\/2018\/04\/SEM_fibras-1536x1152.png 1536w, https:\/\/blog.uclm.es\/grupocomes\/wp-content\/uploads\/sites\/215\/2018\/04\/SEM_fibras-2048x1536.png 2048w, https:\/\/blog.uclm.es\/grupocomes\/wp-content\/uploads\/sites\/215\/2018\/04\/SEM_fibras-400x300.png 400w\" sizes=\"auto, (max-width: 300px) 100vw, 300px\" \/><p id=\"caption-attachment-82\" class=\"wp-caption-text\">Microscop\u00eda SEM<\/p><\/div>\n<p><strong>Fabricaci\u00f3n- Procesado-Tratamientos t\u00e9rmicos:<\/strong><br \/>\nFabricaci\u00f3n de materiales compuestos reforzados con fibras (Prensa de platos calientes), procesado pulvimetal\u00fargico, tratamientos t\u00e9rmicos (muflas, horno tubular de vac\u00edo) y concentrador solar (Lente de Fresnel, pirheli\u00f3metro).<\/p>\n<div id=\"attachment_102\" style=\"width: 310px\" class=\"wp-caption alignright\"><img loading=\"lazy\" decoding=\"async\" aria-describedby=\"caption-attachment-102\" src=\"https:\/\/blog.uclm.es\/grupocomes\/wp-content\/uploads\/sites\/215\/2018\/04\/Columna-Impacto-300x241.png\" alt=\"\" width=\"300\" height=\"241\" class=\"size-medium wp-image-102\" srcset=\"https:\/\/blog.uclm.es\/grupocomes\/wp-content\/uploads\/sites\/215\/2018\/04\/Columna-Impacto-300x241.png 300w, https:\/\/blog.uclm.es\/grupocomes\/wp-content\/uploads\/sites\/215\/2018\/04\/Columna-Impacto-768x617.png 768w, https:\/\/blog.uclm.es\/grupocomes\/wp-content\/uploads\/sites\/215\/2018\/04\/Columna-Impacto-373x300.png 373w, https:\/\/blog.uclm.es\/grupocomes\/wp-content\/uploads\/sites\/215\/2018\/04\/Columna-Impacto.png 991w\" sizes=\"auto, (max-width: 300px) 100vw, 300px\" \/><p id=\"caption-attachment-102\" class=\"wp-caption-text\">Columna de impacto<\/p><\/div>\n<p><strong>Caracterizaci\u00f3n microestructural de materiales:<\/strong><\/p>\n<p>Preparaci\u00f3n metalogr\u00e1fica, microscopios estereosc\u00f3picos, \u00f3pticos y microscopio Electr\u00f3nico de Barrido (SEM) con microan\u00e1lisis (EDS). Programas de an\u00e1lisis de imagen.<\/p>\n<p><strong>Software comercial de an\u00e1lisis mediante FEM: ABAQUS\u00ae, ANSYS\u00ae, ADINA\u00ae <\/strong><\/p>\n<p>Realizaci\u00f3n de estudios lineales y no-lineales basados en el M\u00e9todo de los Elementos Finitos (FEM) y el M\u00e9todo de los Elementos Finitos eXtendido (XFEM).<\/p>\n<div id=\"attachment_82\" style=\"width: 310px\" class=\"wp-caption alignleft\"><img loading=\"lazy\" decoding=\"async\" aria-describedby=\"caption-attachment-82\" src=\"https:\/\/blog.uclm.es\/grupocomes\/wp-content\/uploads\/sites\/215\/2018\/04\/FEM-300x194.png\" alt=\"\" width=\"300\" height=\"194\" class=\"alignright size-medium wp-image-73\" srcset=\"https:\/\/blog.uclm.es\/grupocomes\/wp-content\/uploads\/sites\/215\/2018\/04\/FEM-300x194.png 300w, https:\/\/blog.uclm.es\/grupocomes\/wp-content\/uploads\/sites\/215\/2018\/04\/FEM-1024x662.png 1024w, https:\/\/blog.uclm.es\/grupocomes\/wp-content\/uploads\/sites\/215\/2018\/04\/FEM-768x497.png 768w, https:\/\/blog.uclm.es\/grupocomes\/wp-content\/uploads\/sites\/215\/2018\/04\/FEM-464x300.png 464w, https:\/\/blog.uclm.es\/grupocomes\/wp-content\/uploads\/sites\/215\/2018\/04\/FEM.png 1269w\" sizes=\"auto, (max-width: 300px) 100vw, 300px\" \/><p id=\"caption-attachment-82\" class=\"wp-caption-text\">An\u00e1lisis mediante FEM<\/p><\/div>\n<div id=\"attachment_101\" style=\"width: 310px\" class=\"wp-caption alignright\"><img loading=\"lazy\" decoding=\"async\" aria-describedby=\"caption-attachment-101\" src=\"https:\/\/blog.uclm.es\/grupocomes\/wp-content\/uploads\/sites\/215\/2018\/04\/45_-45_24_30A-300x220.png\" alt=\"\" width=\"300\" height=\"220\" class=\"size-medium wp-image-101\" srcset=\"https:\/\/blog.uclm.es\/grupocomes\/wp-content\/uploads\/sites\/215\/2018\/04\/45_-45_24_30A-300x220.png 300w, https:\/\/blog.uclm.es\/grupocomes\/wp-content\/uploads\/sites\/215\/2018\/04\/45_-45_24_30A-1024x751.png 1024w, https:\/\/blog.uclm.es\/grupocomes\/wp-content\/uploads\/sites\/215\/2018\/04\/45_-45_24_30A-768x563.png 768w, https:\/\/blog.uclm.es\/grupocomes\/wp-content\/uploads\/sites\/215\/2018\/04\/45_-45_24_30A-409x300.png 409w, https:\/\/blog.uclm.es\/grupocomes\/wp-content\/uploads\/sites\/215\/2018\/04\/45_-45_24_30A.png 1294w\" sizes=\"auto, (max-width: 300px) 100vw, 300px\" \/><p id=\"caption-attachment-101\" class=\"wp-caption-text\">C-Scan obtenido por Phased-Array<\/p><\/div>\n","protected":false},"excerpt":{"rendered":"<p>Caracterizaci\u00f3n y comportamiento mec\u00e1nico de materiales: M\u00e1quina de ensayos triaxial (50 kN) y uniaxial (100kN), Flexi\u00f3n de 3 puntos. Correlaci\u00f3n Digital de Imagen 3D (DIC). Torre de impacto instrumentalizada por ca\u00edda libre de masa y p\u00e9ndulo Charpy. Dur\u00f3metros, microdur\u00f3metros y &hellip; <a href=\"https:\/\/blog.uclm.es\/grupocomes\/equipamiento\/\">Sigue leyendo <span class=\"meta-nav\">&rarr;<\/span><\/a><\/p>\n","protected":false},"author":339,"featured_media":0,"parent":0,"menu_order":2,"comment_status":"closed","ping_status":"closed","template":"","meta":{"footnotes":""},"class_list":["post-52","page","type-page","status-publish","hentry"],"_links":{"self":[{"href":"https:\/\/blog.uclm.es\/grupocomes\/wp-json\/wp\/v2\/pages\/52","targetHints":{"allow":["GET"]}}],"collection":[{"href":"https:\/\/blog.uclm.es\/grupocomes\/wp-json\/wp\/v2\/pages"}],"about":[{"href":"https:\/\/blog.uclm.es\/grupocomes\/wp-json\/wp\/v2\/types\/page"}],"author":[{"embeddable":true,"href":"https:\/\/blog.uclm.es\/grupocomes\/wp-json\/wp\/v2\/users\/339"}],"replies":[{"embeddable":true,"href":"https:\/\/blog.uclm.es\/grupocomes\/wp-json\/wp\/v2\/comments?post=52"}],"version-history":[{"count":0,"href":"https:\/\/blog.uclm.es\/grupocomes\/wp-json\/wp\/v2\/pages\/52\/revisions"}],"wp:attachment":[{"href":"https:\/\/blog.uclm.es\/grupocomes\/wp-json\/wp\/v2\/media?parent=52"}],"curies":[{"name":"wp","href":"https:\/\/api.w.org\/{rel}","templated":true}]}}