{"id":47,"date":"2018-04-03T22:41:04","date_gmt":"2018-04-03T21:41:04","guid":{"rendered":"http:\/\/blog.uclm.es\/grupocomes\/?page_id=47"},"modified":"2022-11-22T16:14:33","modified_gmt":"2022-11-22T16:14:33","slug":"formacion","status":"publish","type":"page","link":"https:\/\/blog.uclm.es\/grupocomes\/formacion\/","title":{"rendered":"Formaci\u00f3n"},"content":{"rendered":"<p><strong>Fabricaci\u00f3n y dise\u00f1o de materiales compuestos reforzados con fibra (5\u00aa Edici\u00f3n)<\/strong><\/p>\n<p>Este curso de libre configuraci\u00f3n tiene por objeto el proporcionar a los alumnos formaci\u00f3n adicional, te\u00f3rica y pr\u00e1ctica, sobre el proceso de fabricaci\u00f3n y caracterizaci\u00f3n mec\u00e1nica de materiales<br \/>\ncompuestos reforzados con fibra de vidrio y de carbono.<\/p>\n<p>M\u00e1s informaci\u00f3n: <a href=\"https:\/\/blog.uclm.es\/grupocomes\/wp-content\/uploads\/sites\/215\/2019\/01\/TRIPTICO_2019.pdf\" target=\"_blank\" rel=\"noopener\">Tr\u00edptico<\/a><br \/>\nInscripci\u00f3n: <a href=\"https:\/\/cursosweb.uclm.es\/index.aspx\" target=\"_blank\" rel=\"noopener\">Cursos Web<\/a><\/p>\n","protected":false},"excerpt":{"rendered":"<p>Fabricaci\u00f3n y dise\u00f1o de materiales compuestos reforzados con fibra (5\u00aa Edici\u00f3n) Este curso de libre configuraci\u00f3n tiene por objeto el proporcionar a los alumnos formaci\u00f3n adicional, te\u00f3rica y pr\u00e1ctica, sobre el proceso de fabricaci\u00f3n y caracterizaci\u00f3n mec\u00e1nica de materiales compuestos &hellip; <a href=\"https:\/\/blog.uclm.es\/grupocomes\/formacion\/\">Sigue leyendo <span class=\"meta-nav\">&rarr;<\/span><\/a><\/p>\n","protected":false},"author":339,"featured_media":0,"parent":0,"menu_order":5,"comment_status":"closed","ping_status":"closed","template":"","meta":{"footnotes":""},"class_list":["post-47","page","type-page","status-publish","hentry"],"_links":{"self":[{"href":"https:\/\/blog.uclm.es\/grupocomes\/wp-json\/wp\/v2\/pages\/47","targetHints":{"allow":["GET"]}}],"collection":[{"href":"https:\/\/blog.uclm.es\/grupocomes\/wp-json\/wp\/v2\/pages"}],"about":[{"href":"https:\/\/blog.uclm.es\/grupocomes\/wp-json\/wp\/v2\/types\/page"}],"author":[{"embeddable":true,"href":"https:\/\/blog.uclm.es\/grupocomes\/wp-json\/wp\/v2\/users\/339"}],"replies":[{"embeddable":true,"href":"https:\/\/blog.uclm.es\/grupocomes\/wp-json\/wp\/v2\/comments?post=47"}],"version-history":[{"count":1,"href":"https:\/\/blog.uclm.es\/grupocomes\/wp-json\/wp\/v2\/pages\/47\/revisions"}],"predecessor-version":[{"id":223,"href":"https:\/\/blog.uclm.es\/grupocomes\/wp-json\/wp\/v2\/pages\/47\/revisions\/223"}],"wp:attachment":[{"href":"https:\/\/blog.uclm.es\/grupocomes\/wp-json\/wp\/v2\/media?parent=47"}],"curies":[{"name":"wp","href":"https:\/\/api.w.org\/{rel}","templated":true}]}}