{"id":858,"date":"2022-06-03T09:13:35","date_gmt":"2022-06-03T08:13:35","guid":{"rendered":"https:\/\/blog.uclm.es\/grupochico\/?page_id=858"},"modified":"2023-01-02T14:16:40","modified_gmt":"2023-01-02T14:16:40","slug":"otros-colaboradores","status":"publish","type":"page","link":"https:\/\/blog.uclm.es\/grupochico\/otros-colaboradores\/","title":{"rendered":"Otros colaboradores"},"content":{"rendered":"\n<div class=\"wp-block-media-text alignwide is-stacked-on-mobile is-vertically-aligned-center\" style=\"grid-template-columns:30% auto\"><figure class=\"wp-block-media-text__media\"><img loading=\"lazy\" decoding=\"async\" width=\"194\" height=\"300\" src=\"https:\/\/blog.uclm.es\/grupochico\/wp-content\/uploads\/sites\/41\/2022\/06\/Jesus_Gallardo2-194x300-1.jpg\" alt=\"Fotograf\u00eda Doctor Jes\u00fas Gallardo\" class=\"wp-image-859 size-full\" \/><\/figure><div class=\"wp-block-media-text__content\">\n<div style=\"height:5px\" aria-hidden=\"true\" class=\"wp-block-spacer\"><\/div>\n\n\n\n<p class=\"has-text-align-center\" style=\"font-size:18px\"><strong>Jes\u00fas Gallardo<\/strong><br><em>Director de la EUPT<\/em><\/p>\n\n\n\n<p class=\"has-text-align-center\" style=\"font-size:15px\">Profesor Titular de Universidad<br>\u00c1rea de Lenguajes y Sistemas Inform\u00e1ticos<br>Departamento de Inform\u00e1tica e Ingenier\u00eda de Sistemas <br><a href=\"https:\/\/eupt.unizar.es\">Escuela Universitaria Polit\u00e9cnica de Teruel (EUPT)<\/a><br>Universidad de Zaragoza<\/p>\n\n\n\n<ul style=\"margin:auto;text-align:center\">\n<a href=\"mailto:Jesus.Gallardo@unizar.es\" title=\"e-mail\">\n        <img loading=\"lazy\" decoding=\"async\" src=\"https:\/\/blog.uclm.es\/grupochico\/wp-content\/uploads\/sites\/41\/2022\/07\/mail-icon.png\" alt=\"mail\" width=\"30\" height=\"30\" border=\"0\">\n    <\/a>\n\n&nbsp;&nbsp;&nbsp;\n<a href=\"https:\/\/scholar.google.es\/citations?user=eXV3rQYAAAAJ&amp;hl=es\" target=\"_blank\" rel=\"noopener\" title=\"google shoclar\">\n        <img loading=\"lazy\" decoding=\"async\" src=\"https:\/\/blog.uclm.es\/grupochico\/wp-content\/uploads\/sites\/41\/2022\/07\/gscholar-icon.png\" alt=\"gscholar\" width=\"30\" height=\"30\" border=\"0\">\n    <\/a>\n\n&nbsp;&nbsp;&nbsp;\n    <a href=\"https:\/\/orcid.org\/\n0000-0001-9895-0837\" target=\"_blank\" rel=\"noopener\" title=\"orcid\">\n        <img loading=\"lazy\" decoding=\"async\" src=\"https:\/\/blog.uclm.es\/grupochico\/wp-content\/uploads\/sites\/41\/2022\/07\/ORCID-icon2.png\" alt=\"orcid\" width=\"30\" height=\"30\" border=\"0\">\n    <\/a>\n<\/ul>\n\n\n\n<div style=\"height:5px\" aria-hidden=\"true\" class=\"wp-block-spacer\"><\/div>\n<\/div><\/div>\n\n\n\n<hr class=\"wp-block-separator has-css-opacity is-style-wide\" \/>\n\n\n\n<div class=\"wp-block-media-text alignwide is-stacked-on-mobile\" style=\"grid-template-columns:30% auto\"><figure class=\"wp-block-media-text__media\"><img loading=\"lazy\" decoding=\"async\" width=\"200\" height=\"201\" src=\"https:\/\/blog.uclm.es\/grupochico\/wp-content\/uploads\/sites\/41\/2022\/06\/rafael2.jpg\" alt=\"Fotograf\u00eda Doctor Rafael Duque\" class=\"wp-image-863 size-full\" srcset=\"https:\/\/blog.uclm.es\/grupochico\/wp-content\/uploads\/sites\/41\/2022\/06\/rafael2.jpg 200w, https:\/\/blog.uclm.es\/grupochico\/wp-content\/uploads\/sites\/41\/2022\/06\/rafael2-150x150.jpg 150w\" sizes=\"auto, (max-width: 200px) 100vw, 200px\" \/><\/figure><div class=\"wp-block-media-text__content\">\n<div style=\"height:5px\" aria-hidden=\"true\" class=\"wp-block-spacer\"><\/div>\n\n\n\n<p class=\"has-text-align-center\" style=\"font-size:18px\"><strong>Rafael Duque<\/strong><br><em>Investigador<\/em><\/p>\n\n\n\n<p class=\"has-text-align-center\" style=\"font-size:15px\">Profesor Titular de Universidad <br>\u00c1rea de Lenguajes y Sistemas Inform\u00e1ticos<br>Departamento de Matem\u00e1ticas, Estad\u00edstica y Computaci\u00f3n<br><a href=\"https:\/\/web.unican.es\/centros\/ciencias\">Facultad de Ciencias<\/a> <br>Universidad de Cantabria<\/p>\n\n\n\n<ul style=\"margin:auto;text-align:center\">\n<a href=\"mailto:Rafael.Duque@unican.es\" title=\"e-mail\">\n        <img loading=\"lazy\" decoding=\"async\" src=\"https:\/\/blog.uclm.es\/grupochico\/wp-content\/uploads\/sites\/41\/2022\/07\/mail-icon.png\" alt=\"mail\" width=\"30\" height=\"30\" border=\"0\">\n    <\/a>\n\n&nbsp;&nbsp;&nbsp;\n<a href=\"https:\/\/scholar.google.es\/citations?user=a0xuZVEAAAAJ&amp;hl=es\" target=\"_blank\" rel=\"noopener\" title=\"google scholar\">\n        <img loading=\"lazy\" decoding=\"async\" src=\"https:\/\/blog.uclm.es\/grupochico\/wp-content\/uploads\/sites\/41\/2022\/07\/gscholar-icon.png\" alt=\"gscholar\" width=\"30\" height=\"30\" border=\"0\">\n    <\/a>\n\n&nbsp;&nbsp;&nbsp;\n    <a href=\"https:\/\/orcid.org\/\n0000-0001-8636-3213\" target=\"_blank\" rel=\"noopener\" title=\"orcid\">\n        <img loading=\"lazy\" decoding=\"async\" src=\"https:\/\/blog.uclm.es\/grupochico\/wp-content\/uploads\/sites\/41\/2022\/07\/ORCID-icon2.png\" alt=\"orcid\" width=\"30\" height=\"30\" border=\"0\">\n    <\/a>\n<\/ul>\n\n\n\n<div style=\"height:5px\" aria-hidden=\"true\" class=\"wp-block-spacer\"><\/div>\n<\/div><\/div>\n\n\n\n<hr class=\"wp-block-separator has-css-opacity is-style-wide\" \/>\n\n\n\n<div class=\"wp-block-media-text alignwide is-stacked-on-mobile\" style=\"grid-template-columns:30% auto\"><figure class=\"wp-block-media-text__media\"><img loading=\"lazy\" decoding=\"async\" width=\"161\" height=\"189\" src=\"https:\/\/blog.uclm.es\/grupochico\/wp-content\/uploads\/sites\/41\/2022\/06\/5044027.jpg\" alt=\"Fotograf\u00eda Doctor Francisco Jurado\" class=\"wp-image-864 size-thumbnail\" \/><\/figure><div class=\"wp-block-media-text__content\">\n<div style=\"height:5px\" aria-hidden=\"true\" class=\"wp-block-spacer\"><\/div>\n\n\n\n<p class=\"has-text-align-center\" style=\"font-size:18px\"><strong>Francisco Jurado<\/strong><br><em>Investigador<\/em><\/p>\n\n\n\n<p class=\"has-text-align-center\" style=\"font-size:15px\">Profesor Titular de Universidad<br>\u00c1rea de Lenguajes y Sistemas Inform\u00e1ticos<br>Departamento de Ingenier\u00eda Inform\u00e1tica<br> <a href=\"https:\/\/www.uam.es\/EPS\/Home.htm?language=es\">Escuela Polit\u00e9cnica Superior<\/a><br>Universidad Aut\u00f3noma de Madrid<\/p>\n\n\n\n<ul style=\"margin:auto;text-align:center\">\n<a href=\"mailto:Francisco.Jurado@uam.es\" title=\"e-mail\">\n        <img loading=\"lazy\" decoding=\"async\" src=\"https:\/\/blog.uclm.es\/grupochico\/wp-content\/uploads\/sites\/41\/2022\/07\/mail-icon.png\" alt=\"mail\" width=\"30\" height=\"30\" border=\"0\">\n    <\/a>\n\n&nbsp;&nbsp;&nbsp;\n<a href=\"https:\/\/scholar.google.es\/citations?user=pZvYHqoAAAAJ&amp;hl=es\" target=\"_blank\" rel=\"noopener\" title=\"google scholar\">\n        <img loading=\"lazy\" decoding=\"async\" src=\"https:\/\/blog.uclm.es\/grupochico\/wp-content\/uploads\/sites\/41\/2022\/07\/gscholar-icon.png\" alt=\"gscholar\" width=\"30\" height=\"30\" border=\"0\">\n    <\/a>\n\n&nbsp;&nbsp;&nbsp;\n    <a href=\"https:\/\/orcid.org\/\n0000-0001-7559-8236\" target=\"_blank\" rel=\"noopener\" title=\"orcid\">\n        <img loading=\"lazy\" decoding=\"async\" src=\"https:\/\/blog.uclm.es\/grupochico\/wp-content\/uploads\/sites\/41\/2022\/07\/ORCID-icon2.png\" alt=\"orcid\" width=\"30\" height=\"30\" border=\"0\">\n    <\/a>\n<\/ul>\n\n\n\n<div style=\"height:5px\" aria-hidden=\"true\" class=\"wp-block-spacer\"><\/div>\n<\/div><\/div>\n\n\n\n<hr class=\"wp-block-separator has-css-opacity is-style-wide\" \/>\n\n\n\n<div class=\"wp-block-media-text alignwide is-stacked-on-mobile\" style=\"grid-template-columns:30% auto\"><figure class=\"wp-block-media-text__media\"><img loading=\"lazy\" decoding=\"async\" width=\"225\" height=\"225\" src=\"https:\/\/blog.uclm.es\/grupochico\/wp-content\/uploads\/sites\/41\/2022\/06\/Cesar.jpg\" alt=\"Fotograf\u00eda Doctor C\u00e9sar Collazos\" class=\"wp-image-870 size-full\" srcset=\"https:\/\/blog.uclm.es\/grupochico\/wp-content\/uploads\/sites\/41\/2022\/06\/Cesar.jpg 225w, https:\/\/blog.uclm.es\/grupochico\/wp-content\/uploads\/sites\/41\/2022\/06\/Cesar-150x150.jpg 150w\" sizes=\"auto, (max-width: 225px) 100vw, 225px\" \/><\/figure><div class=\"wp-block-media-text__content\">\n<div style=\"height:5px\" aria-hidden=\"true\" class=\"wp-block-spacer\"><\/div>\n\n\n\n<p class=\"has-text-align-center\" style=\"font-size:18px\"><strong>C\u00e9sar \u00c1. Collazos<\/strong><br><em>Director del Grupo IDIS<\/em><\/p>\n\n\n\n<p class=\"has-text-align-center\" style=\"font-size:15px\">Full Professor <br>Departamento de Sistemas<br>Universidad del Cauca, Colombia<\/p>\n\n\n\n<ul style=\"margin:auto;text-align:center\">\n<a href=\"mailto:ccollazo@unicauca.edu.co\" title=\"e-mail\">\n        <img loading=\"lazy\" decoding=\"async\" src=\"https:\/\/blog.uclm.es\/grupochico\/wp-content\/uploads\/sites\/41\/2022\/07\/mail-icon.png\" alt=\"mail\" width=\"30\" height=\"30\" border=\"0\">\n    <\/a>\n\n&nbsp;&nbsp;&nbsp;\n<a href=\"https:\/\/scholar.google.es\/citations?user=9XuLJBAAAAAJ&amp;hl=es\" target=\"_blank\" rel=\"noopener\" title=\"google scholar\">\n        <img loading=\"lazy\" decoding=\"async\" src=\"https:\/\/blog.uclm.es\/grupochico\/wp-content\/uploads\/sites\/41\/2022\/07\/gscholar-icon.png\" alt=\"gscholar\" width=\"30\" height=\"30\" border=\"0\">\n    <\/a>\n\n&nbsp;&nbsp;&nbsp;\n    <a href=\"https:\/\/orcid.org\/0000-0002-7099-8131\" target=\"_blank\" rel=\"noopener\" title=\"orcid\">\n        <img loading=\"lazy\" decoding=\"async\" src=\"https:\/\/blog.uclm.es\/grupochico\/wp-content\/uploads\/sites\/41\/2022\/07\/ORCID-icon2.png\" alt=\"orcid\" width=\"30\" height=\"30\" border=\"0\">\n    <\/a>\n<\/ul>\n\n\n\n<div style=\"height:5px\" aria-hidden=\"true\" class=\"wp-block-spacer\"><\/div>\n<\/div><\/div>\n\n\n\n<hr class=\"wp-block-separator is-style-wide\" id=\"block-d15e5e0f-30a1-4b54-8eb8-4fa8087ae401\" \/>\n\n\n\n<div class=\"wp-block-media-text alignwide is-stacked-on-mobile\" style=\"grid-template-columns:30% auto\"><figure class=\"wp-block-media-text__media\"><img loading=\"lazy\" decoding=\"async\" width=\"900\" height=\"900\" src=\"https:\/\/blog.uclm.es\/grupochico\/wp-content\/uploads\/sites\/41\/2022\/06\/WilliamJoseph.jpg\" alt=\"Fotograf\u00eda Doctor William Joseph Giraldo\" class=\"wp-image-894 size-full\" srcset=\"https:\/\/blog.uclm.es\/grupochico\/wp-content\/uploads\/sites\/41\/2022\/06\/WilliamJoseph.jpg 900w, https:\/\/blog.uclm.es\/grupochico\/wp-content\/uploads\/sites\/41\/2022\/06\/WilliamJoseph-300x300.jpg 300w, https:\/\/blog.uclm.es\/grupochico\/wp-content\/uploads\/sites\/41\/2022\/06\/WilliamJoseph-150x150.jpg 150w, https:\/\/blog.uclm.es\/grupochico\/wp-content\/uploads\/sites\/41\/2022\/06\/WilliamJoseph-768x768.jpg 768w\" sizes=\"auto, (max-width: 706px) 89vw, (max-width: 767px) 82vw, 740px\" \/><\/figure><div class=\"wp-block-media-text__content\">\n<div style=\"height:5px\" aria-hidden=\"true\" class=\"wp-block-spacer\"><\/div>\n\n\n\n<p class=\"has-text-align-center\" style=\"font-size:18px\"><strong>William J. Giraldo<\/strong><br><em>Investigador<\/em><\/p>\n\n\n\n<p class=\"has-text-align-center\" style=\"font-size:15px\">Professor<br>Universidad del Quind\u00edo, Colombia<\/p>\n\n\n\n<ul style=\"margin:auto;text-align:center\">\n<a href=\"mailto:wjgiraldo@uniquindio.edu.co\" title=\"e-mail\">\n        <img loading=\"lazy\" decoding=\"async\" src=\"https:\/\/blog.uclm.es\/grupochico\/wp-content\/uploads\/sites\/41\/2022\/07\/mail-icon.png\" alt=\"mail\" width=\"30\" height=\"30\" border=\"0\">\n    <\/a>\n\n&nbsp;&nbsp;&nbsp;\n<a href=\"https:\/\/scholar.google.com\/citations?user=UjNzUxEAAAAJ&amp;hl=es\" target=\"_blank\" rel=\"noopener\" title=\"google scholar\">\n        <img loading=\"lazy\" decoding=\"async\" src=\"https:\/\/blog.uclm.es\/grupochico\/wp-content\/uploads\/sites\/41\/2022\/07\/gscholar-icon.png\" alt=\"gscholar\" width=\"30\" height=\"30\" border=\"0\">\n    <\/a>\n\n&nbsp;&nbsp;&nbsp;\n    <a href=\"https:\/\/orcid.org\/\n0000-0002-3914-3215\" target=\"_blank\" rel=\"noopener\" title=\"orcid\">\n        <img loading=\"lazy\" decoding=\"async\" src=\"https:\/\/blog.uclm.es\/grupochico\/wp-content\/uploads\/sites\/41\/2022\/07\/ORCID-icon2.png\" alt=\"orcid\" width=\"30\" height=\"30\" border=\"0\">\n    <\/a>\n<\/ul>\n\n\n\n<div style=\"height:5px\" aria-hidden=\"true\" class=\"wp-block-spacer\"><\/div>\n<\/div><\/div>\n\n\n\n<hr class=\"wp-block-separator is-style-wide\" id=\"block-d15e5e0f-30a1-4b54-8eb8-4fa8087ae401\" \/>\n\n\n\n<div class=\"wp-block-media-text alignwide is-stacked-on-mobile\" style=\"grid-template-columns:30% auto\"><figure class=\"wp-block-media-text__media\"><img loading=\"lazy\" decoding=\"async\" width=\"608\" height=\"755\" src=\"https:\/\/blog.uclm.es\/grupochico\/wp-content\/uploads\/sites\/41\/2022\/06\/3.jpg\" alt=\"Fotograf\u00eda Doctor \u00d3scar Revelo\" class=\"wp-image-871 size-full\" srcset=\"https:\/\/blog.uclm.es\/grupochico\/wp-content\/uploads\/sites\/41\/2022\/06\/3.jpg 608w, https:\/\/blog.uclm.es\/grupochico\/wp-content\/uploads\/sites\/41\/2022\/06\/3-242x300.jpg 242w\" sizes=\"auto, (max-width: 608px) 100vw, 608px\" \/><\/figure><div class=\"wp-block-media-text__content\">\n<div style=\"height:5px\" aria-hidden=\"true\" class=\"wp-block-spacer\"><\/div>\n\n\n\n<p class=\"has-text-align-center\" style=\"font-size:18px\"><strong>\u00d3scar Revelo<\/strong><br><em>Investigador<\/em><\/p>\n\n\n\n<p class=\"has-text-align-center\" style=\"font-size:15px\">Professor <br>Universidad de Nari\u00f1o, Colombia<\/p>\n\n\n\n<ul style=\"margin:auto;text-align:center\">\n<a href=\"mailto:orevelo@udenar.edu.co\" title=\"e-mail\">\n        <img loading=\"lazy\" decoding=\"async\" src=\"https:\/\/blog.uclm.es\/grupochico\/wp-content\/uploads\/sites\/41\/2022\/07\/mail-icon.png\" alt=\"mail\" width=\"30\" height=\"30\" border=\"0\">\n    <\/a>\n\n&nbsp;&nbsp;&nbsp;\n<a href=\"https:\/\/scholar.google.com\/citations?user=eJgOMrEAAAAJ&amp;hl=es\" target=\"_blank\" rel=\"noopener\" title=\"google scholar\">\n        <img loading=\"lazy\" decoding=\"async\" src=\"https:\/\/blog.uclm.es\/grupochico\/wp-content\/uploads\/sites\/41\/2022\/07\/gscholar-icon.png\" alt=\"gscholar\" width=\"30\" height=\"30\" border=\"0\">\n    <\/a>\n\n&nbsp;&nbsp;&nbsp;\n    <a href=\"https:\/\/orcid.org\/\n0000-0003-2882-5779\" target=\"_blank\" rel=\"noopener\" title=\"orcid\">\n        <img loading=\"lazy\" decoding=\"async\" src=\"https:\/\/blog.uclm.es\/grupochico\/wp-content\/uploads\/sites\/41\/2022\/07\/ORCID-icon2.png\" alt=\"orcid\" width=\"30\" height=\"30\" border=\"0\">\n    <\/a>\n<\/ul>\n\n\n\n<div style=\"height:5px\" aria-hidden=\"true\" class=\"wp-block-spacer\"><\/div>\n<\/div><\/div>\n\n\n\n<hr class=\"wp-block-separator is-style-wide\" id=\"block-d15e5e0f-30a1-4b54-8eb8-4fa8087ae401\" \/>\n\n\n\n<div class=\"wp-block-media-text alignwide is-stacked-on-mobile\" style=\"grid-template-columns:30% auto\"><figure class=\"wp-block-media-text__media\"><img loading=\"lazy\" decoding=\"async\" width=\"200\" height=\"200\" src=\"https:\/\/blog.uclm.es\/grupochico\/wp-content\/uploads\/sites\/41\/2022\/06\/c4b335ba-5220-41f3-98ba-9eaf1bcae055.jpg.200x200_q95_crop_detail_upscale.jpg\" alt=\"Fotograf\u00eda Doctor Javier Jim\u00e9nez\" class=\"wp-image-873 size-full\" srcset=\"https:\/\/blog.uclm.es\/grupochico\/wp-content\/uploads\/sites\/41\/2022\/06\/c4b335ba-5220-41f3-98ba-9eaf1bcae055.jpg.200x200_q95_crop_detail_upscale.jpg 200w, https:\/\/blog.uclm.es\/grupochico\/wp-content\/uploads\/sites\/41\/2022\/06\/c4b335ba-5220-41f3-98ba-9eaf1bcae055.jpg.200x200_q95_crop_detail_upscale-150x150.jpg 150w\" sizes=\"auto, (max-width: 200px) 100vw, 200px\" \/><\/figure><div class=\"wp-block-media-text__content\">\n<div style=\"height:5px\" aria-hidden=\"true\" class=\"wp-block-spacer\"><\/div>\n\n\n\n<p class=\"has-text-align-center\" style=\"font-size:18px\"><strong>Javier A. Jim\u00e9nez<\/strong><br><em>Vicerrector de Investigaciones<\/em><\/p>\n\n\n\n<p class=\"has-text-align-center\" style=\"font-size:15px\">Professor <br>Universidad CESMAG, Colombia<\/p>\n\n\n\n<ul style=\"margin:auto;text-align:center\">\n<a href=\"mailto:jajime-nez@unicesmag.edu.co\" title=\"e-mail\">\n        <img loading=\"lazy\" decoding=\"async\" src=\"https:\/\/blog.uclm.es\/grupochico\/wp-content\/uploads\/sites\/41\/2022\/07\/mail-icon.png\" alt=\"mail\" width=\"30\" height=\"30\" border=\"0\">\n    <\/a>\n\n&nbsp;&nbsp;&nbsp;\n<a href=\"https:\/\/scholar.google.com\/citations?user=nPnvi8IAAAAJ&amp;hl=es\" target=\"_blank\" rel=\"noopener\" title=\"google scholar\">\n        <img loading=\"lazy\" decoding=\"async\" src=\"https:\/\/blog.uclm.es\/grupochico\/wp-content\/uploads\/sites\/41\/2022\/07\/gscholar-icon.png\" alt=\"gscholar\" width=\"30\" height=\"30\" border=\"0\">\n    <\/a>\n\n&nbsp;&nbsp;&nbsp;\n    <a href=\"https:\/\/orcid.org\/\n0000-0003-3489-3663\" target=\"_blank\" rel=\"noopener\" title=\"orcid\">\n        <img loading=\"lazy\" decoding=\"async\" src=\"https:\/\/blog.uclm.es\/grupochico\/wp-content\/uploads\/sites\/41\/2022\/07\/ORCID-icon2.png\" alt=\"orcid\" width=\"30\" height=\"30\" border=\"0\">\n    <\/a>\n<\/ul>\n\n\n\n<div style=\"height:5px\" aria-hidden=\"true\" class=\"wp-block-spacer\"><\/div>\n<\/div><\/div>\n\n\n\n<hr class=\"wp-block-separator is-style-wide\" id=\"block-d15e5e0f-30a1-4b54-8eb8-4fa8087ae401\" \/>\n\n\n\n<div class=\"wp-block-media-text alignwide is-stacked-on-mobile\" style=\"grid-template-columns:30% auto\"><figure class=\"wp-block-media-text__media\"><img loading=\"lazy\" decoding=\"async\" width=\"900\" height=\"900\" src=\"https:\/\/blog.uclm.es\/grupochico\/wp-content\/uploads\/sites\/41\/2022\/06\/unnamed.jpg\" alt=\"Fotograf\u00eda Doctor Christian Xavier Navarro\" class=\"wp-image-875 size-full\" srcset=\"https:\/\/blog.uclm.es\/grupochico\/wp-content\/uploads\/sites\/41\/2022\/06\/unnamed.jpg 900w, https:\/\/blog.uclm.es\/grupochico\/wp-content\/uploads\/sites\/41\/2022\/06\/unnamed-300x300.jpg 300w, https:\/\/blog.uclm.es\/grupochico\/wp-content\/uploads\/sites\/41\/2022\/06\/unnamed-150x150.jpg 150w, https:\/\/blog.uclm.es\/grupochico\/wp-content\/uploads\/sites\/41\/2022\/06\/unnamed-768x768.jpg 768w\" sizes=\"auto, (max-width: 706px) 89vw, (max-width: 767px) 82vw, 740px\" \/><\/figure><div class=\"wp-block-media-text__content\">\n<div style=\"height:5px\" aria-hidden=\"true\" class=\"wp-block-spacer\"><\/div>\n\n\n\n<p class=\"has-text-align-center\" style=\"font-size:18px\"><strong>Christian X. Navarro<\/strong><br><em>Investigador<\/em><\/p>\n\n\n\n<p class=\"has-text-align-center\" style=\"font-size:15px\">Professor<br>Universidad de Baja California, M\u00e9xico<\/p>\n\n\n\n<ul style=\"margin:auto;text-align:center\">\n<a href=\"mailto:cnavarro@uabc.edu.mx\" title=\"e-mail\">\n        <img loading=\"lazy\" decoding=\"async\" src=\"https:\/\/blog.uclm.es\/grupochico\/wp-content\/uploads\/sites\/41\/2022\/07\/mail-icon.png\" alt=\"mail\" width=\"30\" height=\"30\" border=\"0\">\n    <\/a>\n\n&nbsp;&nbsp;&nbsp;\n<a href=\"https:\/\/scholar.google.com.mx\/citations?user=P-fvfHwAAAAJ&amp;hl=es\" target=\"_blank\" rel=\"noopener\" title=\"google scholar\">\n        <img loading=\"lazy\" decoding=\"async\" src=\"https:\/\/blog.uclm.es\/grupochico\/wp-content\/uploads\/sites\/41\/2022\/07\/gscholar-icon.png\" alt=\"gscholar\" width=\"30\" height=\"30\" border=\"0\">\n    <\/a>\n<\/ul>\n\n\n\n<div style=\"height:5px\" aria-hidden=\"true\" class=\"wp-block-spacer\"><\/div>\n<\/div><\/div>\n\n\n\n<hr class=\"wp-block-separator is-style-wide\" id=\"block-d15e5e0f-30a1-4b54-8eb8-4fa8087ae401\" \/>\n","protected":false},"excerpt":{"rendered":"","protected":false},"author":67,"featured_media":0,"parent":0,"menu_order":0,"comment_status":"closed","ping_status":"closed","template":"","meta":{"footnotes":""},"class_list":["post-858","page","type-page","status-publish","hentry"],"_links":{"self":[{"href":"https:\/\/blog.uclm.es\/grupochico\/wp-json\/wp\/v2\/pages\/858","targetHints":{"allow":["GET"]}}],"collection":[{"href":"https:\/\/blog.uclm.es\/grupochico\/wp-json\/wp\/v2\/pages"}],"about":[{"href":"https:\/\/blog.uclm.es\/grupochico\/wp-json\/wp\/v2\/types\/page"}],"author":[{"embeddable":true,"href":"https:\/\/blog.uclm.es\/grupochico\/wp-json\/wp\/v2\/users\/67"}],"replies":[{"embeddable":true,"href":"https:\/\/blog.uclm.es\/grupochico\/wp-json\/wp\/v2\/comments?post=858"}],"version-history":[{"count":4,"href":"https:\/\/blog.uclm.es\/grupochico\/wp-json\/wp\/v2\/pages\/858\/revisions"}],"predecessor-version":[{"id":1564,"href":"https:\/\/blog.uclm.es\/grupochico\/wp-json\/wp\/v2\/pages\/858\/revisions\/1564"}],"wp:attachment":[{"href":"https:\/\/blog.uclm.es\/grupochico\/wp-json\/wp\/v2\/media?parent=858"}],"curies":[{"name":"wp","href":"https:\/\/api.w.org\/{rel}","templated":true}]}}