{"id":849,"date":"2022-06-03T09:02:27","date_gmt":"2022-06-03T08:02:27","guid":{"rendered":"https:\/\/blog.uclm.es\/grupochico\/?page_id=849"},"modified":"2023-01-02T14:15:19","modified_gmt":"2023-01-02T14:15:19","slug":"campus-de-almaden","status":"publish","type":"page","link":"https:\/\/blog.uclm.es\/grupochico\/campus-de-almaden\/","title":{"rendered":"Campus de Almad\u00e9n"},"content":{"rendered":"\n<div class=\"wp-block-media-text alignwide is-stacked-on-mobile\" style=\"grid-template-columns:26% auto\"><figure class=\"wp-block-media-text__media\"><img loading=\"lazy\" decoding=\"async\" width=\"125\" height=\"149\" src=\"https:\/\/blog.uclm.es\/grupochico\/wp-content\/uploads\/sites\/41\/2019\/02\/Demetrio.png\" alt=\"Fotograf\u00eda Doctor Demetrio Fuentes\" class=\"wp-image-535 size-full\" \/><\/figure><div class=\"wp-block-media-text__content\">\n<div style=\"height:5px\" aria-hidden=\"true\" class=\"wp-block-spacer\"><\/div>\n\n\n\n<p class=\"has-text-align-center\" style=\"font-size:18px\"><strong>Demetrio Fuentes<\/strong><br><em>Investigador<\/em><\/p>\n\n\n\n<p class=\"has-text-align-center\" style=\"font-size:15px\">Profesor Titular de Universidad<br>\u00c1rea de Expresi\u00f3n Gr\u00e1fica en la Ingenier\u00eda<br>Departamento de Mec\u00e1nica Aplicada e Ingenier\u00eda de Proyectos<br>Escuela de Ingenier\u00eda Minera e Industrial de Almad\u00e9n, UCLM<\/p>\n\n\n\n<ul style=\"margin:auto;text-align:center\">\n<a href=\"mailto:Demetrio.Fuentes@uclm.es\" title=\"e-mail\">\n        <img loading=\"lazy\" decoding=\"async\" src=\"https:\/\/blog.uclm.es\/grupochico\/wp-content\/uploads\/sites\/41\/2022\/07\/mail-icon.png\" alt=\"mail\" width=\"30\" height=\"30\" border=\"0\">\n    <\/a>\n&nbsp;&nbsp;&nbsp;\n    <a href=\"https:\/\/orcid.org\/0000-0002-5386-449X\" target=\"_blank\" rel=\"noopener\" title=\"orcid\">\n        <img loading=\"lazy\" decoding=\"async\" src=\"https:\/\/blog.uclm.es\/grupochico\/wp-content\/uploads\/sites\/41\/2022\/07\/ORCID-icon2.png\" alt=\"orcid\" width=\"30\" height=\"30\" border=\"0\">\n    <\/a>\n<\/ul>\n\n\n\n<div style=\"height:5px\" aria-hidden=\"true\" class=\"wp-block-spacer\"><\/div>\n<\/div><\/div>\n\n\n\n<hr class=\"wp-block-separator has-css-opacity is-style-wide\" \/>\n\n\n\n<div class=\"wp-block-media-text alignwide is-stacked-on-mobile\" style=\"grid-template-columns:26% auto\"><figure class=\"wp-block-media-text__media\"><img loading=\"lazy\" decoding=\"async\" width=\"125\" height=\"125\" src=\"https:\/\/blog.uclm.es\/grupochico\/wp-content\/uploads\/sites\/41\/2019\/02\/dionisio.png\" alt=\"Fotograf\u00eda Doctor Dionisio Rodrigo\" class=\"wp-image-529 size-full\" \/><\/figure><div class=\"wp-block-media-text__content\">\n<div style=\"height:5px\" aria-hidden=\"true\" class=\"wp-block-spacer\"><\/div>\n\n\n\n<p class=\"has-text-align-center\" style=\"font-size:18px\"><strong>Dionisio Rodrigo<\/strong><br><em>Investigador<\/em><\/p>\n\n\n\n<p class=\"has-text-align-center\" style=\"font-size:15px\">Profesor Titular de Escuela Universitaria <br>\u00c1rea de Expresi\u00f3n Gr\u00e1fica en la Ingenier\u00eda <br>Departamento de Mec\u00e1nica Aplicada e Ingenier\u00eda de Proyectos<br>Escuela de Ingenier\u00eda Minera e Industrial de Almad\u00e9n, UCLM<\/p>\n\n\n\n<ul style=\"margin:auto;text-align:center\">\n<a href=\"mailto:Dionisio.Rodrigo@uclm.es\" title=\"e-mail\">\n        <img loading=\"lazy\" decoding=\"async\" src=\"https:\/\/blog.uclm.es\/grupochico\/wp-content\/uploads\/sites\/41\/2022\/07\/mail-icon.png\" alt=\"mail\" width=\"30\" height=\"30\" border=\"0\">\n    <\/a>\n\n&nbsp;&nbsp;&nbsp;\n    <a href=\"https:\/\/orcid.org\/\n0000-0002-2117-5876\" target=\"_blank\" rel=\"noopener\" title=\"orcid\">\n        <img loading=\"lazy\" decoding=\"async\" src=\"https:\/\/blog.uclm.es\/grupochico\/wp-content\/uploads\/sites\/41\/2022\/07\/ORCID-icon2.png\" alt=\"orcid\" width=\"30\" height=\"30\" border=\"0\">\n    <\/a>\n<\/ul>\n\n\n\n<div style=\"height:5px\" aria-hidden=\"true\" class=\"wp-block-spacer\"><\/div>\n<\/div><\/div>\n","protected":false},"excerpt":{"rendered":"","protected":false},"author":67,"featured_media":0,"parent":0,"menu_order":0,"comment_status":"closed","ping_status":"closed","template":"","meta":{"footnotes":""},"class_list":["post-849","page","type-page","status-publish","hentry"],"_links":{"self":[{"href":"https:\/\/blog.uclm.es\/grupochico\/wp-json\/wp\/v2\/pages\/849","targetHints":{"allow":["GET"]}}],"collection":[{"href":"https:\/\/blog.uclm.es\/grupochico\/wp-json\/wp\/v2\/pages"}],"about":[{"href":"https:\/\/blog.uclm.es\/grupochico\/wp-json\/wp\/v2\/types\/page"}],"author":[{"embeddable":true,"href":"https:\/\/blog.uclm.es\/grupochico\/wp-json\/wp\/v2\/users\/67"}],"replies":[{"embeddable":true,"href":"https:\/\/blog.uclm.es\/grupochico\/wp-json\/wp\/v2\/comments?post=849"}],"version-history":[{"count":3,"href":"https:\/\/blog.uclm.es\/grupochico\/wp-json\/wp\/v2\/pages\/849\/revisions"}],"predecessor-version":[{"id":1563,"href":"https:\/\/blog.uclm.es\/grupochico\/wp-json\/wp\/v2\/pages\/849\/revisions\/1563"}],"wp:attachment":[{"href":"https:\/\/blog.uclm.es\/grupochico\/wp-json\/wp\/v2\/media?parent=849"}],"curies":[{"name":"wp","href":"https:\/\/api.w.org\/{rel}","templated":true}]}}