{"id":840,"date":"2022-06-03T08:51:31","date_gmt":"2022-06-03T07:51:31","guid":{"rendered":"https:\/\/blog.uclm.es\/grupochico\/?page_id=840"},"modified":"2026-04-14T12:51:50","modified_gmt":"2026-04-14T12:51:50","slug":"campus-de-ciudad-real","status":"publish","type":"page","link":"https:\/\/blog.uclm.es\/grupochico\/campus-de-ciudad-real\/","title":{"rendered":"Campus de Ciudad Real"},"content":{"rendered":"\n<div class=\"wp-block-media-text alignwide is-stacked-on-mobile is-vertically-aligned-center\" style=\"grid-template-columns:30% auto\"><figure class=\"wp-block-media-text__media\"><img loading=\"lazy\" decoding=\"async\" width=\"125\" height=\"162\" src=\"https:\/\/blog.uclm.es\/grupochico\/wp-content\/uploads\/sites\/41\/2019\/02\/miguel.png\" alt=\"Fotograf\u00eda Doctor Miguel \u00c1ngel Redondo\" class=\"wp-image-533 size-full\" \/><\/figure><div class=\"wp-block-media-text__content\">\n<div style=\"height:5px\" aria-hidden=\"true\" class=\"wp-block-spacer\"><\/div>\n\n\n\n<p class=\"has-text-align-center\" style=\"font-size:18px\"><strong><a href=\"https:\/\/blog.uclm.es\/miguelredondo\/\" target=\"_blank\" rel=\"noreferrer noopener\">Miguel \u00c1. Redondo<\/a><\/strong><br><em>Director<\/em><\/p>\n\n\n\n<p class=\"has-text-align-center\" style=\"font-size:15px\">Catedr\u00e1tico de Universidad<br> \u00c1rea de Lenguajes y Sistemas Inform\u00e1ticos <br>Departamento de Tecnolog\u00edas y Sistemas de Informaci\u00f3n <br>Escuela Superior de Inform\u00e1tica, UCLM<\/p>\n\n\n\n<ul style=\"margin:auto;text-align:center\">\n<a href=\"mailto:Miguel.Redondo@uclm.es\" title=\"e-mail\">\n        <img loading=\"lazy\" decoding=\"async\" src=\"https:\/\/blog.uclm.es\/grupochico\/wp-content\/uploads\/sites\/41\/2022\/07\/mail-icon.png\" alt=\"mail\" width=\"30\" height=\"30\" border=\"0\">\n    <\/a>\n\n&nbsp;&nbsp;&nbsp;\n<a href=\"https:\/\/scholar.google.es\/citations?user=v3RzCf8AAAAJ&amp;hl=es&amp;oi=sra\" target=\"_blank\" rel=\"noopener\" title=\"google scholar\">\n        <img loading=\"lazy\" decoding=\"async\" src=\"https:\/\/blog.uclm.es\/grupochico\/wp-content\/uploads\/sites\/41\/2022\/07\/gscholar-icon.png\" alt=\"gscholar\" width=\"30\" height=\"30\" border=\"0\">\n    <\/a>\n\n&nbsp;&nbsp;&nbsp;\n    <a href=\"https:\/\/orcid.org\/\n0000-0001-5809-3412\" target=\"_blank\" rel=\"noopener\" title=\"orcid\">\n        <img loading=\"lazy\" decoding=\"async\" src=\"https:\/\/blog.uclm.es\/grupochico\/wp-content\/uploads\/sites\/41\/2022\/07\/ORCID-icon2.png\" alt=\"orcid\" width=\"30\" height=\"30\" border=\"0\">\n    <\/a>\n<\/ul>\n\n\n\n<div style=\"height:5px\" aria-hidden=\"true\" class=\"wp-block-spacer\"><\/div>\n<\/div><\/div>\n\n\n\n<hr class=\"wp-block-separator has-css-opacity is-style-wide\" \/>\n\n\n\n<div class=\"wp-block-media-text alignwide is-stacked-on-mobile\" style=\"grid-template-columns:30% auto\"><figure class=\"wp-block-media-text__media\"><img loading=\"lazy\" decoding=\"async\" width=\"125\" height=\"174\" src=\"https:\/\/blog.uclm.es\/grupochico\/wp-content\/uploads\/sites\/41\/2019\/02\/manuel19-1.png\" alt=\"Fotograf\u00eda Doctor Manuel Ortega\" class=\"wp-image-637 size-full\" \/><\/figure><div class=\"wp-block-media-text__content\">\n<div style=\"height:5px\" aria-hidden=\"true\" class=\"wp-block-spacer\"><\/div>\n\n\n\n<p class=\"has-text-align-center\" style=\"font-size:18px\"><strong><a href=\"https:\/\/blog.uclm.es\/manuelortega\/manuel-ortega\/\" target=\"_blank\" rel=\"noreferrer noopener\">Manuel Ortega<\/a><\/strong><br><em>Anterior director del Grupo<\/em><\/p>\n\n\n\n<p class=\"has-text-align-center\" style=\"font-size:15px\">Catedr\u00e1tico de Universidad <br>\u00c1rea de Lenguajes y Sistemas Inform\u00e1ticos<br>Departamento de Tecnolog\u00edas y Sistemas de Informaci\u00f3n <br>Escuela Superior de Inform\u00e1tica, UCLM<\/p>\n\n\n\n<ul style=\"margin:auto;text-align:center\">\n<a href=\"mailto:Manuel.Ortega@uclm.es\" title=\"e-mail\">\n        <img loading=\"lazy\" decoding=\"async\" src=\"https:\/\/blog.uclm.es\/grupochico\/wp-content\/uploads\/sites\/41\/2022\/07\/mail-icon.png\" alt=\"mail\" width=\"30\" height=\"30\" border=\"0\">\n    <\/a>\n\n&nbsp;&nbsp;&nbsp;\n<a href=\"https:\/\/scholar.google.es\/citations?user=ryh7Y7UAAAAJ&amp;hl=es&amp;oi=ao\" target=\"_blank\" rel=\"noopener\" title=\"google scholar\">\n        <img loading=\"lazy\" decoding=\"async\" src=\"https:\/\/blog.uclm.es\/grupochico\/wp-content\/uploads\/sites\/41\/2022\/07\/gscholar-icon.png\" alt=\"gscholar\" width=\"30\" height=\"30\" border=\"0\">\n    <\/a>\n\n&nbsp;&nbsp;&nbsp;\n    <a href=\"https:\/\/orcid.org\/\n0000-0002-0194-7744\" target=\"_blank\" rel=\"noopener\" title=\"orcid\">\n        <img loading=\"lazy\" decoding=\"async\" src=\"https:\/\/blog.uclm.es\/grupochico\/wp-content\/uploads\/sites\/41\/2022\/07\/ORCID-icon2.png\" alt=\"orcid\" width=\"30\" height=\"30\" border=\"0\">\n    <\/a>\n<\/ul>\n\n\n\n<div style=\"height:5px\" aria-hidden=\"true\" class=\"wp-block-spacer\"><\/div>\n<\/div><\/div>\n\n\n\n<hr class=\"wp-block-separator has-css-opacity is-style-wide\" \/>\n\n\n\n<div class=\"wp-block-media-text alignwide is-stacked-on-mobile\" style=\"grid-template-columns:30% auto\"><figure class=\"wp-block-media-text__media\"><img loading=\"lazy\" decoding=\"async\" width=\"125\" height=\"157\" src=\"https:\/\/blog.uclm.es\/grupochico\/wp-content\/uploads\/sites\/41\/2019\/02\/cresi2.png\" alt=\"Fotograf\u00eda Doctor Crescencio Bravo\" class=\"wp-image-527 size-full\" \/><\/figure><div class=\"wp-block-media-text__content\">\n<div style=\"height:5px\" aria-hidden=\"true\" class=\"wp-block-spacer\"><\/div>\n\n\n\n<p class=\"has-text-align-center\" style=\"font-size:18px\"><strong><a href=\"https:\/\/blog.uclm.es\/crescenciobravo\/\" target=\"_blank\" rel=\"noreferrer noopener\">Crescencio Bravo<\/a><\/strong><br><em>Director de la Escuela Superior de Inform\u00e1tica<\/em><\/p>\n\n\n\n<p class=\"has-text-align-center\" style=\"font-size:15px\">Catedr\u00e1tico de Universidad <br>\u00c1rea de Lenguajes y Sistemas Inform\u00e1ticos<br>Departamento de Tecnolog\u00edas y Sistemas de Informaci\u00f3n <br>Escuela Superior de Inform\u00e1tica, UCLM<\/p>\n\n\n\n<ul style=\"margin:auto;text-align:center\">\n<a href=\"mailto:Crescencio.Bravo@uclm.es\" title=\"e-mail\">\n        <img loading=\"lazy\" decoding=\"async\" src=\"https:\/\/blog.uclm.es\/grupochico\/wp-content\/uploads\/sites\/41\/2022\/07\/mail-icon.png\" alt=\"mail\" width=\"30\" height=\"30\" border=\"0\">\n    <\/a>\n\n&nbsp;&nbsp;&nbsp;\n<a href=\"https:\/\/scholar.google.com\/citations?user=QReIblYAAAAJ&amp;hl=pt-PT\" target=\"_blank\" rel=\"noopener\" title=\"google scholar\">\n        <img loading=\"lazy\" decoding=\"async\" src=\"https:\/\/blog.uclm.es\/grupochico\/wp-content\/uploads\/sites\/41\/2022\/07\/gscholar-icon.png\" alt=\"gscholar\" width=\"30\" height=\"30\" border=\"0\">\n    <\/a>\n\n&nbsp;&nbsp;&nbsp;\n    <a href=\"https:\/\/orcid.org\/\n0000-0003-4380-1193\" target=\"_blank\" rel=\"noopener\" title=\"orcid\">\n        <img loading=\"lazy\" decoding=\"async\" src=\"https:\/\/blog.uclm.es\/grupochico\/wp-content\/uploads\/sites\/41\/2022\/07\/ORCID-icon2.png\" alt=\"orcid\" width=\"30\" height=\"30\" border=\"0\">\n    <\/a>\n<\/ul>\n\n\n\n<div style=\"height:5px\" aria-hidden=\"true\" class=\"wp-block-spacer\"><\/div>\n<\/div><\/div>\n\n\n\n<hr class=\"wp-block-separator has-css-opacity is-style-wide\" \/>\n\n\n\n<div class=\"wp-block-media-text alignwide is-stacked-on-mobile\" style=\"grid-template-columns:30% auto\"><figure class=\"wp-block-media-text__media\"><img loading=\"lazy\" decoding=\"async\" width=\"125\" height=\"171\" src=\"https:\/\/blog.uclm.es\/grupochico\/wp-content\/uploads\/sites\/41\/2019\/02\/anaIsabel.png\" alt=\"Fotograf\u00eda Doctora Ana Isabel Molina\" class=\"wp-image-526 size-full\" \/><\/figure><div class=\"wp-block-media-text__content\">\n<div style=\"height:5px\" aria-hidden=\"true\" class=\"wp-block-spacer\"><\/div>\n\n\n\n<p class=\"has-text-align-center\" style=\"font-size:18px\"><strong><a href=\"https:\/\/blog.uclm.es\/anaisabelmolina\/\" target=\"_blank\" rel=\"noreferrer noopener\">Ana I. Molina<\/a><\/strong><br><em>Investigadora<\/em><\/p>\n\n\n\n<p class=\"has-text-align-center\" style=\"font-size:15px\">Catedr\u00e1tica de Universidad <br>\u00c1rea de Lenguajes y Sistemas Inform\u00e1ticos<br>Departamento de Tecnolog\u00edas y Sistemas de Informaci\u00f3n <br>Escuela Superior de Inform\u00e1tica, UCLM<\/p>\n\n\n\n<ul style=\"margin:auto;text-align:center\">\n<a href=\"mailto:AnaIsabel.Molina@uclm.es\" title=\"e-mail\">\n        <img loading=\"lazy\" decoding=\"async\" src=\"https:\/\/blog.uclm.es\/grupochico\/wp-content\/uploads\/sites\/41\/2022\/07\/mail-icon.png\" alt=\"mail\" width=\"30\" height=\"30\" border=\"0\">\n    <\/a>\n\n&nbsp;&nbsp;&nbsp;\n<a href=\"https:\/\/scholar.google.es\/citations?user=mv7hmfoAAAAJ&amp;hl=es&amp;oi=ao\" target=\"_blank\" rel=\"noopener\" title=\"google scholar\">\n        <img loading=\"lazy\" decoding=\"async\" src=\"https:\/\/blog.uclm.es\/grupochico\/wp-content\/uploads\/sites\/41\/2022\/07\/gscholar-icon.png\" alt=\"gscholar\" width=\"30\" height=\"30\" border=\"0\">\n    <\/a>\n\n&nbsp;&nbsp;&nbsp;\n    <a href=\"https:\/\/orcid.org\/\n0000-0002-3449-2539\" target=\"_blank\" rel=\"noopener\" title=\"orcid\">\n        <img loading=\"lazy\" decoding=\"async\" src=\"https:\/\/blog.uclm.es\/grupochico\/wp-content\/uploads\/sites\/41\/2022\/07\/ORCID-icon2.png\" alt=\"orcid\" width=\"30\" height=\"30\" border=\"0\">\n    <\/a>\n<\/ul>\n\n\n\n<div style=\"height:5px\" aria-hidden=\"true\" class=\"wp-block-spacer\"><\/div>\n<\/div><\/div>\n\n\n\n<hr class=\"wp-block-separator has-css-opacity is-style-wide\" \/>\n\n\n\n<div class=\"wp-block-media-text alignwide is-stacked-on-mobile\" style=\"grid-template-columns:30% auto\"><figure class=\"wp-block-media-text__media\"><img loading=\"lazy\" decoding=\"async\" width=\"125\" height=\"173\" src=\"https:\/\/blog.uclm.es\/grupochico\/wp-content\/uploads\/sites\/41\/2019\/02\/carmen19.png\" alt=\"Fotograf\u00eda Doctora Carmen Lacave\" class=\"wp-image-615 size-full\" \/><\/figure><div class=\"wp-block-media-text__content\">\n<div style=\"height:5px\" aria-hidden=\"true\" class=\"wp-block-spacer\"><\/div>\n\n\n\n<p class=\"has-text-align-center\" style=\"font-size:18px\"><strong><a href=\"https:\/\/blog.uclm.es\/carmenlacave\/\" data-type=\"URL\" data-id=\"https:\/\/blog.uclm.es\/carmenlacave\/\" target=\"_blank\" rel=\"noreferrer noopener\">Carmen Lacave<\/a><\/strong><br><em>Investigadora<\/em><\/p>\n\n\n\n<p class=\"has-text-align-center\" style=\"font-size:15px\">Profesora Titular de Universidad <br>\u00c1rea de Lenguajes y Sistemas Inform\u00e1ticos<br>Departamento de Tecnolog\u00edas y Sistemas de Informaci\u00f3n <br>Escuela Superior de Inform\u00e1tica, UCLM<\/p>\n\n\n\n<ul style=\"margin:auto;text-align:center\">\n<a href=\"mailto:Carmen.Lacave@uclm.es\" title=\"e-mail\">\n        <img loading=\"lazy\" decoding=\"async\" src=\"https:\/\/blog.uclm.es\/grupochico\/wp-content\/uploads\/sites\/41\/2022\/07\/mail-icon.png\" alt=\"mail\" width=\"30\" height=\"30\" border=\"0\">\n    <\/a>\n\n&nbsp;&nbsp;&nbsp;\n<a href=\"https:\/\/scholar.google.es\/citations?user=yLhA16EAAAAJ&amp;hl=es&amp;oi=ao\" target=\"_blank\" rel=\"noopener\" title=\"google scholar\">\n        <img loading=\"lazy\" decoding=\"async\" src=\"https:\/\/blog.uclm.es\/grupochico\/wp-content\/uploads\/sites\/41\/2022\/07\/gscholar-icon.png\" alt=\"gscholar\" width=\"30\" height=\"30\" border=\"0\">\n    <\/a>\n\n&nbsp;&nbsp;&nbsp;\n    <a href=\"https:\/\/orcid.org\/\n0000-0003-2770-8482\" target=\"_blank\" rel=\"noopener\" title=\"orcid\">\n        <img loading=\"lazy\" decoding=\"async\" src=\"https:\/\/blog.uclm.es\/grupochico\/wp-content\/uploads\/sites\/41\/2022\/07\/ORCID-icon2.png\" alt=\"orcid\" width=\"30\" height=\"30\" border=\"0\">\n    <\/a>\n<\/ul>\n\n\n\n<div style=\"height:5px\" aria-hidden=\"true\" class=\"wp-block-spacer\"><\/div>\n<\/div><\/div>\n\n\n\n<hr class=\"wp-block-separator has-css-opacity is-style-wide\" \/>\n\n\n\n<div class=\"wp-block-media-text alignwide is-stacked-on-mobile\" style=\"grid-template-columns:30% auto\"><figure class=\"wp-block-media-text__media\"><img loading=\"lazy\" decoding=\"async\" width=\"134\" height=\"174\" src=\"https:\/\/blog.uclm.es\/grupochico\/wp-content\/uploads\/sites\/41\/2022\/07\/joel.jpg\" alt=\"Fotograf\u00eda de Doctor Yoel Arroyo\" class=\"wp-image-997 size-full\" \/><\/figure><div class=\"wp-block-media-text__content\">\n<div style=\"height:5px\" aria-hidden=\"true\" class=\"wp-block-spacer\"><\/div>\n\n\n\n<p class=\"has-text-align-center\" style=\"font-size:18px\"><a href=\"https:\/\/blog.uclm.es\/yoelarroyo\/\" target=\"_blank\" rel=\"noreferrer noopener\"><strong>Yoel Arroyo<\/strong><br><\/a><em>Investigador<\/em><\/p>\n\n\n\n<p class=\"has-text-align-center\" style=\"font-size:15px\">Profesor Ayudante Doctor<br>\u00c1rea de Lenguajes y Sistemas Inform\u00e1ticos<br> Departamento de Tecnolog\u00edas y Sistemas de Informaci\u00f3n <br>Escuela Superior de Inform\u00e1tica, UCLM<\/p>\n\n\n\n<ul style=\"margin:auto;text-align:center\">\n<a href=\"mailto:Yoel.Arroyo@uclm.es\" title=\"e-mail\">\n        <img loading=\"lazy\" decoding=\"async\" src=\"https:\/\/blog.uclm.es\/grupochico\/wp-content\/uploads\/sites\/41\/2022\/07\/mail-icon.png\" alt=\"mail\" width=\"30\" height=\"30\" border=\"0\">\n    <\/a>\n\n&nbsp;&nbsp;&nbsp;\n<a href=\"https:\/\/scholar.google.es\/citations?user=MbtgAuoAAAAJ&amp;hl=es\" target=\"_blank\" rel=\"noopener\" title=\"google scholar\">\n        <img loading=\"lazy\" decoding=\"async\" src=\"https:\/\/blog.uclm.es\/grupochico\/wp-content\/uploads\/sites\/41\/2022\/07\/gscholar-icon.png\" alt=\"gscholar\" width=\"30\" height=\"30\" border=\"0\">\n    <\/a>\n\n&nbsp;&nbsp;&nbsp;\n    <a href=\"https:\/\/orcid.org\/\n0000-0002-2248-8014\" target=\"_blank\" rel=\"noopener\" title=\"orcid\">\n        <img loading=\"lazy\" decoding=\"async\" src=\"https:\/\/blog.uclm.es\/grupochico\/wp-content\/uploads\/sites\/41\/2022\/07\/ORCID-icon2.png\" alt=\"orcid\" width=\"30\" height=\"30\" border=\"0\">\n    <\/a>\n\n&nbsp;&nbsp;&nbsp;\n    <a href=\"https:\/\/github.com\/ChicoUclm\" target=\"_blank\" rel=\"noopener\" title=\"github\">\n        <img loading=\"lazy\" decoding=\"async\" src=\"https:\/\/blog.uclm.es\/grupochico\/wp-content\/uploads\/sites\/41\/2022\/07\/Github-icon.png\" alt=\"github\" width=\"30\" height=\"30\" border=\"0\">\n    <\/a>\n<\/ul>\n\n\n\n<div style=\"height:5px\" aria-hidden=\"true\" class=\"wp-block-spacer\"><\/div>\n<\/div><\/div>\n","protected":false},"excerpt":{"rendered":"","protected":false},"author":67,"featured_media":0,"parent":0,"menu_order":0,"comment_status":"closed","ping_status":"closed","template":"","meta":{"footnotes":""},"class_list":["post-840","page","type-page","status-publish","hentry"],"_links":{"self":[{"href":"https:\/\/blog.uclm.es\/grupochico\/wp-json\/wp\/v2\/pages\/840","targetHints":{"allow":["GET"]}}],"collection":[{"href":"https:\/\/blog.uclm.es\/grupochico\/wp-json\/wp\/v2\/pages"}],"about":[{"href":"https:\/\/blog.uclm.es\/grupochico\/wp-json\/wp\/v2\/types\/page"}],"author":[{"embeddable":true,"href":"https:\/\/blog.uclm.es\/grupochico\/wp-json\/wp\/v2\/users\/67"}],"replies":[{"embeddable":true,"href":"https:\/\/blog.uclm.es\/grupochico\/wp-json\/wp\/v2\/comments?post=840"}],"version-history":[{"count":8,"href":"https:\/\/blog.uclm.es\/grupochico\/wp-json\/wp\/v2\/pages\/840\/revisions"}],"predecessor-version":[{"id":1861,"href":"https:\/\/blog.uclm.es\/grupochico\/wp-json\/wp\/v2\/pages\/840\/revisions\/1861"}],"wp:attachment":[{"href":"https:\/\/blog.uclm.es\/grupochico\/wp-json\/wp\/v2\/media?parent=840"}],"curies":[{"name":"wp","href":"https:\/\/api.w.org\/{rel}","templated":true}]}}