{"id":811,"date":"2022-06-02T10:55:06","date_gmt":"2022-06-02T09:55:06","guid":{"rendered":"https:\/\/blog.uclm.es\/grupochico\/?page_id=811"},"modified":"2022-06-02T10:55:06","modified_gmt":"2022-06-02T09:55:06","slug":"investigacion","status":"publish","type":"page","link":"https:\/\/blog.uclm.es\/grupochico\/investigacion\/","title":{"rendered":"Investigaci\u00f3n"},"content":{"rendered":"\n<h2 class=\"wp-block-heading\">Nuestro objetivo es el de aplicar nuevos m\u00e9todos, t\u00e9cnicas, herramientas y procesos de ingenier\u00eda inform\u00e1tica para el desarrollo cient\u00edfico y tecnol\u00f3gico en diversas <a href=\"https:\/\/blog.uclm.es\/grupochico\/lineas-de-investigacion\/\">l\u00edneas o \u00e1reas de investigaci\u00f3n<\/a> en las que trabajamos, abordando <a href=\"https:\/\/blog.uclm.es\/grupochico\/proyectos\/\">proyectos de investigaci\u00f3n b\u00e1sica y aplicada<\/a>, lo que genera <a href=\"https:\/\/blog.uclm.es\/grupochico\/publicaciones\/\">resultados y publicaciones cient\u00edficas destacadas<\/a>, as\u00ed como reconocimiento cient\u00edfico en nuestra comunidad y \u00e1mbito de trabajo<\/h2>\n","protected":false},"excerpt":{"rendered":"<p>Nuestro objetivo es el de aplicar nuevos m\u00e9todos, t\u00e9cnicas, herramientas y procesos de ingenier\u00eda inform\u00e1tica para el desarrollo cient\u00edfico y tecnol\u00f3gico en diversas l\u00edneas o \u00e1reas de investigaci\u00f3n en las que trabajamos, abordando proyectos de investigaci\u00f3n b\u00e1sica y aplicada, lo que genera resultados y publicaciones cient\u00edficas destacadas, as\u00ed como reconocimiento cient\u00edfico en nuestra comunidad y &hellip; <\/p>\n<p class=\"link-more\"><a href=\"https:\/\/blog.uclm.es\/grupochico\/investigacion\/\" class=\"more-link\">Continuar leyendo<span class=\"screen-reader-text\"> \u00abInvestigaci\u00f3n\u00bb<\/span><\/a><\/p>\n","protected":false},"author":67,"featured_media":0,"parent":0,"menu_order":0,"comment_status":"closed","ping_status":"closed","template":"","meta":{"footnotes":""},"class_list":["post-811","page","type-page","status-publish","hentry"],"_links":{"self":[{"href":"https:\/\/blog.uclm.es\/grupochico\/wp-json\/wp\/v2\/pages\/811","targetHints":{"allow":["GET"]}}],"collection":[{"href":"https:\/\/blog.uclm.es\/grupochico\/wp-json\/wp\/v2\/pages"}],"about":[{"href":"https:\/\/blog.uclm.es\/grupochico\/wp-json\/wp\/v2\/types\/page"}],"author":[{"embeddable":true,"href":"https:\/\/blog.uclm.es\/grupochico\/wp-json\/wp\/v2\/users\/67"}],"replies":[{"embeddable":true,"href":"https:\/\/blog.uclm.es\/grupochico\/wp-json\/wp\/v2\/comments?post=811"}],"version-history":[{"count":0,"href":"https:\/\/blog.uclm.es\/grupochico\/wp-json\/wp\/v2\/pages\/811\/revisions"}],"wp:attachment":[{"href":"https:\/\/blog.uclm.es\/grupochico\/wp-json\/wp\/v2\/media?parent=811"}],"curies":[{"name":"wp","href":"https:\/\/api.w.org\/{rel}","templated":true}]}}