{"id":71,"date":"2015-06-16T10:26:29","date_gmt":"2015-06-16T09:26:29","guid":{"rendered":"http:\/\/blog.uclm.es\/grupochico\/?page_id=71"},"modified":"2024-02-05T12:12:29","modified_gmt":"2024-02-05T12:12:29","slug":"proyectos","status":"publish","type":"page","link":"https:\/\/blog.uclm.es\/grupochico\/proyectos\/","title":{"rendered":"Proyectos"},"content":{"rendered":"<div class=\"wp-block-image\">\n<figure class=\"aligncenter size-full\"><a href=\"https:\/\/blog.uclm.es\/grupochico\/wp-content\/uploads\/sites\/41\/2022\/07\/research-projects.jpg\"><img loading=\"lazy\" decoding=\"async\" width=\"984\" height=\"530\" src=\"https:\/\/blog.uclm.es\/grupochico\/files\/2022\/07\/research-projects.jpg\" alt=\"Cabecera de la secci\u00f3n de proyectos\" class=\"wp-image-1092\" srcset=\"https:\/\/blog.uclm.es\/grupochico\/wp-content\/uploads\/sites\/41\/2022\/07\/research-projects.jpg 984w, https:\/\/blog.uclm.es\/grupochico\/wp-content\/uploads\/sites\/41\/2022\/07\/research-projects-300x162.jpg 300w, https:\/\/blog.uclm.es\/grupochico\/wp-content\/uploads\/sites\/41\/2022\/07\/research-projects-768x414.jpg 768w, https:\/\/blog.uclm.es\/grupochico\/wp-content\/uploads\/sites\/41\/2022\/07\/research-projects-500x269.jpg 500w\" sizes=\"auto, (max-width: 706px) 89vw, (max-width: 767px) 82vw, 740px\" \/><\/a><\/figure>\n<\/div>\n\n\n<figure class=\"wp-block-table\"><table><thead><tr><th><strong>Proyectos Activos<\/strong><\/th><\/tr><\/thead><tbody><tr><td><strong>Acr\u00f3nimo<\/strong><\/td><td><strong>Ent. Financiadora<\/strong><\/td><td><strong>Financiaci\u00f3n<\/strong><\/td><td><strong>Presupuesto<\/strong><\/td><td><strong>I.P.<\/strong><\/td><td><strong>Periodo<\/strong><\/td><\/tr><tr><td><a href=\"https:\/\/blog.uclm.es\/grupochico\/proyecto-frawa\/\">FRAWA<\/a><\/td><td>JCCM<\/td><td>Externa<\/td><td>105.040<\/td><td>C. Bravo, <br>A.I. Molina<\/td><td>2022-2025<\/td><\/tr><tr><td><a href=\"https:\/\/blog.uclm.es\/grupochico\/proyecto-codifica\/\">CODIFICA<\/a><\/td><td>MICINN<\/td><td>Externa<\/td><td>95.227<\/td><td>M.A. Redondo, <br>A.I. Molina<\/td><td>2022-2025<\/td><\/tr><tr><td><a href=\"https:\/\/blog.uclm.es\/grupochico\/proyecto-aptea\/\">APTEA<\/a><\/td><td>MICINN<\/td><td>Externa<\/td><td>102.350<\/td><td>A.I. Molina, <br>C. Lacave<\/td><td>2022-2023<\/td><\/tr><tr><td><a href=\"https:\/\/blog.uclm.es\/grupochico\/proyecto-gettw\/\">GETTW<\/a><\/td><td>UCLM<\/td><td>&#8211;<\/td><td>&#8211;<\/td><td>A.I. Molina, <br>Y. Arroyo<\/td><td>2023-2025<\/td><\/tr><\/tbody><\/table><\/figure>\n\n\n\n<figure class=\"wp-block-table\"><table><thead><tr><th><strong>Proyectos de Investigaci\u00f3n B\u00e1sica <\/strong><\/th><\/tr><\/thead><tbody><tr><td><strong>Acr\u00f3nimo<\/strong><\/td><td><strong>Ent. Financiadora<\/strong><\/td><td><strong>Financiaci\u00f3n<\/strong><\/td><td><strong>Presupuesto<\/strong><\/td><td><strong>I.P.<\/strong><\/td><td><strong>Periodo<\/strong><\/td><\/tr><tr><td><a href=\"http:\/\/blog.uclm.es\/grupochico\/proyecto-iapro\/\">IAPRO<\/a><\/td><td>MINECO\/FEDER<\/td><td>Externa<\/td><td>158.600<\/td><td>M.A. Redondo<\/td><td>2016-2019<\/td><\/tr><tr><td><a href=\"http:\/\/blog.uclm.es\/grupochico\/proyecto-integroup\/\">INTEGroup<\/a><\/td><td>JCCM<\/td><td>Externa<\/td><td>163.394<\/td><td>M.A. Redondo<\/td><td>2014-2017<\/td><\/tr><tr><td>CHICO<\/td><td>UCLM<\/td><td>UCLM<\/td><td>6.489<\/td><td>M. Ortega<\/td><td>2015<\/td><\/tr><tr><td>Grp. Excel.<\/td><td>JCCM<\/td><td>Externa<\/td><td>48.004<\/td><td>M. Ortega<\/td><td>2014-2015<\/td><\/tr><tr><td>uCSCL<\/td><td>CYTED<\/td><td>Externa<\/td><td>100.000<\/td><td>M. Ortega<\/td><td>2013-2016<\/td><\/tr><tr><td>eCoProgLE<\/td><td>MINECO<\/td><td>Externa<\/td><td>26.499<\/td><td>M.A. Redondo<\/td><td>2012-2015<\/td><\/tr><tr><td>AULA-T<\/td><td>JCCM<\/td><td>Externa<\/td><td>120.000<\/td><td>M. Ortega<\/td><td>2008-2010<\/td><\/tr><tr><td>eCLUB-II<\/td><td>MEC\/CICYT<\/td><td>Externa<\/td><td>96.000<\/td><td>M. Ortega<\/td><td>2006-2008<\/td><\/tr><tr><td>FAPPEC<\/td><td>JCCM<\/td><td>Externa<\/td><td>18.150<\/td><td>C. Bravo<\/td><td>2006-2008<\/td><\/tr><tr><td>AULA-IE<\/td><td>JCCM<\/td><td>Externa<\/td><td>74.750<\/td><td>M. Ortega<\/td><td>2005-2007<\/td><\/tr><tr><td>AULA<\/td><td>JCCM<\/td><td>Externa<\/td><td>18.900<\/td><td>M. Ortega<\/td><td>2003-2004<\/td><\/tr><tr><td>eCLUB<\/td><td>MEC\/CICYT<\/td><td>Externa<\/td><td>38.400<\/td><td>M. Ortega<\/td><td>2002-2005<\/td><\/tr><tr><td>Repsol<\/td><td>MEC\/CICYT\/FEDER<\/td><td>Externa<\/td><td>38.705<\/td><td>M. Ortega<\/td><td>1998-2001<\/td><\/tr><\/tbody><\/table><\/figure>\n\n\n\n<figure class=\"wp-block-table\"><table><thead><tr><th><strong>Proyectos con Participaci\u00f3n Industrial<\/strong><\/th><\/tr><\/thead><tbody><tr><td><strong>Acr\u00f3nimo<\/strong><\/td><td><strong>Ent. Financiadora<\/strong><\/td><td><strong>Financiaci\u00f3n<\/strong><\/td><td><strong>Presupuesto<\/strong><\/td><td><strong>I.P.<\/strong><\/td><td><strong>Periodo<\/strong><\/td><\/tr><tr><td>mGUIDE<\/td><td>JCCM<\/td><td>Externa<\/td><td>125.000<\/td><td>M.A. Redondo<\/td><td>2008-2010<\/td><\/tr><tr><td>GamTest<\/td><td>JCCM<\/td><td>Externa<\/td><td>120.000<\/td><td>M.A. Redondo<\/td><td>2005-2007<\/td><\/tr><tr><td>REMO<\/td><td>JCCM<\/td><td>Externa<\/td><td>37.610<\/td><td>C. Bravo<\/td><td>2005-2007<\/td><\/tr><\/tbody><\/table><\/figure>\n\n\n\n<figure class=\"wp-block-table\"><table><thead><tr><th><strong>Proyectos de infraestructuras<\/strong><\/th><\/tr><\/thead><tbody><tr><td><strong>Acr\u00f3nimo<\/strong><\/td><td><strong>Ent. Financiadora<\/strong><\/td><td><strong>Financiaci\u00f3n<\/strong><\/td><td><strong>Presupuesto<\/strong><\/td><td><strong>I.P.<\/strong><\/td><td><strong>Periodo<\/strong><\/td><\/tr><tr><td>USALAB (mejora)<\/td><td>UCLM<\/td><td>UCLM<\/td><td>25.200<\/td><td>M. Ortega<\/td><td>2015<\/td><\/tr><tr><td>USALAB<\/td><td>UCLM\/FEDER<\/td><td>UCLM\/FEDER<\/td><td>50.000<\/td><td>M.A. Redondo<\/td><td>2011-2012<\/td><\/tr><\/tbody><\/table><\/figure>\n\n\n\n<figure class=\"wp-block-table\"><table><thead><tr><th><strong>Proyectos de Red de Investigaci\u00f3n<\/strong><\/th><\/tr><\/thead><tbody><tr><td><strong>Acr\u00f3nimo<\/strong><\/td><td><strong>Ent. Financiadora<\/strong><\/td><td><strong>Financiaci\u00f3n<\/strong><\/td><td><strong>Presupuesto<\/strong><\/td><td><strong>I.P.<\/strong><\/td><td><strong>Periodo<\/strong><\/td><\/tr><tr><td>REVIE<\/td><td>Uni\u00f3n Europea<\/td><td>Externa<\/td><td>21.562<\/td><td>M. Ortega<\/td><td>2004-2005<\/td><\/tr><\/tbody><\/table><\/figure>\n\n\n\n<figure class=\"wp-block-table\"><table><thead><tr><th><strong>Contratos con empresas<\/strong><\/th><\/tr><\/thead><tbody><tr><td><strong>Acr\u00f3nimo<\/strong><\/td><td><strong>Ent. Financiadora<\/strong><\/td><td><strong>Financiaci\u00f3n<\/strong><\/td><td><strong>Presupuesto<\/strong><\/td><td><strong>I.P.<\/strong><\/td><td><strong>Periodo<\/strong><\/td><\/tr><tr><td>RSC<\/td><td>APM-CLM<\/td><td>Externa<\/td><td>9.000<\/td><td>M.A. Redondo<\/td><td>2011<\/td><\/tr><tr><td>IECISA<\/td><td>IECISA<\/td><td>Externa<\/td><td>21.384<\/td><td>M.A. Redondo<\/td><td>2009<\/td><\/tr><tr><td>IECISA<\/td><td>IECISA<\/td><td>Externa<\/td><td>2.376<\/td><td>M.A. Redondo<\/td><td>2009<\/td><\/tr><tr><td>Repsol<\/td><td>Repsol<\/td><td>Externa<\/td><td>29.385<\/td><td>M. Ortega<\/td><td>1997<\/td><\/tr><\/tbody><\/table><\/figure>\n\n\n\n<figure class=\"wp-block-table\"><table><thead><tr><th>Acciones especiales<\/th><\/tr><\/thead><tbody><tr><td><strong>Acr\u00f3nimo<\/strong><\/td><td><strong>Ent. Financiadora<\/strong><\/td><td><strong>Financiaci\u00f3n<\/strong><\/td><td><strong>Presupuesto<\/strong><\/td><td><strong>I.P.<\/strong><\/td><td><strong>Periodo<\/strong><\/td><\/tr><tr><td>i2006<\/td><td>MEC\/CICYT<\/td><td>Externa<\/td><td>6.000<\/td><td>M.A. Redondo<\/td><td>2006-2007<\/td><\/tr><tr><td>CHIJOTE<\/td><td>JCCM<\/td><td>Externa<\/td><td>2.000<\/td><td>M.A. Redondo<\/td><td>2005<\/td><\/tr><\/tbody><\/table><\/figure>\n\n\n\n<figure class=\"wp-block-table\"><table><thead><tr><th>Proyectos de Cooperaci\u00f3n con otras instituciones<\/th><\/tr><\/thead><tbody><tr><td><strong>Acr\u00f3nimo<\/strong><\/td><td><strong>Ent. Financiadora<\/strong><\/td><td><strong>Financiaci\u00f3n<\/strong><\/td><td><strong>Presupuesto<\/strong><\/td><td><strong>I.P.<\/strong><\/td><td><strong>Periodo<\/strong><\/td><\/tr><tr><td>PlanTEA<\/td><td><a href=\"https:\/\/blog.uclm.es\/telefonica\/\">C\u00e1tedra Telef\u00f3nica<\/a><\/td><td>Externa<\/td><td>&#8211;<\/td><td>A.I. Molina, C. Lacave <\/td><td>2021-2022<\/td><\/tr><tr><td>iCOLAB<\/td><td>JCCM<\/td><td>Externa<\/td><td>12.000<\/td><td>A.I. Molina<\/td><td>2011-2013<\/td><\/tr><tr><td>eDossier<\/td><td>JCCM<\/td><td>Externa<\/td><td>15.000<\/td><td>M. Ortega<\/td><td>2007-2009<\/td><\/tr><tr><td>AIOLE<\/td><td>JCCM<\/td><td>Externa<\/td><td>16.000<\/td><td>M. Ortega<\/td><td>2005-2007<\/td><\/tr><tr><td>AWLA<\/td><td>JCCM<\/td><td>Externa<\/td><td>14.000<\/td><td>M. Ortega<\/td><td>2003-2005<\/td><\/tr><\/tbody><\/table><\/figure>\n\n\n\n<figure class=\"wp-block-table\"><table><thead><tr><th>Proyectos de Formaci\u00f3n para la Investigaci\u00f3n<\/th><\/tr><\/thead><tbody><tr><td><strong>Acr\u00f3nimo<\/strong><\/td><td><strong>Ent. Financiadora<\/strong><\/td><td><strong>Financiaci\u00f3n<\/strong><\/td><td><strong>Presupuesto<\/strong><\/td><td><strong>I.P.<\/strong><\/td><td><strong>Periodo<\/strong><\/td><\/tr><tr><td>M-CUIDE<\/td><td>UCLM<\/td><td>UCLM<\/td><td>6.000<\/td><td>A.I. Molina<\/td><td>2008-2009<\/td><\/tr><tr><td>COPLAN<\/td><td>UCLM<\/td><td>UCLM<\/td><td>2.400<\/td><td>M.A. Redondo<\/td><td>2004-2005<\/td><\/tr><tr><td>SP-DOMAIN<\/td><td>UCLM<\/td><td>UCLM<\/td><td>4.000<\/td><td>C. Bravo<\/td><td>2004-2005<\/td><\/tr><\/tbody><\/table><\/figure>\n\n\n\n<figure class=\"wp-block-table is-style-regular\"><table><thead><tr><th>Proyectos de Innovaci\u00f3n Docente<\/th><\/tr><\/thead><tbody><tr><td><strong>Acr\u00f3nimo<\/strong><\/td><td><strong>Ent. Financiadora<\/strong><\/td><td><strong>Financiaci\u00f3n<\/strong><\/td><td><strong>Presupuesto<\/strong><\/td><td><strong>I.P.<\/strong><\/td><td><strong>Periodo<\/strong><\/td><\/tr><tr><td>RECURSIVA<\/td><td>UCLM<\/td><td>UCLM<\/td><td>&#8211;<\/td><td>A.I. Molina<\/td><td>2013-2014<\/td><\/tr><tr><td>EYE-TRACK<\/td><td>UCLM<\/td><td>UCLM<\/td><td>&#8211;<\/td><td>A.I. Molina<\/td><td>2012<\/td><\/tr><tr><td>Pro-COLAB<\/td><td>UCLM<\/td><td>UCLM<\/td><td>1.250<\/td><td>A.I. Molina<\/td><td>2010-2011<\/td><\/tr><\/tbody><\/table><\/figure>\n","protected":false},"excerpt":{"rendered":"<p>Proyectos Activos Acr\u00f3nimo Ent. Financiadora Financiaci\u00f3n Presupuesto I.P. Periodo FRAWA JCCM Externa 105.040 C. Bravo, A.I. Molina 2022-2025 CODIFICA MICINN Externa 95.227 M.A. Redondo, A.I. Molina 2022-2025 APTEA MICINN Externa 102.350 A.I. Molina, C. Lacave 2022-2023 GETTW UCLM &#8211; &#8211; A.I. Molina, Y. Arroyo 2023-2025 Proyectos de Investigaci\u00f3n B\u00e1sica Acr\u00f3nimo Ent. Financiadora Financiaci\u00f3n Presupuesto I.P. &hellip; <\/p>\n<p class=\"link-more\"><a href=\"https:\/\/blog.uclm.es\/grupochico\/proyectos\/\" class=\"more-link\">Continuar leyendo<span class=\"screen-reader-text\"> \u00abProyectos\u00bb<\/span><\/a><\/p>\n","protected":false},"author":197,"featured_media":0,"parent":0,"menu_order":0,"comment_status":"closed","ping_status":"open","template":"","meta":{"footnotes":""},"class_list":["post-71","page","type-page","status-publish","hentry"],"_links":{"self":[{"href":"https:\/\/blog.uclm.es\/grupochico\/wp-json\/wp\/v2\/pages\/71","targetHints":{"allow":["GET"]}}],"collection":[{"href":"https:\/\/blog.uclm.es\/grupochico\/wp-json\/wp\/v2\/pages"}],"about":[{"href":"https:\/\/blog.uclm.es\/grupochico\/wp-json\/wp\/v2\/types\/page"}],"author":[{"embeddable":true,"href":"https:\/\/blog.uclm.es\/grupochico\/wp-json\/wp\/v2\/users\/197"}],"replies":[{"embeddable":true,"href":"https:\/\/blog.uclm.es\/grupochico\/wp-json\/wp\/v2\/comments?post=71"}],"version-history":[{"count":6,"href":"https:\/\/blog.uclm.es\/grupochico\/wp-json\/wp\/v2\/pages\/71\/revisions"}],"predecessor-version":[{"id":1760,"href":"https:\/\/blog.uclm.es\/grupochico\/wp-json\/wp\/v2\/pages\/71\/revisions\/1760"}],"wp:attachment":[{"href":"https:\/\/blog.uclm.es\/grupochico\/wp-json\/wp\/v2\/media?parent=71"}],"curies":[{"name":"wp","href":"https:\/\/api.w.org\/{rel}","templated":true}]}}