{"id":702,"date":"2019-07-21T07:57:05","date_gmt":"2019-07-21T06:57:05","guid":{"rendered":"http:\/\/blog.uclm.es\/grupochico\/?page_id=702"},"modified":"2019-07-21T07:57:05","modified_gmt":"2019-07-21T06:57:05","slug":"angela-ejemplos","status":"publish","type":"page","link":"https:\/\/blog.uclm.es\/grupochico\/proyecto-iapro\/angela-visualizacion-multidimensional-de-programas-y-algoritmos-mediante-realidad-mixta\/angela-ejemplos\/","title":{"rendered":"Ejemplos de visualizaciones con ANGELA"},"content":{"rendered":"<p>En esta p\u00e1gina se muestran algunos v\u00eddeos de ejemplo en los que se utiliza ANGELA para visualizar el comportamiento de algunos programas en diferentes contextos.<\/p>\n<table>\n<tbody>\n<tr>\n<td style=\"text-align: center; border-bottom: none;\"><a style=\"padding: initial; margin: 0 1px;\" href=\"https:\/\/www.youtube.com\/watch?v=_awMDikULCA\" target=\"_blank\" rel=\"noopener noreferrer\"><img decoding=\"async\" class=\"aligncenter size-large wp-image-426\" style=\"margin-bottom: 0.5em;\" src=\"https:\/\/blog.uclm.es\/grupochico\/wp-content\/uploads\/sites\/41\/2019\/09\/preview-angela-2d-video.jpg\" alt=\"\" width=\"478\" \/><\/a><span style=\"margin-top: 0;\">Ejemplo donde se visualiza, en dos dimensiones, un programa que cuenta el n\u00famero m\u00e1ximo de veces que se repite un n\u00famero de forma consecutiva en una lista mientras se depura en Eclipse.<\/span><\/td>\n<td style=\"text-align: center; border-bottom: none;\"><a style=\"padding: initial; margin: 0 1px;\" href=\"https:\/\/www.youtube.com\/watch?v=uB1Bf8QTKq0\" target=\"_blank\" rel=\"noopener noreferrer\"><img decoding=\"async\" class=\"size-large wp-image-426 aligncenter\" style=\"margin-bottom: 0.5em;\" src=\"https:\/\/blog.uclm.es\/grupochico\/wp-content\/uploads\/sites\/41\/2019\/09\/preview-angela-3d-video.jpg\" alt=\"\" width=\"478\" \/><\/a>Ejemplo donde se visualiza, en tres dimensiones, un programa que cuenta el n\u00famero m\u00e1ximo de veces que se repite un n\u00famero de forma consecutiva en una lista mientras se depura en Eclipse.<\/td>\n<\/tr>\n<tr>\n<td style=\"text-align: center; border-bottom: none;\"><a style=\"padding: initial; margin: 0 1px;\" href=\"https:\/\/www.youtube.com\/watch?v=66zaRSIjbPA\" target=\"_blank\" rel=\"noopener noreferrer\"><img decoding=\"async\" class=\"aligncenter size-large wp-image-426\" style=\"margin-bottom: 0.5em;\" src=\"https:\/\/blog.uclm.es\/grupochico\/wp-content\/uploads\/sites\/41\/2019\/07\/preview-angela-barrier-video.jpg\" alt=\"\" width=\"478\" \/><\/a>Ejemplo de visualizaci\u00f3n del patr\u00f3n de sincronizaci\u00f3n \u00abbarrera\u00bb utilizando ANGELA en el contexto de la programaci\u00f3n concurrente.<\/td>\n<td style=\"text-align: center; border-bottom: none;\"><a style=\"padding: initial; margin: 0 1px;\" href=\"https:\/\/www.youtube.com\/watch?v=hiY23v9FdBA\" target=\"_blank\" rel=\"noopener noreferrer\"><img decoding=\"async\" class=\"aligncenter size-large wp-image-426\" style=\"margin-bottom: 0.5em;\" src=\"https:\/\/blog.uclm.es\/grupochico\/wp-content\/uploads\/sites\/41\/2019\/09\/preview-angela-ar.jpg\" alt=\"\" width=\"478\" \/><\/a>Ejemplo de visualizaci\u00f3n mediante Realidad Aumentada (RA) utilizando la notaci\u00f3n ANGELA.<\/td>\n<\/tr>\n<\/tbody>\n<\/table>\n<p>[\u00a0<a href=\"http:\/\/blog.uclm.es\/grupochico\/proyecto-iapro\/angela-visualizacion-multidimensional-de-programas-y-algoritmos-mediante-realidad-mixta\/\">Volver<\/a>\u00a0]<\/p>\n","protected":false},"excerpt":{"rendered":"<p>En esta p\u00e1gina se muestran algunos v\u00eddeos de ejemplo en los que se utiliza ANGELA para visualizar el comportamiento de algunos programas en diferentes contextos. Ejemplo donde se visualiza, en dos dimensiones, un programa que cuenta el n\u00famero m\u00e1ximo de veces que se repite un n\u00famero de forma consecutiva en una lista mientras se depura &hellip; <\/p>\n<p class=\"link-more\"><a href=\"https:\/\/blog.uclm.es\/grupochico\/proyecto-iapro\/angela-visualizacion-multidimensional-de-programas-y-algoritmos-mediante-realidad-mixta\/angela-ejemplos\/\" class=\"more-link\">Continuar leyendo<span class=\"screen-reader-text\"> \u00abEjemplos de visualizaciones con ANGELA\u00bb<\/span><\/a><\/p>\n","protected":false},"author":198,"featured_media":0,"parent":421,"menu_order":0,"comment_status":"closed","ping_status":"closed","template":"page-fullwidth.php","meta":{"footnotes":""},"class_list":["post-702","page","type-page","status-publish","hentry"],"_links":{"self":[{"href":"https:\/\/blog.uclm.es\/grupochico\/wp-json\/wp\/v2\/pages\/702","targetHints":{"allow":["GET"]}}],"collection":[{"href":"https:\/\/blog.uclm.es\/grupochico\/wp-json\/wp\/v2\/pages"}],"about":[{"href":"https:\/\/blog.uclm.es\/grupochico\/wp-json\/wp\/v2\/types\/page"}],"author":[{"embeddable":true,"href":"https:\/\/blog.uclm.es\/grupochico\/wp-json\/wp\/v2\/users\/198"}],"replies":[{"embeddable":true,"href":"https:\/\/blog.uclm.es\/grupochico\/wp-json\/wp\/v2\/comments?post=702"}],"version-history":[{"count":0,"href":"https:\/\/blog.uclm.es\/grupochico\/wp-json\/wp\/v2\/pages\/702\/revisions"}],"up":[{"embeddable":true,"href":"https:\/\/blog.uclm.es\/grupochico\/wp-json\/wp\/v2\/pages\/421"}],"wp:attachment":[{"href":"https:\/\/blog.uclm.es\/grupochico\/wp-json\/wp\/v2\/media?parent=702"}],"curies":[{"name":"wp","href":"https:\/\/api.w.org\/{rel}","templated":true}]}}