{"id":326,"date":"2016-06-21T12:08:21","date_gmt":"2016-06-21T11:08:21","guid":{"rendered":"http:\/\/blog.uclm.es\/grupochico\/?page_id=326"},"modified":"2016-06-21T12:08:21","modified_gmt":"2016-06-21T11:08:21","slug":"proyecto-integroup","status":"publish","type":"page","link":"https:\/\/blog.uclm.es\/grupochico\/proyecto-integroup\/","title":{"rendered":"Proyecto INTEGroup"},"content":{"rendered":"\n<p><a name=\"inicio\"><\/a><\/p>\n\n\n\n<p class=\"has-text-align-center\"><a name=\"inicio\"><\/a>[ <a href=\"#resumen\">Resumen<\/a> | <a href=\"#objetivo\">Objetivo<\/a> | <a href=\"#paquetes\">Paquetes<\/a> | <a href=\"#periodo\">Periodo<\/a> | <a href=\"#participantes\">Participantes<\/a> | <a href=\"#financiacion\">Financiaci\u00f3n<\/a> | <a href=\"#resultados\">Resultados<\/a> ]<\/p>\n\n\n\n<div class=\"wp-block-image\"><figure class=\"aligncenter\"><a href=\"https:\/\/blog.uclm.es\/grupochico\/wp-content\/uploads\/sites\/41\/2016\/06\/INTEGroup.jpg\"><img loading=\"lazy\" decoding=\"async\" width=\"630\" height=\"485\" src=\"https:\/\/blog.uclm.es\/grupochico\/wp-content\/uploads\/sites\/41\/2016\/06\/INTEGroup.jpg\" alt=\"INTEGroup\" class=\"wp-image-337\" srcset=\"https:\/\/blog.uclm.es\/grupochico\/wp-content\/uploads\/sites\/41\/2016\/06\/INTEGroup.jpg 630w, https:\/\/blog.uclm.es\/grupochico\/wp-content\/uploads\/sites\/41\/2016\/06\/INTEGroup-300x231.jpg 300w, https:\/\/blog.uclm.es\/grupochico\/wp-content\/uploads\/sites\/41\/2016\/06\/INTEGroup-390x300.jpg 390w\" sizes=\"auto, (max-width: 630px) 100vw, 630px\" \/><\/a><\/figure><\/div>\n\n\n\n<h2 class=\"wp-block-heading\"><a name=\"resumen\"><\/a><strong>Resumen<\/strong><\/h2>\n\n\n\n<p>Con la realizaci\u00f3n del trabajo propuesto en este proyecto se pretende lograr un m\u00e9todo sistem\u00e1tico, formalizado y validado en contextos reales, y unas herramientas que ayuden y gu\u00eden a los implicados en el proceso completo de desarrollo de aplicaciones interactivas de soporte a actividades en grupo (<em>groupware<\/em>), utilizando siempre un enfoque de dise\u00f1o basado en modelos conceptuales. Este m\u00e9todo se integrar\u00e1 con el Proceso Unificado de Desarrollo de software (RUP en ingl\u00e9s), compartiendo informaci\u00f3n a modo de repositorio que podr\u00e1 ser expresada, generada y consultada utilizando notaciones tanto procedentes de la metodolog\u00eda CIAM para dise\u00f1o de interfaces de usuario como de UML, dependiendo del punto de vista y la dimensi\u00f3n desde la que se pretende trabajar en la especificaci\u00f3n de requisitos y el modelado del software en cada caso y cada momento. As\u00ed pues, se definir\u00e1n y se implementar\u00e1n los mecanismos que permitan relacionar de la forma m\u00e1s adecuada las capas que soportan la interfaz de usuario con el resto componentes de las aplicaciones <em>groupware<\/em>.<\/p>\n\n\n\n<p>[ <a href=\"#inicio\">Volver<\/a> ]<\/p>\n\n\n\n<h2 class=\"wp-block-heading\"><a name=\"objetivo\"><\/a><strong>Hip\u00f3tesis de investigaci\u00f3n y objetivos<\/strong><\/h2>\n\n\n\n<h3 class=\"wp-block-heading\">Hip\u00f3tesis de investigaci\u00f3n<\/h3>\n\n\n\n<pre class=\"wp-block-verse\">Es factible desarrollar un marco conceptual y metodol\u00f3gico que incluya una serie de herramientas y documentaci\u00f3n t\u00e9cnica para guiar a los implicados en el proceso de desarrollo de interfaces gr\u00e1ficas de usuario de aplicaciones interactivas y colaborativas. Este proceso de desarrollo estar\u00e1 perfectamente integrado en el proceso de desarrollo software, compartiendo los modelos construidos desde la vistas y notaciones utilizadas para modelar la interfaz de usuario con los construidos desde las vistas y notaciones empleadas en el proceso de desarrollo de software para modelar las caracter\u00edsticas funcionales y de persistencia de un sistema software convencional.<\/pre>\n\n\n\n<h3 class=\"wp-block-heading\">Objetivos<\/h3>\n\n\n\n<pre class=\"wp-block-verse\">Dise\u00f1ar y proponer un m\u00e9todo sistem\u00e1tico, un proceso y una serie de herramientas tecnol\u00f3gicas para el desarrollo basado en modelos de interfaces de usuario colaborativas e interactivas que queden integradas en el proceso de desarrollo de software convencional. Este m\u00e9todo tomar\u00e1 como punto de partida una propuesta de aproximaci\u00f3n metodol\u00f3gica previa, elaborada en nuestro grupo de investigaci\u00f3n, denominada CIAM que incluye formalismos, notaciones, m\u00e9todos y herramientas para el dise\u00f1o de procesos de trabajo en grupo y las interfaces gr\u00e1ficas de usuario que les dan soporte. La propuesta se pretende validar en el desarrollo de soluciones a problemas reales como pueden ser la gesti\u00f3n de un sistema de congresos o la gesti\u00f3n documental en un centro de ense\u00f1anza superior, que servir\u00e1n de casos de estudio de la propuesta a desarrollar.<\/pre>\n\n\n\n<p>[&nbsp;<a href=\"#inicio\">Volver<\/a>&nbsp;]<\/p>\n\n\n\n<h2 class=\"wp-block-heading\"><a name=\"paquetes\"><\/a><strong>Paquetes de trabajo<\/strong><\/h2>\n\n\n\n<p>PT1. Planificaci\u00f3n, an\u00e1lisis y organizaci\u00f3n.<\/p>\n\n\n\n<p>PT2. Dise\u00f1o del marco conceptual.<\/p>\n\n\n\n<p>PT3. Dise\u00f1o del proceso de integraci\u00f3n.<\/p>\n\n\n\n<p>PT4. Definici\u00f3n formal de las reglas de transformaci\u00f3n entre modelos.<\/p>\n\n\n\n<p>PT5. Desarrollo de las herramientas software de soporte al modelado.<\/p>\n\n\n\n<p>PT6. Desarrollo de herramientas software de soporte al proceso de integraci\u00f3n.<\/p>\n\n\n\n<p>PT7. Validaci\u00f3n de la propuesta metodol\u00f3gica.<\/p>\n\n\n\n<p>PT8. Generalizaci\u00f3n y transferencia tecnol\u00f3gica.<\/p>\n\n\n\n<p>[ <a href=\"#inicio\">Volver<\/a> ]<\/p>\n\n\n\n<h2 class=\"wp-block-heading\"><a name=\"periodo\"><\/a><strong>Periodo de ejecuci\u00f3n<\/strong><\/h2>\n\n\n\n<p>2014 a 2017<span style=\"text-decoration: underline\"><\/span><\/p>\n\n\n\n<p>[ <a href=\"#inicio\">Volver<\/a> ]<\/p>\n\n\n\n<h2 class=\"wp-block-heading\"><a name=\"participantes\"><\/a><strong>Participantes<\/strong><\/h2>\n\n\n\n<p>Dr. Manuel Ortega<\/p>\n\n\n\n<p>Dr. Miguel \u00c1ngel Redondo<\/p>\n\n\n\n<p>Dra. Ana Isabel Molina<\/p>\n\n\n\n<p>Dra. Carmen Lacave<\/p>\n\n\n\n<p>Dr. Crescencio Bravo<\/p>\n\n\n\n<p>D. Yoel Arroyo<\/p>\n\n\n\n<p>D. Jos\u00e9 David Pat\u00f3n<\/p>\n\n\n\n<p>[ <a href=\"#inicio\">Volver<\/a> ]<\/p>\n\n\n\n<h2 class=\"wp-block-heading\"><a name=\"financiacion\"><\/a><strong>Financiaci\u00f3n externa a la UCLM<\/strong><\/h2>\n\n\n\n<p><strong>163.394 \u20ac<\/strong> m\u00e1s costes indirectos aportados por la Junta de Comunidades de Castilla &#8211; La Mancha en materia de costes marginales obtenidos en convocatoria p\u00fablica competitiva con&nbsp;identificador <strong>PPII-2014-021-P<\/strong>.<\/p>\n\n\n\n<p>[ <a href=\"#inicio\">Volver<\/a> ]<\/p>\n\n\n\n<h2 class=\"wp-block-heading\"><strong><a name=\"resultados\"><\/a>Resultados<\/strong><\/h2>\n\n\n\n<h3 class=\"wp-block-heading\">Publicaciones<\/h3>\n\n\n\n<p><em>Ver resultados previos en la&nbsp;<a href=\"http:\/\/blog.uclm.es\/grupochico\/publicaciones\/\">p\u00e1gina de publicaciones del Grupo<\/a><\/em><\/p>\n\n\n\n<p>Redondo, M. \u00c1., Molina, A. I., &amp; Navarro, C. X. (2015). <em>Extending CIAM methodology to support mobile application design and evaluation: a case study in m-Learning<\/em>. Paper presented at the 12th International Conference on Cooperative Design, Visualization and Engineering (CDVE2015), Palma de Mallorca (Spain).<\/p>\n\n\n\n<p>Pat\u00f3n, J. D., Ortega, M., Molina, A. I., &amp; Redondo, M. \u00c1. (2015). <em>iTrackEye: Aplicaci\u00f3n iOS para iPad basada en el tratamiento de los datos resultantes de Eye Tracking.<\/em> Paper presented at the Primer CIAAF, Conferencia Iberoamericana de Ambientes de aprendizaje Futuros, Oporto (Portugal).<\/p>\n\n\n\n<p>Navarro, C. X., Molina, A. I., Redondo, M. \u00c1., &amp; Ju\u00e1rez-Ram\u00edrez, R. (2015). Framework para evaluar sistemas m-Learning: Un enfoque tecnol\u00f3gico y pedag\u00f3gico. <em>IEEE VAEP-RITA, 3<\/em>(1), 38-45.<\/p>\n\n\n\n<p>Navarro, C. X., Molina, A. I., &amp; Redondo, M. \u00c1. (2015). Towards a model for evaluating the Usability of m-Learning systems: from a mapping study to an approach. <em>IEEE Latin America Transactions, 13<\/em>(2), 552-559. doi:10.1109\/TLA.2015.7055578<\/p>\n\n\n\n<p>Navarro, C. X., Molina, A. I., &amp; Redondo, M. \u00c1. (2014). <em>Developing a Framework to Evaluate Usability in m-Learning Systems: Mapping Study and Proposal<\/em>. Paper presented at the TEEM14: Second International Conference on Technological Ecosystem for Enhancing Multiculturality, Salamanca (Spain).<\/p>\n\n\n\n<p>Navarro, C. X., Molina, A. I., &amp; Redondo, M. A. (2014). <em>Evaluation framework for m-learning systems: Current situation and proposal<\/em>. Paper presented at the Proceedings of the XV International Conference on Human Computer Interaction, Puerto de la Cruz, Tenerife, Spain. http:\/\/dl.acm.org\/citation.cfm?id=2662265<\/p>\n\n\n\n<p>Navarro, C. X., Molina, A. I., &amp; Redondo, M. A. (2014). <em>Marco para la Evaluaci\u00f3n de Sistemas m-learning: an\u00e1lisis de la situaci\u00f3n y propuesta<\/em>. Paper presented at the XV International Conference on Human Computer Interaction, Tenerife.<\/p>\n\n\n\n<p>Molina, A. I., Redondo, M. A., Ortega, M., &amp; Lacave, C. (2014). Evaluating a graphical notation for modeling collaborative learning activities: A family of experiments. <em>Science of Computer Programming, 88<\/em>, 54-81. doi:10.1016\/j.scico.2014.02.019<\/p>\n\n\n\n<p>Molina, A. I., Redondo, M. A., &amp; Ortega, M. (2014). Model-Driven Development of Interactive Groupware Systems: Integration into the Software Development Process. <em>Science of Computer Programming, 89, Part C<\/em>, 320-349. doi:10.1016\/j.scico.2014.02.030<\/p>\n\n\n\n<p>Molina, A. I., Gallardo, J., Redondo, M. A., Ortega, M., &amp; Giraldo, W. J. (2013). Metamodel-Driven Definition of a Visual Modeling Language for Specifying Interactive Groupware Applications. <em>Journal of Systems and Software, 88<\/em>(7), 1772-1789. doi:10.1016\/j.jss.2012.07.049<\/p>\n\n\n\n<p>Gallardo, J., Molina, A. I., Bravo, C., &amp; Redondo, M. A. (2013). A model-driven and task-oriented method for the development of collaborative systems. <em>Journal of Network and Computer Applications, 36<\/em>(6), 1551-1565. doi:10.1016\/j.jnca.2013.03.016<\/p>\n\n\n\n<p>Gallardo, J., Bravo, C., Redondo, M. A., &amp; de Lara, J. (2013). Modeling collaboration protocols for collaborative modeling &nbsp; tools: experiences and applications. <em>Journal of Visual Languages &amp; Computing, 4<\/em>(1), 10-23. doi:10.1016\/j.jvlc.2012.10.006<\/p>\n\n\n\n<p>Molina, A. I., Redondo, M. A., &amp; Ortega, M. (2012, 29-31 Oct. 2012). <em>Assessing CIAN as modeling language of collaborative learning activities.<\/em> Paper presented at the 2012 International Symposium onComputers in Education (SIIE), Andorra.<\/p>\n\n\n\n<p>Molina, A. I., Giraldo, W. J., Gallardo, J., Redondo, M. A., Ortega, M., &amp; Garc\u00eda, G. (2012). CIAT-GUI: A MDE-Compliant Environment for Developing Graphical User Interfaces of Information Systems. <em>Journal of Advances in Engineering Software, 52<\/em>, 10-29. doi:10.1016\/j.advengsoft.2012.06.002<\/p>\n\n\n\n<p>Gallardo, J., Bravo, C., &amp; Redondo, M. A. (2012). A model-driven development method for collaborative modeling tools. <em>Journal of Network and Computer Applications, 35<\/em>(3), 1086\u20131105. doi:10.1016\/j.jnca.2011.12.009<\/p>\n\n\n\n<h3 class=\"wp-block-heading\">Multimedia<\/h3>\n\n\n\n<p><a href=\"https:\/\/www.youtube.com\/watch?v=6QnF25SFM-s\">Primera versi\u00f3n del prototipo GreedEx Tab (<em>sin aplicaci\u00f3n de la nueva metodolog\u00eda, para IOS<\/em>)<\/a><\/p>\n\n\n\n<p><a href=\"https:\/\/www.youtube.com\/watch?v=uZHjOieVBGc\">Segunda versi\u00f3n del prototipo GreedEx Tab (<em>aplicando la nueva metodolog\u00eda, para IOS<\/em>)<\/a><\/p>\n\n\n\n<h3 class=\"wp-block-heading\">Herramientas<\/h3>\n\n\n\n<p><a href=\"https:\/\/blog.uclm.es\/grupochico\/ciat-diagrammer\/\">Editor gr\u00e1fico CIAT (modelado en notaci\u00f3n CIAN)<\/a><\/p>\n\n\n\n<p><a href=\"https:\/\/blog.uclm.es\/grupochico\/co-ciat-diagrammer\/\">Editor gr\u00e1fico Co-CIAT (modelado colaborativo en notaci\u00f3n CIAN)<\/a><\/p>\n\n\n\n<p>[ <a href=\"#inicio\">Volver<\/a> ]<\/p>\n","protected":false},"excerpt":{"rendered":"<p>[ Resumen | Objetivo | Paquetes | Periodo | Participantes | Financiaci\u00f3n | Resultados ] Resumen Con la realizaci\u00f3n del trabajo propuesto en este proyecto se pretende lograr un m\u00e9todo sistem\u00e1tico, formalizado y validado en contextos reales, y unas herramientas que ayuden y gu\u00eden a los implicados en el proceso completo de desarrollo de aplicaciones &hellip; <\/p>\n<p class=\"link-more\"><a href=\"https:\/\/blog.uclm.es\/grupochico\/proyecto-integroup\/\" class=\"more-link\">Continuar leyendo<span class=\"screen-reader-text\"> \u00abProyecto INTEGroup\u00bb<\/span><\/a><\/p>\n","protected":false},"author":67,"featured_media":0,"parent":0,"menu_order":0,"comment_status":"closed","ping_status":"closed","template":"","meta":{"footnotes":""},"class_list":["post-326","page","type-page","status-publish","hentry"],"_links":{"self":[{"href":"https:\/\/blog.uclm.es\/grupochico\/wp-json\/wp\/v2\/pages\/326","targetHints":{"allow":["GET"]}}],"collection":[{"href":"https:\/\/blog.uclm.es\/grupochico\/wp-json\/wp\/v2\/pages"}],"about":[{"href":"https:\/\/blog.uclm.es\/grupochico\/wp-json\/wp\/v2\/types\/page"}],"author":[{"embeddable":true,"href":"https:\/\/blog.uclm.es\/grupochico\/wp-json\/wp\/v2\/users\/67"}],"replies":[{"embeddable":true,"href":"https:\/\/blog.uclm.es\/grupochico\/wp-json\/wp\/v2\/comments?post=326"}],"version-history":[{"count":0,"href":"https:\/\/blog.uclm.es\/grupochico\/wp-json\/wp\/v2\/pages\/326\/revisions"}],"wp:attachment":[{"href":"https:\/\/blog.uclm.es\/grupochico\/wp-json\/wp\/v2\/media?parent=326"}],"curies":[{"name":"wp","href":"https:\/\/api.w.org\/{rel}","templated":true}]}}