{"id":247,"date":"2016-04-20T09:15:45","date_gmt":"2016-04-20T08:15:45","guid":{"rendered":"http:\/\/blog.uclm.es\/grupochico\/?page_id=247"},"modified":"2024-03-06T10:15:37","modified_gmt":"2024-03-06T10:15:37","slug":"servicios","status":"publish","type":"page","link":"https:\/\/blog.uclm.es\/grupochico\/servicios\/","title":{"rendered":"Servicios"},"content":{"rendered":"<h3>Servicios que ofrece el Laboratorio de Usabilidad<\/h3>\n<p><a href=\"https:\/\/blog.uclm.es\/grupochico\/wp-content\/uploads\/sites\/41\/2016\/04\/shapeimage_2.png\"><img loading=\"lazy\" decoding=\"async\" class=\"aligncenter size-medium wp-image-258\" src=\"https:\/\/blog.uclm.es\/grupochico\/wp-content\/uploads\/sites\/41\/2016\/04\/shapeimage_2-300x225.png\" alt=\"shapeimage_2\" width=\"300\" height=\"225\" srcset=\"https:\/\/blog.uclm.es\/grupochico\/wp-content\/uploads\/sites\/41\/2016\/04\/shapeimage_2-300x225.png 300w, https:\/\/blog.uclm.es\/grupochico\/wp-content\/uploads\/sites\/41\/2016\/04\/shapeimage_2.png 390w\" sizes=\"auto, (max-width: 300px) 100vw, 300px\" \/><\/a><\/p>\n<p class=\"paragraph_style_1\">En general, los miembros del\u00a0<a title=\"http:\/\/chico.esi.uclm.es\" href=\"http:\/\/chico.esi.uclm.es\/\">Grupo CHICO<\/a>\u00a0utilizan este laboratorio para\u00a0<strong><span class=\"style_1\">trabajos de I+D+i<\/span><\/strong>\u00a0relacionados con la Interacci\u00f3n Persona-Ordenador y cuyos resultados principales pueden verse reflejados en el apartado de Estudios de Eyetracker de esta web.<\/p>\n<p class=\"paragraph_style_1\">Especialmente, los estudios se orientan hacia lo que son sus l\u00edneas principales de investigaci\u00f3n, que est\u00e1n relacionadas con los\u00a0<em><strong><span class=\"style_2\">sistemas software para soporte de actividades en grupo<\/span><\/strong><\/em>\u00a0y los\u00a0<strong><em><span class=\"style_2\">sistemas software de soporte al aprendizaje<\/span><\/em><\/strong>.<\/p>\n<p class=\"paragraph_style_1\">A nivel de servicios profesionales, el Laboratorio es un instrumento fundamental en la realizaci\u00f3n de estudios cient\u00edfico\/t\u00e9cnicos basados en\u00a0<em><strong><span class=\"style_1\">Consultor\u00eda de Usabilidad con t\u00e9cnicas de Eye Tracking<\/span>.<\/strong><\/em> V\u00e9ase oferta de servicios en <a href=\"https:\/\/blog.uclm.es\/grupochico\/wp-content\/uploads\/sites\/41\/2024\/03\/MemoriaLabUsab_servicios.pdf\">este enlace.<\/a><\/p>\n<h3 class=\"paragraph_style_1\">Algunos enlaces de inter\u00e9s:<\/h3>\n<ul>\n<li class=\"Heading_2\"><a title=\"http:\/\/prensa.unizar.es\/noticias\/1404\/140428_z0_teru13.pdf\" href=\"http:\/\/prensa.unizar.es\/noticias\/1404\/140428_z0_teru13.pdf\">Presentaci\u00f3n en prensa por Jes\u00fas Gallardo Casero<\/a><\/li>\n<li class=\"Heading_2\"><a href=\"http:\/\/www.alzado.org\/articulo.php?id_art=251\">\u00bfC\u00f3mo montar un laboratorio de usabilidad?<\/a><\/li>\n<li class=\"Heading_2\">Proveedor de sistemas de eye tracking <a href=\"http:\/\/www.tobii.com\">TOBII<\/a><\/li>\n<li class=\"Heading_2\">Empresa especializada <a href=\"http:\/\/www.noldus.com\">NOLDUS<\/a><\/li>\n<li class=\"Heading_2\">Distribuidor en Espa\u00f1a de soluciones de eye tracking: <a href=\"http:\/\/www.alt64.com\">Alt64<\/a><\/li>\n<\/ul>\n<h3 class=\"Heading_2\" style=\"text-align: center\">Algunas im\u00e1genes de nuestros trabajos<\/h3>\n<table border=\"0\" width=\"100%\">\n<tbody>\n<tr>\n<td>\n<p><figure id=\"attachment_266\" aria-describedby=\"caption-attachment-266\" style=\"width: 150px\" class=\"wp-caption aligncenter\"><a href=\"https:\/\/blog.uclm.es\/grupochico\/wp-content\/uploads\/sites\/41\/2016\/04\/IMG_0638.jpg\"><img loading=\"lazy\" decoding=\"async\" class=\"size-thumbnail wp-image-266\" src=\"https:\/\/blog.uclm.es\/grupochico\/wp-content\/uploads\/sites\/41\/2016\/04\/IMG_0638-150x134.jpg\" alt=\"Monitorizando\" width=\"150\" height=\"134\" \/><\/a><figcaption id=\"caption-attachment-266\" class=\"wp-caption-text\">Monitorizando<\/figcaption><\/figure><\/td>\n<td>\n<p><figure id=\"attachment_267\" aria-describedby=\"caption-attachment-267\" style=\"width: 150px\" class=\"wp-caption aligncenter\"><a href=\"https:\/\/blog.uclm.es\/grupochico\/wp-content\/uploads\/sites\/41\/2016\/04\/IMG_0376.jpg\"><img loading=\"lazy\" decoding=\"async\" class=\"size-thumbnail wp-image-267\" src=\"https:\/\/blog.uclm.es\/grupochico\/wp-content\/uploads\/sites\/41\/2016\/04\/IMG_0376-150x137.jpg\" alt=\"Elementos\" width=\"150\" height=\"137\" \/><\/a><figcaption id=\"caption-attachment-267\" class=\"wp-caption-text\">Elementos<\/figcaption><\/figure><\/td>\n<td>\n<p><figure id=\"attachment_264\" aria-describedby=\"caption-attachment-264\" style=\"width: 150px\" class=\"wp-caption aligncenter\"><a href=\"https:\/\/blog.uclm.es\/grupochico\/wp-content\/uploads\/sites\/41\/2016\/04\/droppedImage.jpg\"><img loading=\"lazy\" decoding=\"async\" class=\"size-thumbnail wp-image-264\" src=\"https:\/\/blog.uclm.es\/grupochico\/wp-content\/uploads\/sites\/41\/2016\/04\/droppedImage-150x123.jpg\" alt=\"Interactuando\" width=\"150\" height=\"123\" \/><\/a><figcaption id=\"caption-attachment-264\" class=\"wp-caption-text\">Interactuando<\/figcaption><\/figure><\/td>\n<\/tr>\n<tr>\n<td>\n<p><figure id=\"attachment_263\" aria-describedby=\"caption-attachment-263\" style=\"width: 150px\" class=\"wp-caption aligncenter\"><a href=\"https:\/\/blog.uclm.es\/grupochico\/wp-content\/uploads\/sites\/41\/2016\/04\/droppedImage_1.jpg\"><img loading=\"lazy\" decoding=\"async\" class=\"size-thumbnail wp-image-263\" src=\"https:\/\/blog.uclm.es\/grupochico\/wp-content\/uploads\/sites\/41\/2016\/04\/droppedImage_1-150x150.jpg\" alt=\"Mapa de calor\" width=\"150\" height=\"150\" \/><\/a><figcaption id=\"caption-attachment-263\" class=\"wp-caption-text\">Mapa de calor<\/figcaption><\/figure><\/td>\n<td>\n<p><figure id=\"attachment_265\" aria-describedby=\"caption-attachment-265\" style=\"width: 150px\" class=\"wp-caption aligncenter\"><a href=\"https:\/\/blog.uclm.es\/grupochico\/wp-content\/uploads\/sites\/41\/2016\/04\/droppedImage_2.jpg\"><img loading=\"lazy\" decoding=\"async\" class=\"size-thumbnail wp-image-265\" src=\"https:\/\/blog.uclm.es\/grupochico\/wp-content\/uploads\/sites\/41\/2016\/04\/droppedImage_2-150x139.jpg\" alt=\"Mapa de calor\" width=\"150\" height=\"139\" \/><\/a><figcaption id=\"caption-attachment-265\" class=\"wp-caption-text\">Mapa de calor<\/figcaption><\/figure><\/td>\n<td>\n<p><figure id=\"attachment_272\" aria-describedby=\"caption-attachment-272\" style=\"width: 150px\" class=\"wp-caption aligncenter\"><a href=\"https:\/\/blog.uclm.es\/grupochico\/wp-content\/uploads\/sites\/41\/2016\/04\/droppedImage-1.jpg\"><img loading=\"lazy\" decoding=\"async\" class=\"size-thumbnail wp-image-272\" src=\"https:\/\/blog.uclm.es\/grupochico\/wp-content\/uploads\/sites\/41\/2016\/04\/droppedImage-1-150x100.jpg\" alt=\"Ruta de escaneo\" width=\"150\" height=\"100\" \/><\/a><figcaption id=\"caption-attachment-272\" class=\"wp-caption-text\">Ruta de escaneo<\/figcaption><\/figure><\/td>\n<\/tr>\n<\/tbody>\n<\/table>\n","protected":false},"excerpt":{"rendered":"<p>Servicios que ofrece el Laboratorio de Usabilidad En general, los miembros del\u00a0Grupo CHICO\u00a0utilizan este laboratorio para\u00a0trabajos de I+D+i\u00a0relacionados con la Interacci\u00f3n Persona-Ordenador y cuyos resultados principales pueden verse reflejados en el apartado de Estudios de Eyetracker de esta web. Especialmente, los estudios se orientan hacia lo que son sus l\u00edneas principales de investigaci\u00f3n, que est\u00e1n &hellip; <\/p>\n<p class=\"link-more\"><a href=\"https:\/\/blog.uclm.es\/grupochico\/servicios\/\" class=\"more-link\">Continuar leyendo<span class=\"screen-reader-text\"> \u00abServicios\u00bb<\/span><\/a><\/p>\n","protected":false},"author":67,"featured_media":0,"parent":0,"menu_order":0,"comment_status":"closed","ping_status":"closed","template":"","meta":{"footnotes":""},"class_list":["post-247","page","type-page","status-publish","hentry"],"_links":{"self":[{"href":"https:\/\/blog.uclm.es\/grupochico\/wp-json\/wp\/v2\/pages\/247","targetHints":{"allow":["GET"]}}],"collection":[{"href":"https:\/\/blog.uclm.es\/grupochico\/wp-json\/wp\/v2\/pages"}],"about":[{"href":"https:\/\/blog.uclm.es\/grupochico\/wp-json\/wp\/v2\/types\/page"}],"author":[{"embeddable":true,"href":"https:\/\/blog.uclm.es\/grupochico\/wp-json\/wp\/v2\/users\/67"}],"replies":[{"embeddable":true,"href":"https:\/\/blog.uclm.es\/grupochico\/wp-json\/wp\/v2\/comments?post=247"}],"version-history":[{"count":1,"href":"https:\/\/blog.uclm.es\/grupochico\/wp-json\/wp\/v2\/pages\/247\/revisions"}],"predecessor-version":[{"id":1768,"href":"https:\/\/blog.uclm.es\/grupochico\/wp-json\/wp\/v2\/pages\/247\/revisions\/1768"}],"wp:attachment":[{"href":"https:\/\/blog.uclm.es\/grupochico\/wp-json\/wp\/v2\/media?parent=247"}],"curies":[{"name":"wp","href":"https:\/\/api.w.org\/{rel}","templated":true}]}}