{"id":244,"date":"2016-04-20T09:15:27","date_gmt":"2016-04-20T08:15:27","guid":{"rendered":"http:\/\/blog.uclm.es\/grupochico\/?page_id=244"},"modified":"2024-03-06T10:14:49","modified_gmt":"2024-03-06T10:14:49","slug":"elementos","status":"publish","type":"page","link":"https:\/\/blog.uclm.es\/grupochico\/elementos\/","title":{"rendered":"Elementos"},"content":{"rendered":"<h3>Elementos y organizaci\u00f3n general del Laboratorio de Usabilidad<\/h3>\n<p class=\"paragraph_style_2\"><a href=\"https:\/\/blog.uclm.es\/grupochico\/wp-content\/uploads\/sites\/41\/2016\/04\/IMG_0319.jpg\"><img loading=\"lazy\" decoding=\"async\" class=\"aligncenter size-medium wp-image-256\" src=\"https:\/\/blog.uclm.es\/grupochico\/wp-content\/uploads\/sites\/41\/2016\/04\/IMG_0319-300x225.jpg\" alt=\"IMG_0319\" width=\"300\" height=\"225\" srcset=\"https:\/\/blog.uclm.es\/grupochico\/wp-content\/uploads\/sites\/41\/2016\/04\/IMG_0319-300x225.jpg 300w, https:\/\/blog.uclm.es\/grupochico\/wp-content\/uploads\/sites\/41\/2016\/04\/IMG_0319-400x300.jpg 400w, https:\/\/blog.uclm.es\/grupochico\/wp-content\/uploads\/sites\/41\/2016\/04\/IMG_0319.jpg 411w\" sizes=\"auto, (max-width: 300px) 100vw, 300px\" \/><\/a><\/p>\n<p class=\"paragraph_style_2\">El\u00a0<strong><span class=\"style_1\">Laboratorio de Usabilidad<\/span><\/strong>\u00a0est\u00e1 organizado en tres zonas bien identificadas y con funcionalidad totalmente distinta. Cada una de estas zonas presenta unos requerimientos caracter\u00edsticos que son satisfechos por los equipos y sistemas apropiados. Las zonas son las siguientes:<\/p>\n<p class=\"paragraph_style_2\"><strong><span class=\"style_1\">Sala o Zona de Eye Tracking<\/span><\/strong>. Esta sala a su vez se organiza en tres zonas diferentes para<\/p>\n<ul>\n<li class=\"paragraph_style_2\">Realizaci\u00f3n de pruebas sobre equipos de escritorio.<\/li>\n<li class=\"paragraph_style_2\">Realizaci\u00f3n de pruebas sobre dispositivos m\u00f3viles como tabletas, ordenadores port\u00e1tiles y tel\u00e9fonos m\u00f3viles.<\/li>\n<li class=\"paragraph_style_2\">Realizaci\u00f3n de pruebas sobre pantallas interactivas de gran tama\u00f1o.<\/li>\n<\/ul>\n<p><strong><span class=\"style_1\">Sala o Zona de Testing<\/span><\/strong>\u00a0que de soporte a<\/p>\n<ul>\n<li>Puestos de trabajo basados en ordenadores de escritorio<\/li>\n<li>Captaci\u00f3n y grabaci\u00f3n del audio correspondiente a las conversaciones que mantienen los usuarios durante las pruebas<\/li>\n<li>Captaci\u00f3n y grabaci\u00f3n en v\u00eddeo de las sesiones de pruebas con los usuarios.<\/li>\n<\/ul>\n<p><strong><span class=\"style_1\">Sala o Zona de Observaci\u00f3n y Control<\/span><\/strong>. En esta sala se controlan todas las experiencias y pruebas a realizar en el resto de zonas. Se caracteriza por incluir los equipos que llevan a cabo<\/p>\n<ul>\n<li>La grabaci\u00f3n del audio y el v\u00eddeo de las sesiones de pruebas.<\/li>\n<li>La monitorizaci\u00f3n y control sobre la zona de eye tracking.<\/li>\n<li>La realizaci\u00f3n de estudios y an\u00e1lisis de los ratos recogidos en las zonas de Testing y de Eye Tracking.<\/li>\n<li>La monitorizaci\u00f3n y seguimiento de visual de todas las actividades de evaluaci\u00f3n y de los usuarios que participan en las mismas.<\/li>\n<\/ul>\n<p>Puede verse una memoria t\u00e9cnica en <a href=\"https:\/\/blog.uclm.es\/grupochico\/wp-content\/uploads\/sites\/41\/2024\/03\/MemoriaLabUsab_tecnica.pdf\">este enlace<\/a>.<\/p>\n","protected":false},"excerpt":{"rendered":"<p>Elementos y organizaci\u00f3n general del Laboratorio de Usabilidad El\u00a0Laboratorio de Usabilidad\u00a0est\u00e1 organizado en tres zonas bien identificadas y con funcionalidad totalmente distinta. Cada una de estas zonas presenta unos requerimientos caracter\u00edsticos que son satisfechos por los equipos y sistemas apropiados. Las zonas son las siguientes: Sala o Zona de Eye Tracking. Esta sala a su &hellip; <\/p>\n<p class=\"link-more\"><a href=\"https:\/\/blog.uclm.es\/grupochico\/elementos\/\" class=\"more-link\">Continuar leyendo<span class=\"screen-reader-text\"> \u00abElementos\u00bb<\/span><\/a><\/p>\n","protected":false},"author":67,"featured_media":0,"parent":0,"menu_order":0,"comment_status":"closed","ping_status":"closed","template":"","meta":{"footnotes":""},"class_list":["post-244","page","type-page","status-publish","hentry"],"_links":{"self":[{"href":"https:\/\/blog.uclm.es\/grupochico\/wp-json\/wp\/v2\/pages\/244","targetHints":{"allow":["GET"]}}],"collection":[{"href":"https:\/\/blog.uclm.es\/grupochico\/wp-json\/wp\/v2\/pages"}],"about":[{"href":"https:\/\/blog.uclm.es\/grupochico\/wp-json\/wp\/v2\/types\/page"}],"author":[{"embeddable":true,"href":"https:\/\/blog.uclm.es\/grupochico\/wp-json\/wp\/v2\/users\/67"}],"replies":[{"embeddable":true,"href":"https:\/\/blog.uclm.es\/grupochico\/wp-json\/wp\/v2\/comments?post=244"}],"version-history":[{"count":2,"href":"https:\/\/blog.uclm.es\/grupochico\/wp-json\/wp\/v2\/pages\/244\/revisions"}],"predecessor-version":[{"id":1767,"href":"https:\/\/blog.uclm.es\/grupochico\/wp-json\/wp\/v2\/pages\/244\/revisions\/1767"}],"wp:attachment":[{"href":"https:\/\/blog.uclm.es\/grupochico\/wp-json\/wp\/v2\/media?parent=244"}],"curies":[{"name":"wp","href":"https:\/\/api.w.org\/{rel}","templated":true}]}}