{"id":173,"date":"2015-06-19T19:11:31","date_gmt":"2015-06-19T18:11:31","guid":{"rendered":"http:\/\/blog.uclm.es\/grupochico\/?page_id=173"},"modified":"2025-01-22T06:59:33","modified_gmt":"2025-01-22T06:59:33","slug":"laboratorio-de-usabilidad","status":"publish","type":"page","link":"https:\/\/blog.uclm.es\/grupochico\/laboratorio-de-usabilidad\/","title":{"rendered":"Laboratorio de Usabilidad"},"content":{"rendered":"<figure id=\"attachment_176\" aria-describedby=\"caption-attachment-176\" style=\"width: 590px\" class=\"wp-caption aligncenter\"><a href=\"https:\/\/blog.uclm.es\/grupochico\/wp-content\/uploads\/sites\/41\/2015\/06\/UsalabPresenta.png\"><img loading=\"lazy\" decoding=\"async\" class=\"wp-image-176\" src=\"https:\/\/blog.uclm.es\/grupochico\/wp-content\/uploads\/sites\/41\/2015\/06\/UsalabPresenta.png\" alt=\"Presentaci\u00f3n USALAB\" width=\"590\" height=\"274\" srcset=\"https:\/\/blog.uclm.es\/grupochico\/wp-content\/uploads\/sites\/41\/2015\/06\/UsalabPresenta.png 676w, https:\/\/blog.uclm.es\/grupochico\/wp-content\/uploads\/sites\/41\/2015\/06\/UsalabPresenta-300x139.png 300w, https:\/\/blog.uclm.es\/grupochico\/wp-content\/uploads\/sites\/41\/2015\/06\/UsalabPresenta-500x232.png 500w\" sizes=\"auto, (max-width: 590px) 100vw, 590px\" \/><\/a><figcaption id=\"caption-attachment-176\" class=\"wp-caption-text\">Presentaci\u00f3n USALAB<\/figcaption><\/figure>\n<p><span style=\"font-family: arial, helvetica, sans-serif;font-size: 18pt\"><strong>Planta Piloto de la Univ. de Castilla &#8211; La Mancha<\/strong><\/span><\/p>\n<p>Responsable: <strong><em>Dr. D. Miguel \u00c1. Redondo Duque<\/em><\/strong><\/p>\n<p><em>Cofinanciado por la Uni\u00f3n Europea a trav\u00e9s de fondos FEDER<\/em><\/p>\n","protected":false},"excerpt":{"rendered":"<p>Planta Piloto de la Univ. de Castilla &#8211; La Mancha Responsable: Dr. D. Miguel \u00c1. Redondo Duque Cofinanciado por la Uni\u00f3n Europea a trav\u00e9s de fondos FEDER<\/p>\n","protected":false},"author":67,"featured_media":0,"parent":0,"menu_order":0,"comment_status":"closed","ping_status":"open","template":"page-sidebar-right.php","meta":{"footnotes":""},"class_list":["post-173","page","type-page","status-publish","hentry"],"_links":{"self":[{"href":"https:\/\/blog.uclm.es\/grupochico\/wp-json\/wp\/v2\/pages\/173","targetHints":{"allow":["GET"]}}],"collection":[{"href":"https:\/\/blog.uclm.es\/grupochico\/wp-json\/wp\/v2\/pages"}],"about":[{"href":"https:\/\/blog.uclm.es\/grupochico\/wp-json\/wp\/v2\/types\/page"}],"author":[{"embeddable":true,"href":"https:\/\/blog.uclm.es\/grupochico\/wp-json\/wp\/v2\/users\/67"}],"replies":[{"embeddable":true,"href":"https:\/\/blog.uclm.es\/grupochico\/wp-json\/wp\/v2\/comments?post=173"}],"version-history":[{"count":1,"href":"https:\/\/blog.uclm.es\/grupochico\/wp-json\/wp\/v2\/pages\/173\/revisions"}],"predecessor-version":[{"id":1811,"href":"https:\/\/blog.uclm.es\/grupochico\/wp-json\/wp\/v2\/pages\/173\/revisions\/1811"}],"wp:attachment":[{"href":"https:\/\/blog.uclm.es\/grupochico\/wp-json\/wp\/v2\/media?parent=173"}],"curies":[{"name":"wp","href":"https:\/\/api.w.org\/{rel}","templated":true}]}}