{"id":1424,"date":"2022-08-13T18:09:50","date_gmt":"2022-08-13T17:09:50","guid":{"rendered":"https:\/\/blog.uclm.es\/grupochico\/?page_id=1424"},"modified":"2024-07-05T15:49:43","modified_gmt":"2024-07-05T15:49:43","slug":"ciat-diagrammer","status":"publish","type":"page","link":"https:\/\/blog.uclm.es\/grupochico\/ciat-diagrammer\/","title":{"rendered":"CIAT Diagrammer"},"content":{"rendered":"\n<figure class=\"wp-block-image size-large\"><img loading=\"lazy\" decoding=\"async\" width=\"1024\" height=\"546\" src=\"https:\/\/blog.uclm.es\/grupochico\/wp-content\/uploads\/sites\/41\/2022\/08\/CIAT_graphEditor-1024x546.png\" alt=\"Interfaz de usuario del editor gr\u00e1fico CIAT\" class=\"wp-image-1427\" srcset=\"https:\/\/blog.uclm.es\/grupochico\/wp-content\/uploads\/sites\/41\/2022\/08\/CIAT_graphEditor-1024x546.png 1024w, https:\/\/blog.uclm.es\/grupochico\/wp-content\/uploads\/sites\/41\/2022\/08\/CIAT_graphEditor-300x160.png 300w, https:\/\/blog.uclm.es\/grupochico\/wp-content\/uploads\/sites\/41\/2022\/08\/CIAT_graphEditor-768x409.png 768w, https:\/\/blog.uclm.es\/grupochico\/wp-content\/uploads\/sites\/41\/2022\/08\/CIAT_graphEditor-1536x818.png 1536w, https:\/\/blog.uclm.es\/grupochico\/wp-content\/uploads\/sites\/41\/2022\/08\/CIAT_graphEditor-500x266.png 500w, https:\/\/blog.uclm.es\/grupochico\/wp-content\/uploads\/sites\/41\/2022\/08\/CIAT_graphEditor.png 1920w\" sizes=\"auto, (max-width: 706px) 89vw, (max-width: 767px) 82vw, 740px\" \/><\/figure>\n\n\n\n<h2 class=\"wp-block-heading\"><strong><strong>Instalaci\u00f3n<\/strong><\/strong><\/h2>\n\n\n\n<p>El editor gr\u00e1fico se encuentra <a href=\"https:\/\/github.com\/yarp14\/ciat-graphEditor\">aqu\u00ed<\/a>.<\/p>\n\n\n\n<p>Es suficiente con descargar cada uno de los plug-ins de los que consta, e importarlos (<strong><em>Import projects &gt; Existing Projects into Workspace<\/em><\/strong>)  en el entorno de desarrollo Eclipse deseado.<\/p>\n\n\n\n<h3 class=\"wp-block-heading\"><strong><strong>Requisitos previos<\/strong><\/strong><\/h3>\n\n\n\n<p>Para un correcto funcionamiento es necesario tener instalado el Framework Epsilon, disponible para su descarga e instalaci\u00f3n en el siguiente enlace: <a href=\"https:\/\/www.eclipse.org\/epsilon\/download\/\">https:\/\/www.eclipse.org\/epsilon\/download\/<\/a><\/p>\n\n\n\n<h2 class=\"wp-block-heading\"><strong><strong>Uso<\/strong><\/strong><\/h2>\n\n\n\n<p>El plug-in encargado del lanzamiento es <strong>org.chico.ciat.diagram<\/strong>. Hacer clic derecho y pulsar en <em><strong>Run As &gt; Eclipse Application<\/strong><\/em>.<\/p>\n\n\n\n<p>A continuaci\u00f3n, en la instancia generada:<\/p>\n\n\n\n<ol class=\"wp-block-list\">\n<li>Generar un proyecto gen\u00e9rico: <strong><em>New &gt; Project&#8230; &gt; General &gt; Project<\/em><\/strong>.<\/li>\n\n\n\n<li>Crear una carpeta en el proyecto generado: <strong><em>New &gt; Folder<\/em><\/strong><em>.<\/em><\/li>\n\n\n\n<li>Crear un diagrama CIAT en la carpeta generada: <strong><em>New &gt; Other&#8230; &gt; Examples &gt; Ciat Diagram<\/em><\/strong>.<\/li>\n<\/ol>\n\n\n\n<p>Comenzar a modelar un diagrama en notaci\u00f3n CIAN.<\/p>\n","protected":false},"excerpt":{"rendered":"<p>Instalaci\u00f3n El editor gr\u00e1fico se encuentra aqu\u00ed. Es suficiente con descargar cada uno de los plug-ins de los que consta, e importarlos (Import projects &gt; Existing Projects into Workspace) en el entorno de desarrollo Eclipse deseado. Requisitos previos Para un correcto funcionamiento es necesario tener instalado el Framework Epsilon, disponible para su descarga e instalaci\u00f3n &hellip; <\/p>\n<p class=\"link-more\"><a href=\"https:\/\/blog.uclm.es\/grupochico\/ciat-diagrammer\/\" class=\"more-link\">Continuar leyendo<span class=\"screen-reader-text\"> \u00abCIAT Diagrammer\u00bb<\/span><\/a><\/p>\n","protected":false},"author":151,"featured_media":0,"parent":0,"menu_order":0,"comment_status":"closed","ping_status":"closed","template":"","meta":{"footnotes":""},"class_list":["post-1424","page","type-page","status-publish","hentry"],"_links":{"self":[{"href":"https:\/\/blog.uclm.es\/grupochico\/wp-json\/wp\/v2\/pages\/1424","targetHints":{"allow":["GET"]}}],"collection":[{"href":"https:\/\/blog.uclm.es\/grupochico\/wp-json\/wp\/v2\/pages"}],"about":[{"href":"https:\/\/blog.uclm.es\/grupochico\/wp-json\/wp\/v2\/types\/page"}],"author":[{"embeddable":true,"href":"https:\/\/blog.uclm.es\/grupochico\/wp-json\/wp\/v2\/users\/151"}],"replies":[{"embeddable":true,"href":"https:\/\/blog.uclm.es\/grupochico\/wp-json\/wp\/v2\/comments?post=1424"}],"version-history":[{"count":6,"href":"https:\/\/blog.uclm.es\/grupochico\/wp-json\/wp\/v2\/pages\/1424\/revisions"}],"predecessor-version":[{"id":1780,"href":"https:\/\/blog.uclm.es\/grupochico\/wp-json\/wp\/v2\/pages\/1424\/revisions\/1780"}],"wp:attachment":[{"href":"https:\/\/blog.uclm.es\/grupochico\/wp-json\/wp\/v2\/media?parent=1424"}],"curies":[{"name":"wp","href":"https:\/\/api.w.org\/{rel}","templated":true}]}}