{"id":1414,"date":"2022-08-13T18:18:37","date_gmt":"2022-08-13T17:18:37","guid":{"rendered":"https:\/\/blog.uclm.es\/grupochico\/?page_id=1414"},"modified":"2023-03-24T09:10:17","modified_gmt":"2023-03-24T09:10:17","slug":"add-diagrammer","status":"publish","type":"page","link":"https:\/\/blog.uclm.es\/grupochico\/add-diagrammer\/","title":{"rendered":"ADD Diagrammer"},"content":{"rendered":"\n<figure class=\"wp-block-image size-large\"><img loading=\"lazy\" decoding=\"async\" width=\"1024\" height=\"543\" src=\"https:\/\/blog.uclm.es\/grupochico\/files\/2022\/08\/SkiR2_Editor-1024x543.png\" alt=\"Editor gr\u00e1fico ADD en su versi\u00f3n monousuario\" class=\"wp-image-1432\" srcset=\"https:\/\/blog.uclm.es\/grupochico\/wp-content\/uploads\/sites\/41\/2022\/08\/SkiR2_Editor-1024x543.png 1024w, https:\/\/blog.uclm.es\/grupochico\/wp-content\/uploads\/sites\/41\/2022\/08\/SkiR2_Editor-300x159.png 300w, https:\/\/blog.uclm.es\/grupochico\/wp-content\/uploads\/sites\/41\/2022\/08\/SkiR2_Editor-768x407.png 768w, https:\/\/blog.uclm.es\/grupochico\/wp-content\/uploads\/sites\/41\/2022\/08\/SkiR2_Editor-1536x815.png 1536w, https:\/\/blog.uclm.es\/grupochico\/wp-content\/uploads\/sites\/41\/2022\/08\/SkiR2_Editor-2048x1086.png 2048w, https:\/\/blog.uclm.es\/grupochico\/wp-content\/uploads\/sites\/41\/2022\/08\/SkiR2_Editor-500x265.png 500w\" sizes=\"auto, (max-width: 706px) 89vw, (max-width: 767px) 82vw, 740px\" \/><\/figure>\n\n\n\n<h2 class=\"wp-block-heading\"><strong><strong>Instalaci\u00f3n<\/strong><\/strong><\/h2>\n\n\n\n<p>El editor gr\u00e1fico se encuentra <a href=\"https:\/\/github.com\/yarp14\/add-graphEditor\">aqu\u00ed<\/a>. <\/p>\n\n\n\n<p>Es suficiente con descargar cada uno de los plug-ins de los que consta, e importarlos (<strong><em>Import projects &gt; Existing Projects into Workspace<\/em><\/strong>) en el entorno de desarrollo Eclipse deseado.<\/p>\n\n\n\n<h3 class=\"wp-block-heading\"><strong><strong>Requisitos previos<\/strong><\/strong><\/h3>\n\n\n\n<p>Para un correcto funcionamiento es necesario tener instalado el Framework Epsilon, disponible para su descarga e instalaci\u00f3n en el siguiente enlace: <a href=\"https:\/\/www.eclipse.org\/epsilon\/download\/\">https:\/\/www.eclipse.org\/epsilon\/download\/<\/a><\/p>\n\n\n\n<h2 class=\"wp-block-heading\"><strong><strong>Uso<\/strong><\/strong><\/h2>\n\n\n\n<p>El plug-in encargado del lanzamiento es <strong>org.chico.uclm.add.diagram<\/strong>. Hacer clic derecho y pulsar en <em><strong>Run As &gt; Eclipse Application<\/strong><\/em>.<\/p>\n\n\n\n<p>A continuaci\u00f3n, en la instancia generada:<\/p>\n\n\n\n<ol class=\"wp-block-list\">\n<li>Generar un proyecto gen\u00e9rico: <strong><em>New &gt; Project&#8230; &gt; General &gt; Project<\/em><\/strong>.<\/li>\n\n\n\n<li>Crear una carpeta en el proyecto generado: <strong><em>New &gt; Folder<\/em><\/strong><em>.<\/em><\/li>\n\n\n\n<li>Crear un diagrama ADD en la carpeta generada: <strong><em>New &gt; Other&#8230; &gt; Examples &gt; Add Diagram<\/em><\/strong>.<\/li>\n<\/ol>\n\n\n\n<p>Comenzar a modelar un diagrama ADD.<\/p>\n","protected":false},"excerpt":{"rendered":"<p>Instalaci\u00f3n El editor gr\u00e1fico se encuentra aqu\u00ed. Es suficiente con descargar cada uno de los plug-ins de los que consta, e importarlos (Import projects &gt; Existing Projects into Workspace) en el entorno de desarrollo Eclipse deseado. Requisitos previos Para un correcto funcionamiento es necesario tener instalado el Framework Epsilon, disponible para su descarga e instalaci\u00f3n &hellip; <\/p>\n<p class=\"link-more\"><a href=\"https:\/\/blog.uclm.es\/grupochico\/add-diagrammer\/\" class=\"more-link\">Continuar leyendo<span class=\"screen-reader-text\"> \u00abADD Diagrammer\u00bb<\/span><\/a><\/p>\n","protected":false},"author":151,"featured_media":0,"parent":0,"menu_order":0,"comment_status":"closed","ping_status":"closed","template":"","meta":{"footnotes":""},"class_list":["post-1414","page","type-page","status-publish","hentry"],"_links":{"self":[{"href":"https:\/\/blog.uclm.es\/grupochico\/wp-json\/wp\/v2\/pages\/1414","targetHints":{"allow":["GET"]}}],"collection":[{"href":"https:\/\/blog.uclm.es\/grupochico\/wp-json\/wp\/v2\/pages"}],"about":[{"href":"https:\/\/blog.uclm.es\/grupochico\/wp-json\/wp\/v2\/types\/page"}],"author":[{"embeddable":true,"href":"https:\/\/blog.uclm.es\/grupochico\/wp-json\/wp\/v2\/users\/151"}],"replies":[{"embeddable":true,"href":"https:\/\/blog.uclm.es\/grupochico\/wp-json\/wp\/v2\/comments?post=1414"}],"version-history":[{"count":4,"href":"https:\/\/blog.uclm.es\/grupochico\/wp-json\/wp\/v2\/pages\/1414\/revisions"}],"predecessor-version":[{"id":1663,"href":"https:\/\/blog.uclm.es\/grupochico\/wp-json\/wp\/v2\/pages\/1414\/revisions\/1663"}],"wp:attachment":[{"href":"https:\/\/blog.uclm.es\/grupochico\/wp-json\/wp\/v2\/media?parent=1414"}],"curies":[{"name":"wp","href":"https:\/\/api.w.org\/{rel}","templated":true}]}}