{"id":1363,"date":"2022-07-30T12:51:59","date_gmt":"2022-07-30T11:51:59","guid":{"rendered":"https:\/\/blog.uclm.es\/grupochico\/?page_id=1363"},"modified":"2023-01-02T14:19:11","modified_gmt":"2023-01-02T14:19:11","slug":"premios-y-reconocimientos","status":"publish","type":"page","link":"https:\/\/blog.uclm.es\/grupochico\/premios-y-reconocimientos\/","title":{"rendered":"Premios y Reconocimientos"},"content":{"rendered":"<div class=\"wp-block-image\">\n<figure class=\"aligncenter size-large\"><a href=\"https:\/\/blog.uclm.es\/grupochico\/wp-content\/uploads\/sites\/41\/2022\/07\/Awards-banner.jpg\"><img loading=\"lazy\" decoding=\"async\" width=\"1024\" height=\"329\" src=\"https:\/\/blog.uclm.es\/grupochico\/wp-content\/uploads\/sites\/41\/2022\/07\/Awards-banner-1024x329.jpg\" alt=\"Imagen de una copa en la secci\u00f3n de trabajos premiados del grupo CHICO\" class=\"wp-image-1373\" srcset=\"https:\/\/blog.uclm.es\/grupochico\/wp-content\/uploads\/sites\/41\/2022\/07\/Awards-banner-1024x329.jpg 1024w, https:\/\/blog.uclm.es\/grupochico\/wp-content\/uploads\/sites\/41\/2022\/07\/Awards-banner-300x96.jpg 300w, https:\/\/blog.uclm.es\/grupochico\/wp-content\/uploads\/sites\/41\/2022\/07\/Awards-banner-768x247.jpg 768w, https:\/\/blog.uclm.es\/grupochico\/wp-content\/uploads\/sites\/41\/2022\/07\/Awards-banner-500x161.jpg 500w, https:\/\/blog.uclm.es\/grupochico\/wp-content\/uploads\/sites\/41\/2022\/07\/Awards-banner.jpg 1400w\" sizes=\"auto, (max-width: 706px) 89vw, (max-width: 767px) 82vw, 740px\" \/><\/a><\/figure>\n<\/div>\n\n\n<h3 class=\"has-text-align-center wp-block-heading\">Selecci\u00f3n de premios y reconocimientos obtenidos por el Grupo CHICO<\/h3>\n\n\n\n<div class=\"wp-block-cover aligncenter is-light has-custom-content-position is-position-bottom-center\" style=\"min-height:230px;aspect-ratio:unset;\"><span aria-hidden=\"true\" class=\"wp-block-cover__background has-background-dim-0 has-background-dim\"><\/span><img loading=\"lazy\" decoding=\"async\" width=\"1231\" height=\"1225\" class=\"wp-block-cover__image-background wp-image-1378\" alt=\"Resumen del art\u00edculo &quot;Personalising Exergames for the Physical Rehabilitation of Children Affected by Spine Pain&quot;\" src=\"https:\/\/blog.uclm.es\/grupochico\/wp-content\/uploads\/sites\/41\/2022\/07\/prem1.png\" data-object-fit=\"cover\" srcset=\"https:\/\/blog.uclm.es\/grupochico\/wp-content\/uploads\/sites\/41\/2022\/07\/prem1.png 1231w, https:\/\/blog.uclm.es\/grupochico\/wp-content\/uploads\/sites\/41\/2022\/07\/prem1-300x300.png 300w, https:\/\/blog.uclm.es\/grupochico\/wp-content\/uploads\/sites\/41\/2022\/07\/prem1-1024x1019.png 1024w, https:\/\/blog.uclm.es\/grupochico\/wp-content\/uploads\/sites\/41\/2022\/07\/prem1-150x150.png 150w, https:\/\/blog.uclm.es\/grupochico\/wp-content\/uploads\/sites\/41\/2022\/07\/prem1-768x764.png 768w, https:\/\/blog.uclm.es\/grupochico\/wp-content\/uploads\/sites\/41\/2022\/07\/prem1-301x300.png 301w\" sizes=\"auto, (max-width: 706px) 89vw, (max-width: 767px) 82vw, 740px\" \/><div class=\"wp-block-cover__inner-container is-layout-flow wp-block-cover-is-layout-flow\">\n<p class=\"has-text-align-center has-white-color has-text-color has-medium-font-size\"><\/p>\n<\/div><\/div>\n\n\n\n<pre class=\"wp-block-verse\"><strong><a rel=\"noreferrer noopener\" href=\"https:\/\/iceis.scitevents.org\/PreviousAwards.aspx?y=2021\" target=\"_blank\">Best Paper en el \u00e1rea Human-Computer Interaction en 22nd International Conference on Enterprise Information Systems (ICEIS 2020)<\/a><\/strong>\n\n<em>Seleccionado por el Comit\u00e9 de Programa del congreso y concedido por el Institute for Systems and Technologies of Information, Control and Communication (INSTICC)<\/em><\/pre>\n\n\n\n<div style=\"height:20px\" aria-hidden=\"true\" class=\"wp-block-spacer\"><\/div>\n\n\n\n<hr class=\"wp-block-separator has-css-opacity is-style-wide\" \/>\n\n\n\n<div style=\"height:20px\" aria-hidden=\"true\" class=\"wp-block-spacer\"><\/div>\n\n\n\n<div class=\"wp-block-cover aligncenter is-light has-custom-content-position is-position-bottom-center\" style=\"min-height:230px;aspect-ratio:unset;\"><span aria-hidden=\"true\" class=\"wp-block-cover__background has-background-dim-0 has-background-dim\"><\/span><img loading=\"lazy\" decoding=\"async\" width=\"1236\" height=\"1178\" class=\"wp-block-cover__image-background wp-image-1376\" alt=\"Resumen del art\u00edculo &quot;La elecci\u00f3n de intensificaciones del Grado de Inform\u00e1tica de la Escuela Superior de Inform\u00e1tica de la Universidad de Castilla-La Mancha y el perfil del estudiante de cada una&quot;\" src=\"https:\/\/blog.uclm.es\/grupochico\/wp-content\/uploads\/sites\/41\/2022\/07\/prem2.png\" data-object-fit=\"cover\" srcset=\"https:\/\/blog.uclm.es\/grupochico\/wp-content\/uploads\/sites\/41\/2022\/07\/prem2.png 1236w, https:\/\/blog.uclm.es\/grupochico\/wp-content\/uploads\/sites\/41\/2022\/07\/prem2-300x286.png 300w, https:\/\/blog.uclm.es\/grupochico\/wp-content\/uploads\/sites\/41\/2022\/07\/prem2-1024x976.png 1024w, https:\/\/blog.uclm.es\/grupochico\/wp-content\/uploads\/sites\/41\/2022\/07\/prem2-768x732.png 768w, https:\/\/blog.uclm.es\/grupochico\/wp-content\/uploads\/sites\/41\/2022\/07\/prem2-315x300.png 315w\" sizes=\"auto, (max-width: 706px) 89vw, (max-width: 767px) 82vw, 740px\" \/><div class=\"wp-block-cover__inner-container is-layout-flow wp-block-cover-is-layout-flow\">\n<p class=\"has-text-align-center has-white-color has-text-color has-medium-font-size\"><\/p>\n<\/div><\/div>\n\n\n\n<pre class=\"wp-block-verse\"><strong><a href=\"https:\/\/jenui2020.uv.es\/\" target=\"_blank\" rel=\"noreferrer noopener\">Candidato a Best Paper en las XXVI Jornadas sobre la Ense\u00f1anza Universitaria de la Inform\u00e1tica (JENUI 2020)<\/a><\/strong><\/pre>\n\n\n\n<div style=\"height:20px\" aria-hidden=\"true\" class=\"wp-block-spacer\"><\/div>\n\n\n\n<hr class=\"wp-block-separator has-css-opacity is-style-wide\" \/>\n\n\n\n<div style=\"height:20px\" aria-hidden=\"true\" class=\"wp-block-spacer\"><\/div>\n\n\n\n<div class=\"wp-block-cover aligncenter is-light has-custom-content-position is-position-bottom-center\" style=\"min-height:230px;aspect-ratio:unset;\"><span aria-hidden=\"true\" class=\"wp-block-cover__background has-background-dim-0 has-background-dim\"><\/span><img loading=\"lazy\" decoding=\"async\" width=\"1402\" height=\"1133\" class=\"wp-block-cover__image-background wp-image-1383\" alt=\"Resumen del art\u00edculo &quot;Propuesta y evoluci\u00f3n multidimensional de una met\u00e1fora visual para facilitar el aprendizaje de la programaci\u00f3n&quot;\" src=\"https:\/\/blog.uclm.es\/grupochico\/wp-content\/uploads\/sites\/41\/2022\/07\/prem3.png\" data-object-fit=\"cover\" srcset=\"https:\/\/blog.uclm.es\/grupochico\/wp-content\/uploads\/sites\/41\/2022\/07\/prem3.png 1402w, https:\/\/blog.uclm.es\/grupochico\/wp-content\/uploads\/sites\/41\/2022\/07\/prem3-300x242.png 300w, https:\/\/blog.uclm.es\/grupochico\/wp-content\/uploads\/sites\/41\/2022\/07\/prem3-1024x828.png 1024w, https:\/\/blog.uclm.es\/grupochico\/wp-content\/uploads\/sites\/41\/2022\/07\/prem3-768x621.png 768w, https:\/\/blog.uclm.es\/grupochico\/wp-content\/uploads\/sites\/41\/2022\/07\/prem3-371x300.png 371w\" sizes=\"auto, (max-width: 706px) 89vw, (max-width: 767px) 82vw, 740px\" \/><div class=\"wp-block-cover__inner-container is-layout-flow wp-block-cover-is-layout-flow\">\n<p class=\"has-text-align-center has-white-color has-text-color has-medium-font-size\"><\/p>\n<\/div><\/div>\n\n\n\n<pre class=\"wp-block-verse\"><strong><strong><a href=\"https:\/\/aipo.es\/en\/activities\/awards\/awards-jesus-lores\/\" target=\"_blank\" rel=\"noreferrer noopener\">Premio Jes\u00fas Lor\u00e9s a la mejor comunicaci\u00f3n cient\u00edfica en XX International Conference on Human-Computer Interaction (INTERACCI\u00d3N 2019)<\/a><\/strong><\/strong>\n\n<em>Seleccionado por el Comit\u00e9 de Programa del congreso y concedido por la Asociaci\u00f3n Espa\u00f1ola para la Interacci\u00f3n Persona-Ordenador (AIPO)<\/em><\/pre>\n\n\n\n<div style=\"height:20px\" aria-hidden=\"true\" class=\"wp-block-spacer\"><\/div>\n\n\n\n<hr class=\"wp-block-separator has-css-opacity is-style-wide\" \/>\n\n\n\n<div style=\"height:20px\" aria-hidden=\"true\" class=\"wp-block-spacer\"><\/div>\n\n\n\n<div class=\"wp-block-cover aligncenter is-light has-custom-content-position is-position-bottom-center\" style=\"min-height:230px;aspect-ratio:unset;\"><span aria-hidden=\"true\" class=\"wp-block-cover__background has-background-dim-0 has-background-dim\"><\/span><img loading=\"lazy\" decoding=\"async\" width=\"1218\" height=\"1220\" class=\"wp-block-cover__image-background wp-image-1388\" alt=\"Resumen del art\u00edculo &quot;Redes bayesianas para identificar perfiles de estudiante&quot;\" src=\"https:\/\/blog.uclm.es\/grupochico\/wp-content\/uploads\/sites\/41\/2022\/07\/prem4.png\" data-object-fit=\"cover\" srcset=\"https:\/\/blog.uclm.es\/grupochico\/wp-content\/uploads\/sites\/41\/2022\/07\/prem4.png 1218w, https:\/\/blog.uclm.es\/grupochico\/wp-content\/uploads\/sites\/41\/2022\/07\/prem4-300x300.png 300w, https:\/\/blog.uclm.es\/grupochico\/wp-content\/uploads\/sites\/41\/2022\/07\/prem4-1022x1024.png 1022w, https:\/\/blog.uclm.es\/grupochico\/wp-content\/uploads\/sites\/41\/2022\/07\/prem4-150x150.png 150w, https:\/\/blog.uclm.es\/grupochico\/wp-content\/uploads\/sites\/41\/2022\/07\/prem4-768x769.png 768w\" sizes=\"auto, (max-width: 706px) 89vw, (max-width: 767px) 82vw, 740px\" \/><div class=\"wp-block-cover__inner-container is-layout-flow wp-block-cover-is-layout-flow\">\n<p class=\"has-text-align-center has-white-color has-text-color has-medium-font-size\"><\/p>\n<\/div><\/div>\n\n\n\n<pre class=\"wp-block-verse\"><strong><strong><strong><a href=\"http:\/\/www2.ual.es\/jenui2016\/sesionesJENUI2016.php\" target=\"_blank\" rel=\"noreferrer noopener\">Candidato a Best Paper en las XXII Jornadas sobre la Ense\u00f1anza Universitaria de la Inform\u00e1tica (JENUI 2016)<\/a><\/strong><\/strong><\/strong><\/pre>\n\n\n\n<div style=\"height:20px\" aria-hidden=\"true\" class=\"wp-block-spacer\"><\/div>\n\n\n\n<hr class=\"wp-block-separator has-css-opacity is-style-wide\" \/>\n\n\n\n<div style=\"height:20px\" aria-hidden=\"true\" class=\"wp-block-spacer\"><\/div>\n\n\n\n<div class=\"wp-block-cover aligncenter has-custom-content-position is-position-bottom-center\" style=\"min-height:230px;aspect-ratio:unset;\"><span aria-hidden=\"true\" class=\"wp-block-cover__background has-background-dim-0 has-background-dim\"><\/span><img loading=\"lazy\" decoding=\"async\" width=\"2560\" height=\"512\" class=\"wp-block-cover__image-background wp-image-1398\" alt=\"Portada de la revista Interacci\u00f3n de la asociaci\u00f3n de AIPO (Asociaci\u00f3n Interacci\u00f3n Persona-Ordenador)\" src=\"https:\/\/blog.uclm.es\/grupochico\/wp-content\/uploads\/sites\/41\/2022\/07\/prem7-scaled-1.jpg\" data-object-fit=\"cover\" srcset=\"https:\/\/blog.uclm.es\/grupochico\/wp-content\/uploads\/sites\/41\/2022\/07\/prem7-scaled-1.jpg 2560w, https:\/\/blog.uclm.es\/grupochico\/wp-content\/uploads\/sites\/41\/2022\/07\/prem7-scaled-1-300x60.jpg 300w, https:\/\/blog.uclm.es\/grupochico\/wp-content\/uploads\/sites\/41\/2022\/07\/prem7-scaled-1-1024x205.jpg 1024w, https:\/\/blog.uclm.es\/grupochico\/wp-content\/uploads\/sites\/41\/2022\/07\/prem7-scaled-1-768x154.jpg 768w, https:\/\/blog.uclm.es\/grupochico\/wp-content\/uploads\/sites\/41\/2022\/07\/prem7-scaled-1-1536x307.jpg 1536w, https:\/\/blog.uclm.es\/grupochico\/wp-content\/uploads\/sites\/41\/2022\/07\/prem7-scaled-1-2048x410.jpg 2048w, https:\/\/blog.uclm.es\/grupochico\/wp-content\/uploads\/sites\/41\/2022\/07\/prem7-scaled-1-500x100.jpg 500w\" sizes=\"auto, (max-width: 706px) 89vw, (max-width: 767px) 82vw, 740px\" \/><div class=\"wp-block-cover__inner-container is-layout-flow wp-block-cover-is-layout-flow\">\n<p class=\"has-text-align-center has-white-color has-text-color has-medium-font-size\"><\/p>\n<\/div><\/div>\n\n\n\n<pre class=\"wp-block-verse\"><strong><strong><strong><strong><a href=\"https:\/\/dblp.org\/db\/conf\/interaccion\/interaccion2014.html\" target=\"_blank\" rel=\"noreferrer noopener\">Premio Jes\u00fas Lor\u00e9s a la mejor comunicaci\u00f3n cient\u00edfica en XV International Conference on Human-Computer Interaction (INTERACCI\u00d3N 2014)<\/a><\/strong><\/strong><\/strong><\/strong>\n\n<em>Seleccionado por el Comit\u00e9 de Programa del congreso y concedido por la Asociaci\u00f3n Espa\u00f1ola para la Interacci\u00f3n Persona-Ordenador (AIPO)<\/em><\/pre>\n\n\n\n<div style=\"height:20px\" aria-hidden=\"true\" class=\"wp-block-spacer\"><\/div>\n\n\n\n<hr class=\"wp-block-separator has-css-opacity is-style-wide\" \/>\n\n\n\n<div style=\"height:20px\" aria-hidden=\"true\" class=\"wp-block-spacer\"><\/div>\n\n\n\n<div class=\"wp-block-cover aligncenter has-custom-content-position is-position-bottom-center\" style=\"min-height:230px;aspect-ratio:unset;\"><span aria-hidden=\"true\" class=\"wp-block-cover__background has-background-dim-0 has-background-dim\"><\/span><img loading=\"lazy\" decoding=\"async\" width=\"2560\" height=\"512\" class=\"wp-block-cover__image-background wp-image-1398\" alt=\"Portada de la revista Interacci\u00f3n de la asociaci\u00f3n de AIPO (Asociaci\u00f3n Interacci\u00f3n Persona-Ordenador)\" src=\"https:\/\/blog.uclm.es\/grupochico\/wp-content\/uploads\/sites\/41\/2022\/07\/prem7-scaled-1.jpg\" data-object-fit=\"cover\" srcset=\"https:\/\/blog.uclm.es\/grupochico\/wp-content\/uploads\/sites\/41\/2022\/07\/prem7-scaled-1.jpg 2560w, https:\/\/blog.uclm.es\/grupochico\/wp-content\/uploads\/sites\/41\/2022\/07\/prem7-scaled-1-300x60.jpg 300w, https:\/\/blog.uclm.es\/grupochico\/wp-content\/uploads\/sites\/41\/2022\/07\/prem7-scaled-1-1024x205.jpg 1024w, https:\/\/blog.uclm.es\/grupochico\/wp-content\/uploads\/sites\/41\/2022\/07\/prem7-scaled-1-768x154.jpg 768w, https:\/\/blog.uclm.es\/grupochico\/wp-content\/uploads\/sites\/41\/2022\/07\/prem7-scaled-1-1536x307.jpg 1536w, https:\/\/blog.uclm.es\/grupochico\/wp-content\/uploads\/sites\/41\/2022\/07\/prem7-scaled-1-2048x410.jpg 2048w, https:\/\/blog.uclm.es\/grupochico\/wp-content\/uploads\/sites\/41\/2022\/07\/prem7-scaled-1-500x100.jpg 500w\" sizes=\"auto, (max-width: 706px) 89vw, (max-width: 767px) 82vw, 740px\" \/><div class=\"wp-block-cover__inner-container is-layout-flow wp-block-cover-is-layout-flow\">\n<p class=\"has-text-align-center has-white-color has-text-color has-medium-font-size\"><\/p>\n<\/div><\/div>\n\n\n\n<pre class=\"wp-block-verse\"><strong><strong><strong><strong><strong><a href=\"https:\/\/blog.uclm.es\/sylviamolina\/2008\/06\/10\/interaccion-2008\/\" target=\"_blank\" rel=\"noreferrer noopener\">Premio Jes\u00fas Lor\u00e9s a la mejor comunicaci\u00f3n cient\u00edfica en IX International Conference on Human-Computer Interaction (INTERACCI\u00d3N 2008)<\/a><\/strong><\/strong><\/strong><\/strong><\/strong>\n\n<em>Seleccionado por el Comit\u00e9 de Programa del congreso y concedido por la Asociaci\u00f3n Espa\u00f1ola para la Interacci\u00f3n Persona-Ordenador (AIPO)<\/em><\/pre>\n\n\n\n<div style=\"height:20px\" aria-hidden=\"true\" class=\"wp-block-spacer\"><\/div>\n\n\n\n<hr class=\"wp-block-separator has-css-opacity is-style-wide\" \/>\n\n\n\n<div style=\"height:20px\" aria-hidden=\"true\" class=\"wp-block-spacer\"><\/div>\n\n\n\n<div class=\"wp-block-cover aligncenter is-light has-custom-content-position is-position-bottom-center\" style=\"min-height:230px;aspect-ratio:unset;\"><span aria-hidden=\"true\" class=\"wp-block-cover__background has-background-dim-0 has-background-dim\"><\/span><img loading=\"lazy\" decoding=\"async\" width=\"500\" height=\"218\" class=\"wp-block-cover__image-background wp-image-1401\" alt=\"Escudo del Colegio Oficial de Ingenieros en Inform\u00e1tica de Castilla-La Mancha\" src=\"https:\/\/blog.uclm.es\/grupochico\/wp-content\/uploads\/sites\/41\/2022\/07\/prem8.png\" data-object-fit=\"cover\" srcset=\"https:\/\/blog.uclm.es\/grupochico\/wp-content\/uploads\/sites\/41\/2022\/07\/prem8.png 500w, https:\/\/blog.uclm.es\/grupochico\/wp-content\/uploads\/sites\/41\/2022\/07\/prem8-300x131.png 300w\" sizes=\"auto, (max-width: 500px) 100vw, 500px\" \/><div class=\"wp-block-cover__inner-container is-layout-flow wp-block-cover-is-layout-flow\">\n<p class=\"has-text-align-center has-white-color has-text-color has-medium-font-size\"><\/p>\n<\/div><\/div>\n\n\n\n<pre class=\"wp-block-verse\"><strong><strong><strong><strong><strong><strong>Premio del Colegio Oficial de Ingenieros en Inform\u00e1tica de Castilla-La Mancha a la Calidad Inform\u00e1tica en Proyectos I+D+i perteneciente a la V edici\u00f3n de premios a la Calidad Inform\u00e1tica<\/strong><\/strong><\/strong><\/strong><\/strong><\/strong><\/pre>\n\n\n\n<div style=\"height:20px\" aria-hidden=\"true\" class=\"wp-block-spacer\"><\/div>\n\n\n\n<hr class=\"wp-block-separator has-css-opacity is-style-wide\" \/>\n\n\n\n<div style=\"height:20px\" aria-hidden=\"true\" class=\"wp-block-spacer\"><\/div>\n\n\n\n<div class=\"wp-block-cover aligncenter has-custom-content-position is-position-bottom-center\" style=\"min-height:230px;aspect-ratio:unset;\"><span aria-hidden=\"true\" class=\"wp-block-cover__background has-background-dim-0 has-background-dim\"><\/span><img loading=\"lazy\" decoding=\"async\" width=\"963\" height=\"763\" class=\"wp-block-cover__image-background wp-image-1403\" alt=\"Portada d\u00e9cimo simposio internacional de inform\u00e1tica educativa (SIIE'08)\" src=\"https:\/\/blog.uclm.es\/grupochico\/wp-content\/uploads\/sites\/41\/2022\/07\/Prem9.png\" data-object-fit=\"cover\" srcset=\"https:\/\/blog.uclm.es\/grupochico\/wp-content\/uploads\/sites\/41\/2022\/07\/Prem9.png 963w, https:\/\/blog.uclm.es\/grupochico\/wp-content\/uploads\/sites\/41\/2022\/07\/Prem9-300x238.png 300w, https:\/\/blog.uclm.es\/grupochico\/wp-content\/uploads\/sites\/41\/2022\/07\/Prem9-768x608.png 768w, https:\/\/blog.uclm.es\/grupochico\/wp-content\/uploads\/sites\/41\/2022\/07\/Prem9-379x300.png 379w\" sizes=\"auto, (max-width: 706px) 89vw, (max-width: 767px) 82vw, 740px\" \/><div class=\"wp-block-cover__inner-container is-layout-flow wp-block-cover-is-layout-flow\">\n<p class=\"has-text-align-center has-white-color has-text-color has-medium-font-size\"><\/p>\n<\/div><\/div>\n\n\n\n<pre class=\"wp-block-verse\"><strong><strong><strong><strong><strong><strong><a href=\"https:\/\/eusal.es\/eusal\/catalog\/book\/978-84-7800-312-9\" target=\"_blank\" rel=\"noreferrer noopener\">Art\u00edculo cient\u00edfico mejor valorado de la X International Symposium on Computers in Education (2008)<\/a><\/strong><\/strong><\/strong><\/strong><\/strong><\/strong>\n\n<em>Seleccionado por el Comit\u00e9 de Programa del congreso y concedido por la Asociaci\u00f3n Espa\u00f1ola para el desarrollo de la Inform\u00e1tica Educativa (ADIE)<\/em><\/pre>\n\n\n\n<div style=\"height:20px\" aria-hidden=\"true\" class=\"wp-block-spacer\"><\/div>\n\n\n\n<hr class=\"wp-block-separator has-css-opacity is-style-wide\" \/>\n\n\n\n<div style=\"height:20px\" aria-hidden=\"true\" class=\"wp-block-spacer\"><\/div>\n\n\n\n<div class=\"wp-block-cover aligncenter has-custom-content-position is-position-bottom-center\" style=\"min-height:230px;aspect-ratio:unset;\"><span aria-hidden=\"true\" class=\"wp-block-cover__background has-background-dim-0 has-background-dim\"><\/span><img loading=\"lazy\" decoding=\"async\" width=\"2560\" height=\"512\" class=\"wp-block-cover__image-background wp-image-1398\" alt=\"Portada de la revista Interacci\u00f3n de la asociaci\u00f3n de AIPO (Asociaci\u00f3n Interacci\u00f3n Persona-Ordenador)\" src=\"https:\/\/blog.uclm.es\/grupochico\/wp-content\/uploads\/sites\/41\/2022\/07\/prem7-scaled-1.jpg\" data-object-fit=\"cover\" srcset=\"https:\/\/blog.uclm.es\/grupochico\/wp-content\/uploads\/sites\/41\/2022\/07\/prem7-scaled-1.jpg 2560w, https:\/\/blog.uclm.es\/grupochico\/wp-content\/uploads\/sites\/41\/2022\/07\/prem7-scaled-1-300x60.jpg 300w, https:\/\/blog.uclm.es\/grupochico\/wp-content\/uploads\/sites\/41\/2022\/07\/prem7-scaled-1-1024x205.jpg 1024w, https:\/\/blog.uclm.es\/grupochico\/wp-content\/uploads\/sites\/41\/2022\/07\/prem7-scaled-1-768x154.jpg 768w, https:\/\/blog.uclm.es\/grupochico\/wp-content\/uploads\/sites\/41\/2022\/07\/prem7-scaled-1-1536x307.jpg 1536w, https:\/\/blog.uclm.es\/grupochico\/wp-content\/uploads\/sites\/41\/2022\/07\/prem7-scaled-1-2048x410.jpg 2048w, https:\/\/blog.uclm.es\/grupochico\/wp-content\/uploads\/sites\/41\/2022\/07\/prem7-scaled-1-500x100.jpg 500w\" sizes=\"auto, (max-width: 706px) 89vw, (max-width: 767px) 82vw, 740px\" \/><div class=\"wp-block-cover__inner-container is-layout-flow wp-block-cover-is-layout-flow\">\n<p class=\"has-text-align-center has-white-color has-text-color has-medium-font-size\"><\/p>\n<\/div><\/div>\n\n\n\n<pre class=\"wp-block-verse\"><strong><strong><strong><strong><strong><a href=\"https:\/\/blog.uclm.es\/sylviamolina\/2008\/06\/10\/interaccion-2008\/\"><\/a><strong><a rel=\"noreferrer noopener\" href=\"https:\/\/iceis.scitevents.org\/PreviousAwards.aspx?y=2021\" target=\"_blank\"><\/a><strong>Art\u00edculo cient\u00edfico mejor valorado de la VII Conferencia Espa\u00f1ola de Interacci\u00f3n Persona-Ordenador (INTERACCI\u00d3N 2006)<\/strong><\/strong><\/strong><\/strong><\/strong><\/strong><\/strong>\n\n<em><em>Seleccionado por el Comit\u00e9 de Programa del congreso y concedido por la Asociaci\u00f3n Espa\u00f1ola para la Interacci\u00f3n Persona-Ordenador (AIPO)<\/em><\/em><\/pre>\n","protected":false},"excerpt":{"rendered":"<p>Selecci\u00f3n de premios y reconocimientos obtenidos por el Grupo CHICO Best Paper en el \u00e1rea Human-Computer Interaction en 22nd International Conference on Enterprise Information Systems (ICEIS 2020) Seleccionado por el Comit\u00e9 de Programa del congreso y concedido por el Institute for Systems and Technologies of Information, Control and Communication (INSTICC) Candidato a Best Paper en &hellip; <\/p>\n<p class=\"link-more\"><a href=\"https:\/\/blog.uclm.es\/grupochico\/premios-y-reconocimientos\/\" class=\"more-link\">Continuar leyendo<span class=\"screen-reader-text\"> \u00abPremios y Reconocimientos\u00bb<\/span><\/a><\/p>\n","protected":false},"author":151,"featured_media":0,"parent":0,"menu_order":0,"comment_status":"closed","ping_status":"closed","template":"","meta":{"footnotes":""},"class_list":["post-1363","page","type-page","status-publish","hentry"],"_links":{"self":[{"href":"https:\/\/blog.uclm.es\/grupochico\/wp-json\/wp\/v2\/pages\/1363","targetHints":{"allow":["GET"]}}],"collection":[{"href":"https:\/\/blog.uclm.es\/grupochico\/wp-json\/wp\/v2\/pages"}],"about":[{"href":"https:\/\/blog.uclm.es\/grupochico\/wp-json\/wp\/v2\/types\/page"}],"author":[{"embeddable":true,"href":"https:\/\/blog.uclm.es\/grupochico\/wp-json\/wp\/v2\/users\/151"}],"replies":[{"embeddable":true,"href":"https:\/\/blog.uclm.es\/grupochico\/wp-json\/wp\/v2\/comments?post=1363"}],"version-history":[{"count":3,"href":"https:\/\/blog.uclm.es\/grupochico\/wp-json\/wp\/v2\/pages\/1363\/revisions"}],"predecessor-version":[{"id":1571,"href":"https:\/\/blog.uclm.es\/grupochico\/wp-json\/wp\/v2\/pages\/1363\/revisions\/1571"}],"wp:attachment":[{"href":"https:\/\/blog.uclm.es\/grupochico\/wp-json\/wp\/v2\/media?parent=1363"}],"curies":[{"name":"wp","href":"https:\/\/api.w.org\/{rel}","templated":true}]}}