{"id":1119,"date":"2022-07-13T12:00:25","date_gmt":"2022-07-13T11:00:25","guid":{"rendered":"https:\/\/blog.uclm.es\/grupochico\/?page_id=1119"},"modified":"2026-02-20T21:39:59","modified_gmt":"2026-02-20T21:39:59","slug":"proyecto-frawa","status":"publish","type":"page","link":"https:\/\/blog.uclm.es\/grupochico\/proyecto-frawa\/","title":{"rendered":"Proyecto FRAWA"},"content":{"rendered":"\n<p><a name=\"resumen\"><\/a><\/p>\n\n\n\n<p class=\"has-text-align-center\"><a name=\"inicio\"><\/a>[ <a href=\"#resumen\">Resumen<\/a> | <a href=\"#objetivo\">Objetivo<\/a> | <a href=\"#paquetes\">Paquetes<\/a> | <a href=\"#periodo\">Periodo<\/a> | <a href=\"#participantes\">Participantes<\/a> | <a href=\"#financiacion\">Financiaci\u00f3n<\/a> | <a href=\"#resultados\">Resultados<\/a> | <a href=\"#publicaciones\" data-type=\"internal\" data-id=\"#publicaciones\">Publicaciones<\/a> ]<\/p>\n\n\n\n<h2 class=\"wp-block-heading\"><a name=\"resumen\"><\/a><strong>Resumen<\/strong><\/h2>\n\n\n\n<p>Los sistemas colaborativos (CSCW) han venido madurando como \u00e1rea cient\u00edfica y el software que los soporta (<em>groupware<\/em>) ha experimentado avances funcionales crecientes motivados por la b\u00fasqueda de eficacia y productividad de las organizaciones, las nuevas tecnolog\u00edas de desarrollo y despliegue de software colaborativo, la reciente explosi\u00f3n de las redes sociales y las capacidades y omnipresencia de los dispositivos m\u00f3viles (<em>smartphones<\/em>). El <em>awareness <\/em>\u2013conocimiento y percepci\u00f3n de los usuarios que trabajan y colaboran en un grupo y de su actividad\u2013 es una caracter\u00edstica esencial de los sistemas colaborativos de capital importancia para el \u00e9xito y la eficacia de tales sistemas.<\/p>\n\n\n\n<p>El presente proyecto pretende explorar nuevos caminos en el dise\u00f1o del <em>awareness <\/em>de los sistemas <em>groupware<\/em>, abordando la incorporaci\u00f3n de los r\u00e1pidos avances que se producen en materia de dispositivos y tecnolog\u00edas de interacci\u00f3n y colaboraci\u00f3n. Actualmente, existen varios <em>framework<\/em> y modelos te\u00f3ricos para apoyar el dise\u00f1o, implementaci\u00f3n y evaluaci\u00f3n del soporte de <em>awareness<\/em>. Sin embargo, estos modelos no est\u00e1n adaptados a las nuevas situaciones dibujadas por:<\/p>\n\n\n\n<ul class=\"wp-block-list\">\n<li>Las nuevas formas de interacci\u00f3n impl\u00edcita que los sistemas deben reconocer y procesar.<\/li>\n\n\n\n<li>La aparici\u00f3n de nuevos dispositivos de interacci\u00f3n y de dispositivos relacionados con nuevos sentidos.<\/li>\n\n\n\n<li>La expansi\u00f3n de las necesidades de aplicaciones colaborativas para el trabajo, aprendizaje y ocio, que contemplen una combinaci\u00f3n de escenarios f\u00edsicos y virtuales.<\/li>\n<\/ul>\n\n\n\n<p>Por otra parte, se observa una ausencia de directrices metodol\u00f3gicas y tecnolog\u00edas de apoyo al proceso de desarrollo del soporte de <em>awareness<\/em>. En este nuevo contexto de uso cabe plantear aproximaciones cient\u00edfico-t\u00e9cnicas aplicables a la problem\u00e1tica del dise\u00f1o y soporte al <em>awareness<\/em>, como es el an\u00e1lisis de la colaboraci\u00f3n y la interacci\u00f3n mediante t\u00e9cnicas de inteligencia artificial (IA) para el proceso de generaci\u00f3n de conocimiento de <em>awareness<\/em>.<\/p>\n\n\n\n<p>En este escenario, el objetivo cient\u00edfico planteado es doble, ya que se pretende (i) elaborar un marco tecnol\u00f3gico o <em>framework<\/em> para guiar el trabajo de los desarrolladores de <em>groupware<\/em>, adem\u00e1s de (ii) proponer nuevos modelos de caracterizaci\u00f3n y dise\u00f1o del <em>awareness<\/em> que permitan mejorar la calidad de los productos <em>groupware<\/em> y de su soporte de <em>awareness<\/em>. La evaluaci\u00f3n de este <em>framework<\/em> y validaci\u00f3n de las hip\u00f3tesis de investigaci\u00f3n se llevar\u00e1n a cabo mediante casos de estudio en los que se utilicen sistemas <em>groupware<\/em> novedosos. A este respecto, los \u00e1mbitos de <em>Turismo de naturaleza<\/em>, <em>Turismo cultural<\/em> y <em>Agricultura<\/em> ofrecen importantes posibilidades por el auge de <em>apps<\/em> y sistemas colaborativos para la realizaci\u00f3n de tareas y trabajos propios de estos \u00e1mbitos pero que adolecen de un soporte de <em>awareness<\/em> de calidad.<\/p>\n\n\n\n<p>[ <a href=\"#inicio\">Volver<\/a> ]<\/p>\n\n\n\n<h2 class=\"wp-block-heading\"><a name=\"objetivo\"><\/a><strong>Hip\u00f3tesis de investigaci\u00f3n y objetivos<\/strong><\/h2>\n\n\n\n<h3 class=\"wp-block-heading\">Hip\u00f3tesis de investigaci\u00f3n<\/h3>\n\n\n\n<pre class=\"wp-block-verse\">Es factible la construcci\u00f3n de un <em>framework<\/em> que facilite y mejore el proceso de descripci\u00f3n y dise\u00f1o de mecanismos de <em>awareness<\/em> en sistemas <em>groupware<\/em> por parte de los desarrolladores de estos sistemas y que contemple los nuevos escenarios que emergen de la proliferaci\u00f3n de dispositivos avanzados de interacci\u00f3n y de la adopci\u00f3n del paradigma de la interacci\u00f3n impl\u00edcita y que producen una redefinici\u00f3n y extensi\u00f3n de los requisitos de los usuarios.<\/pre>\n\n\n\n<h3 class=\"wp-block-heading\">Objetivos<\/h3>\n\n\n\n<pre class=\"wp-block-verse\">Creaci\u00f3n de  un marco conceptual y  tecnol\u00f3gico basado  en nuevos  modelos de  caracterizaci\u00f3n y dise\u00f1o  del <em>awareness<\/em> para  guiar  el  trabajo  de  los  desarrolladores de <em>groupware<\/em>, que  adopte  una  visi\u00f3n  completa  del <em>awareness<\/em> y soporte la  combinaci\u00f3n  de  estilos  de  interacci\u00f3n expl\u00edcita-impl\u00edcita y la  utilizaci\u00f3n  de escenarios de colaboraci\u00f3n f\u00edsicos y virtuales, y validarlo a trav\u00e9s de casos de estudio significativos.<\/pre>\n\n\n\n<p>[ <a href=\"#inicio\">Volver<\/a> ]<\/p>\n\n\n\n<h2 class=\"wp-block-heading\"><a name=\"paquetes\"><\/a><strong>Paquetes de trabajo<\/strong><\/h2>\n\n\n\n<p>PT1. Planificaci\u00f3n, revisi\u00f3n y organizaci\u00f3n.<\/p>\n\n\n\n<p>PT2. Catalogaci\u00f3n de conocimientos de <em>awareness <\/em>y tecnolog\u00edas,<\/p>\n\n\n\n<p>PT3. Especificaci\u00f3n y construcci\u00f3n de modelos conceptuales, t\u00e9cnicas y lenguajes de modelado.<\/p>\n\n\n\n<p>PT4. Dise\u00f1o y construcci\u00f3n de componentes tecnol\u00f3gicos e integraci\u00f3n.<\/p>\n\n\n\n<p>PT5. Definici\u00f3n de casos de estudio.<\/p>\n\n\n\n<p>PT6. Validaci\u00f3n y evaluaci\u00f3n.<\/p>\n\n\n\n<p>PT7. Transferencia y difusi\u00f3n.<\/p>\n\n\n\n<p>[ <a href=\"#inicio\">Volver<\/a> ]<\/p>\n\n\n\n<h2 class=\"wp-block-heading\"><a name=\"periodo\"><\/a><strong>Periodo de ejecuci\u00f3n<\/strong><\/h2>\n\n\n\n<p>2022 a 2025<\/p>\n\n\n\n<p>[ <a href=\"#inicio\">Volver<\/a> ]<\/p>\n\n\n\n<h2 class=\"wp-block-heading\"><a name=\"participantes\"><\/a><strong>Participantes<\/strong><\/h2>\n\n\n\n<p>Dr. Crescencio Bravo [IP1]<\/p>\n\n\n\n<p>Dra. Ana Isabel Molina [IP2]<\/p>\n\n\n\n<p>Dr. Miguel \u00c1ngel Redondo<\/p>\n\n\n\n<p>Dr. Manuel Ortega<\/p>\n\n\n\n<p>Dra. Carmen Lacave<\/p>\n\n\n\n<p>Dr. Yoel Arroyo<\/p>\n\n\n\n<p>Dra. Roc\u00edo Carranza<\/p>\n\n\n\n<p>Dra. Mar\u00eda Letizia<\/p>\n\n\n\n<p>D\u00f1a. Sara Lago<\/p>\n\n\n\n<p>[ <a href=\"#inicio\">Volver<\/a> ]<\/p>\n\n\n\n<h2 class=\"wp-block-heading\"><a name=\"financiacion\"><\/a><strong>Financiaci\u00f3n externa a la UCLM<\/strong><\/h2>\n\n\n\n<p><strong>105.040 \u20ac<\/strong> (incluyendo costes indirectos) aportados por la Junta de Comunidades de Castilla-La Mancha en materia de costes marginales obtenidos en convocatoria p\u00fablica competitiva con identificador de referencia <strong>SBPLY\/21\/180501\/000244<\/strong>.<\/p>\n\n\n\n<figure class=\"wp-block-image size-large\"><img loading=\"lazy\" decoding=\"async\" width=\"1024\" height=\"63\" src=\"https:\/\/blog.uclm.es\/grupochico\/wp-content\/uploads\/sites\/41\/2025\/01\/thumbnail_image002-1024x63.png\" alt=\"\" class=\"wp-image-1807\" srcset=\"https:\/\/blog.uclm.es\/grupochico\/wp-content\/uploads\/sites\/41\/2025\/01\/thumbnail_image002-1024x63.png 1024w, https:\/\/blog.uclm.es\/grupochico\/wp-content\/uploads\/sites\/41\/2025\/01\/thumbnail_image002-300x19.png 300w, https:\/\/blog.uclm.es\/grupochico\/wp-content\/uploads\/sites\/41\/2025\/01\/thumbnail_image002-768x48.png 768w, https:\/\/blog.uclm.es\/grupochico\/wp-content\/uploads\/sites\/41\/2025\/01\/thumbnail_image002-1536x95.png 1536w, https:\/\/blog.uclm.es\/grupochico\/wp-content\/uploads\/sites\/41\/2025\/01\/thumbnail_image002-2048x127.png 2048w\" sizes=\"auto, (max-width: 706px) 89vw, (max-width: 767px) 82vw, 740px\" \/><\/figure>\n\n\n\n<p>[ <a href=\"#inicio\">Volver<\/a> ]<\/p>\n\n\n\n<h2 class=\"wp-block-heading\"><strong><a name=\"resultados\"><\/a>Resultados<\/strong><\/h2>\n\n\n\n<h3 class=\"wp-block-heading\">Lenguaje visual ADD<\/h3>\n\n\n\n<ul class=\"wp-block-list\">\n<li><a href=\"https:\/\/doi.org\/10.5281\/zenodo.18498494\">Awareness Description Diagrams (ADD) v2<\/a><\/li>\n\n\n\n<li><a href=\"https:\/\/blog.uclm.es\/grupochico\/add-diagrammer\/\">Editor gr\u00e1fico ADD<\/a><\/li>\n\n\n\n<li><a href=\"https:\/\/doi.org\/10.5281\/zenodo.18498523\">Awareness Conceptualisation for New-Generation Collaborative Environments (NGCE)<\/a><\/li>\n\n\n\n<li><a href=\"https:\/\/doi.org\/10.5281\/zenodo.18498573\">Catalogue of Widgets and Devices to support the Awareness Design of New-Generation Collaborative Environments (NGCE)<\/a><\/li>\n\n\n\n<li><a href=\"https:\/\/doi.org\/10.5281\/zenodo.18498616\">Methodological Process for Awareness-based Design in New-Generation Collaborative Environments (NGCE) and Digital Twins<\/a><\/li>\n<\/ul>\n\n\n\n<h3 class=\"wp-block-heading\">Casos de estudio y Ejemplos<\/h3>\n\n\n\n<ul class=\"wp-block-list\">\n<li><a href=\"https:\/\/doi.org\/10.5281\/zenodo.18497328\">Case Study #01 Excursion in nature<\/a>\n<ul class=\"wp-block-list\">\n<li><a href=\"https:\/\/youtu.be\/2TN9WxrA7yU\">Excursiona<\/a> [v\u00eddeo]<\/li>\n<\/ul>\n<\/li>\n\n\n\n<li><a href=\"https:\/\/doi.org\/10.5281\/zenodo.18497964\">Case Study #02 Vineyard control and monitoring<\/a><\/li>\n\n\n\n<li><a href=\"https:\/\/doi.org\/10.5281\/zenodo.18498059\">Case Study #03 Ornithological observation<\/a><\/li>\n\n\n\n<li><a href=\"https:\/\/doi.org\/10.5281\/zenodo.18498120\">Case Study #04 Software development<\/a><\/li>\n<\/ul>\n\n\n\n<p>[ <a href=\"#inicio\">Volver<\/a> ]<\/p>\n\n\n\n<h2 class=\"wp-block-heading\"><strong><a name=\"publicaciones\"><\/a>Publicaciones<\/strong><\/h2>\n\n\n\n<ul class=\"wp-block-list\">\n<li>Bravo, C., Duque, R., Molina, A.I., Gallardo, J. (2023) <a href=\"https:\/\/doi.org\/10.1109\/THMS.2023.3332592\">Modelling awareness requirements in groupware: from cards to diagrams<\/a>. IEEE Transactions on Human-Machine Systems. Vol. 54 (1), pp. 56-67<\/li>\n\n\n\n<li>Duque, R., Bravo, C., Bringas, S., Postigo, D. (2023) <a href=\"https:\/\/doi.org\/10.1016\/j.future.2023.11.018\">Leveraging a visual language for the awareness-based design of interaction requirements in digital twins<\/a>. Future Generation Computer Systems. Vol. 153, pp. 41-51<\/li>\n\n\n\n<li>Molina, A.I., Arroyo, Y., Lacave, C., Redondo, M.A., Bravo, C., Ortega, M. (2024) <a href=\"https:\/\/doi.org\/10.1007\/s10209-023-01083-x\">Eye tracking-based evaluation of accessible and usable interactive systems: tool set of guidelines and methodological issues<\/a>. Universal Access in the Information Society. Vol. 24, pp. 3085-3108<\/li>\n\n\n\n<li>Navarro, C.X., Molina, A.I., Redondo, M.A., Lacave, C. (2024) <a href=\"https:\/\/doi.org\/10.1109\/TE.2023.3347191\">A comprehensive usability measurement tool for m-learning applications<\/a>. IEEE Transactions on Education, vol. 67, no. 2, pp. 209-223 <\/li>\n\n\n\n<li>Molina, A.I., Bravo, C., Gallardo, J., Lacave, C., Redondo, M.A. (2024) <a href=\"https:\/\/doi.org\/10.1016\/j.jss.2024.112276\">Awareness support in collaborative programming tools: An evaluation based on programmer\u2019s perception and eye tracking<\/a>. Journal of Systems and Software, vol. 220<\/li>\n\n\n\n<li>Ortega-Cordovilla, M., Garrido, S., Bravo, C., Molina, A.I., Ortega-Cantero, M. (2024) <a href=\"https:\/\/doi.org\/10.1016\/j.softx.2024.101908\">Excursiona: A collaborative mobile application for excursions in nature<\/a>. SoftwareX Journal, vol. 28, December 2024<\/li>\n\n\n\n<li>Gonz\u00e1lez-Vel\u00e1zquez, S., Molina, A.I., Gonz\u00e1lez, I., Lacave, C., Mond\u00e9jar, T., Nugent, C. (2026) StopMiedo: A technology-assisted intervention system for the treatment of amaxophobia. Universal Access in the Information Society<\/li>\n\n\n\n<li>Bravo, C., Molina, A.I. (2022) <a href=\"https:\/\/theconversation.com\/nada-como-el-cara-a-cara-asi-intenta-la-tecnologia-emular-las-reuniones-presenciales-179872\">Nada como el cara a cara: as\u00ed intenta la tecnolog\u00eda emular las reuniones presenciales<\/a>. The Conversation, mayo<\/li>\n\n\n\n<li>Garrido, S. (2023) Aplicaci\u00f3n m\u00f3vil colaborativa para realizar excursiones compartidas en la naturaleza. Trabajo Fin de Grado, Escuela Superior de Inform\u00e1tica de Ciudad Real, dirigido por Bravo, C. y Molina, A.I.<\/li>\n\n\n\n<li>Menc\u00edas, J. (2024) OrniApp: Sistema groupware con soporte al awareness en la observaci\u00f3n colaborativa de aves. Trabajo Fin de Grado, Facultad de Ciencias Sociales y Tecnolog\u00edas de la Informaci\u00f3n de Talavera de la Reina, dirigido por Arroyo, Y.<\/li>\n\n\n\n<li>Bravo, C., Molina, A.I., Ortega-Cordovilla, M. (2025) Patterns and widgets for collaboration awareness in next-generation groupware. 7th World Symposium on Software Engineering (WSSE 2025), October 24-26, 2025, Okayama, Japan. ACM, New York, NY, USA<\/li>\n\n\n\n<li>Bravo, C., Molina, A.I., Gallardo, J., Ortega-Cordovilla, M. (2025) <a href=\"https:\/\/doi.org\/10.1109\/SMC58881.2025.11343012\">Conceptualisation of Collaboration Awareness in Next-Generation Collaborative Environments<\/a>. IEEE International Conference on Systems, Man, and Cybernetics (SMC), Vienna, Austria, 2025, pp. 5813-5820<\/li>\n\n\n\n<li>Palazuelos, C., Duque, R., Bravo, C. (2024) <a href=\"https:\/\/doi.org\/10.1109\/SIIE63180.2024.10604501\">Towards a Tutoring Method in CSCL Environments through Prediction of Analysis Indicators using Generalized Linear Models<\/a>. <em>2024 International Symposium on Computers in Education (SIIE)<\/em>, A coru\u00f1a, Spain, 2024, pp. 1-6<\/li>\n<\/ul>\n\n\n\n<p>[ <a href=\"#inicio\">Volver<\/a> ]<\/p>\n\n\n\n<p><\/p>\n","protected":false},"excerpt":{"rendered":"<p>[ Resumen | Objetivo | Paquetes | Periodo | Participantes | Financiaci\u00f3n | Resultados | Publicaciones ] Resumen Los sistemas colaborativos (CSCW) han venido madurando como \u00e1rea cient\u00edfica y el software que los soporta (groupware) ha experimentado avances funcionales crecientes motivados por la b\u00fasqueda de eficacia y productividad de las organizaciones, las nuevas tecnolog\u00edas de &hellip; <\/p>\n<p class=\"link-more\"><a href=\"https:\/\/blog.uclm.es\/grupochico\/proyecto-frawa\/\" class=\"more-link\">Continuar leyendo<span class=\"screen-reader-text\"> \u00abProyecto FRAWA\u00bb<\/span><\/a><\/p>\n","protected":false},"author":151,"featured_media":0,"parent":0,"menu_order":0,"comment_status":"closed","ping_status":"closed","template":"","meta":{"footnotes":""},"class_list":["post-1119","page","type-page","status-publish","hentry"],"_links":{"self":[{"href":"https:\/\/blog.uclm.es\/grupochico\/wp-json\/wp\/v2\/pages\/1119","targetHints":{"allow":["GET"]}}],"collection":[{"href":"https:\/\/blog.uclm.es\/grupochico\/wp-json\/wp\/v2\/pages"}],"about":[{"href":"https:\/\/blog.uclm.es\/grupochico\/wp-json\/wp\/v2\/types\/page"}],"author":[{"embeddable":true,"href":"https:\/\/blog.uclm.es\/grupochico\/wp-json\/wp\/v2\/users\/151"}],"replies":[{"embeddable":true,"href":"https:\/\/blog.uclm.es\/grupochico\/wp-json\/wp\/v2\/comments?post=1119"}],"version-history":[{"count":11,"href":"https:\/\/blog.uclm.es\/grupochico\/wp-json\/wp\/v2\/pages\/1119\/revisions"}],"predecessor-version":[{"id":1855,"href":"https:\/\/blog.uclm.es\/grupochico\/wp-json\/wp\/v2\/pages\/1119\/revisions\/1855"}],"wp:attachment":[{"href":"https:\/\/blog.uclm.es\/grupochico\/wp-json\/wp\/v2\/media?parent=1119"}],"curies":[{"name":"wp","href":"https:\/\/api.w.org\/{rel}","templated":true}]}}