{"id":23,"date":"2020-02-03T13:25:54","date_gmt":"2020-02-03T12:25:54","guid":{"rendered":"http:\/\/blog.uclm.es\/grupoarcyt\/?page_id=23"},"modified":"2023-02-07T22:30:23","modified_gmt":"2023-02-07T21:30:23","slug":"inicio","status":"publish","type":"page","link":"https:\/\/blog.uclm.es\/grupoarcyt\/","title":{"rendered":"Grupo ARCYT (Arqueolog\u00eda Romana de la Ciudad y el Territorio)"},"content":{"rendered":"\n<div class=\"wp-block-columns alignfull is-layout-flex wp-container-core-columns-is-layout-28f84493 wp-block-columns-is-layout-flex\">\n<div class=\"wp-block-column is-layout-flow wp-block-column-is-layout-flow\">\n<div style=\"margin-top:var(--wp--preset--spacing--30);margin-bottom:var(--wp--preset--spacing--30);height:0px\" aria-hidden=\"true\" class=\"wp-block-spacer\"><\/div>\n\n\n\n<h2 class=\"wp-block-heading\"><strong>Grupo de investigaci\u00f3n ARCYT<\/strong><\/h2>\n\n\n\n<h3 class=\"wp-block-heading\"><strong>(Arqueolog\u00eda Romana de la Ciudad y el Territorio)<\/strong><\/h3>\n\n\n\n<p style=\"font-size:1.4rem\">\u00a1Bienvenido! Te encuentras en el espacio web del grupo de investigaci\u00f3n ARCYT (Arqueolog\u00eda Romana de la Ciudad y del Territorio), perteneciente a la Universidad de Castilla-La Mancha.<\/p>\n\n\n\n<p class=\"has-text-align-center\" style=\"font-size:1.4rem\">EN CONSTRUCCI\u00d3N<\/p>\n<\/div>\n<\/div>\n","protected":false},"excerpt":{"rendered":"<p>Grupo de investigaci\u00f3n ARCYT (Arqueolog\u00eda Romana de la Ciudad y el Territorio) \u00a1Bienvenido! Te encuentras en el espacio web del grupo de investigaci\u00f3n ARCYT (Arqueolog\u00eda Romana de la Ciudad y del Territorio), perteneciente a la Universidad de Castilla-La Mancha. EN CONSTRUCCI\u00d3N<\/p>\n","protected":false},"author":278,"featured_media":0,"parent":0,"menu_order":0,"comment_status":"closed","ping_status":"closed","template":"showcase.php","meta":{"footnotes":""},"class_list":["post-23","page","type-page","status-publish","hentry"],"_links":{"self":[{"href":"https:\/\/blog.uclm.es\/grupoarcyt\/wp-json\/wp\/v2\/pages\/23","targetHints":{"allow":["GET"]}}],"collection":[{"href":"https:\/\/blog.uclm.es\/grupoarcyt\/wp-json\/wp\/v2\/pages"}],"about":[{"href":"https:\/\/blog.uclm.es\/grupoarcyt\/wp-json\/wp\/v2\/types\/page"}],"author":[{"embeddable":true,"href":"https:\/\/blog.uclm.es\/grupoarcyt\/wp-json\/wp\/v2\/users\/278"}],"replies":[{"embeddable":true,"href":"https:\/\/blog.uclm.es\/grupoarcyt\/wp-json\/wp\/v2\/comments?post=23"}],"version-history":[{"count":20,"href":"https:\/\/blog.uclm.es\/grupoarcyt\/wp-json\/wp\/v2\/pages\/23\/revisions"}],"predecessor-version":[{"id":445,"href":"https:\/\/blog.uclm.es\/grupoarcyt\/wp-json\/wp\/v2\/pages\/23\/revisions\/445"}],"wp:attachment":[{"href":"https:\/\/blog.uclm.es\/grupoarcyt\/wp-json\/wp\/v2\/media?parent=23"}],"curies":[{"name":"wp","href":"https:\/\/api.w.org\/{rel}","templated":true}]}}