{"id":982,"date":"2025-10-16T13:30:40","date_gmt":"2025-10-16T13:30:40","guid":{"rendered":"https:\/\/blog.uclm.es\/grupoINTERMED\/?page_id=982"},"modified":"2025-10-16T14:20:00","modified_gmt":"2025-10-16T14:20:00","slug":"proyectos-2","status":"publish","type":"page","link":"https:\/\/blog.uclm.es\/grupoINTERMED\/proyectos-2\/","title":{"rendered":"Proyectos"},"content":{"rendered":"\n<p><strong>Proyecto de transferencia \u00abTransferencia de Textos T\u00e9cnicos\u00bb (Ref. 2024-TRAN-36589)<\/strong><\/p>\n\n\n\n<p>IP: Mar\u00eda Teresa Santamar\u00eda Hern\u00e1ndez (UCLM).<\/p>\n\n\n\n<p>Duraci\u00f3n: 01\/06\/2024-31\/05\/2026.<\/p>\n\n\n\n<p>Entidad financiadora: Programa de Transferencia del Vicerrectorado de Innovaci\u00f3n, Empleo y Emprendimiento de la UCLM, en el marco de los <em>Planes para la Generaci\u00f3n de Transferencia y Proyectos de Transferencia Colaborativa<\/em>, cofinanciadas en un 85% por el <em>Fondo Europeo de Desarrollo Regional<\/em> (FEDER), para el a\u00f1o 2024.<\/p>\n\n\n\n<p>\u00c1mbito: universitario.<\/p>\n\n\n\n<p>Centro de destino: Facultad de Humanidades de Albacete.<\/p>\n\n\n\n<div style=\"height:47px\" aria-hidden=\"true\" class=\"wp-block-spacer\"><\/div>\n\n\n\n<p><strong>Proyecto \u00ab<em>Europa interpres<\/em>: Los traductores, constructores de Europa\u00bb (Art\u00edculo 83 de la antigua L.O.U. \u2013 contratos con empresas)<\/strong><\/p>\n\n\n\n<p>Entidades colaboradoras: Direcci\u00f3n General de la Traducci\u00f3n de la Comisi\u00f3n Europea, Escuela de Traductores de Toledo, Instituto Cervantes, <em>Speculum<\/em>: Observatorio de la Identidad Cultural Europea.<\/p>\n\n\n\n<p>Duraci\u00f3n: mayo 2018 &#8211; diciembre 2021.<\/p>\n\n\n\n<p>Entidad financiadora: Comisi\u00f3n Europea.<\/p>\n\n\n\n<p>Web: <a href=\"https:\/\/www.europainterpres.eu\/\">https:\/\/www.europainterpres.eu\/<\/a><\/p>\n","protected":false},"excerpt":{"rendered":"<p>Proyecto de transferencia \u00abTransferencia de Textos T\u00e9cnicos\u00bb (Ref. 2024-TRAN-36589) IP: Mar\u00eda Teresa Santamar\u00eda Hern\u00e1ndez (UCLM). Duraci\u00f3n: 01\/06\/2024-31\/05\/2026. Entidad financiadora: Programa de Transferencia del Vicerrectorado de Innovaci\u00f3n, Empleo y Emprendimiento de la UCLM, en el marco de los Planes para la &hellip; <a href=\"https:\/\/blog.uclm.es\/grupoINTERMED\/proyectos-2\/\">Sigue leyendo <span class=\"meta-nav\">&rarr;<\/span><\/a><\/p>\n","protected":false},"author":166,"featured_media":0,"parent":0,"menu_order":0,"comment_status":"closed","ping_status":"closed","template":"","meta":{"footnotes":""},"class_list":["post-982","page","type-page","status-publish","hentry"],"_links":{"self":[{"href":"https:\/\/blog.uclm.es\/grupoINTERMED\/wp-json\/wp\/v2\/pages\/982","targetHints":{"allow":["GET"]}}],"collection":[{"href":"https:\/\/blog.uclm.es\/grupoINTERMED\/wp-json\/wp\/v2\/pages"}],"about":[{"href":"https:\/\/blog.uclm.es\/grupoINTERMED\/wp-json\/wp\/v2\/types\/page"}],"author":[{"embeddable":true,"href":"https:\/\/blog.uclm.es\/grupoINTERMED\/wp-json\/wp\/v2\/users\/166"}],"replies":[{"embeddable":true,"href":"https:\/\/blog.uclm.es\/grupoINTERMED\/wp-json\/wp\/v2\/comments?post=982"}],"version-history":[{"count":4,"href":"https:\/\/blog.uclm.es\/grupoINTERMED\/wp-json\/wp\/v2\/pages\/982\/revisions"}],"predecessor-version":[{"id":1015,"href":"https:\/\/blog.uclm.es\/grupoINTERMED\/wp-json\/wp\/v2\/pages\/982\/revisions\/1015"}],"wp:attachment":[{"href":"https:\/\/blog.uclm.es\/grupoINTERMED\/wp-json\/wp\/v2\/media?parent=982"}],"curies":[{"name":"wp","href":"https:\/\/api.w.org\/{rel}","templated":true}]}}