{"id":970,"date":"2025-10-16T13:24:07","date_gmt":"2025-10-16T13:24:07","guid":{"rendered":"https:\/\/blog.uclm.es\/grupoINTERMED\/?page_id=970"},"modified":"2025-10-16T13:39:21","modified_gmt":"2025-10-16T13:39:21","slug":"alimentacion-y-salud-ref-2025-grin-38490","status":"publish","type":"page","link":"https:\/\/blog.uclm.es\/grupoINTERMED\/alimentacion-y-salud-ref-2025-grin-38490\/","title":{"rendered":"Alimentaci\u00f3n y salud (2025-GRIN-38490)"},"content":{"rendered":"\n<p><strong>Proyecto \u00abAlimentaci\u00f3n y salud en el Mediterr\u00e1neo antiguo: desarrollo y vigencia de conceptos y terminolog\u00eda\u00bb (Ref. 2025-GRIN-38490).<\/strong><\/p>\n\n\n\n<p>IP: Mar\u00eda Teresa Santamar\u00eda Hern\u00e1ndez (UCLM).<\/p>\n\n\n\n<p>Duraci\u00f3n: 01\/09\/2025-31\/08\/2028.<\/p>\n\n\n\n<p>Entidad financiadora: Ayudas para la realizaci\u00f3n de proyectos de investigaci\u00f3n aplicada, en el marco del <em>Plan Propio de Investigaci\u00f3n<\/em>, cofinanciadas por el <em>Fondo Europeo de Desarrollo Regional<\/em> (FEDER).<\/p>\n\n\n\n<p>\u00c1mbito: universitario.<\/p>\n\n\n\n<p>Centro de destino: Facultad de Humanidades de Albacete.<\/p>\n\n\n\n<p><\/p>\n","protected":false},"excerpt":{"rendered":"<p>Proyecto \u00abAlimentaci\u00f3n y salud en el Mediterr\u00e1neo antiguo: desarrollo y vigencia de conceptos y terminolog\u00eda\u00bb (Ref. 2025-GRIN-38490). IP: Mar\u00eda Teresa Santamar\u00eda Hern\u00e1ndez (UCLM). Duraci\u00f3n: 01\/09\/2025-31\/08\/2028. Entidad financiadora: Ayudas para la realizaci\u00f3n de proyectos de investigaci\u00f3n aplicada, en el marco del &hellip; <a href=\"https:\/\/blog.uclm.es\/grupoINTERMED\/alimentacion-y-salud-ref-2025-grin-38490\/\">Sigue leyendo <span class=\"meta-nav\">&rarr;<\/span><\/a><\/p>\n","protected":false},"author":166,"featured_media":0,"parent":0,"menu_order":0,"comment_status":"closed","ping_status":"closed","template":"","meta":{"footnotes":""},"class_list":["post-970","page","type-page","status-publish","hentry"],"_links":{"self":[{"href":"https:\/\/blog.uclm.es\/grupoINTERMED\/wp-json\/wp\/v2\/pages\/970","targetHints":{"allow":["GET"]}}],"collection":[{"href":"https:\/\/blog.uclm.es\/grupoINTERMED\/wp-json\/wp\/v2\/pages"}],"about":[{"href":"https:\/\/blog.uclm.es\/grupoINTERMED\/wp-json\/wp\/v2\/types\/page"}],"author":[{"embeddable":true,"href":"https:\/\/blog.uclm.es\/grupoINTERMED\/wp-json\/wp\/v2\/users\/166"}],"replies":[{"embeddable":true,"href":"https:\/\/blog.uclm.es\/grupoINTERMED\/wp-json\/wp\/v2\/comments?post=970"}],"version-history":[{"count":4,"href":"https:\/\/blog.uclm.es\/grupoINTERMED\/wp-json\/wp\/v2\/pages\/970\/revisions"}],"predecessor-version":[{"id":1000,"href":"https:\/\/blog.uclm.es\/grupoINTERMED\/wp-json\/wp\/v2\/pages\/970\/revisions\/1000"}],"wp:attachment":[{"href":"https:\/\/blog.uclm.es\/grupoINTERMED\/wp-json\/wp\/v2\/media?parent=970"}],"curies":[{"name":"wp","href":"https:\/\/api.w.org\/{rel}","templated":true}]}}