{"id":878,"date":"2025-10-09T13:57:45","date_gmt":"2025-10-09T13:57:45","guid":{"rendered":"https:\/\/blog.uclm.es\/grupoINTERMED\/?page_id=878"},"modified":"2025-10-16T13:29:43","modified_gmt":"2025-10-16T13:29:43","slug":"otras-publicaciones","status":"publish","type":"page","link":"https:\/\/blog.uclm.es\/grupoINTERMED\/otras-publicaciones\/","title":{"rendered":"Publicaciones"},"content":{"rendered":"\n<p><strong>| 2024 |<\/strong><\/p>\n\n\n\n<p>VV.AA. (2024), <em>La traducci\u00f3n, lengua de Europa. Traducci\u00f3n y circulaci\u00f3n de ideas en Europa y en Espa\u00f1a: un recorrido hist\u00f3rico<\/em>. Luxemburgo: Oficina de Publicaciones de la Uni\u00f3n Europea. ISBN: 978-92-68-12529-8; doi: <a href=\"https:\/\/filologia.us.es\/wp-content\/uploads\/2025\/09\/la-taduccion-lengua-de-europa-NM0224166ESN.pdf\">10.2798\/856225<\/a><\/p>\n\n\n\n<p>Various authors (2024), <em>Translation, the language of Europe. Translation and the circulation of ideas in Europe and Spain: a journey through history<\/em>. Luxembourg: Publications Office of the European Union. ISBN: 978-92-68-12528-1; doi: 10.2798\/266332<\/p>\n","protected":false},"excerpt":{"rendered":"<p>| 2024 | VV.AA. (2024), La traducci\u00f3n, lengua de Europa. Traducci\u00f3n y circulaci\u00f3n de ideas en Europa y en Espa\u00f1a: un recorrido hist\u00f3rico. Luxemburgo: Oficina de Publicaciones de la Uni\u00f3n Europea. ISBN: 978-92-68-12529-8; doi: 10.2798\/856225 Various authors (2024), Translation, the &hellip; <a href=\"https:\/\/blog.uclm.es\/grupoINTERMED\/otras-publicaciones\/\">Sigue leyendo <span class=\"meta-nav\">&rarr;<\/span><\/a><\/p>\n","protected":false},"author":166,"featured_media":0,"parent":0,"menu_order":0,"comment_status":"closed","ping_status":"closed","template":"","meta":{"footnotes":""},"class_list":["post-878","page","type-page","status-publish","hentry"],"_links":{"self":[{"href":"https:\/\/blog.uclm.es\/grupoINTERMED\/wp-json\/wp\/v2\/pages\/878","targetHints":{"allow":["GET"]}}],"collection":[{"href":"https:\/\/blog.uclm.es\/grupoINTERMED\/wp-json\/wp\/v2\/pages"}],"about":[{"href":"https:\/\/blog.uclm.es\/grupoINTERMED\/wp-json\/wp\/v2\/types\/page"}],"author":[{"embeddable":true,"href":"https:\/\/blog.uclm.es\/grupoINTERMED\/wp-json\/wp\/v2\/users\/166"}],"replies":[{"embeddable":true,"href":"https:\/\/blog.uclm.es\/grupoINTERMED\/wp-json\/wp\/v2\/comments?post=878"}],"version-history":[{"count":4,"href":"https:\/\/blog.uclm.es\/grupoINTERMED\/wp-json\/wp\/v2\/pages\/878\/revisions"}],"predecessor-version":[{"id":981,"href":"https:\/\/blog.uclm.es\/grupoINTERMED\/wp-json\/wp\/v2\/pages\/878\/revisions\/981"}],"wp:attachment":[{"href":"https:\/\/blog.uclm.es\/grupoINTERMED\/wp-json\/wp\/v2\/media?parent=878"}],"curies":[{"name":"wp","href":"https:\/\/api.w.org\/{rel}","templated":true}]}}