{"id":877,"date":"2025-10-09T13:57:44","date_gmt":"2025-10-09T13:57:44","guid":{"rendered":"https:\/\/blog.uclm.es\/grupoINTERMED\/?page_id=877"},"modified":"2025-10-16T13:12:53","modified_gmt":"2025-10-16T13:12:53","slug":"traducciones","status":"publish","type":"page","link":"https:\/\/blog.uclm.es\/grupoINTERMED\/traducciones\/","title":{"rendered":"Traducciones"},"content":{"rendered":"\n<p><strong>| 2023 |<\/strong><\/p>\n\n\n\n<p>Arellano Ayuso, I. &amp; Vinatea Ricoba, M. (coords.; ed. y trad. del texto latino a cargo de M. D\u00edaz Marcos) (2023). <em>Epidemias y remedios en el virreinato de Per\u00fa. Dos tratados m\u00e9dicos sobre el garrotillo y el sarampi\u00f3n (Francisco de Figueroa y Francisco Bermejo)<\/em>, Colecci\u00f3n <em>Batihoja<\/em>, n\u00ba 88. Nueva York: Instituto de Estudios Auriseculares (IDEA). ISBN: <a href=\"https:\/\/repositorio.up.edu.pe\/item\/5a45ba0f-7fc0-4a56-b001-8e9324c06174\">978-1-952399-12-1<\/a><\/p>\n","protected":false},"excerpt":{"rendered":"<p>| 2023 | Arellano Ayuso, I. &amp; Vinatea Ricoba, M. (coords.; ed. y trad. del texto latino a cargo de M. D\u00edaz Marcos) (2023). Epidemias y remedios en el virreinato de Per\u00fa. Dos tratados m\u00e9dicos sobre el garrotillo y el &hellip; <a href=\"https:\/\/blog.uclm.es\/grupoINTERMED\/traducciones\/\">Sigue leyendo <span class=\"meta-nav\">&rarr;<\/span><\/a><\/p>\n","protected":false},"author":166,"featured_media":0,"parent":0,"menu_order":0,"comment_status":"closed","ping_status":"closed","template":"","meta":{"footnotes":""},"class_list":["post-877","page","type-page","status-publish","hentry"],"_links":{"self":[{"href":"https:\/\/blog.uclm.es\/grupoINTERMED\/wp-json\/wp\/v2\/pages\/877","targetHints":{"allow":["GET"]}}],"collection":[{"href":"https:\/\/blog.uclm.es\/grupoINTERMED\/wp-json\/wp\/v2\/pages"}],"about":[{"href":"https:\/\/blog.uclm.es\/grupoINTERMED\/wp-json\/wp\/v2\/types\/page"}],"author":[{"embeddable":true,"href":"https:\/\/blog.uclm.es\/grupoINTERMED\/wp-json\/wp\/v2\/users\/166"}],"replies":[{"embeddable":true,"href":"https:\/\/blog.uclm.es\/grupoINTERMED\/wp-json\/wp\/v2\/comments?post=877"}],"version-history":[{"count":4,"href":"https:\/\/blog.uclm.es\/grupoINTERMED\/wp-json\/wp\/v2\/pages\/877\/revisions"}],"predecessor-version":[{"id":963,"href":"https:\/\/blog.uclm.es\/grupoINTERMED\/wp-json\/wp\/v2\/pages\/877\/revisions\/963"}],"wp:attachment":[{"href":"https:\/\/blog.uclm.es\/grupoINTERMED\/wp-json\/wp\/v2\/media?parent=877"}],"curies":[{"name":"wp","href":"https:\/\/api.w.org\/{rel}","templated":true}]}}