{"id":875,"date":"2025-10-09T13:57:44","date_gmt":"2025-10-09T13:57:44","guid":{"rendered":"https:\/\/blog.uclm.es\/grupoINTERMED\/?page_id=875"},"modified":"2025-10-16T12:29:37","modified_gmt":"2025-10-16T12:29:37","slug":"resenas","status":"publish","type":"page","link":"https:\/\/blog.uclm.es\/grupoINTERMED\/resenas\/","title":{"rendered":"Rese\u00f1as en revistas"},"content":{"rendered":"\n<p><strong>| 2024 |<\/strong><\/p>\n\n\n\n<p>D\u00edaz Marcos, Marina (2024), \u00abCristina Santos Pinheiro <em>et al.<\/em> (eds.).\u00a0<em>Gynecia. Studies on Gynaecology in Ancient, Medieval and Early-Modern Texts<\/em>, Lisboa, Edi\u00e7\u00f5es Afrontamento, 2022, 376 p\u00e1ginas (ISBN: 978-972-36-1977-5 [tapa blanda])\u00bb, <em>Estudios Cl\u00e1sicos<\/em>, <em>166<\/em>, 188-190. ISSN: 0014-1453; doi: <a href=\"https:\/\/www.estudiosclasicos.org\/articulo\/cristina-santos-pinheiro-gabriel-a-f-silva-rui-carlos-fonseca-bernardo-machado-mota-y-joaquim-pinheiro-eds-2022-gynecia-studies-on-gynaecology-in-ancient-medieval-and-early-modern-texts\/\">10.48232\/eclas.166.11<\/a><\/p>\n\n\n\n<p><strong>| 2022 |<\/strong><\/p>\n\n\n\n<p>Pascual Barea, Joaqu\u00edn (2020), \u00abMar\u00eda Carmen G\u00f3mez Costoya,\u00a0<em>Oribasio latino, Synopsis VII: Estudio introductorio y edici\u00f3n cr\u00edtica,\u00a0<\/em>Santiago de Compostela, Andavira, 2020, 536 p\u00e1ginas (ISBN 978-841-22-8870-4)\u00bb, <em>Emerita<\/em>, <em>90<\/em>(2), 390-392. ISSN: <a href=\"https:\/\/emerita.revistas.csic.es\/index.php\/emerita\/article\/view\/1235\/1279\">0013-6662<\/a><\/p>\n\n\n\n<p><strong>| 2021 |<\/strong><\/p>\n\n\n\n<p>Sol\u00e1 Portillo, Sara (2021), \u00abAdnan K. Abdulla, <em>Translation in the Arab World. The Abbasid Golden Age<\/em>, Nueva York, Routledge, 2020, 164 p\u00e1ginas (ISBN: 9780367689490)\u00bb, <em>TRANS: Revista de Traductolog\u00eda<\/em>, <em>25<\/em>, 609-612. ISSN: <a href=\"https:\/\/riuma.uma.es\/xmlui\/bitstream\/handle\/10630\/24403\/2021.%20Rese%C3%B1a%20Translation%20in%20the%20Arab%20World.pdf?sequence=1\">1137-2311<\/a> <\/p>\n\n\n\n<p><strong>| 2020 |<\/strong><\/p>\n\n\n\n<p>Santamar\u00eda Hern\u00e1ndez, Mar\u00eda Teresa (2020), \u00abJos\u00e9 Carlos Santos Paz,\u00a0<em>Pseudo-Sexto Pl\u00e1cido. Liber medicine ex quadrupedibus. Magos y doctores. La Medicina en la Alta Edad Media<\/em>. <em>Edici\u00f3n, traducci\u00f3n y estudio<\/em>, Firenze: SISMEL-Edizioni del Galluzzo, 2018 (Per Verba. Testi mediolatini con traduzione, 34), CXX + 100 ppm\u00bb,\u00a0<em>Minerva. Revista de Filolog\u00eda Cl\u00e1sica<\/em>, <em>33<\/em>, 261-276. ISSN: <a href=\"https:\/\/revistas.uva.es\/index.php\/minerva\/article\/view\/4817\/3560\">2530-6480<\/a><\/p>\n\n\n\n<p><strong>| 2019 |<\/strong><\/p>\n\n\n\n<p>D\u00edaz Marcos, Marina &amp; Mart\u00ednez Prieto, Roc\u00edo (2019), \u00abWorkshop Internacional de Investigaci\u00f3n <em>El Patrimonio Textual Grecolatino de la Medicina Europea: l\u00edneas de investigaci\u00f3n y perspectivas de futuro<\/em>, Albacete\/Toledo, 2-4 de mayo de 2018&#8243;, <em>Lettre d\u2019informations. M\u00e9d\u00e9cine Antique et M\u00e9di\u00e9vale<\/em>, <em>14<\/em>, 37-40. ISSN: <a href=\"https:\/\/www.academia.edu\/42017954\/Workshop_Internacional_de_Investigaci%C3%B3n_El_Patrimonio_Textual_Grecolatino_de_la_Medicina_Europea_l%C3%ADneas_de_investigaci%C3%B3n_y_perspectivas_de_futuro_Albacete_Toledo_2_4_de_mayo_de_2018\u00e7\">0995-5887<\/a><\/p>\n\n\n\n<p>D\u00edaz Marcos, Marina &amp; Mart\u00ednez Prieto, Roc\u00edo (2019), \u00abXIII\u00e8me Colloque international sur les Textes M\u00e9dicaux Latins: <em>M\u00e9taphores et images m\u00e9dicales, d\u2019Alexandrie \u00e0 Salerne <\/em>(sous la responsabilit\u00e9 de Nicoletta Palmieri), Reims, 20-22 septiembre 2018&#8243;, <em>Lettre d\u2019informations. M\u00e9d\u00e9cine Antique et M\u00e9di\u00e9vale<\/em>, <em>14<\/em>, 53-55. ISSN: <a href=\"https:\/\/www.academia.edu\/42017954\/Workshop_Internacional_de_Investigaci%C3%B3n_El_Patrimonio_Textual_Grecolatino_de_la_Medicina_Europea_l%C3%ADneas_de_investigaci%C3%B3n_y_perspectivas_de_futuro_Albacete_Toledo_2_4_de_mayo_de_2018\">0995-5887<\/a><\/p>\n\n\n\n<p>Mart\u00ednez Prieto, Roc\u00edo (2019), \u00ab<em>\u03a5\u03b3\u03af\u03b5\u03b9\u03b1 \u03ba\u03b1\u1f76 \u03b3\u03ad\u03bb\u03c9\u03c2. Homenaje a Ignacio Rodr\u00edguez Alfageme<\/em> (J. \u00c1ngel y Espin\u00f3s, J. M. Florist\u00e1n Im\u00edzcoz, F. Garc\u00eda Romero, M. L\u00f3pez Salv\u00e1, eds.), Zaragoza, Libros P\u00f3rtico, 2015, 824 pp.\u00bb, <em>Lettre d&#8217;informations m\u00e9decine antique et m\u00e9di\u00e9vale<\/em>, <em>14<\/em>, pp. 74-79. ISSN: <a href=\"https:\/\/www.academia.edu\/27015176\/%CE%A5%CE%B3%CE%B9_%CE%B5%CE%B9%CE%B1_%CE%BA%CE%B1%CE%B9_%CE%B3%CE%B5_%CE%BB%CF%89%CF%82_Homenaje_a_Ignacio_Rodr%C3%ADguez_Alfageme_J_%C3%81ngel_y_Espin%C3%B3s_J_M_Florist%C3%A1n_Im%C3%ADzcoz_F_Garc%C3%ADa_Romero_M_L%C3%B3pez_Salv%C3%A1_eds_Zaragoza_Libros_P%C3%B3rtico_2015_824_pp\">0995-5887<\/a><\/p>\n\n\n\n<p><strong>| 2017 |<\/strong><\/p>\n\n\n\n<p>Santamar\u00eda Hern\u00e1ndez, Mar\u00eda Teresa (2017), \u00ab<em>La Practica de Plateario. Edici\u00f3n cr\u00edtica, traducci\u00f3n y estudio, Victoria Recio Mu\u00f1oz<\/em>. Firenze: SISMEL \u2013 Edizioni del Galluzzo, 2016, 882 pp. + 12&#8243;,\u00a0<em>Minerva. Revista de Filolog\u00eda Cl\u00e1sica de la Universidad de Valladolid<\/em>, 30, 379-381.\u00a0ISSN: 2530-6480; doi: <a href=\"https:\/\/revistas.uva.es\/index.php\/minerva\/article\/view\/1184\/1014\">10.24197\/mrfc.33.2020.261-276<\/a><\/p>\n\n\n\n<p><strong>| 2015 |<\/strong><\/p>\n\n\n\n<p>Mart\u00ednez Prieto, Roc\u00edo (2015), \u00ab<em>Deus medicus<\/em> (Ren\u00e9 Lebrun et Agn\u00e8s Degr\u00e8ve, eds.). Actes du colloque organis\u00e9 \u00e0 Louvain-la-Neuve les 15 et 16 juin 2012 par le Centre d\u2019 Histoire des Religions Cardinal Julien Ries, Turnhout, Brepols Publishers, 2013, 329 pp.\u00bb, <em>Studia Philologica Valentina, 17<\/em>, Universitat de Val\u00e8ncia, pp. 339-342. ISSN: <a href=\"https:\/\/www.uv.es\/sphv\/017\/studia_completo_17.pdf\">1135-9560<\/a><\/p>\n","protected":false},"excerpt":{"rendered":"<p>| 2024 | D\u00edaz Marcos, Marina (2024), \u00abCristina Santos Pinheiro et al. (eds.).\u00a0Gynecia. Studies on Gynaecology in Ancient, Medieval and Early-Modern Texts, Lisboa, Edi\u00e7\u00f5es Afrontamento, 2022, 376 p\u00e1ginas (ISBN: 978-972-36-1977-5 [tapa blanda])\u00bb, Estudios Cl\u00e1sicos, 166, 188-190. ISSN: 0014-1453; doi: 10.48232\/eclas.166.11 &hellip; <a href=\"https:\/\/blog.uclm.es\/grupoINTERMED\/resenas\/\">Sigue leyendo <span class=\"meta-nav\">&rarr;<\/span><\/a><\/p>\n","protected":false},"author":166,"featured_media":0,"parent":0,"menu_order":0,"comment_status":"closed","ping_status":"closed","template":"","meta":{"footnotes":""},"class_list":["post-875","page","type-page","status-publish","hentry"],"_links":{"self":[{"href":"https:\/\/blog.uclm.es\/grupoINTERMED\/wp-json\/wp\/v2\/pages\/875","targetHints":{"allow":["GET"]}}],"collection":[{"href":"https:\/\/blog.uclm.es\/grupoINTERMED\/wp-json\/wp\/v2\/pages"}],"about":[{"href":"https:\/\/blog.uclm.es\/grupoINTERMED\/wp-json\/wp\/v2\/types\/page"}],"author":[{"embeddable":true,"href":"https:\/\/blog.uclm.es\/grupoINTERMED\/wp-json\/wp\/v2\/users\/166"}],"replies":[{"embeddable":true,"href":"https:\/\/blog.uclm.es\/grupoINTERMED\/wp-json\/wp\/v2\/comments?post=875"}],"version-history":[{"count":5,"href":"https:\/\/blog.uclm.es\/grupoINTERMED\/wp-json\/wp\/v2\/pages\/875\/revisions"}],"predecessor-version":[{"id":962,"href":"https:\/\/blog.uclm.es\/grupoINTERMED\/wp-json\/wp\/v2\/pages\/875\/revisions\/962"}],"wp:attachment":[{"href":"https:\/\/blog.uclm.es\/grupoINTERMED\/wp-json\/wp\/v2\/media?parent=875"}],"curies":[{"name":"wp","href":"https:\/\/api.w.org\/{rel}","templated":true}]}}