{"id":829,"date":"2024-05-12T14:35:22","date_gmt":"2024-05-12T14:35:22","guid":{"rendered":"https:\/\/blog.uclm.es\/grupoINTERMED\/?page_id=829"},"modified":"2025-10-17T11:42:05","modified_gmt":"2025-10-17T11:42:05","slug":"proyectos","status":"publish","type":"page","link":"https:\/\/blog.uclm.es\/grupoINTERMED\/proyectos\/","title":{"rendered":"Proyectos"},"content":{"rendered":"\n<p><a href=\"https:\/\/blog.uclm.es\/grupoINTERMED\/alimentacion-y-salud-ref-2025-grin-38490\/\">Alimentaci\u00f3n y salud en el Mediterr\u00e1neo antiguo: desarrollo y vigencia de conceptos y terminolog\u00eda<\/a> (Ref. 2025-GRIN-38490).<\/p>\n\n\n\n<p><a href=\"https:\/\/blog.uclm.es\/grupoINTERMED\/vna-salvs\/\"><em>Una salus<\/em>: estudios y visibilizaci\u00f3n de escritos antiguos de Medicina, nutrici\u00f3n y recursos naturales<\/a> (Ref. 2022-GRIN-34432).<\/p>\n\n\n\n<p><a href=\"https:\/\/blog.uclm.es\/grupoINTERMED\/galeno-arabo-latino-pid2020-120212gb-i00\/\">Galeno \u00e1rabo-latino: Recuperaci\u00f3n del patrimonio escrito de la Medicina Europea III<\/a> (Ref. PID2020-120212GB-I00).<\/p>\n\n\n\n<p>Consolidado-Interpretes Medicinae (Ref. 2021-GRIN-31080).<\/p>\n\n\n\n<p><a href=\"https:\/\/blog.uclm.es\/grupoINTERMED\/proyecto-de-investigacion-ianua-vitae-fbbva-2019-01\/\"><em>Ianua vitae<\/em>: edici\u00f3n cr\u00edtica y base de datos de un diccionario manuscrito sobre medicamentos simples (IAVI)<\/a> (Ref. FBBVA-2019-01).<\/p>\n\n\n\n<p>Consolidado-Interpretes Medicinae (Ref. 2020-GRIN-29067).<\/p>\n\n\n\n<p><a href=\"https:\/\/blog.uclm.es\/grupoINTERMED\/escuela-de-traductores-de-toledo-sbply-19-180501-000087\/\">La Escuela de Traductores de Toledo y las traducciones de obras m\u00e9dicas: textos, transmisi\u00f3n manuscrita y recepci\u00f3n<\/a> (Ref. SBPLY\/19\/180501\/000087).<\/p>\n\n\n\n<p><a href=\"https:\/\/blog.uclm.es\/grupoINTERMED\/galenus-latinus-recuperacion-del-patrimonio-de-la-medicina-europea-ii-ffi2016-77240-p\/\"><em>Galenus latinus<\/em>: Recuperaci\u00f3n del Patrimonio de la Medicina Europea II <\/a>(Ref. FFI2016-77240-P).<\/p>\n\n\n\n<p><a href=\"https:\/\/blog.uclm.es\/grupoINTERMED\/patrimonio-escrito-de-la-medicina-europea-ffi2013-42904-p\/\">Recuperaci\u00f3n del Patrimonio Escrito de la Medicina Europea: ediciones cr\u00edticas e interpretaci\u00f3n de libros medicinales de \u00e9poca medieval y moderna <\/a>(FFI2013-42904-P).<\/p>\n\n\n\n<p><a href=\"https:\/\/blog.uclm.es\/grupoINTERMED\/dos-manuscritos-toledanos-poii-2014-019-p\/\">Dos manuscritos toledanos con textos m\u00e9dicos latinos tardoantiguos y medievales<\/a> (POII-2014-019-P).<\/p>\n","protected":false},"excerpt":{"rendered":"<p>Alimentaci\u00f3n y salud en el Mediterr\u00e1neo antiguo: desarrollo y vigencia de conceptos y terminolog\u00eda (Ref. 2025-GRIN-38490). Una salus: estudios y visibilizaci\u00f3n de escritos antiguos de Medicina, nutrici\u00f3n y recursos naturales (Ref. 2022-GRIN-34432). Galeno \u00e1rabo-latino: Recuperaci\u00f3n del patrimonio escrito de la &hellip; <a href=\"https:\/\/blog.uclm.es\/grupoINTERMED\/proyectos\/\">Sigue leyendo <span class=\"meta-nav\">&rarr;<\/span><\/a><\/p>\n","protected":false},"author":166,"featured_media":0,"parent":0,"menu_order":0,"comment_status":"closed","ping_status":"closed","template":"sidebar-page.php","meta":{"footnotes":""},"class_list":["post-829","page","type-page","status-publish","hentry"],"_links":{"self":[{"href":"https:\/\/blog.uclm.es\/grupoINTERMED\/wp-json\/wp\/v2\/pages\/829","targetHints":{"allow":["GET"]}}],"collection":[{"href":"https:\/\/blog.uclm.es\/grupoINTERMED\/wp-json\/wp\/v2\/pages"}],"about":[{"href":"https:\/\/blog.uclm.es\/grupoINTERMED\/wp-json\/wp\/v2\/types\/page"}],"author":[{"embeddable":true,"href":"https:\/\/blog.uclm.es\/grupoINTERMED\/wp-json\/wp\/v2\/users\/166"}],"replies":[{"embeddable":true,"href":"https:\/\/blog.uclm.es\/grupoINTERMED\/wp-json\/wp\/v2\/comments?post=829"}],"version-history":[{"count":8,"href":"https:\/\/blog.uclm.es\/grupoINTERMED\/wp-json\/wp\/v2\/pages\/829\/revisions"}],"predecessor-version":[{"id":975,"href":"https:\/\/blog.uclm.es\/grupoINTERMED\/wp-json\/wp\/v2\/pages\/829\/revisions\/975"}],"wp:attachment":[{"href":"https:\/\/blog.uclm.es\/grupoINTERMED\/wp-json\/wp\/v2\/media?parent=829"}],"curies":[{"name":"wp","href":"https:\/\/api.w.org\/{rel}","templated":true}]}}