{"id":706,"date":"2021-06-23T19:32:48","date_gmt":"2021-06-23T18:32:48","guid":{"rendered":"https:\/\/blog.uclm.es\/grupoINTERMED\/?page_id=706"},"modified":"2025-10-17T11:43:17","modified_gmt":"2025-10-17T11:43:17","slug":"galenus-latinus-recuperacion-del-patrimonio-de-la-medicina-europea-ii-ffi2016-77240-p","status":"publish","type":"page","link":"https:\/\/blog.uclm.es\/grupoINTERMED\/galenus-latinus-recuperacion-del-patrimonio-de-la-medicina-europea-ii-ffi2016-77240-p\/","title":{"rendered":"Galenus latinus II (FFI2016-77240-P)"},"content":{"rendered":"\n<h1 class=\"wp-block-heading\">Proyecto \u00ab<em>Galenus latinus<\/em>: Recuperaci\u00f3n del Patrimonio de la Medicina Europea II\u00bb (Ref. FFI2016-77240-P).<\/h1>\n\n\n\n<p>IP: Mar\u00eda Teresa Santamar\u00eda Hern\u00e1ndez (UCLM).<\/p>\n\n\n\n<p>Duraci\u00f3n: 30\/12\/2016-29\/12\/2020.<\/p>\n\n\n\n<p>Entidad financiadora: MINECO (Convocatoria: BOE 14\/03\/2016) \/ FEDER \/ UE.<\/p>\n\n\n\n<p>\u00c1mbito: nacional.<\/p>\n\n\n\n<p>Centro de destino: Facultad de Humanidades de Albacete.<\/p>\n\n\n\n<p>Resumen: <em>Galenus Latinus<\/em> es un proyecto de investigaci\u00f3n financiado por el MINECO y dirigido por la Dra. Mar\u00eda Teresa Santamar\u00eda Hern\u00e1ndez. Est\u00e1 centrado en la restauraci\u00f3n e interpretaci\u00f3n del patrimonio escrito de la medicina europea, y cuenta con un equipo multidisciplinar que trabaja desde la perspectiva de \u00e1reas como la Filolog\u00eda Cl\u00e1sica, Rom\u00e1nica y \u00c1rabe, la Medicina, la Historia de la Medicina y la Filosof\u00eda de la Ciencia. En su marco de actuaci\u00f3n se han llevado a cabo numerosos congresos y han salido a la luz varios trabajos y publicaciones, que pueden consultarse en este blog.<\/p>\n","protected":false},"excerpt":{"rendered":"<p>Proyecto \u00abGalenus latinus: Recuperaci\u00f3n del Patrimonio de la Medicina Europea II\u00bb (Ref. FFI2016-77240-P). IP: Mar\u00eda Teresa Santamar\u00eda Hern\u00e1ndez (UCLM). Duraci\u00f3n: 30\/12\/2016-29\/12\/2020. Entidad financiadora: MINECO (Convocatoria: BOE 14\/03\/2016) \/ FEDER \/ UE. \u00c1mbito: nacional. Centro de destino: Facultad de Humanidades de &hellip; <a href=\"https:\/\/blog.uclm.es\/grupoINTERMED\/galenus-latinus-recuperacion-del-patrimonio-de-la-medicina-europea-ii-ffi2016-77240-p\/\">Sigue leyendo <span class=\"meta-nav\">&rarr;<\/span><\/a><\/p>\n","protected":false},"author":164,"featured_media":0,"parent":0,"menu_order":0,"comment_status":"closed","ping_status":"closed","template":"","meta":{"footnotes":""},"class_list":["post-706","page","type-page","status-publish","hentry"],"_links":{"self":[{"href":"https:\/\/blog.uclm.es\/grupoINTERMED\/wp-json\/wp\/v2\/pages\/706","targetHints":{"allow":["GET"]}}],"collection":[{"href":"https:\/\/blog.uclm.es\/grupoINTERMED\/wp-json\/wp\/v2\/pages"}],"about":[{"href":"https:\/\/blog.uclm.es\/grupoINTERMED\/wp-json\/wp\/v2\/types\/page"}],"author":[{"embeddable":true,"href":"https:\/\/blog.uclm.es\/grupoINTERMED\/wp-json\/wp\/v2\/users\/164"}],"replies":[{"embeddable":true,"href":"https:\/\/blog.uclm.es\/grupoINTERMED\/wp-json\/wp\/v2\/comments?post=706"}],"version-history":[{"count":4,"href":"https:\/\/blog.uclm.es\/grupoINTERMED\/wp-json\/wp\/v2\/pages\/706\/revisions"}],"predecessor-version":[{"id":1004,"href":"https:\/\/blog.uclm.es\/grupoINTERMED\/wp-json\/wp\/v2\/pages\/706\/revisions\/1004"}],"wp:attachment":[{"href":"https:\/\/blog.uclm.es\/grupoINTERMED\/wp-json\/wp\/v2\/media?parent=706"}],"curies":[{"name":"wp","href":"https:\/\/api.w.org\/{rel}","templated":true}]}}