{"id":594,"date":"2021-02-11T14:59:27","date_gmt":"2021-02-11T13:59:27","guid":{"rendered":"http:\/\/blog.uclm.es\/repeme\/?page_id=594"},"modified":"2025-10-17T11:43:46","modified_gmt":"2025-10-17T11:43:46","slug":"articulos-y-resenas","status":"publish","type":"page","link":"https:\/\/blog.uclm.es\/grupoINTERMED\/articulos-y-resenas\/","title":{"rendered":"ART\u00cdCULOS EN REVISTAS"},"content":{"rendered":"\n<p><strong>| 2025 |<\/strong><\/p>\n\n\n\n<p><\/p>\n\n\n\n<p><strong>| 2024 |<\/strong><\/p>\n\n\n\n<p>D\u00edaz Marcos, Marina (2024), \u00abUn \u00edndice de remedios simples en el manuscrito BAV <em>Pal.lat<\/em>.1094, f. 602 (563)\u00bb, <em>Minerva. Revista de Filolog\u00eda Cl\u00e1sica<\/em>, <em>37<\/em>, 109-132. e-ISSN: 2530-6480; doi: <a href=\"https:\/\/revistas.uva.es\/index.php\/minerva\/article\/view\/indice_anonimo_remedios_simples_manuscrito_vaticano_siglo_xiv\/6476\">10.24197\/mrfc.37.2024.109-132<\/a><\/p>\n\n\n\n<p><strong>| 2023 |<\/strong><\/p>\n\n\n\n<p>Mar\u00eda Teresa Santamar\u00eda Hern\u00e1ndez (2023), \u00abEtimolog\u00eda de <em>gazpacho<\/em> (<em>caccabaceus<\/em>): significado originario y evoluci\u00f3n fon\u00e9tica\u00bb,<em> Myrtia. Revista de Filolog\u00eda Cl\u00e1sica<\/em>, <em>38<\/em>, 258-307. ISSN: 0213-7674; e-ISSN: 1989-4619; doi: <a href=\"https:\/\/revistas.um.es\/myrtia\/article\/view\/588511\">10.6018\/myrtia.588511<\/a><\/p>\n\n\n\n<p>Santamar\u00eda Hern\u00e1ndez, Mar\u00eda Teresa (2023), \u00abEl t\u00e9rmino <em>cliendio <\/em>de la <em>Mulomedicina Chironis<\/em>: restauraci\u00f3n y significado\u00bb, <em>Emerita, 91<\/em>(2), 327-362. ISSN: 0013-6662; doi: <a href=\"https:\/\/emerita.revistas.csic.es\/index.php\/emerita\/article\/view\/1266\/1295\">10.3989\/emerita.2023.07.2321<\/a><\/p>\n\n\n\n<p>D\u00edaz Marcos, Marina (2023), \u00abLas afecciones cut\u00e1neas de Galeno seg\u00fan el <em>De simplicibus medicinis VI <\/em>de Gerardo de Cremona\u00bb, <em>Myrtia. Revista de Filolog\u00eda Cl\u00e1sica<\/em>, <em>38<\/em>, 275-302. ISSN: 0213-7674; e-ISSN: 1989-4619; doi: <a href=\"https:\/\/revistas.um.es\/myrtia\/article\/view\/588071\/348771\">10.6018\/myrtia.588071<\/a><\/p>\n\n\n\n<p>D\u00edaz Marcos, Marina &amp; Sol\u00e1 Portillo, Sara (2023), \u00abLas traducciones \u00e1rabes y latina del <em>De simplicium medicamentorum facultatibus VI: <\/em>el caso del grano de ben\u00bb, <em>Al-Qan\u1e6dara. Revista de estudios \u00e1rabes<\/em>, <em>44<\/em>(2), e18. ISSN: 0211-3589; e-ISSN: 1988-2955; doi: <a href=\"https:\/\/al-qantara.revistas.csic.es\/index.php\/al-qantara\/article\/view\/771\/823\">10.3989\/alqantara.2023.018<\/a><\/p>\n\n\n\n<p><strong>| 2022 |<\/strong><\/p>\n\n\n\n<p>Santamar\u00eda Hern\u00e1ndez, Mar\u00eda Teresa (2022), \u00abAlimentaci\u00f3n y Medicina en la Edad Media: el largo viaje de la diet\u00e9tica griega a trav\u00e9s de los textos\u201d, <em>eHumanista<\/em>, <em>51<\/em>, 134-155. ISSN: <a href=\"https:\/\/www.ehumanista.ucsb.edu\/sites\/default\/files\/sitefiles\/ehumanista\/volume51\/07_ehum51.g.SantamariaHernandez.pdf\">1540-5877<\/a><\/p>\n\n\n\n<p>Sol\u00e1 Portillo, Sara &amp; Zaben, Dana (2022), \u00abUn compendio \u00e1rabe del <em>De simplicium medicamentorum facultatibus<\/em> de Galeno (ms. Huntington 600\/2, ff. 15r-35v)\u00bb, <em>Al-Qantara. Revista de estudios \u00e1rabes, 43<\/em>(2), e19. ISSN: 1988-2955; doi: <a href=\"https:\/\/al-qantara.revistas.csic.es\/index.php\/al-qantara\/article\/view\/674\">10.3989\/alqantara.2022.019<\/a><\/p>\n\n\n\n<p><strong>| 2021 |<\/strong><\/p>\n\n\n\n<p>D\u00edaz Marcos, Marina (2021), \u00abProblemas de autor\u00eda en la traducci\u00f3n latina medieval del libro VI del <em>De simpl. med. fac. <\/em>de Galeno\u00bb, <em>Anuari de Filologia. Antiqua et Mediaeualia (AFAM)<\/em>, <em>11<\/em>(2) (<em>ARDVA QVAE PVLCHRA: Contribucions d&#8217;estudis cl\u00e0ssics presentades al VII Congr\u00e9s Nacional Ganimedes<\/em>), 43-52. ISSN: 2014-1386; doi: <a href=\"https:\/\/www.academia.edu\/38563741\/Problemas_de_autor%C3%ADa_en_la_traducci%C3%B3n_latina_medieval_del_libro_VI_del_De_simpl_med_fac_de_Galeno\">10.1344\/AFAM2021.11.2.5<\/a><\/p>\n\n\n\n<p><strong>| 2020 |<\/strong><\/p>\n\n\n\n<p>Santamar\u00eda Hern\u00e1ndez, Mar\u00eda Teresa (2020), \u00abLa tradici\u00f3n de escritos latinos&nbsp;<em>De catarticis<\/em>&nbsp;en la Antig\u00fcedad Tard\u00eda y la Alta Edad Media: principios de composici\u00f3n y transmisi\u00f3n textual\u00bb,&nbsp;<em>Pallas, R\u00e9vue d\u2019\u00c9tudes Antiques<\/em>, <em>113<\/em>, 93-108. ISSN: 0031-0387; doi: <a href=\"https:\/\/doi.org\/10.4000\/pallas.23720\">10.4000\/pallas.23720<\/a><\/p>\n\n\n\n<p>Mart\u00ednez Prieto, Roc\u00edo (2020), \u00ab\u1f1c\u03bc\u03bc\u03b7\u03bd\u03b1 \u1f04\u03b3\u03b5\u03b9: la estimulaci\u00f3n de la menstruaci\u00f3n en algunos textos tardoantiguos de origen dioscorideo\u00bb, <em>Pallas, R\u00e9vue d\u2019\u00c9tudes Antiques<\/em>, <em>113<\/em>, 129-135. ISSN: 0031-0387; doi: <a href=\"https:\/\/doi.org\/10.4000\/pallas.23813\">10.4000\/pallas.23813<\/a><\/p>\n\n\n\n<p><strong>| 2019 |<\/strong><\/p>\n\n\n\n<p>Mart\u00ednez Prieto, Roc\u00edo (2019), \u00abLa obra sobre medicamentos compuestos de \u00c1lvaro de Castro: entre el antidotario y la concordancia\u00bb, <em>Estudios cl\u00e1sicos<\/em>. <em>Anejo 5<\/em>, 79-86. ISSN: <a href=\"https:\/\/www.estudiosclasicos.org\/articulo\/la-obra-sobre-medicamentos-compuestos-de-alvaro-de-castro-entre-el-antidotario-y-la-concordancia\/\">0014-1453<\/a><\/p>\n\n\n\n<p>Santamar\u00eda Hern\u00e1ndez, Mar\u00eda Teresa (2019), \u00abOrigen y significado de <em>draconatio<\/em> (<em>Mulomedicina Chironis<\/em>) a la luz de otros t\u00e9rminos relacionados\u00bb<em>,<\/em> <em>Latomus,&nbsp;78<\/em>, 141-169. doi: <a href=\"https:\/\/poj.peeters-leuven.be\/content.php?id=3286525&amp;url=article\">10.2143\/LAT.78.1.3286525<\/a><\/p>\n\n\n\n<p>Santamar\u00eda Hern\u00e1ndez, Mar\u00eda Teresa (2019), \u00abLa&nbsp;<em>Ianua vitae<\/em>&nbsp;de \u00c1lvaro de Castro (\u20201544): un testimonio de la formaci\u00f3n de su autor (con edici\u00f3n cr\u00edtica y traducci\u00f3n de las dos ep\u00edstolas nuncupatorias)\u00bb,<em>&nbsp;eHumanista \/ Conversos<\/em>, <em>7<\/em>, 1-13. ISSN: <a href=\"https:\/\/www.ehumanista.ucsb.edu\/sites\/default\/files\/sitefiles\/conversos\/volume7\/monografico%20Amato.revisada.pdf\">1540-5877<\/a><\/p>\n\n\n\n<p><strong>| 2017 |<\/strong><\/p>\n\n\n\n<p>Mart\u00ednez Prieto, Roc\u00edo (2017), \u00abEl &#8216;Galeno arabizado&#8217; frente a las pr\u00e1cticas humanistas: referencias directas al m\u00e9dico pergameno en el <em>Antidotarium <\/em>(ms. 97-10, Catedral de Toledo, s. XVI?) de \u00c1lvaro de Castro\u00bb, <em>Studia Philologica Valentina<\/em>, <em>19<\/em>, 43-58. ISSN: <a href=\"https:\/\/roderic.uv.es\/items\/46b64306-5c07-46ed-acd9-e663da74faf6\">1135-9560<\/a><\/p>\n\n\n\n<p>Santamar\u00eda Hern\u00e1ndez, Mar\u00eda Teresa (2017), \u00abLa pol\u00e9mica sobre los purgantes en el&nbsp;<em>De catharticis<\/em>&nbsp;pseudogal\u00e9nico: un comentario latino sobre doctrina m\u00e9dica griega\u00bb,&nbsp;<em>Medicina nei Secoli<\/em>, <em>29<\/em>(3), 971-998. e-ISSN:&nbsp;2531-7288;&nbsp;ISSN:&nbsp;<a href=\"https:\/\/rosa.uniroma1.it\/rosa01\/medicina_nei_secoli\/article\/view\/1007\">0394-9001<\/a><\/p>\n\n\n\n<p>Santamar\u00eda Hern\u00e1ndez, Mar\u00eda Teresa (2017), \u00abUna acepci\u00f3n medieval de&nbsp;<em>uermis<\/em>&nbsp;en Medicina humana y veterinaria a partir del&nbsp;<em>morbus<\/em>&nbsp;<em>farciminosus<\/em>&nbsp;tardoantiguo\u00bb,&nbsp;<em>Archivum Latinitatis Medii Aevi<\/em>&nbsp;(<em>ALMA<\/em>), <em>75<\/em>, 149-186. ISSN: 0994-8090; e-ISSN: 2662-8198; doi: <a href=\"https:\/\/www.persee.fr\/doc\/alma_0994-8090_2017_num_75_1_1229\">10.3406\/alma<\/a><\/p>\n\n\n\n<p><strong>| 2016 |<\/strong><\/p>\n\n\n\n<p>Mar\u00eda Teresa Santamar\u00eda Hern\u00e1ndez (2016), \u00abGenetics and Generation in the&nbsp;<em>Fundamenta Medicorum<\/em>&nbsp;of \u00c1lvaro de Castro: Evaluation of the Terminology and Sources\u201d,&nbsp;<em>Medicina nei Secoli<\/em>,<em> 28<\/em>(3), 939-956. e-ISSN:&nbsp;2531-7288;&nbsp;ISSN:&nbsp;<a href=\"https:\/\/rosa.uniroma1.it\/rosa01\/medicina_nei_secoli\/article\/view\/704\">0394-9001<\/a><\/p>\n\n\n\n<p>Santamar\u00eda Hern\u00e1ndez, Mar\u00eda Teresa (2016), \u00abDe Avicena a Galeno: un epigrama latino del m\u00e9dico valenciano Miguel Jer\u00f3nimo Ledesma (1547)\u00bb,&nbsp;<em>Cuadernos de Filolog\u00eda Cl\u00e1sica. Estudios Latinos<\/em>, <em>36<\/em>(2), 279-290. doi: <a href=\"https:\/\/revistas.ucm.es\/index.php\/CFCL\/article\/download\/54273\/49625\">10.5209\/rev_CFCL.2016.v36.n2.54273<\/a><\/p>\n\n\n\n<p>Santamar\u00eda Hern\u00e1ndez, Mar\u00eda Teresa (2016),&nbsp;\u00abTransmisi\u00f3n altomedieval de una receta&nbsp;<em>ad uermes in homine aut in caballo<\/em>,&nbsp;<em>Pallas\u00bb, R\u00e9vue d\u2019\u00c9tudes Antiques<\/em>,&nbsp;<em>101<\/em>, 249-258. doi: <a href=\"https:\/\/doi.org\/10.4000\/pallas.3937\">10.4000\/pallas.3937<\/a><\/p>\n\n\n\n<p>D\u00edaz Marcos, Marina  (2016), \u00ab<em>Conclamo<\/em> en el teatro arcaico y cl\u00e1sico latino y en la prosa senequiana\u00bb, <em>Tycho<\/em>. <em>Revista de Iniciaci\u00f3n en la Investigaci\u00f3n del teatro grecolatino y su tradici\u00f3n<\/em>, <em>4<\/em>, 5-16. ISSN: <a href=\"https:\/\/www.uv.es\/tycho\/cas\/04\/diaz.pdf\">2340-6682<\/a>.<\/p>\n","protected":false},"excerpt":{"rendered":"<p>| 2025 | | 2024 | D\u00edaz Marcos, Marina (2024), \u00abUn \u00edndice de remedios simples en el manuscrito BAV Pal.lat.1094, f. 602 (563)\u00bb, Minerva. Revista de Filolog\u00eda Cl\u00e1sica, 37, 109-132. e-ISSN: 2530-6480; doi: 10.24197\/mrfc.37.2024.109-132 | 2023 | Mar\u00eda Teresa Santamar\u00eda &hellip; <a href=\"https:\/\/blog.uclm.es\/grupoINTERMED\/articulos-y-resenas\/\">Sigue leyendo <span class=\"meta-nav\">&rarr;<\/span><\/a><\/p>\n","protected":false},"author":164,"featured_media":0,"parent":0,"menu_order":0,"comment_status":"closed","ping_status":"closed","template":"","meta":{"footnotes":""},"class_list":["post-594","page","type-page","status-publish","hentry"],"_links":{"self":[{"href":"https:\/\/blog.uclm.es\/grupoINTERMED\/wp-json\/wp\/v2\/pages\/594","targetHints":{"allow":["GET"]}}],"collection":[{"href":"https:\/\/blog.uclm.es\/grupoINTERMED\/wp-json\/wp\/v2\/pages"}],"about":[{"href":"https:\/\/blog.uclm.es\/grupoINTERMED\/wp-json\/wp\/v2\/types\/page"}],"author":[{"embeddable":true,"href":"https:\/\/blog.uclm.es\/grupoINTERMED\/wp-json\/wp\/v2\/users\/164"}],"replies":[{"embeddable":true,"href":"https:\/\/blog.uclm.es\/grupoINTERMED\/wp-json\/wp\/v2\/comments?post=594"}],"version-history":[{"count":11,"href":"https:\/\/blog.uclm.es\/grupoINTERMED\/wp-json\/wp\/v2\/pages\/594\/revisions"}],"predecessor-version":[{"id":938,"href":"https:\/\/blog.uclm.es\/grupoINTERMED\/wp-json\/wp\/v2\/pages\/594\/revisions\/938"}],"wp:attachment":[{"href":"https:\/\/blog.uclm.es\/grupoINTERMED\/wp-json\/wp\/v2\/media?parent=594"}],"curies":[{"name":"wp","href":"https:\/\/api.w.org\/{rel}","templated":true}]}}