{"id":590,"date":"2021-02-11T14:58:59","date_gmt":"2021-02-11T13:58:59","guid":{"rendered":"http:\/\/blog.uclm.es\/repeme\/?page_id=590"},"modified":"2025-10-17T11:44:01","modified_gmt":"2025-10-17T11:44:01","slug":"libros","status":"publish","type":"page","link":"https:\/\/blog.uclm.es\/grupoINTERMED\/libros\/","title":{"rendered":"LIBROS"},"content":{"rendered":"\n<p><strong>| 2025 |<\/strong><\/p>\n\n\n\n<p><\/p>\n\n\n\n<p><strong>| 2021 |<\/strong><\/p>\n\n\n\n<p>Santamar\u00eda Hern\u00e1ndez, Mar\u00eda Teresa (ed.) (2021), <em>Estudios sobre Galeno Latino y sus fuentes<\/em>. Cuenca: Universidad de Castilla-La Mancha. ISBN: <a href=\"https:\/\/dialnet.unirioja.es\/servlet\/libro?codigo=852037\">978-84-9044-466-5<\/a>; e-ISBN: 978-84-9044-467-2<\/p>\n\n\n\n<p><strong>| 2020 |<\/strong><\/p>\n\n\n\n<p>Santamar\u00eda Hern\u00e1ndez, Mar\u00eda Teresa &amp; Schaffenrath, Florian (eds.) (2020), <em>Acta Conventus Neo-Latini Albasitensis. Proceedings of the Seventeenth International Congress of Neo-Latin Studies (Albacete 2018)<\/em> (Serie <em>Acta Conventus Neo-Latini<\/em>). Leiden: Brill. ISBN: 978-90-04-42709-9; e-ISBN: 978-90-04-42710-5; doi: <a href=\"https:\/\/doi.org\/10.1163\/9789004427105\" target=\"_blank\" rel=\"noreferrer noopener\">10.1163\/9789004427105<\/a><\/p>\n\n\n\n<p><strong>| 2019 |<\/strong><\/p>\n\n\n\n<p>Cruz Guti\u00e9rrez, S., Aprile, G., Arroyo Quirce, H., Bl\u00e1zquez Noya, A., Bl\u00e1zquez Robledo, I., D\u00edaz Marcos, M., Lozano S\u00e1iz, M., Pedreira Nores, F., Rodr\u00edguez Sobrino, J. A. (eds.) (2019), <em>NONNVLLA SPES IVVENTVTIS. Nuevas contribuciones en Estudios Cl\u00e1sicos<\/em>.<em> Actas del V Congreso Nacional Ganimedes de investigadores noveles de Filolog\u00eda Cl\u00e1sica (Salamanca 21-24 de marzo del 2017)<\/em> (Colecci\u00f3n Aquilafuente, n\u00ba 264). Salamanca: Ediciones Universidad de Salamanca. ISBN: 978-84-1311-043-1; doi: <a href=\"https:\/\/doi.org\/10.2307\/j.ctvdjrp7w\">10.2307\/j.ctvdjrp7w<\/a><\/p>\n\n\n\n<p><strong>| 2018 |<\/strong><\/p>\n\n\n\n<p>Santamar\u00eda Hern\u00e1ndez, Mar\u00eda Teresa (2018),\u00a0<em>Pedro Jaime Esteve<\/em>.\u00a0<em>Nicandri Theriaca: traducci\u00f3n latina en verso (1552).<\/em>\u00a0<em>Introducci\u00f3n, edici\u00f3n cr\u00edtica, traducci\u00f3n y notas<\/em>. Cuenca:\u00a0Universidad de Castilla-La Mancha (Colecci\u00f3n <em>Ediciones Cr\u00edticas<\/em>, n\u00ba 25, Serie Textos M\u00e9dicos). Cuenca: Universidad de Castilla-La Mancha. ISBN: <a href=\"https:\/\/books.google.es\/books?id=0zlmDwAAQBAJ&amp;printsec=frontcover&amp;hl=es&amp;source=gbs_ge_summary_r&amp;cad=0#v=onepage&amp;q&amp;f=false\">978-84-9044-327-9<\/a><\/p>\n\n\n\n<p><strong>| 2016 |<\/strong><\/p>\n\n\n\n<p class=\"has-text-align-left\">Santamar\u00eda Hern\u00e1ndez, Mar\u00eda Teresa (ed.) (2016),\u00a0<em>Traducci\u00f3n y transmisi\u00f3n doctrinal de la Medicina grecolatina desde la Antig\u00fcedad hasta el Mundo Moderno: nuevas aportaciones sobre autores y textos<\/em> (Colecci\u00f3n <em>Escuela de Traductores de Toledo<\/em>, n\u00ba 17). Cuenca:\u00a0Universidad de Castilla-La Mancha. ISBN: <a href=\"https:\/\/dialnet.unirioja.es\/servlet\/libro?codigo=696924\">978-84-9044-245-6<\/a><\/p>\n\n\n\n<p><strong>| 2015 |<\/strong><\/p>\n\n\n\n<p>Santamar\u00eda Hern\u00e1ndez, Mar\u00eda Teresa &amp; Ferragut Dom\u00ednguez, Concepci\u00f3n (eds.) (2015),\u00a0<em>Via ad sapientiam: lat\u00edn, griego y transmisi\u00f3n del conocimiento<\/em> (=\u00a0<em>Studia Philologica Valentina<\/em>, <em>17<\/em>.\u00a0Valencia: Universidad de Valencia. ISSN: <a href=\"https:\/\/www.uv.es\/sphv\/017\/studia_completo_17.pdf\">1135-9560<\/a><\/p>\n\n\n\n<p><\/p>\n","protected":false},"excerpt":{"rendered":"<p>| 2025 | | 2021 | Santamar\u00eda Hern\u00e1ndez, Mar\u00eda Teresa (ed.) (2021), Estudios sobre Galeno Latino y sus fuentes. Cuenca: Universidad de Castilla-La Mancha. ISBN: 978-84-9044-466-5; e-ISBN: 978-84-9044-467-2 | 2020 | Santamar\u00eda Hern\u00e1ndez, Mar\u00eda Teresa &amp; Schaffenrath, Florian (eds.) (2020), &hellip; <a href=\"https:\/\/blog.uclm.es\/grupoINTERMED\/libros\/\">Sigue leyendo <span class=\"meta-nav\">&rarr;<\/span><\/a><\/p>\n","protected":false},"author":164,"featured_media":0,"parent":0,"menu_order":0,"comment_status":"closed","ping_status":"closed","template":"","meta":{"footnotes":""},"class_list":["post-590","page","type-page","status-publish","hentry"],"_links":{"self":[{"href":"https:\/\/blog.uclm.es\/grupoINTERMED\/wp-json\/wp\/v2\/pages\/590","targetHints":{"allow":["GET"]}}],"collection":[{"href":"https:\/\/blog.uclm.es\/grupoINTERMED\/wp-json\/wp\/v2\/pages"}],"about":[{"href":"https:\/\/blog.uclm.es\/grupoINTERMED\/wp-json\/wp\/v2\/types\/page"}],"author":[{"embeddable":true,"href":"https:\/\/blog.uclm.es\/grupoINTERMED\/wp-json\/wp\/v2\/users\/164"}],"replies":[{"embeddable":true,"href":"https:\/\/blog.uclm.es\/grupoINTERMED\/wp-json\/wp\/v2\/comments?post=590"}],"version-history":[{"count":8,"href":"https:\/\/blog.uclm.es\/grupoINTERMED\/wp-json\/wp\/v2\/pages\/590\/revisions"}],"predecessor-version":[{"id":942,"href":"https:\/\/blog.uclm.es\/grupoINTERMED\/wp-json\/wp\/v2\/pages\/590\/revisions\/942"}],"wp:attachment":[{"href":"https:\/\/blog.uclm.es\/grupoINTERMED\/wp-json\/wp\/v2\/media?parent=590"}],"curies":[{"name":"wp","href":"https:\/\/api.w.org\/{rel}","templated":true}]}}